{"id":12917,"date":"2025-03-26T11:51:51","date_gmt":"2025-03-26T10:51:51","guid":{"rendered":"https:\/\/www.staayfoodgroup.com\/?page_id=12917"},"modified":"2025-10-03T11:21:30","modified_gmt":"2025-10-03T10:21:30","slug":"karriere_2","status":"publish","type":"page","link":"https:\/\/www.staayfoodgroup.com\/de\/karriere_2\/","title":{"rendered":"Karriere"},"content":{"rendered":"<p>Arbeitgeber ist nicht gleich Arbeitgeber. Wir bei Staay sind pragmatisch. Seit dem Beginn im Jahr 1946 auf dem Gro\u00dfmarkt im Herzen von Rotterdam hat sich das Unternehmen zu einem internationalen Spieler im Obst- und Gem\u00fcsesegment entwickelt.<br \/>\nUnser Spielfeld hat sich ver\u00e4ndert, aber die Mentalit\u00e4t ist immer noch dieselbe.<\/p>\n<p>&nbsp;<\/p>\n<h2><a href=\"https:\/\/www.staayfoodgroup.com\/de\/offene-stellen\/\">&gt;Direkt zu den Stellenangeboten<\/a><\/h2>\n<p>&nbsp;<\/p>\n","protected":false},"excerpt":{"rendered":"Arbeitgeber ist nicht gleich Arbeitgeber. Wir bei Staay sind pragmatisch. Seit dem Beginn im Jahr 1946 auf dem Gro\u00dfmarkt im Herzen von Rotterdam hat sich das Unternehmen zu einem internationalen Spieler im Obst- und Gem\u00fcsesegment entwickelt. Unser Spielfeld hat sich ver\u00e4ndert, aber die Mentalit\u00e4t ist immer noch dieselbe. &nbsp; &gt;Direkt zu den Stellenangeboten &nbsp;","protected":false},"author":3,"featured_media":0,"parent":0,"menu_order":0,"comment_status":"closed","ping_status":"closed","template":"","meta":{"_acf_changed":false,"inline_featured_image":false,"footnotes":""},"class_list":["post-12917","page","type-page","status-publish","hentry"],"acf":[],"yoast_head":"<!-- This site is optimized with the Yoast SEO plugin v27.1.1 - https:\/\/yoast.com\/product\/yoast-seo-wordpress\/ -->\n<title>Karriere - Staay Food Group<\/title>\n<meta name=\"robots\" content=\"index, follow, max-snippet:-1, max-image-preview:large, max-video-preview:-1\" \/>\n<link rel=\"canonical\" href=\"https:\/\/www.staayfoodgroup.com\/de\/karriere_2\/\" \/>\n<meta property=\"og:locale\" content=\"de_DE\" \/>\n<meta property=\"og:type\" content=\"article\" \/>\n<meta property=\"og:title\" content=\"Karriere - Staay Food Group\" \/>\n<meta property=\"og:description\" content=\"Arbeitgeber ist nicht gleich Arbeitgeber. Wir bei Staay sind pragmatisch. Seit dem Beginn im Jahr 1946 auf dem Gro\u00dfmarkt im Herzen von Rotterdam hat sich das Unternehmen zu einem internationalen Spieler im Obst- und Gem\u00fcsesegment entwickelt. Unser Spielfeld hat sich ver\u00e4ndert, aber die Mentalit\u00e4t ist immer noch dieselbe. &nbsp; &gt;Direkt zu den Stellenangeboten &nbsp;\" \/>\n<meta property=\"og:url\" content=\"https:\/\/www.staayfoodgroup.com\/de\/karriere_2\/\" \/>\n<meta property=\"og:site_name\" content=\"Staay Food Group\" \/>\n<meta property=\"article:modified_time\" content=\"2025-10-03T10:21:30+00:00\" \/>\n<meta name=\"twitter:card\" content=\"summary_large_image\" \/>\n<meta name=\"twitter:label1\" content=\"Gesch\u00e4tzte Lesezeit\" \/>\n\t<meta name=\"twitter:data1\" content=\"2\u00a0Minuten\" \/>\n<script type=\"application\/ld+json\" class=\"yoast-schema-graph\">{\"@context\":\"https:\/\/schema.org\",\"@graph\":[{\"@type\":\"WebPage\",\"@id\":\"https:\/\/www.staayfoodgroup.com\/de\/karriere_2\/\",\"url\":\"https:\/\/www.staayfoodgroup.com\/de\/karriere_2\/\",\"name\":\"Karriere - Staay Food Group\",\"isPartOf\":{\"@id\":\"https:\/\/www.staayfoodgroup.com\/de\/#website\"},\"datePublished\":\"2025-03-26T10:51:51+00:00\",\"dateModified\":\"2025-10-03T10:21:30+00:00\",\"breadcrumb\":{\"@id\":\"https:\/\/www.staayfoodgroup.com\/de\/karriere_2\/#breadcrumb\"},\"inLanguage\":\"de\",\"potentialAction\":[{\"@type\":\"ReadAction\",\"target\":[\"https:\/\/www.staayfoodgroup.com\/de\/karriere_2\/\"]}]},{\"@type\":\"BreadcrumbList\",\"@id\":\"https:\/\/www.staayfoodgroup.com\/de\/karriere_2\/#breadcrumb\",\"itemListElement\":[{\"@type\":\"ListItem\",\"position\":1,\"name\":\"Home\",\"item\":\"https:\/\/www.staayfoodgroup.com\/de\/\"},{\"@type\":\"ListItem\",\"position\":2,\"name\":\"Karriere\"}]},{\"@type\":\"WebSite\",\"@id\":\"https:\/\/www.staayfoodgroup.com\/de\/#website\",\"url\":\"https:\/\/www.staayfoodgroup.com\/de\/\",\"name\":\"Staay Food Group\",\"description\":\"\",\"potentialAction\":[{\"@type\":\"SearchAction\",\"target\":{\"@type\":\"EntryPoint\",\"urlTemplate\":\"https:\/\/www.staayfoodgroup.com\/de\/?s={search_term_string}\"},\"query-input\":{\"@type\":\"PropertyValueSpecification\",\"valueRequired\":true,\"valueName\":\"search_term_string\"}}],\"inLanguage\":\"de\"}]}<\/script>\n<!-- \/ Yoast SEO plugin. -->","yoast_head_json":{"title":"Karriere - Staay Food Group","robots":{"index":"index","follow":"follow","max-snippet":"max-snippet:-1","max-image-preview":"max-image-preview:large","max-video-preview":"max-video-preview:-1"},"canonical":"https:\/\/www.staayfoodgroup.com\/de\/karriere_2\/","og_locale":"de_DE","og_type":"article","og_title":"Karriere - Staay Food Group","og_description":"Arbeitgeber ist nicht gleich Arbeitgeber. Wir bei Staay sind pragmatisch. Seit dem Beginn im Jahr 1946 auf dem Gro\u00dfmarkt im Herzen von Rotterdam hat sich das Unternehmen zu einem internationalen Spieler im Obst- und Gem\u00fcsesegment entwickelt. Unser Spielfeld hat sich ver\u00e4ndert, aber die Mentalit\u00e4t ist immer noch dieselbe. &nbsp; &gt;Direkt zu den Stellenangeboten &nbsp;","og_url":"https:\/\/www.staayfoodgroup.com\/de\/karriere_2\/","og_site_name":"Staay Food Group","article_modified_time":"2025-10-03T10:21:30+00:00","twitter_card":"summary_large_image","twitter_misc":{"Gesch\u00e4tzte Lesezeit":"2\u00a0Minuten"},"schema":{"@context":"https:\/\/schema.org","@graph":[{"@type":"WebPage","@id":"https:\/\/www.staayfoodgroup.com\/de\/karriere_2\/","url":"https:\/\/www.staayfoodgroup.com\/de\/karriere_2\/","name":"Karriere - Staay Food Group","isPartOf":{"@id":"https:\/\/www.staayfoodgroup.com\/de\/#website"},"datePublished":"2025-03-26T10:51:51+00:00","dateModified":"2025-10-03T10:21:30+00:00","breadcrumb":{"@id":"https:\/\/www.staayfoodgroup.com\/de\/karriere_2\/#breadcrumb"},"inLanguage":"de","potentialAction":[{"@type":"ReadAction","target":["https:\/\/www.staayfoodgroup.com\/de\/karriere_2\/"]}]},{"@type":"BreadcrumbList","@id":"https:\/\/www.staayfoodgroup.com\/de\/karriere_2\/#breadcrumb","itemListElement":[{"@type":"ListItem","position":1,"name":"Home","item":"https:\/\/www.staayfoodgroup.com\/de\/"},{"@type":"ListItem","position":2,"name":"Karriere"}]},{"@type":"WebSite","@id":"https:\/\/www.staayfoodgroup.com\/de\/#website","url":"https:\/\/www.staayfoodgroup.com\/de\/","name":"Staay Food Group","description":"","potentialAction":[{"@type":"SearchAction","target":{"@type":"EntryPoint","urlTemplate":"https:\/\/www.staayfoodgroup.com\/de\/?s={search_term_string}"},"query-input":{"@type":"PropertyValueSpecification","valueRequired":true,"valueName":"search_term_string"}}],"inLanguage":"de"}]}},"_links":{"self":[{"href":"https:\/\/www.staayfoodgroup.com\/de\/wp-json\/wp\/v2\/pages\/12917","targetHints":{"allow":["GET"]}}],"collection":[{"href":"https:\/\/www.staayfoodgroup.com\/de\/wp-json\/wp\/v2\/pages"}],"about":[{"href":"https:\/\/www.staayfoodgroup.com\/de\/wp-json\/wp\/v2\/types\/page"}],"author":[{"embeddable":true,"href":"https:\/\/www.staayfoodgroup.com\/de\/wp-json\/wp\/v2\/users\/3"}],"replies":[{"embeddable":true,"href":"https:\/\/www.staayfoodgroup.com\/de\/wp-json\/wp\/v2\/comments?post=12917"}],"version-history":[{"count":5,"href":"https:\/\/www.staayfoodgroup.com\/de\/wp-json\/wp\/v2\/pages\/12917\/revisions"}],"predecessor-version":[{"id":14696,"href":"https:\/\/www.staayfoodgroup.com\/de\/wp-json\/wp\/v2\/pages\/12917\/revisions\/14696"}],"wp:attachment":[{"href":"https:\/\/www.staayfoodgroup.com\/de\/wp-json\/wp\/v2\/media?parent=12917"}],"curies":[{"name":"wp","href":"https:\/\/api.w.org\/{rel}","templated":true}]}}