{"id":5039,"date":"2022-06-12T10:45:11","date_gmt":"2022-06-12T09:45:11","guid":{"rendered":"http:\/\/www.staayfoodgroup.com\/zertifikate\/"},"modified":"2024-02-27T10:46:32","modified_gmt":"2024-02-27T09:46:32","slug":"zertifikate","status":"publish","type":"page","link":"https:\/\/www.staayfoodgroup.com\/de\/zertifikate\/","title":{"rendered":"Zertifikate"},"content":{"rendered":"<p>Zuverl\u00e4ssigkeit ist seit jeher eine unserer S\u00e4ulen. Wir legen viel Wert auf nachhaltige, langfristige Beziehungen. Um Vertrauen zu gewinnen und zu behalten, sorgen wir f\u00fcr eine transparente Lieferkette und stellen sicher, dass unsere Produkte schnell r\u00fcckverfolgbar sind. Mit einer unabh\u00e4ngigen Zertifizierung best\u00e4tigen wir, dass die Erzeugung von unserem Obst und Gem\u00fcse und der Umgang damit nachweislich die strengsten Normen erf\u00fcllen. Garantiert.<\/p>\n<p>Sie k\u00f6nnen unsere Zertifizierung bei unserer Qualit\u00e4tsabteilung anfordern: <a href=\"https:\/\/www.staayfoodgroup.com\/de\/kontakt\/\">Kontakt &#8211; Staay Food Group<\/a><\/p>\n","protected":false},"excerpt":{"rendered":"Zuverl\u00e4ssigkeit ist seit jeher eine unserer S\u00e4ulen. Wir legen viel Wert auf nachhaltige, langfristige Beziehungen. Um Vertrauen zu gewinnen und zu behalten, sorgen wir f\u00fcr eine transparente Lieferkette und stellen sicher, dass unsere Produkte schnell r\u00fcckverfolgbar sind. Mit einer unabh\u00e4ngigen Zertifizierung best\u00e4tigen wir, dass die Erzeugung von unserem Obst und Gem\u00fcse und der Umgang damit [&hellip;]","protected":false},"author":10,"featured_media":3898,"parent":0,"menu_order":0,"comment_status":"closed","ping_status":"closed","template":"template-certificaten-merken.php","meta":{"_acf_changed":false,"inline_featured_image":false,"footnotes":""},"class_list":["post-5039","page","type-page","status-publish","has-post-thumbnail","hentry"],"acf":[],"yoast_head":"<!-- This site is optimized with the Yoast SEO plugin v27.5 - https:\/\/yoast.com\/product\/yoast-seo-wordpress\/ -->\n<title>Zertifikate - Staay Food Group<\/title>\n<meta name=\"description\" content=\"Die Zertifikate der Staay Food Group\" \/>\n<meta name=\"robots\" content=\"index, follow, max-snippet:-1, max-image-preview:large, max-video-preview:-1\" \/>\n<link rel=\"canonical\" href=\"https:\/\/www.staayfoodgroup.com\/de\/zertifikate\/\" \/>\n<meta property=\"og:locale\" content=\"de_DE\" \/>\n<meta property=\"og:type\" content=\"article\" \/>\n<meta property=\"og:title\" content=\"Zertifikate - Staay Food Group\" \/>\n<meta property=\"og:description\" content=\"Die Zertifikate der Staay Food Group\" \/>\n<meta property=\"og:url\" content=\"https:\/\/www.staayfoodgroup.com\/de\/zertifikate\/\" \/>\n<meta property=\"og:site_name\" content=\"Staay Food Group\" \/>\n<meta property=\"article:modified_time\" content=\"2024-02-27T09:46:32+00:00\" \/>\n<meta property=\"og:image\" content=\"https:\/\/www.staayfoodgroup.com\/wp-content\/uploads\/2023\/03\/DSC09751-LR-700x467.jpg\" \/>\n\t<meta property=\"og:image:width\" content=\"700\" \/>\n\t<meta property=\"og:image:height\" content=\"467\" \/>\n\t<meta property=\"og:image:type\" content=\"image\/jpeg\" \/>\n<meta name=\"twitter:card\" content=\"summary_large_image\" \/>\n<meta name=\"twitter:label1\" content=\"Est. reading time\" \/>\n\t<meta name=\"twitter:data1\" content=\"1 minute\" \/>\n<script type=\"application\/ld+json\" class=\"yoast-schema-graph\">{\"@context\":\"https:\\\/\\\/schema.org\",\"@graph\":[{\"@type\":\"WebPage\",\"@id\":\"https:\\\/\\\/www.staayfoodgroup.com\\\/de\\\/zertifikate\\\/\",\"url\":\"https:\\\/\\\/www.staayfoodgroup.com\\\/de\\\/zertifikate\\\/\",\"name\":\"Zertifikate - Staay Food Group\",\"isPartOf\":{\"@id\":\"https:\\\/\\\/www.staayfoodgroup.com\\\/de\\\/#website\"},\"primaryImageOfPage\":{\"@id\":\"https:\\\/\\\/www.staayfoodgroup.com\\\/de\\\/zertifikate\\\/#primaryimage\"},\"image\":{\"@id\":\"https:\\\/\\\/www.staayfoodgroup.com\\\/de\\\/zertifikate\\\/#primaryimage\"},\"thumbnailUrl\":\"https:\\\/\\\/www.staayfoodgroup.com\\\/wp-content\\\/uploads\\\/2023\\\/03\\\/DSC09751-LR-scaled.jpg\",\"datePublished\":\"2022-06-12T09:45:11+00:00\",\"dateModified\":\"2024-02-27T09:46:32+00:00\",\"description\":\"Die Zertifikate der Staay Food Group\",\"breadcrumb\":{\"@id\":\"https:\\\/\\\/www.staayfoodgroup.com\\\/de\\\/zertifikate\\\/#breadcrumb\"},\"inLanguage\":\"de-DE\",\"potentialAction\":[{\"@type\":\"ReadAction\",\"target\":[\"https:\\\/\\\/www.staayfoodgroup.com\\\/de\\\/zertifikate\\\/\"]}]},{\"@type\":\"ImageObject\",\"inLanguage\":\"de-DE\",\"@id\":\"https:\\\/\\\/www.staayfoodgroup.com\\\/de\\\/zertifikate\\\/#primaryimage\",\"url\":\"https:\\\/\\\/www.staayfoodgroup.com\\\/wp-content\\\/uploads\\\/2023\\\/03\\\/DSC09751-LR-scaled.jpg\",\"contentUrl\":\"https:\\\/\\\/www.staayfoodgroup.com\\\/wp-content\\\/uploads\\\/2023\\\/03\\\/DSC09751-LR-scaled.jpg\",\"width\":2560,\"height\":1708},{\"@type\":\"BreadcrumbList\",\"@id\":\"https:\\\/\\\/www.staayfoodgroup.com\\\/de\\\/zertifikate\\\/#breadcrumb\",\"itemListElement\":[{\"@type\":\"ListItem\",\"position\":1,\"name\":\"Home\",\"item\":\"https:\\\/\\\/www.staayfoodgroup.com\\\/de\\\/\"},{\"@type\":\"ListItem\",\"position\":2,\"name\":\"Zertifikate\"}]},{\"@type\":\"WebSite\",\"@id\":\"https:\\\/\\\/www.staayfoodgroup.com\\\/de\\\/#website\",\"url\":\"https:\\\/\\\/www.staayfoodgroup.com\\\/de\\\/\",\"name\":\"Staay Food Group\",\"description\":\"\",\"potentialAction\":[{\"@type\":\"SearchAction\",\"target\":{\"@type\":\"EntryPoint\",\"urlTemplate\":\"https:\\\/\\\/www.staayfoodgroup.com\\\/de\\\/?s={search_term_string}\"},\"query-input\":{\"@type\":\"PropertyValueSpecification\",\"valueRequired\":true,\"valueName\":\"search_term_string\"}}],\"inLanguage\":\"de-DE\"}]}<\/script>\n<!-- \/ Yoast SEO plugin. -->","yoast_head_json":{"title":"Zertifikate - Staay Food Group","description":"Die Zertifikate der Staay Food Group","robots":{"index":"index","follow":"follow","max-snippet":"max-snippet:-1","max-image-preview":"max-image-preview:large","max-video-preview":"max-video-preview:-1"},"canonical":"https:\/\/www.staayfoodgroup.com\/de\/zertifikate\/","og_locale":"de_DE","og_type":"article","og_title":"Zertifikate - Staay Food Group","og_description":"Die Zertifikate der Staay Food Group","og_url":"https:\/\/www.staayfoodgroup.com\/de\/zertifikate\/","og_site_name":"Staay Food Group","article_modified_time":"2024-02-27T09:46:32+00:00","og_image":[{"width":700,"height":467,"url":"https:\/\/www.staayfoodgroup.com\/wp-content\/uploads\/2023\/03\/DSC09751-LR-700x467.jpg","type":"image\/jpeg"}],"twitter_card":"summary_large_image","twitter_misc":{"Est. reading time":"1 minute"},"schema":{"@context":"https:\/\/schema.org","@graph":[{"@type":"WebPage","@id":"https:\/\/www.staayfoodgroup.com\/de\/zertifikate\/","url":"https:\/\/www.staayfoodgroup.com\/de\/zertifikate\/","name":"Zertifikate - Staay Food Group","isPartOf":{"@id":"https:\/\/www.staayfoodgroup.com\/de\/#website"},"primaryImageOfPage":{"@id":"https:\/\/www.staayfoodgroup.com\/de\/zertifikate\/#primaryimage"},"image":{"@id":"https:\/\/www.staayfoodgroup.com\/de\/zertifikate\/#primaryimage"},"thumbnailUrl":"https:\/\/www.staayfoodgroup.com\/wp-content\/uploads\/2023\/03\/DSC09751-LR-scaled.jpg","datePublished":"2022-06-12T09:45:11+00:00","dateModified":"2024-02-27T09:46:32+00:00","description":"Die Zertifikate der Staay Food Group","breadcrumb":{"@id":"https:\/\/www.staayfoodgroup.com\/de\/zertifikate\/#breadcrumb"},"inLanguage":"de-DE","potentialAction":[{"@type":"ReadAction","target":["https:\/\/www.staayfoodgroup.com\/de\/zertifikate\/"]}]},{"@type":"ImageObject","inLanguage":"de-DE","@id":"https:\/\/www.staayfoodgroup.com\/de\/zertifikate\/#primaryimage","url":"https:\/\/www.staayfoodgroup.com\/wp-content\/uploads\/2023\/03\/DSC09751-LR-scaled.jpg","contentUrl":"https:\/\/www.staayfoodgroup.com\/wp-content\/uploads\/2023\/03\/DSC09751-LR-scaled.jpg","width":2560,"height":1708},{"@type":"BreadcrumbList","@id":"https:\/\/www.staayfoodgroup.com\/de\/zertifikate\/#breadcrumb","itemListElement":[{"@type":"ListItem","position":1,"name":"Home","item":"https:\/\/www.staayfoodgroup.com\/de\/"},{"@type":"ListItem","position":2,"name":"Zertifikate"}]},{"@type":"WebSite","@id":"https:\/\/www.staayfoodgroup.com\/de\/#website","url":"https:\/\/www.staayfoodgroup.com\/de\/","name":"Staay Food Group","description":"","potentialAction":[{"@type":"SearchAction","target":{"@type":"EntryPoint","urlTemplate":"https:\/\/www.staayfoodgroup.com\/de\/?s={search_term_string}"},"query-input":{"@type":"PropertyValueSpecification","valueRequired":true,"valueName":"search_term_string"}}],"inLanguage":"de-DE"}]}},"_links":{"self":[{"href":"https:\/\/www.staayfoodgroup.com\/de\/wp-json\/wp\/v2\/pages\/5039","targetHints":{"allow":["GET"]}}],"collection":[{"href":"https:\/\/www.staayfoodgroup.com\/de\/wp-json\/wp\/v2\/pages"}],"about":[{"href":"https:\/\/www.staayfoodgroup.com\/de\/wp-json\/wp\/v2\/types\/page"}],"author":[{"embeddable":true,"href":"https:\/\/www.staayfoodgroup.com\/de\/wp-json\/wp\/v2\/users\/10"}],"replies":[{"embeddable":true,"href":"https:\/\/www.staayfoodgroup.com\/de\/wp-json\/wp\/v2\/comments?post=5039"}],"version-history":[{"count":4,"href":"https:\/\/www.staayfoodgroup.com\/de\/wp-json\/wp\/v2\/pages\/5039\/revisions"}],"predecessor-version":[{"id":9786,"href":"https:\/\/www.staayfoodgroup.com\/de\/wp-json\/wp\/v2\/pages\/5039\/revisions\/9786"}],"wp:featuredmedia":[{"embeddable":true,"href":"https:\/\/www.staayfoodgroup.com\/de\/wp-json\/wp\/v2\/media\/3898"}],"wp:attachment":[{"href":"https:\/\/www.staayfoodgroup.com\/de\/wp-json\/wp\/v2\/media?parent=5039"}],"curies":[{"name":"wp","href":"https:\/\/api.w.org\/{rel}","templated":true}]}}