{"id":5040,"date":"2022-06-22T10:42:12","date_gmt":"2022-06-22T10:42:12","guid":{"rendered":"http:\/\/www.staayfoodgroup.com\/produktuebersicht\/"},"modified":"2023-08-04T09:08:53","modified_gmt":"2023-08-04T09:08:53","slug":"produktuebersicht","status":"publish","type":"page","link":"https:\/\/www.staayfoodgroup.com\/de\/produktuebersicht\/","title":{"rendered":"Produkt\u00fcbersicht"},"content":{"rendered":"<p>Staay liefert ein sehr umfangreiches Sortiment an frischem Obst und Gem\u00fcse, das direkt vom Erzeuger stammt. Insgesamt umfasst unser Sortiment mehr als 1500 Produkte. Wir sind spezialisiert auf Ananas, Melonen, Steinobst, Kernobst und Blattgem\u00fcse.<\/p>\n<p>Erdbeeren, Blumenkohl, Fr\u00fchlingszwiebeln, Brokkoli, Zitrusfr\u00fcchte, Zucchini, Gurken, Breite Bohnen und Tomaten sind ebenfalls Teil unserer Expertise.<\/p>\n","protected":false},"excerpt":{"rendered":"Staay liefert ein sehr umfangreiches Sortiment an frischem Obst und Gem\u00fcse, das direkt vom Erzeuger stammt. Insgesamt umfasst unser Sortiment mehr als 1500 Produkte. Wir sind spezialisiert auf Ananas, Melonen, Steinobst, Kernobst und Blattgem\u00fcse. Erdbeeren, Blumenkohl, Fr\u00fchlingszwiebeln, Brokkoli, Zitrusfr\u00fcchte, Zucchini, Gurken, Breite Bohnen und Tomaten sind ebenfalls Teil unserer Expertise.","protected":false},"author":10,"featured_media":0,"parent":0,"menu_order":0,"comment_status":"closed","ping_status":"closed","template":"template-producten.php","meta":{"_acf_changed":false,"inline_featured_image":false,"footnotes":""},"class_list":["post-5040","page","type-page","status-publish","hentry"],"acf":[],"yoast_head":"<!-- This site is optimized with the Yoast SEO plugin v27.1.1 - https:\/\/yoast.com\/product\/yoast-seo-wordpress\/ -->\n<title>Produkt\u00fcbersicht - Staay Food Group<\/title>\n<meta name=\"robots\" content=\"index, follow, max-snippet:-1, max-image-preview:large, max-video-preview:-1\" \/>\n<link rel=\"canonical\" href=\"https:\/\/www.staayfoodgroup.com\/de\/produktuebersicht\/\" \/>\n<meta property=\"og:locale\" content=\"de_DE\" \/>\n<meta property=\"og:type\" content=\"article\" \/>\n<meta property=\"og:title\" content=\"Produkt\u00fcbersicht - Staay Food Group\" \/>\n<meta property=\"og:description\" content=\"Staay liefert ein sehr umfangreiches Sortiment an frischem Obst und Gem\u00fcse, das direkt vom Erzeuger stammt. Insgesamt umfasst unser Sortiment mehr als 1500 Produkte. Wir sind spezialisiert auf Ananas, Melonen, Steinobst, Kernobst und Blattgem\u00fcse. Erdbeeren, Blumenkohl, Fr\u00fchlingszwiebeln, Brokkoli, Zitrusfr\u00fcchte, Zucchini, Gurken, Breite Bohnen und Tomaten sind ebenfalls Teil unserer Expertise.\" \/>\n<meta property=\"og:url\" content=\"https:\/\/www.staayfoodgroup.com\/de\/produktuebersicht\/\" \/>\n<meta property=\"og:site_name\" content=\"Staay Food Group\" \/>\n<meta property=\"article:modified_time\" content=\"2023-08-04T09:08:53+00:00\" \/>\n<meta name=\"twitter:card\" content=\"summary_large_image\" \/>\n<meta name=\"twitter:label1\" content=\"Gesch\u00e4tzte Lesezeit\" \/>\n\t<meta name=\"twitter:data1\" content=\"1\u00a0Minute\" \/>\n<script type=\"application\/ld+json\" class=\"yoast-schema-graph\">{\"@context\":\"https:\/\/schema.org\",\"@graph\":[{\"@type\":\"WebPage\",\"@id\":\"https:\/\/www.staayfoodgroup.com\/de\/produktuebersicht\/\",\"url\":\"https:\/\/www.staayfoodgroup.com\/de\/produktuebersicht\/\",\"name\":\"Produkt\u00fcbersicht - Staay Food Group\",\"isPartOf\":{\"@id\":\"https:\/\/www.staayfoodgroup.com\/de\/#website\"},\"datePublished\":\"2022-06-22T10:42:12+00:00\",\"dateModified\":\"2023-08-04T09:08:53+00:00\",\"breadcrumb\":{\"@id\":\"https:\/\/www.staayfoodgroup.com\/de\/produktuebersicht\/#breadcrumb\"},\"inLanguage\":\"de\",\"potentialAction\":[{\"@type\":\"ReadAction\",\"target\":[\"https:\/\/www.staayfoodgroup.com\/de\/produktuebersicht\/\"]}]},{\"@type\":\"BreadcrumbList\",\"@id\":\"https:\/\/www.staayfoodgroup.com\/de\/produktuebersicht\/#breadcrumb\",\"itemListElement\":[{\"@type\":\"ListItem\",\"position\":1,\"name\":\"Home\",\"item\":\"https:\/\/www.staayfoodgroup.com\/de\/\"},{\"@type\":\"ListItem\",\"position\":2,\"name\":\"Produkt\u00fcbersicht\"}]},{\"@type\":\"WebSite\",\"@id\":\"https:\/\/www.staayfoodgroup.com\/de\/#website\",\"url\":\"https:\/\/www.staayfoodgroup.com\/de\/\",\"name\":\"Staay Food Group\",\"description\":\"\",\"potentialAction\":[{\"@type\":\"SearchAction\",\"target\":{\"@type\":\"EntryPoint\",\"urlTemplate\":\"https:\/\/www.staayfoodgroup.com\/de\/?s={search_term_string}\"},\"query-input\":{\"@type\":\"PropertyValueSpecification\",\"valueRequired\":true,\"valueName\":\"search_term_string\"}}],\"inLanguage\":\"de\"}]}<\/script>\n<!-- \/ Yoast SEO plugin. -->","yoast_head_json":{"title":"Produkt\u00fcbersicht - Staay Food Group","robots":{"index":"index","follow":"follow","max-snippet":"max-snippet:-1","max-image-preview":"max-image-preview:large","max-video-preview":"max-video-preview:-1"},"canonical":"https:\/\/www.staayfoodgroup.com\/de\/produktuebersicht\/","og_locale":"de_DE","og_type":"article","og_title":"Produkt\u00fcbersicht - Staay Food Group","og_description":"Staay liefert ein sehr umfangreiches Sortiment an frischem Obst und Gem\u00fcse, das direkt vom Erzeuger stammt. Insgesamt umfasst unser Sortiment mehr als 1500 Produkte. Wir sind spezialisiert auf Ananas, Melonen, Steinobst, Kernobst und Blattgem\u00fcse. Erdbeeren, Blumenkohl, Fr\u00fchlingszwiebeln, Brokkoli, Zitrusfr\u00fcchte, Zucchini, Gurken, Breite Bohnen und Tomaten sind ebenfalls Teil unserer Expertise.","og_url":"https:\/\/www.staayfoodgroup.com\/de\/produktuebersicht\/","og_site_name":"Staay Food Group","article_modified_time":"2023-08-04T09:08:53+00:00","twitter_card":"summary_large_image","twitter_misc":{"Gesch\u00e4tzte Lesezeit":"1\u00a0Minute"},"schema":{"@context":"https:\/\/schema.org","@graph":[{"@type":"WebPage","@id":"https:\/\/www.staayfoodgroup.com\/de\/produktuebersicht\/","url":"https:\/\/www.staayfoodgroup.com\/de\/produktuebersicht\/","name":"Produkt\u00fcbersicht - Staay Food Group","isPartOf":{"@id":"https:\/\/www.staayfoodgroup.com\/de\/#website"},"datePublished":"2022-06-22T10:42:12+00:00","dateModified":"2023-08-04T09:08:53+00:00","breadcrumb":{"@id":"https:\/\/www.staayfoodgroup.com\/de\/produktuebersicht\/#breadcrumb"},"inLanguage":"de","potentialAction":[{"@type":"ReadAction","target":["https:\/\/www.staayfoodgroup.com\/de\/produktuebersicht\/"]}]},{"@type":"BreadcrumbList","@id":"https:\/\/www.staayfoodgroup.com\/de\/produktuebersicht\/#breadcrumb","itemListElement":[{"@type":"ListItem","position":1,"name":"Home","item":"https:\/\/www.staayfoodgroup.com\/de\/"},{"@type":"ListItem","position":2,"name":"Produkt\u00fcbersicht"}]},{"@type":"WebSite","@id":"https:\/\/www.staayfoodgroup.com\/de\/#website","url":"https:\/\/www.staayfoodgroup.com\/de\/","name":"Staay Food Group","description":"","potentialAction":[{"@type":"SearchAction","target":{"@type":"EntryPoint","urlTemplate":"https:\/\/www.staayfoodgroup.com\/de\/?s={search_term_string}"},"query-input":{"@type":"PropertyValueSpecification","valueRequired":true,"valueName":"search_term_string"}}],"inLanguage":"de"}]}},"_links":{"self":[{"href":"https:\/\/www.staayfoodgroup.com\/de\/wp-json\/wp\/v2\/pages\/5040","targetHints":{"allow":["GET"]}}],"collection":[{"href":"https:\/\/www.staayfoodgroup.com\/de\/wp-json\/wp\/v2\/pages"}],"about":[{"href":"https:\/\/www.staayfoodgroup.com\/de\/wp-json\/wp\/v2\/types\/page"}],"author":[{"embeddable":true,"href":"https:\/\/www.staayfoodgroup.com\/de\/wp-json\/wp\/v2\/users\/10"}],"replies":[{"embeddable":true,"href":"https:\/\/www.staayfoodgroup.com\/de\/wp-json\/wp\/v2\/comments?post=5040"}],"version-history":[{"count":1,"href":"https:\/\/www.staayfoodgroup.com\/de\/wp-json\/wp\/v2\/pages\/5040\/revisions"}],"predecessor-version":[{"id":5641,"href":"https:\/\/www.staayfoodgroup.com\/de\/wp-json\/wp\/v2\/pages\/5040\/revisions\/5641"}],"wp:attachment":[{"href":"https:\/\/www.staayfoodgroup.com\/de\/wp-json\/wp\/v2\/media?parent=5040"}],"curies":[{"name":"wp","href":"https:\/\/api.w.org\/{rel}","templated":true}]}}