{"id":5044,"date":"2022-06-21T07:50:04","date_gmt":"2022-06-21T06:50:04","guid":{"rendered":"http:\/\/www.staayfoodgroup.com\/ueber-die-staay-food-group\/"},"modified":"2024-08-19T08:42:33","modified_gmt":"2024-08-19T07:42:33","slug":"ueber-die-staay-food-group","status":"publish","type":"page","link":"https:\/\/www.staayfoodgroup.com\/de\/ueber-die-staay-food-group\/","title":{"rendered":"\u00dcber die Staay Food Group"},"content":{"rendered":"<p>Die <strong>Staay Food Group<\/strong> ist eine internationale Organisation f\u00fcr den Anbau, den Verkauf und die Vermarktung von frischem Obst und Gem\u00fcse mit einem globalen Netzwerk: <em>The World is our Garden. <\/em>Wir sind ein Familienunternehmen, das 1946 gegr\u00fcndet wurde. Wir bieten in mehr als 30 L\u00e4ndern ma\u00dfgeschneiderte L\u00f6sungen f\u00fcr den Einzelhandel, den Gro\u00dfhandel, die Foodservice-Branche und die Fresh-Cut Industrie.<\/p>\n<p><strong>Unsere Mission<\/strong>: <em>Optimale Frische zu minimalen Kosten<\/em><br \/>\nWir liefern zu jeder Zeit die besten verf\u00fcgbaren und frischesten Produkte bei minimalem Zeit- und Kostenaufwand.<br \/>\nSo bieten wir unseren Erzeugern eine Abnahmegarantie und unseren Kunden eine kontinuierliche Versorgung.<\/p>\n","protected":false},"excerpt":{"rendered":"Die Staay Food Group ist eine internationale Organisation f\u00fcr den Anbau, den Verkauf und die Vermarktung von frischem Obst und Gem\u00fcse mit einem globalen Netzwerk: The World is our Garden. Wir sind ein Familienunternehmen, das 1946 gegr\u00fcndet wurde. Wir bieten in mehr als 30 L\u00e4ndern ma\u00dfgeschneiderte L\u00f6sungen f\u00fcr den Einzelhandel, den Gro\u00dfhandel, die Foodservice-Branche und [&hellip;]","protected":false},"author":10,"featured_media":0,"parent":0,"menu_order":0,"comment_status":"closed","ping_status":"closed","template":"template-over.php","meta":{"_acf_changed":false,"inline_featured_image":false,"footnotes":""},"class_list":["post-5044","page","type-page","status-publish","hentry"],"acf":[],"yoast_head":"<!-- This site is optimized with the Yoast SEO plugin v27.1.1 - https:\/\/yoast.com\/product\/yoast-seo-wordpress\/ -->\n<title>\u00dcber die Staay Food Group - Staay Food Group<\/title>\n<meta name=\"robots\" content=\"index, follow, max-snippet:-1, max-image-preview:large, max-video-preview:-1\" \/>\n<link rel=\"canonical\" href=\"https:\/\/www.staayfoodgroup.com\/de\/ueber-die-staay-food-group\/\" \/>\n<meta property=\"og:locale\" content=\"de_DE\" \/>\n<meta property=\"og:type\" content=\"article\" \/>\n<meta property=\"og:title\" content=\"\u00dcber die Staay Food Group - Staay Food Group\" \/>\n<meta property=\"og:description\" content=\"Die Staay Food Group ist eine internationale Organisation f\u00fcr den Anbau, den Verkauf und die Vermarktung von frischem Obst und Gem\u00fcse mit einem globalen Netzwerk: The World is our Garden. Wir sind ein Familienunternehmen, das 1946 gegr\u00fcndet wurde. Wir bieten in mehr als 30 L\u00e4ndern ma\u00dfgeschneiderte L\u00f6sungen f\u00fcr den Einzelhandel, den Gro\u00dfhandel, die Foodservice-Branche und [&hellip;]\" \/>\n<meta property=\"og:url\" content=\"https:\/\/www.staayfoodgroup.com\/de\/ueber-die-staay-food-group\/\" \/>\n<meta property=\"og:site_name\" content=\"Staay Food Group\" \/>\n<meta property=\"article:modified_time\" content=\"2024-08-19T07:42:33+00:00\" \/>\n<meta name=\"twitter:card\" content=\"summary_large_image\" \/>\n<meta name=\"twitter:label1\" content=\"Gesch\u00e4tzte Lesezeit\" \/>\n\t<meta name=\"twitter:data1\" content=\"8\u00a0Minuten\" \/>\n<script type=\"application\/ld+json\" class=\"yoast-schema-graph\">{\"@context\":\"https:\/\/schema.org\",\"@graph\":[{\"@type\":\"WebPage\",\"@id\":\"https:\/\/www.staayfoodgroup.com\/de\/ueber-die-staay-food-group\/\",\"url\":\"https:\/\/www.staayfoodgroup.com\/de\/ueber-die-staay-food-group\/\",\"name\":\"\u00dcber die Staay Food Group - Staay Food Group\",\"isPartOf\":{\"@id\":\"https:\/\/www.staayfoodgroup.com\/de\/#website\"},\"datePublished\":\"2022-06-21T06:50:04+00:00\",\"dateModified\":\"2024-08-19T07:42:33+00:00\",\"breadcrumb\":{\"@id\":\"https:\/\/www.staayfoodgroup.com\/de\/ueber-die-staay-food-group\/#breadcrumb\"},\"inLanguage\":\"de\",\"potentialAction\":[{\"@type\":\"ReadAction\",\"target\":[\"https:\/\/www.staayfoodgroup.com\/de\/ueber-die-staay-food-group\/\"]}]},{\"@type\":\"BreadcrumbList\",\"@id\":\"https:\/\/www.staayfoodgroup.com\/de\/ueber-die-staay-food-group\/#breadcrumb\",\"itemListElement\":[{\"@type\":\"ListItem\",\"position\":1,\"name\":\"Home\",\"item\":\"https:\/\/www.staayfoodgroup.com\/de\/\"},{\"@type\":\"ListItem\",\"position\":2,\"name\":\"\u00dcber die Staay Food Group\"}]},{\"@type\":\"WebSite\",\"@id\":\"https:\/\/www.staayfoodgroup.com\/de\/#website\",\"url\":\"https:\/\/www.staayfoodgroup.com\/de\/\",\"name\":\"Staay Food Group\",\"description\":\"\",\"potentialAction\":[{\"@type\":\"SearchAction\",\"target\":{\"@type\":\"EntryPoint\",\"urlTemplate\":\"https:\/\/www.staayfoodgroup.com\/de\/?s={search_term_string}\"},\"query-input\":{\"@type\":\"PropertyValueSpecification\",\"valueRequired\":true,\"valueName\":\"search_term_string\"}}],\"inLanguage\":\"de\"}]}<\/script>\n<!-- \/ Yoast SEO plugin. -->","yoast_head_json":{"title":"\u00dcber die Staay Food Group - Staay Food Group","robots":{"index":"index","follow":"follow","max-snippet":"max-snippet:-1","max-image-preview":"max-image-preview:large","max-video-preview":"max-video-preview:-1"},"canonical":"https:\/\/www.staayfoodgroup.com\/de\/ueber-die-staay-food-group\/","og_locale":"de_DE","og_type":"article","og_title":"\u00dcber die Staay Food Group - Staay Food Group","og_description":"Die Staay Food Group ist eine internationale Organisation f\u00fcr den Anbau, den Verkauf und die Vermarktung von frischem Obst und Gem\u00fcse mit einem globalen Netzwerk: The World is our Garden. Wir sind ein Familienunternehmen, das 1946 gegr\u00fcndet wurde. Wir bieten in mehr als 30 L\u00e4ndern ma\u00dfgeschneiderte L\u00f6sungen f\u00fcr den Einzelhandel, den Gro\u00dfhandel, die Foodservice-Branche und [&hellip;]","og_url":"https:\/\/www.staayfoodgroup.com\/de\/ueber-die-staay-food-group\/","og_site_name":"Staay Food Group","article_modified_time":"2024-08-19T07:42:33+00:00","twitter_card":"summary_large_image","twitter_misc":{"Gesch\u00e4tzte Lesezeit":"8\u00a0Minuten"},"schema":{"@context":"https:\/\/schema.org","@graph":[{"@type":"WebPage","@id":"https:\/\/www.staayfoodgroup.com\/de\/ueber-die-staay-food-group\/","url":"https:\/\/www.staayfoodgroup.com\/de\/ueber-die-staay-food-group\/","name":"\u00dcber die Staay Food Group - Staay Food Group","isPartOf":{"@id":"https:\/\/www.staayfoodgroup.com\/de\/#website"},"datePublished":"2022-06-21T06:50:04+00:00","dateModified":"2024-08-19T07:42:33+00:00","breadcrumb":{"@id":"https:\/\/www.staayfoodgroup.com\/de\/ueber-die-staay-food-group\/#breadcrumb"},"inLanguage":"de","potentialAction":[{"@type":"ReadAction","target":["https:\/\/www.staayfoodgroup.com\/de\/ueber-die-staay-food-group\/"]}]},{"@type":"BreadcrumbList","@id":"https:\/\/www.staayfoodgroup.com\/de\/ueber-die-staay-food-group\/#breadcrumb","itemListElement":[{"@type":"ListItem","position":1,"name":"Home","item":"https:\/\/www.staayfoodgroup.com\/de\/"},{"@type":"ListItem","position":2,"name":"\u00dcber die Staay Food Group"}]},{"@type":"WebSite","@id":"https:\/\/www.staayfoodgroup.com\/de\/#website","url":"https:\/\/www.staayfoodgroup.com\/de\/","name":"Staay Food Group","description":"","potentialAction":[{"@type":"SearchAction","target":{"@type":"EntryPoint","urlTemplate":"https:\/\/www.staayfoodgroup.com\/de\/?s={search_term_string}"},"query-input":{"@type":"PropertyValueSpecification","valueRequired":true,"valueName":"search_term_string"}}],"inLanguage":"de"}]}},"_links":{"self":[{"href":"https:\/\/www.staayfoodgroup.com\/de\/wp-json\/wp\/v2\/pages\/5044","targetHints":{"allow":["GET"]}}],"collection":[{"href":"https:\/\/www.staayfoodgroup.com\/de\/wp-json\/wp\/v2\/pages"}],"about":[{"href":"https:\/\/www.staayfoodgroup.com\/de\/wp-json\/wp\/v2\/types\/page"}],"author":[{"embeddable":true,"href":"https:\/\/www.staayfoodgroup.com\/de\/wp-json\/wp\/v2\/users\/10"}],"replies":[{"embeddable":true,"href":"https:\/\/www.staayfoodgroup.com\/de\/wp-json\/wp\/v2\/comments?post=5044"}],"version-history":[{"count":8,"href":"https:\/\/www.staayfoodgroup.com\/de\/wp-json\/wp\/v2\/pages\/5044\/revisions"}],"predecessor-version":[{"id":11769,"href":"https:\/\/www.staayfoodgroup.com\/de\/wp-json\/wp\/v2\/pages\/5044\/revisions\/11769"}],"wp:attachment":[{"href":"https:\/\/www.staayfoodgroup.com\/de\/wp-json\/wp\/v2\/media?parent=5044"}],"curies":[{"name":"wp","href":"https:\/\/api.w.org\/{rel}","templated":true}]}}