{"id":5063,"date":"2022-06-17T15:22:09","date_gmt":"2022-06-17T15:22:09","guid":{"rendered":"http:\/\/www.staayfoodgroup.com\/team\/"},"modified":"2023-08-14T18:03:18","modified_gmt":"2023-08-14T18:03:18","slug":"team","status":"publish","type":"page","link":"https:\/\/www.staayfoodgroup.com\/de\/team\/","title":{"rendered":"Team"},"content":{"rendered":"<p>Wir sind Staay. Wir sind schnell, flexibel und zuverl\u00e4ssig. Wir sind immer f\u00fcr Sie da, denken mit Ihnen mit und k\u00fcmmern uns um Ihr Obst und Gem\u00fcse. Immer.<\/p>\n<p>M\u00f6chten Sie auch zu diesem Team geh\u00f6ren? Hier finden Sie unsere <a href=\"http:\/\/www.staayfoodgroup.com\/de\/offene-stellen\/\">Stellenangebote<\/a>!<\/p>\n","protected":false},"excerpt":{"rendered":"Wir sind Staay. Wir sind schnell, flexibel und zuverl\u00e4ssig. Wir sind immer f\u00fcr Sie da, denken mit Ihnen mit und k\u00fcmmern uns um Ihr Obst und Gem\u00fcse. Immer. M\u00f6chten Sie auch zu diesem Team geh\u00f6ren? Hier finden Sie unsere Stellenangebote!","protected":false},"author":10,"featured_media":0,"parent":0,"menu_order":0,"comment_status":"closed","ping_status":"closed","template":"template-team.php","meta":{"_acf_changed":false,"inline_featured_image":false,"footnotes":""},"class_list":["post-5063","page","type-page","status-publish","hentry"],"acf":[],"yoast_head":"<!-- This site is optimized with the Yoast SEO plugin v27.1.1 - https:\/\/yoast.com\/product\/yoast-seo-wordpress\/ -->\n<title>Team - Staay Food Group<\/title>\n<meta name=\"robots\" content=\"index, follow, max-snippet:-1, max-image-preview:large, max-video-preview:-1\" \/>\n<link rel=\"canonical\" href=\"https:\/\/www.staayfoodgroup.com\/de\/team\/\" \/>\n<meta property=\"og:locale\" content=\"de_DE\" \/>\n<meta property=\"og:type\" content=\"article\" \/>\n<meta property=\"og:title\" content=\"Team - Staay Food Group\" \/>\n<meta property=\"og:description\" content=\"Wir sind Staay. Wir sind schnell, flexibel und zuverl\u00e4ssig. Wir sind immer f\u00fcr Sie da, denken mit Ihnen mit und k\u00fcmmern uns um Ihr Obst und Gem\u00fcse. Immer. M\u00f6chten Sie auch zu diesem Team geh\u00f6ren? Hier finden Sie unsere Stellenangebote!\" \/>\n<meta property=\"og:url\" content=\"https:\/\/www.staayfoodgroup.com\/de\/team\/\" \/>\n<meta property=\"og:site_name\" content=\"Staay Food Group\" \/>\n<meta property=\"article:modified_time\" content=\"2023-08-14T18:03:18+00:00\" \/>\n<meta name=\"twitter:card\" content=\"summary_large_image\" \/>\n<meta name=\"twitter:label1\" content=\"Gesch\u00e4tzte Lesezeit\" \/>\n\t<meta name=\"twitter:data1\" content=\"1\u00a0Minute\" \/>\n<script type=\"application\/ld+json\" class=\"yoast-schema-graph\">{\"@context\":\"https:\/\/schema.org\",\"@graph\":[{\"@type\":\"WebPage\",\"@id\":\"https:\/\/www.staayfoodgroup.com\/de\/team\/\",\"url\":\"https:\/\/www.staayfoodgroup.com\/de\/team\/\",\"name\":\"Team - Staay Food Group\",\"isPartOf\":{\"@id\":\"https:\/\/www.staayfoodgroup.com\/de\/#website\"},\"datePublished\":\"2022-06-17T15:22:09+00:00\",\"dateModified\":\"2023-08-14T18:03:18+00:00\",\"breadcrumb\":{\"@id\":\"https:\/\/www.staayfoodgroup.com\/de\/team\/#breadcrumb\"},\"inLanguage\":\"de\",\"potentialAction\":[{\"@type\":\"ReadAction\",\"target\":[\"https:\/\/www.staayfoodgroup.com\/de\/team\/\"]}]},{\"@type\":\"BreadcrumbList\",\"@id\":\"https:\/\/www.staayfoodgroup.com\/de\/team\/#breadcrumb\",\"itemListElement\":[{\"@type\":\"ListItem\",\"position\":1,\"name\":\"Home\",\"item\":\"https:\/\/www.staayfoodgroup.com\/de\/\"},{\"@type\":\"ListItem\",\"position\":2,\"name\":\"Team\"}]},{\"@type\":\"WebSite\",\"@id\":\"https:\/\/www.staayfoodgroup.com\/de\/#website\",\"url\":\"https:\/\/www.staayfoodgroup.com\/de\/\",\"name\":\"Staay Food Group\",\"description\":\"\",\"potentialAction\":[{\"@type\":\"SearchAction\",\"target\":{\"@type\":\"EntryPoint\",\"urlTemplate\":\"https:\/\/www.staayfoodgroup.com\/de\/?s={search_term_string}\"},\"query-input\":{\"@type\":\"PropertyValueSpecification\",\"valueRequired\":true,\"valueName\":\"search_term_string\"}}],\"inLanguage\":\"de\"}]}<\/script>\n<!-- \/ Yoast SEO plugin. -->","yoast_head_json":{"title":"Team - Staay Food Group","robots":{"index":"index","follow":"follow","max-snippet":"max-snippet:-1","max-image-preview":"max-image-preview:large","max-video-preview":"max-video-preview:-1"},"canonical":"https:\/\/www.staayfoodgroup.com\/de\/team\/","og_locale":"de_DE","og_type":"article","og_title":"Team - Staay Food Group","og_description":"Wir sind Staay. Wir sind schnell, flexibel und zuverl\u00e4ssig. Wir sind immer f\u00fcr Sie da, denken mit Ihnen mit und k\u00fcmmern uns um Ihr Obst und Gem\u00fcse. Immer. M\u00f6chten Sie auch zu diesem Team geh\u00f6ren? Hier finden Sie unsere Stellenangebote!","og_url":"https:\/\/www.staayfoodgroup.com\/de\/team\/","og_site_name":"Staay Food Group","article_modified_time":"2023-08-14T18:03:18+00:00","twitter_card":"summary_large_image","twitter_misc":{"Gesch\u00e4tzte Lesezeit":"1\u00a0Minute"},"schema":{"@context":"https:\/\/schema.org","@graph":[{"@type":"WebPage","@id":"https:\/\/www.staayfoodgroup.com\/de\/team\/","url":"https:\/\/www.staayfoodgroup.com\/de\/team\/","name":"Team - Staay Food Group","isPartOf":{"@id":"https:\/\/www.staayfoodgroup.com\/de\/#website"},"datePublished":"2022-06-17T15:22:09+00:00","dateModified":"2023-08-14T18:03:18+00:00","breadcrumb":{"@id":"https:\/\/www.staayfoodgroup.com\/de\/team\/#breadcrumb"},"inLanguage":"de","potentialAction":[{"@type":"ReadAction","target":["https:\/\/www.staayfoodgroup.com\/de\/team\/"]}]},{"@type":"BreadcrumbList","@id":"https:\/\/www.staayfoodgroup.com\/de\/team\/#breadcrumb","itemListElement":[{"@type":"ListItem","position":1,"name":"Home","item":"https:\/\/www.staayfoodgroup.com\/de\/"},{"@type":"ListItem","position":2,"name":"Team"}]},{"@type":"WebSite","@id":"https:\/\/www.staayfoodgroup.com\/de\/#website","url":"https:\/\/www.staayfoodgroup.com\/de\/","name":"Staay Food Group","description":"","potentialAction":[{"@type":"SearchAction","target":{"@type":"EntryPoint","urlTemplate":"https:\/\/www.staayfoodgroup.com\/de\/?s={search_term_string}"},"query-input":{"@type":"PropertyValueSpecification","valueRequired":true,"valueName":"search_term_string"}}],"inLanguage":"de"}]}},"_links":{"self":[{"href":"https:\/\/www.staayfoodgroup.com\/de\/wp-json\/wp\/v2\/pages\/5063","targetHints":{"allow":["GET"]}}],"collection":[{"href":"https:\/\/www.staayfoodgroup.com\/de\/wp-json\/wp\/v2\/pages"}],"about":[{"href":"https:\/\/www.staayfoodgroup.com\/de\/wp-json\/wp\/v2\/types\/page"}],"author":[{"embeddable":true,"href":"https:\/\/www.staayfoodgroup.com\/de\/wp-json\/wp\/v2\/users\/10"}],"replies":[{"embeddable":true,"href":"https:\/\/www.staayfoodgroup.com\/de\/wp-json\/wp\/v2\/comments?post=5063"}],"version-history":[{"count":1,"href":"https:\/\/www.staayfoodgroup.com\/de\/wp-json\/wp\/v2\/pages\/5063\/revisions"}],"predecessor-version":[{"id":6521,"href":"https:\/\/www.staayfoodgroup.com\/de\/wp-json\/wp\/v2\/pages\/5063\/revisions\/6521"}],"wp:attachment":[{"href":"https:\/\/www.staayfoodgroup.com\/de\/wp-json\/wp\/v2\/media?parent=5063"}],"curies":[{"name":"wp","href":"https:\/\/api.w.org\/{rel}","templated":true}]}}