{"id":5067,"date":"2022-06-20T15:50:38","date_gmt":"2022-06-20T14:50:38","guid":{"rendered":"http:\/\/www.staayfoodgroup.com\/anbau\/"},"modified":"2023-08-11T09:22:55","modified_gmt":"2023-08-11T09:22:55","slug":"anbau","status":"publish","type":"page","link":"https:\/\/www.staayfoodgroup.com\/de\/anbau\/","title":{"rendered":"Anbau"},"content":{"rendered":"<p>Mit Obst und Gem\u00fcse aus eigenem Anbau unterscheidet sich Staay von vielen anderen Anbietern. Wir bauen selbst an und verpflichten Erzeuger als Partner. Auf diese Weise sind wir nahe am Anbau, die Lieferkette bleibt kurz und transparent und die Produkte bleiben leicht r\u00fcckverfolgbar. Wir investieren und finanzieren in den Anbau, um die Verf\u00fcgbarkeit frischer Produkte dauerhaft zu gew\u00e4hrleisten. Wir sind seit 1985 im Anbau t\u00e4tig, erst nur in den Niederlanden, heute auch in vielen anderen L\u00e4ndern wie Spanien und Costa Rica.<\/p>\n","protected":false},"excerpt":{"rendered":"Mit Obst und Gem\u00fcse aus eigenem Anbau unterscheidet sich Staay von vielen anderen Anbietern. Wir bauen selbst an und verpflichten Erzeuger als Partner. Auf diese Weise sind wir nahe am Anbau, die Lieferkette bleibt kurz und transparent und die Produkte bleiben leicht r\u00fcckverfolgbar. Wir investieren und finanzieren in den Anbau, um die Verf\u00fcgbarkeit frischer Produkte [&hellip;]","protected":false},"author":10,"featured_media":0,"parent":0,"menu_order":0,"comment_status":"closed","ping_status":"closed","template":"","meta":{"_acf_changed":false,"inline_featured_image":false,"footnotes":""},"class_list":["post-5067","page","type-page","status-publish","hentry"],"acf":[],"yoast_head":"<!-- This site is optimized with the Yoast SEO plugin v27.1.1 - https:\/\/yoast.com\/product\/yoast-seo-wordpress\/ -->\n<title>Anbau - Staay Food Group<\/title>\n<meta name=\"robots\" content=\"index, follow, max-snippet:-1, max-image-preview:large, max-video-preview:-1\" \/>\n<link rel=\"canonical\" href=\"https:\/\/www.staayfoodgroup.com\/de\/anbau\/\" \/>\n<meta property=\"og:locale\" content=\"de_DE\" \/>\n<meta property=\"og:type\" content=\"article\" \/>\n<meta property=\"og:title\" content=\"Anbau - Staay Food Group\" \/>\n<meta property=\"og:description\" content=\"Mit Obst und Gem\u00fcse aus eigenem Anbau unterscheidet sich Staay von vielen anderen Anbietern. Wir bauen selbst an und verpflichten Erzeuger als Partner. Auf diese Weise sind wir nahe am Anbau, die Lieferkette bleibt kurz und transparent und die Produkte bleiben leicht r\u00fcckverfolgbar. Wir investieren und finanzieren in den Anbau, um die Verf\u00fcgbarkeit frischer Produkte [&hellip;]\" \/>\n<meta property=\"og:url\" content=\"https:\/\/www.staayfoodgroup.com\/de\/anbau\/\" \/>\n<meta property=\"og:site_name\" content=\"Staay Food Group\" \/>\n<meta property=\"article:modified_time\" content=\"2023-08-11T09:22:55+00:00\" \/>\n<meta name=\"twitter:card\" content=\"summary_large_image\" \/>\n<meta name=\"twitter:label1\" content=\"Gesch\u00e4tzte Lesezeit\" \/>\n\t<meta name=\"twitter:data1\" content=\"1\u00a0Minute\" \/>\n<script type=\"application\/ld+json\" class=\"yoast-schema-graph\">{\"@context\":\"https:\/\/schema.org\",\"@graph\":[{\"@type\":\"WebPage\",\"@id\":\"https:\/\/www.staayfoodgroup.com\/de\/anbau\/\",\"url\":\"https:\/\/www.staayfoodgroup.com\/de\/anbau\/\",\"name\":\"Anbau - Staay Food Group\",\"isPartOf\":{\"@id\":\"https:\/\/www.staayfoodgroup.com\/de\/#website\"},\"datePublished\":\"2022-06-20T14:50:38+00:00\",\"dateModified\":\"2023-08-11T09:22:55+00:00\",\"breadcrumb\":{\"@id\":\"https:\/\/www.staayfoodgroup.com\/de\/anbau\/#breadcrumb\"},\"inLanguage\":\"de\",\"potentialAction\":[{\"@type\":\"ReadAction\",\"target\":[\"https:\/\/www.staayfoodgroup.com\/de\/anbau\/\"]}]},{\"@type\":\"BreadcrumbList\",\"@id\":\"https:\/\/www.staayfoodgroup.com\/de\/anbau\/#breadcrumb\",\"itemListElement\":[{\"@type\":\"ListItem\",\"position\":1,\"name\":\"Home\",\"item\":\"https:\/\/www.staayfoodgroup.com\/de\/\"},{\"@type\":\"ListItem\",\"position\":2,\"name\":\"Anbau\"}]},{\"@type\":\"WebSite\",\"@id\":\"https:\/\/www.staayfoodgroup.com\/de\/#website\",\"url\":\"https:\/\/www.staayfoodgroup.com\/de\/\",\"name\":\"Staay Food Group\",\"description\":\"\",\"potentialAction\":[{\"@type\":\"SearchAction\",\"target\":{\"@type\":\"EntryPoint\",\"urlTemplate\":\"https:\/\/www.staayfoodgroup.com\/de\/?s={search_term_string}\"},\"query-input\":{\"@type\":\"PropertyValueSpecification\",\"valueRequired\":true,\"valueName\":\"search_term_string\"}}],\"inLanguage\":\"de\"}]}<\/script>\n<!-- \/ Yoast SEO plugin. -->","yoast_head_json":{"title":"Anbau - Staay Food Group","robots":{"index":"index","follow":"follow","max-snippet":"max-snippet:-1","max-image-preview":"max-image-preview:large","max-video-preview":"max-video-preview:-1"},"canonical":"https:\/\/www.staayfoodgroup.com\/de\/anbau\/","og_locale":"de_DE","og_type":"article","og_title":"Anbau - Staay Food Group","og_description":"Mit Obst und Gem\u00fcse aus eigenem Anbau unterscheidet sich Staay von vielen anderen Anbietern. Wir bauen selbst an und verpflichten Erzeuger als Partner. Auf diese Weise sind wir nahe am Anbau, die Lieferkette bleibt kurz und transparent und die Produkte bleiben leicht r\u00fcckverfolgbar. Wir investieren und finanzieren in den Anbau, um die Verf\u00fcgbarkeit frischer Produkte [&hellip;]","og_url":"https:\/\/www.staayfoodgroup.com\/de\/anbau\/","og_site_name":"Staay Food Group","article_modified_time":"2023-08-11T09:22:55+00:00","twitter_card":"summary_large_image","twitter_misc":{"Gesch\u00e4tzte Lesezeit":"1\u00a0Minute"},"schema":{"@context":"https:\/\/schema.org","@graph":[{"@type":"WebPage","@id":"https:\/\/www.staayfoodgroup.com\/de\/anbau\/","url":"https:\/\/www.staayfoodgroup.com\/de\/anbau\/","name":"Anbau - Staay Food Group","isPartOf":{"@id":"https:\/\/www.staayfoodgroup.com\/de\/#website"},"datePublished":"2022-06-20T14:50:38+00:00","dateModified":"2023-08-11T09:22:55+00:00","breadcrumb":{"@id":"https:\/\/www.staayfoodgroup.com\/de\/anbau\/#breadcrumb"},"inLanguage":"de","potentialAction":[{"@type":"ReadAction","target":["https:\/\/www.staayfoodgroup.com\/de\/anbau\/"]}]},{"@type":"BreadcrumbList","@id":"https:\/\/www.staayfoodgroup.com\/de\/anbau\/#breadcrumb","itemListElement":[{"@type":"ListItem","position":1,"name":"Home","item":"https:\/\/www.staayfoodgroup.com\/de\/"},{"@type":"ListItem","position":2,"name":"Anbau"}]},{"@type":"WebSite","@id":"https:\/\/www.staayfoodgroup.com\/de\/#website","url":"https:\/\/www.staayfoodgroup.com\/de\/","name":"Staay Food Group","description":"","potentialAction":[{"@type":"SearchAction","target":{"@type":"EntryPoint","urlTemplate":"https:\/\/www.staayfoodgroup.com\/de\/?s={search_term_string}"},"query-input":{"@type":"PropertyValueSpecification","valueRequired":true,"valueName":"search_term_string"}}],"inLanguage":"de"}]}},"_links":{"self":[{"href":"https:\/\/www.staayfoodgroup.com\/de\/wp-json\/wp\/v2\/pages\/5067","targetHints":{"allow":["GET"]}}],"collection":[{"href":"https:\/\/www.staayfoodgroup.com\/de\/wp-json\/wp\/v2\/pages"}],"about":[{"href":"https:\/\/www.staayfoodgroup.com\/de\/wp-json\/wp\/v2\/types\/page"}],"author":[{"embeddable":true,"href":"https:\/\/www.staayfoodgroup.com\/de\/wp-json\/wp\/v2\/users\/10"}],"replies":[{"embeddable":true,"href":"https:\/\/www.staayfoodgroup.com\/de\/wp-json\/wp\/v2\/comments?post=5067"}],"version-history":[{"count":1,"href":"https:\/\/www.staayfoodgroup.com\/de\/wp-json\/wp\/v2\/pages\/5067\/revisions"}],"predecessor-version":[{"id":6023,"href":"https:\/\/www.staayfoodgroup.com\/de\/wp-json\/wp\/v2\/pages\/5067\/revisions\/6023"}],"wp:attachment":[{"href":"https:\/\/www.staayfoodgroup.com\/de\/wp-json\/wp\/v2\/media?parent=5067"}],"curies":[{"name":"wp","href":"https:\/\/api.w.org\/{rel}","templated":true}]}}