{"id":5070,"date":"2022-06-22T09:32:26","date_gmt":"2022-06-22T08:32:26","guid":{"rendered":"http:\/\/www.staayfoodgroup.com\/food-service\/"},"modified":"2025-05-19T11:23:46","modified_gmt":"2025-05-19T10:23:46","slug":"food-service","status":"publish","type":"page","link":"https:\/\/www.staayfoodgroup.com\/de\/kunden\/food-service\/","title":{"rendered":"Food Service"},"content":{"rendered":"<p>Im Food Service geht es um Qualit\u00e4t und Ma\u00dfarbeit. Das Angebot an frischen Obst und Gem\u00fcse muss breit, tief, vielf\u00e4ltig und von gleichbleibender Qualit\u00e4t sein. Staay <a href=\"https:\/\/maps.app.goo.gl\/VYBECteTsNzKSrom7\">Venlo<\/a> bietet das ganze Jahr \u00fcber ein sehr breites Sortiment mit etwa 750 Produkten und bis zu 1500 Artikeln. Dieses umfangreiche Sortiment kennzeichnet sich au\u00dferdem durch eine hohe Umschlagh\u00e4ufigkeit.<\/p>\n<p>Bei Staay sind die drei S\u00e4ulen Zuverl\u00e4ssigkeit, Flexibilit\u00e4t, Schnelligkeit und deshalb auch im Food-Service-Bereich eine gute Basis f\u00fcr dauerhafte Zusammenarbeit.<\/p>\n","protected":false},"excerpt":{"rendered":"Im Food Service geht es um Qualit\u00e4t und Ma\u00dfarbeit. Das Angebot an frischen Obst und Gem\u00fcse muss breit, tief, vielf\u00e4ltig und von gleichbleibender Qualit\u00e4t sein. Staay Venlo bietet das ganze Jahr \u00fcber ein sehr breites Sortiment mit etwa 750 Produkten und bis zu 1500 Artikeln. Dieses umfangreiche Sortiment kennzeichnet sich au\u00dferdem durch eine hohe Umschlagh\u00e4ufigkeit. [&hellip;]","protected":false},"author":10,"featured_media":3838,"parent":5099,"menu_order":0,"comment_status":"closed","ping_status":"closed","template":"","meta":{"_acf_changed":false,"inline_featured_image":false,"footnotes":""},"class_list":["post-5070","page","type-page","status-publish","has-post-thumbnail","hentry"],"acf":[],"yoast_head":"<!-- This site is optimized with the Yoast SEO plugin v27.1.1 - https:\/\/yoast.com\/product\/yoast-seo-wordpress\/ -->\n<title>Food Service - Staay Food Group<\/title>\n<meta name=\"description\" content=\"Obst und Gem\u00fcse Grosshandel f\u00fcr Foodservice in Venlo. Staay Food Group bietet Massgeschneiderte Lieferung auf Mischpaletten + Cash &amp; Carry.\" \/>\n<meta name=\"robots\" content=\"index, follow, max-snippet:-1, max-image-preview:large, max-video-preview:-1\" \/>\n<link rel=\"canonical\" href=\"https:\/\/www.staayfoodgroup.com\/de\/kunden\/food-service\/\" \/>\n<meta property=\"og:locale\" content=\"de_DE\" \/>\n<meta property=\"og:type\" content=\"article\" \/>\n<meta property=\"og:title\" content=\"Food Service - Staay Food Group\" \/>\n<meta property=\"og:description\" content=\"Obst und Gem\u00fcse Grosshandel f\u00fcr Foodservice in Venlo. Staay Food Group bietet Massgeschneiderte Lieferung auf Mischpaletten + Cash &amp; Carry.\" \/>\n<meta property=\"og:url\" content=\"https:\/\/www.staayfoodgroup.com\/de\/kunden\/food-service\/\" \/>\n<meta property=\"og:site_name\" content=\"Staay Food Group\" \/>\n<meta property=\"article:modified_time\" content=\"2025-05-19T10:23:46+00:00\" \/>\n<meta property=\"og:image\" content=\"https:\/\/www.staayfoodgroup.com\/wp-content\/uploads\/2022\/10\/male-chef-with-apron-chopping-vegetables.jpg\" \/>\n\t<meta property=\"og:image:width\" content=\"2000\" \/>\n\t<meta property=\"og:image:height\" content=\"1125\" \/>\n\t<meta property=\"og:image:type\" content=\"image\/jpeg\" \/>\n<meta name=\"twitter:card\" content=\"summary_large_image\" \/>\n<meta name=\"twitter:label1\" content=\"Gesch\u00e4tzte Lesezeit\" \/>\n\t<meta name=\"twitter:data1\" content=\"5\u00a0Minuten\" \/>\n<script type=\"application\/ld+json\" class=\"yoast-schema-graph\">{\"@context\":\"https:\/\/schema.org\",\"@graph\":[{\"@type\":\"WebPage\",\"@id\":\"https:\/\/www.staayfoodgroup.com\/de\/kunden\/food-service\/\",\"url\":\"https:\/\/www.staayfoodgroup.com\/de\/kunden\/food-service\/\",\"name\":\"Food Service - Staay Food Group\",\"isPartOf\":{\"@id\":\"https:\/\/www.staayfoodgroup.com\/de\/#website\"},\"primaryImageOfPage\":{\"@id\":\"https:\/\/www.staayfoodgroup.com\/de\/kunden\/food-service\/#primaryimage\"},\"image\":{\"@id\":\"https:\/\/www.staayfoodgroup.com\/de\/kunden\/food-service\/#primaryimage\"},\"thumbnailUrl\":\"https:\/\/www.staayfoodgroup.com\/wp-content\/uploads\/2022\/10\/male-chef-with-apron-chopping-vegetables.jpg\",\"datePublished\":\"2022-06-22T08:32:26+00:00\",\"dateModified\":\"2025-05-19T10:23:46+00:00\",\"description\":\"Obst und Gem\u00fcse Grosshandel f\u00fcr Foodservice in Venlo. Staay Food Group bietet Massgeschneiderte Lieferung auf Mischpaletten + Cash & Carry.\",\"breadcrumb\":{\"@id\":\"https:\/\/www.staayfoodgroup.com\/de\/kunden\/food-service\/#breadcrumb\"},\"inLanguage\":\"de\",\"potentialAction\":[{\"@type\":\"ReadAction\",\"target\":[\"https:\/\/www.staayfoodgroup.com\/de\/kunden\/food-service\/\"]}]},{\"@type\":\"ImageObject\",\"inLanguage\":\"de\",\"@id\":\"https:\/\/www.staayfoodgroup.com\/de\/kunden\/food-service\/#primaryimage\",\"url\":\"https:\/\/www.staayfoodgroup.com\/wp-content\/uploads\/2022\/10\/male-chef-with-apron-chopping-vegetables.jpg\",\"contentUrl\":\"https:\/\/www.staayfoodgroup.com\/wp-content\/uploads\/2022\/10\/male-chef-with-apron-chopping-vegetables.jpg\",\"width\":2000,\"height\":1125},{\"@type\":\"BreadcrumbList\",\"@id\":\"https:\/\/www.staayfoodgroup.com\/de\/kunden\/food-service\/#breadcrumb\",\"itemListElement\":[{\"@type\":\"ListItem\",\"position\":1,\"name\":\"Home\",\"item\":\"https:\/\/www.staayfoodgroup.com\/de\/\"},{\"@type\":\"ListItem\",\"position\":2,\"name\":\"Kunden\",\"item\":\"https:\/\/www.staayfoodgroup.com\/de\/kunden\/\"},{\"@type\":\"ListItem\",\"position\":3,\"name\":\"Food Service\"}]},{\"@type\":\"WebSite\",\"@id\":\"https:\/\/www.staayfoodgroup.com\/de\/#website\",\"url\":\"https:\/\/www.staayfoodgroup.com\/de\/\",\"name\":\"Staay Food Group\",\"description\":\"\",\"potentialAction\":[{\"@type\":\"SearchAction\",\"target\":{\"@type\":\"EntryPoint\",\"urlTemplate\":\"https:\/\/www.staayfoodgroup.com\/de\/?s={search_term_string}\"},\"query-input\":{\"@type\":\"PropertyValueSpecification\",\"valueRequired\":true,\"valueName\":\"search_term_string\"}}],\"inLanguage\":\"de\"}]}<\/script>\n<!-- \/ Yoast SEO plugin. -->","yoast_head_json":{"title":"Food Service - Staay Food Group","description":"Obst und Gem\u00fcse Grosshandel f\u00fcr Foodservice in Venlo. Staay Food Group bietet Massgeschneiderte Lieferung auf Mischpaletten + Cash & Carry.","robots":{"index":"index","follow":"follow","max-snippet":"max-snippet:-1","max-image-preview":"max-image-preview:large","max-video-preview":"max-video-preview:-1"},"canonical":"https:\/\/www.staayfoodgroup.com\/de\/kunden\/food-service\/","og_locale":"de_DE","og_type":"article","og_title":"Food Service - Staay Food Group","og_description":"Obst und Gem\u00fcse Grosshandel f\u00fcr Foodservice in Venlo. Staay Food Group bietet Massgeschneiderte Lieferung auf Mischpaletten + Cash & Carry.","og_url":"https:\/\/www.staayfoodgroup.com\/de\/kunden\/food-service\/","og_site_name":"Staay Food Group","article_modified_time":"2025-05-19T10:23:46+00:00","og_image":[{"width":2000,"height":1125,"url":"https:\/\/www.staayfoodgroup.com\/wp-content\/uploads\/2022\/10\/male-chef-with-apron-chopping-vegetables.jpg","type":"image\/jpeg"}],"twitter_card":"summary_large_image","twitter_misc":{"Gesch\u00e4tzte Lesezeit":"5\u00a0Minuten"},"schema":{"@context":"https:\/\/schema.org","@graph":[{"@type":"WebPage","@id":"https:\/\/www.staayfoodgroup.com\/de\/kunden\/food-service\/","url":"https:\/\/www.staayfoodgroup.com\/de\/kunden\/food-service\/","name":"Food Service - Staay Food Group","isPartOf":{"@id":"https:\/\/www.staayfoodgroup.com\/de\/#website"},"primaryImageOfPage":{"@id":"https:\/\/www.staayfoodgroup.com\/de\/kunden\/food-service\/#primaryimage"},"image":{"@id":"https:\/\/www.staayfoodgroup.com\/de\/kunden\/food-service\/#primaryimage"},"thumbnailUrl":"https:\/\/www.staayfoodgroup.com\/wp-content\/uploads\/2022\/10\/male-chef-with-apron-chopping-vegetables.jpg","datePublished":"2022-06-22T08:32:26+00:00","dateModified":"2025-05-19T10:23:46+00:00","description":"Obst und Gem\u00fcse Grosshandel f\u00fcr Foodservice in Venlo. Staay Food Group bietet Massgeschneiderte Lieferung auf Mischpaletten + Cash & Carry.","breadcrumb":{"@id":"https:\/\/www.staayfoodgroup.com\/de\/kunden\/food-service\/#breadcrumb"},"inLanguage":"de","potentialAction":[{"@type":"ReadAction","target":["https:\/\/www.staayfoodgroup.com\/de\/kunden\/food-service\/"]}]},{"@type":"ImageObject","inLanguage":"de","@id":"https:\/\/www.staayfoodgroup.com\/de\/kunden\/food-service\/#primaryimage","url":"https:\/\/www.staayfoodgroup.com\/wp-content\/uploads\/2022\/10\/male-chef-with-apron-chopping-vegetables.jpg","contentUrl":"https:\/\/www.staayfoodgroup.com\/wp-content\/uploads\/2022\/10\/male-chef-with-apron-chopping-vegetables.jpg","width":2000,"height":1125},{"@type":"BreadcrumbList","@id":"https:\/\/www.staayfoodgroup.com\/de\/kunden\/food-service\/#breadcrumb","itemListElement":[{"@type":"ListItem","position":1,"name":"Home","item":"https:\/\/www.staayfoodgroup.com\/de\/"},{"@type":"ListItem","position":2,"name":"Kunden","item":"https:\/\/www.staayfoodgroup.com\/de\/kunden\/"},{"@type":"ListItem","position":3,"name":"Food Service"}]},{"@type":"WebSite","@id":"https:\/\/www.staayfoodgroup.com\/de\/#website","url":"https:\/\/www.staayfoodgroup.com\/de\/","name":"Staay Food Group","description":"","potentialAction":[{"@type":"SearchAction","target":{"@type":"EntryPoint","urlTemplate":"https:\/\/www.staayfoodgroup.com\/de\/?s={search_term_string}"},"query-input":{"@type":"PropertyValueSpecification","valueRequired":true,"valueName":"search_term_string"}}],"inLanguage":"de"}]}},"_links":{"self":[{"href":"https:\/\/www.staayfoodgroup.com\/de\/wp-json\/wp\/v2\/pages\/5070","targetHints":{"allow":["GET"]}}],"collection":[{"href":"https:\/\/www.staayfoodgroup.com\/de\/wp-json\/wp\/v2\/pages"}],"about":[{"href":"https:\/\/www.staayfoodgroup.com\/de\/wp-json\/wp\/v2\/types\/page"}],"author":[{"embeddable":true,"href":"https:\/\/www.staayfoodgroup.com\/de\/wp-json\/wp\/v2\/users\/10"}],"replies":[{"embeddable":true,"href":"https:\/\/www.staayfoodgroup.com\/de\/wp-json\/wp\/v2\/comments?post=5070"}],"version-history":[{"count":15,"href":"https:\/\/www.staayfoodgroup.com\/de\/wp-json\/wp\/v2\/pages\/5070\/revisions"}],"predecessor-version":[{"id":13761,"href":"https:\/\/www.staayfoodgroup.com\/de\/wp-json\/wp\/v2\/pages\/5070\/revisions\/13761"}],"up":[{"embeddable":true,"href":"https:\/\/www.staayfoodgroup.com\/de\/wp-json\/wp\/v2\/pages\/5099"}],"wp:featuredmedia":[{"embeddable":true,"href":"https:\/\/www.staayfoodgroup.com\/de\/wp-json\/wp\/v2\/media\/3838"}],"wp:attachment":[{"href":"https:\/\/www.staayfoodgroup.com\/de\/wp-json\/wp\/v2\/media?parent=5070"}],"curies":[{"name":"wp","href":"https:\/\/api.w.org\/{rel}","templated":true}]}}