{"id":5078,"date":"2022-07-06T13:10:11","date_gmt":"2022-07-06T12:10:11","guid":{"rendered":"http:\/\/www.staayfoodgroup.com\/grosshandel\/"},"modified":"2025-06-24T10:24:35","modified_gmt":"2025-06-24T09:24:35","slug":"grosshandel-in-obst-und-gemuese","status":"publish","type":"page","link":"https:\/\/www.staayfoodgroup.com\/de\/kunden\/grosshandel-in-obst-und-gemuese\/","title":{"rendered":"Gro\u00dfhandel"},"content":{"rendered":"<p>Im Obst- und Gem\u00fcsesegment ist schnelles und entschlossenes Handeln gefragt. Keine halben Sachen. Fr\u00fch bereitstehen und rechtzeitig alles regeln. Als unabh\u00e4ngiges Familienunternehmen wissen wir, worauf es ankommt. Kurze Kommunikationswege, ein internationales Netzwerk und immer f\u00fcreinander da sein.<\/p>\n","protected":false},"excerpt":{"rendered":"Im Obst- und Gem\u00fcsesegment ist schnelles und entschlossenes Handeln gefragt. Keine halben Sachen. Fr\u00fch bereitstehen und rechtzeitig alles regeln. Als unabh\u00e4ngiges Familienunternehmen wissen wir, worauf es ankommt. Kurze Kommunikationswege, ein internationales Netzwerk und immer f\u00fcreinander da sein.","protected":false},"author":10,"featured_media":3418,"parent":5099,"menu_order":0,"comment_status":"closed","ping_status":"closed","template":"","meta":{"_acf_changed":false,"inline_featured_image":false,"footnotes":""},"class_list":["post-5078","page","type-page","status-publish","has-post-thumbnail","hentry"],"acf":[],"yoast_head":"<!-- This site is optimized with the Yoast SEO plugin v27.1.1 - https:\/\/yoast.com\/product\/yoast-seo-wordpress\/ -->\n<title>Gro\u00dfhandel - Staay Food Group<\/title>\n<meta name=\"description\" content=\"Niederl\u00e4ndischer Gro\u00dfhandel f\u00fcr Obst und Gem\u00fcse im Fresh Park Venlo. Staay Venlo ist der Partner f\u00fcr Foodservice inklusive Cash &amp; Carry.\" \/>\n<meta name=\"robots\" content=\"index, follow, max-snippet:-1, max-image-preview:large, max-video-preview:-1\" \/>\n<link rel=\"canonical\" href=\"https:\/\/www.staayfoodgroup.com\/de\/kunden\/grosshandel-in-obst-und-gemuese\/\" \/>\n<meta property=\"og:locale\" content=\"de_DE\" \/>\n<meta property=\"og:type\" content=\"article\" \/>\n<meta property=\"og:title\" content=\"Gro\u00dfhandel - Staay Food Group\" \/>\n<meta property=\"og:description\" content=\"Niederl\u00e4ndischer Gro\u00dfhandel f\u00fcr Obst und Gem\u00fcse im Fresh Park Venlo. Staay Venlo ist der Partner f\u00fcr Foodservice inklusive Cash &amp; Carry.\" \/>\n<meta property=\"og:url\" content=\"https:\/\/www.staayfoodgroup.com\/de\/kunden\/grosshandel-in-obst-und-gemuese\/\" \/>\n<meta property=\"og:site_name\" content=\"Staay Food Group\" \/>\n<meta property=\"article:modified_time\" content=\"2025-06-24T09:24:35+00:00\" \/>\n<meta property=\"og:image\" content=\"https:\/\/www.staayfoodgroup.com\/wp-content\/uploads\/2022\/09\/Koelcel-lr.jpg\" \/>\n\t<meta property=\"og:image:width\" content=\"1772\" \/>\n\t<meta property=\"og:image:height\" content=\"1183\" \/>\n\t<meta property=\"og:image:type\" content=\"image\/jpeg\" \/>\n<meta name=\"twitter:card\" content=\"summary_large_image\" \/>\n<meta name=\"twitter:label1\" content=\"Gesch\u00e4tzte Lesezeit\" \/>\n\t<meta name=\"twitter:data1\" content=\"3\u00a0Minuten\" \/>\n<script type=\"application\/ld+json\" class=\"yoast-schema-graph\">{\"@context\":\"https:\/\/schema.org\",\"@graph\":[{\"@type\":\"WebPage\",\"@id\":\"https:\/\/www.staayfoodgroup.com\/de\/kunden\/grosshandel-in-obst-und-gemuese\/\",\"url\":\"https:\/\/www.staayfoodgroup.com\/de\/kunden\/grosshandel-in-obst-und-gemuese\/\",\"name\":\"Gro\u00dfhandel - Staay Food Group\",\"isPartOf\":{\"@id\":\"https:\/\/www.staayfoodgroup.com\/de\/#website\"},\"primaryImageOfPage\":{\"@id\":\"https:\/\/www.staayfoodgroup.com\/de\/kunden\/grosshandel-in-obst-und-gemuese\/#primaryimage\"},\"image\":{\"@id\":\"https:\/\/www.staayfoodgroup.com\/de\/kunden\/grosshandel-in-obst-und-gemuese\/#primaryimage\"},\"thumbnailUrl\":\"https:\/\/www.staayfoodgroup.com\/wp-content\/uploads\/2022\/09\/Koelcel-lr.jpg\",\"datePublished\":\"2022-07-06T12:10:11+00:00\",\"dateModified\":\"2025-06-24T09:24:35+00:00\",\"description\":\"Niederl\u00e4ndischer Gro\u00dfhandel f\u00fcr Obst und Gem\u00fcse im Fresh Park Venlo. Staay Venlo ist der Partner f\u00fcr Foodservice inklusive Cash & Carry.\",\"breadcrumb\":{\"@id\":\"https:\/\/www.staayfoodgroup.com\/de\/kunden\/grosshandel-in-obst-und-gemuese\/#breadcrumb\"},\"inLanguage\":\"de\",\"potentialAction\":[{\"@type\":\"ReadAction\",\"target\":[\"https:\/\/www.staayfoodgroup.com\/de\/kunden\/grosshandel-in-obst-und-gemuese\/\"]}]},{\"@type\":\"ImageObject\",\"inLanguage\":\"de\",\"@id\":\"https:\/\/www.staayfoodgroup.com\/de\/kunden\/grosshandel-in-obst-und-gemuese\/#primaryimage\",\"url\":\"https:\/\/www.staayfoodgroup.com\/wp-content\/uploads\/2022\/09\/Koelcel-lr.jpg\",\"contentUrl\":\"https:\/\/www.staayfoodgroup.com\/wp-content\/uploads\/2022\/09\/Koelcel-lr.jpg\",\"width\":1772,\"height\":1183},{\"@type\":\"BreadcrumbList\",\"@id\":\"https:\/\/www.staayfoodgroup.com\/de\/kunden\/grosshandel-in-obst-und-gemuese\/#breadcrumb\",\"itemListElement\":[{\"@type\":\"ListItem\",\"position\":1,\"name\":\"Home\",\"item\":\"https:\/\/www.staayfoodgroup.com\/de\/\"},{\"@type\":\"ListItem\",\"position\":2,\"name\":\"Kunden\",\"item\":\"https:\/\/www.staayfoodgroup.com\/de\/kunden\/\"},{\"@type\":\"ListItem\",\"position\":3,\"name\":\"Gro\u00dfhandel\"}]},{\"@type\":\"WebSite\",\"@id\":\"https:\/\/www.staayfoodgroup.com\/de\/#website\",\"url\":\"https:\/\/www.staayfoodgroup.com\/de\/\",\"name\":\"Staay Food Group\",\"description\":\"\",\"potentialAction\":[{\"@type\":\"SearchAction\",\"target\":{\"@type\":\"EntryPoint\",\"urlTemplate\":\"https:\/\/www.staayfoodgroup.com\/de\/?s={search_term_string}\"},\"query-input\":{\"@type\":\"PropertyValueSpecification\",\"valueRequired\":true,\"valueName\":\"search_term_string\"}}],\"inLanguage\":\"de\"}]}<\/script>\n<!-- \/ Yoast SEO plugin. -->","yoast_head_json":{"title":"Gro\u00dfhandel - Staay Food Group","description":"Niederl\u00e4ndischer Gro\u00dfhandel f\u00fcr Obst und Gem\u00fcse im Fresh Park Venlo. Staay Venlo ist der Partner f\u00fcr Foodservice inklusive Cash & Carry.","robots":{"index":"index","follow":"follow","max-snippet":"max-snippet:-1","max-image-preview":"max-image-preview:large","max-video-preview":"max-video-preview:-1"},"canonical":"https:\/\/www.staayfoodgroup.com\/de\/kunden\/grosshandel-in-obst-und-gemuese\/","og_locale":"de_DE","og_type":"article","og_title":"Gro\u00dfhandel - Staay Food Group","og_description":"Niederl\u00e4ndischer Gro\u00dfhandel f\u00fcr Obst und Gem\u00fcse im Fresh Park Venlo. Staay Venlo ist der Partner f\u00fcr Foodservice inklusive Cash & Carry.","og_url":"https:\/\/www.staayfoodgroup.com\/de\/kunden\/grosshandel-in-obst-und-gemuese\/","og_site_name":"Staay Food Group","article_modified_time":"2025-06-24T09:24:35+00:00","og_image":[{"width":1772,"height":1183,"url":"https:\/\/www.staayfoodgroup.com\/wp-content\/uploads\/2022\/09\/Koelcel-lr.jpg","type":"image\/jpeg"}],"twitter_card":"summary_large_image","twitter_misc":{"Gesch\u00e4tzte Lesezeit":"3\u00a0Minuten"},"schema":{"@context":"https:\/\/schema.org","@graph":[{"@type":"WebPage","@id":"https:\/\/www.staayfoodgroup.com\/de\/kunden\/grosshandel-in-obst-und-gemuese\/","url":"https:\/\/www.staayfoodgroup.com\/de\/kunden\/grosshandel-in-obst-und-gemuese\/","name":"Gro\u00dfhandel - Staay Food Group","isPartOf":{"@id":"https:\/\/www.staayfoodgroup.com\/de\/#website"},"primaryImageOfPage":{"@id":"https:\/\/www.staayfoodgroup.com\/de\/kunden\/grosshandel-in-obst-und-gemuese\/#primaryimage"},"image":{"@id":"https:\/\/www.staayfoodgroup.com\/de\/kunden\/grosshandel-in-obst-und-gemuese\/#primaryimage"},"thumbnailUrl":"https:\/\/www.staayfoodgroup.com\/wp-content\/uploads\/2022\/09\/Koelcel-lr.jpg","datePublished":"2022-07-06T12:10:11+00:00","dateModified":"2025-06-24T09:24:35+00:00","description":"Niederl\u00e4ndischer Gro\u00dfhandel f\u00fcr Obst und Gem\u00fcse im Fresh Park Venlo. Staay Venlo ist der Partner f\u00fcr Foodservice inklusive Cash & Carry.","breadcrumb":{"@id":"https:\/\/www.staayfoodgroup.com\/de\/kunden\/grosshandel-in-obst-und-gemuese\/#breadcrumb"},"inLanguage":"de","potentialAction":[{"@type":"ReadAction","target":["https:\/\/www.staayfoodgroup.com\/de\/kunden\/grosshandel-in-obst-und-gemuese\/"]}]},{"@type":"ImageObject","inLanguage":"de","@id":"https:\/\/www.staayfoodgroup.com\/de\/kunden\/grosshandel-in-obst-und-gemuese\/#primaryimage","url":"https:\/\/www.staayfoodgroup.com\/wp-content\/uploads\/2022\/09\/Koelcel-lr.jpg","contentUrl":"https:\/\/www.staayfoodgroup.com\/wp-content\/uploads\/2022\/09\/Koelcel-lr.jpg","width":1772,"height":1183},{"@type":"BreadcrumbList","@id":"https:\/\/www.staayfoodgroup.com\/de\/kunden\/grosshandel-in-obst-und-gemuese\/#breadcrumb","itemListElement":[{"@type":"ListItem","position":1,"name":"Home","item":"https:\/\/www.staayfoodgroup.com\/de\/"},{"@type":"ListItem","position":2,"name":"Kunden","item":"https:\/\/www.staayfoodgroup.com\/de\/kunden\/"},{"@type":"ListItem","position":3,"name":"Gro\u00dfhandel"}]},{"@type":"WebSite","@id":"https:\/\/www.staayfoodgroup.com\/de\/#website","url":"https:\/\/www.staayfoodgroup.com\/de\/","name":"Staay Food Group","description":"","potentialAction":[{"@type":"SearchAction","target":{"@type":"EntryPoint","urlTemplate":"https:\/\/www.staayfoodgroup.com\/de\/?s={search_term_string}"},"query-input":{"@type":"PropertyValueSpecification","valueRequired":true,"valueName":"search_term_string"}}],"inLanguage":"de"}]}},"_links":{"self":[{"href":"https:\/\/www.staayfoodgroup.com\/de\/wp-json\/wp\/v2\/pages\/5078","targetHints":{"allow":["GET"]}}],"collection":[{"href":"https:\/\/www.staayfoodgroup.com\/de\/wp-json\/wp\/v2\/pages"}],"about":[{"href":"https:\/\/www.staayfoodgroup.com\/de\/wp-json\/wp\/v2\/types\/page"}],"author":[{"embeddable":true,"href":"https:\/\/www.staayfoodgroup.com\/de\/wp-json\/wp\/v2\/users\/10"}],"replies":[{"embeddable":true,"href":"https:\/\/www.staayfoodgroup.com\/de\/wp-json\/wp\/v2\/comments?post=5078"}],"version-history":[{"count":11,"href":"https:\/\/www.staayfoodgroup.com\/de\/wp-json\/wp\/v2\/pages\/5078\/revisions"}],"predecessor-version":[{"id":13876,"href":"https:\/\/www.staayfoodgroup.com\/de\/wp-json\/wp\/v2\/pages\/5078\/revisions\/13876"}],"up":[{"embeddable":true,"href":"https:\/\/www.staayfoodgroup.com\/de\/wp-json\/wp\/v2\/pages\/5099"}],"wp:featuredmedia":[{"embeddable":true,"href":"https:\/\/www.staayfoodgroup.com\/de\/wp-json\/wp\/v2\/media\/3418"}],"wp:attachment":[{"href":"https:\/\/www.staayfoodgroup.com\/de\/wp-json\/wp\/v2\/media?parent=5078"}],"curies":[{"name":"wp","href":"https:\/\/api.w.org\/{rel}","templated":true}]}}