{"id":5083,"date":"2022-06-08T12:00:51","date_gmt":"2022-06-08T12:00:51","guid":{"rendered":"http:\/\/www.staayfoodgroup.com\/datenschutzerklaerung\/"},"modified":"2023-10-23T13:12:59","modified_gmt":"2023-10-23T13:12:59","slug":"datenschutzerklaerung","status":"publish","type":"page","link":"https:\/\/www.staayfoodgroup.com\/de\/datenschutzerklaerung\/","title":{"rendered":"Datenschutzerkl\u00e4rung"},"content":{"rendered":"<p>Die Staay Food Group nimmt den Schutz Ihrer Daten ernst. Diese Datenschutzerkl\u00e4rung beschreibt kurz, wie wir die pers\u00f6nlichen Daten der Besucher dieser Website verarbeiten und sch\u00fctzen.<\/p>\n<p><strong>Zwecke der Datenverarbeitung von Website-Besuchern<\/strong><br \/>\nWenn Sie auf der Website ein Formular ausf\u00fcllen oder uns eine E-Mail senden, werden die von Ihnen \u00fcbermittelten Daten so lange aufbewahrt, wie es die Art des Formulars oder der Inhalt Ihrer E-Mail erfordert, um sie vollst\u00e4ndig zu beantworten und zu bearbeiten.<\/p>\n<p><strong>Klickverhalten und Besucherdaten<\/strong><br \/>\nEs werden allgemeine Besuchsdaten auf der Website gespeichert. Dabei k\u00f6nnen insbesondere die IP-Adresse Ihres Computers, ein allf\u00e4lliger Benutzername, der Zeitpunkt der Anfrage und die vom Browser eines Besuchers gesendeten Daten erfasst und f\u00fcr statistische Analysen des Besuchs- und Klickverhaltens auf der Website verwendet werden. Wir verwenden diese Daten auch, um das Funktionieren der Website zu optimieren. Wir versuchen, diese Daten so weit wie m\u00f6glich zu anonymisieren. Diese Daten werden nicht an Dritte weitergegeben.<\/p>\n<p><strong>Google-Analyse<\/strong><br \/>\nWir verwenden Google Analytics, um zu verfolgen, wie Nutzer die Website nutzen und wie effektiv unsere Adwords-Anzeigen auf den Google-Suchergebnisseiten sind. Die so gewonnenen Informationen, einschlie\u00dflich der Adresse Ihres Computers (IP-Adresse), werden an Google \u00fcbertragen und von Google auf Servern in den Vereinigten Staaten gespeichert. Bitte lesen Sie die Datenschutzbestimmungen von Google f\u00fcr weitere Informationen. Google verwendet diese Informationen, um zu verfolgen, wie unsere Website genutzt wird, um uns Berichte \u00fcber die Website zur Verf\u00fcgung zu stellen und um seinen Werbekunden Informationen \u00fcber die Wirksamkeit ihrer Kampagnen zu liefern. Google kann diese Informationen an Dritte weitergeben, wenn Google gesetzlich dazu verpflichtet ist oder soweit diese Dritten die Informationen im Auftrag von Google verarbeiten. Hierauf haben wir keinen Einfluss. Wir haben Google nicht gestattet, die erhaltenen Analytics-Informationen f\u00fcr andere Google-Dienste zu nutzen.<\/p>\n<p><strong>Soziale Medien<\/strong><br \/>\nDiese Website enth\u00e4lt Schaltfl\u00e4chen zum Bewerben oder Teilen von Seiten in den sozialen Netzwerken Facebook, LinkedIn, Instagram und Twitter. Diese Schaltfl\u00e4chen werden durch Code realisiert, der von Facebook, LinkedIn, Instagram und Twitter selbst bereitgestellt wird. Dieser Code setzt u. a. ein Cookie (siehe unten). Bitte lesen Sie die Datenschutzerkl\u00e4rungen von Facebook, Instagram und LinkedIn (die sich regelm\u00e4\u00dfig \u00e4ndern k\u00f6nnen), um zu erfahren, was diese sozialen Netzwerke mit Ihren personenbezogenen Daten machen, die sie mit diesem Code verarbeiten.<\/p>\n<p><strong>Verwendung von Cookies<\/strong><br \/>\nWir verwenden Cookies, wenn wir elektronische Dienste anbieten. Ein Cookie ist eine einfache kleine Datei, die mit den Seiten dieser Website verschickt und von Ihrem Browser auf der Festplatte Ihres Computers gespeichert wird. Wir verwenden Cookies, um Ihre Einstellungen und Pr\u00e4ferenzen zu speichern. Sie k\u00f6nnen diese Cookies \u00fcber Ihren Browser deaktivieren, siehe z. B. die Erkl\u00e4rung von Google. \u00dcber unsere Website werden Cookies von dem amerikanischen Unternehmen Google im Rahmen des Google-Analytics-Dienstes gesetzt (siehe oben).<\/p>\n<p><strong>Technische und organisatorische Ma\u00dfnahmen<\/strong><br \/>\nWir treffen geeignete technische und organisatorische Ma\u00dfnahmen, um Ihre personenbezogenen Daten gegen Verlust oder gegen jede Form der unrechtm\u00e4\u00dfigen Verarbeitung zu sch\u00fctzen.<\/p>\n<p><strong>\u00c4nderung der Datenschutzerkl\u00e4rung<\/strong><br \/>\nWir behalten uns das Recht vor, diese Datenschutzerkl\u00e4rung zu \u00e4ndern. \u00c4nderungen werden auf dieser Website ver\u00f6ffentlicht.<\/p>\n<p><strong>Fragen und Anfragen<\/strong><br \/>\nFragen und Anfragen bez\u00fcglich der Verarbeitung Ihrer personenbezogenen Daten richten Sie bitte an\u00a0<a href=\"mailto:privacy@staay.nl\">privacy@staay.nl<\/a><strong><br \/>\n<\/strong><\/p>\n<p><script id=\"CookieDeclaration\" src=\"https:\/\/consent.cookiebot.com\/cd0cdcef-ac5b-436a-b319-041043c2ef1c\/cd.js\" type=\"text\/javascript\" async><\/script><\/p>\n","protected":false},"excerpt":{"rendered":"Die Staay Food Group nimmt den Schutz Ihrer Daten ernst. Diese Datenschutzerkl\u00e4rung beschreibt kurz, wie wir die pers\u00f6nlichen Daten der Besucher dieser Website verarbeiten und sch\u00fctzen. Zwecke der Datenverarbeitung von Website-Besuchern Wenn Sie auf der Website ein Formular ausf\u00fcllen oder uns eine E-Mail senden, werden die von Ihnen \u00fcbermittelten Daten so lange aufbewahrt, wie es [&hellip;]","protected":false},"author":10,"featured_media":0,"parent":0,"menu_order":0,"comment_status":"closed","ping_status":"closed","template":"","meta":{"_acf_changed":false,"inline_featured_image":false,"footnotes":""},"class_list":["post-5083","page","type-page","status-publish","hentry"],"acf":[],"yoast_head":"<!-- This site is optimized with the Yoast SEO plugin v27.5 - https:\/\/yoast.com\/product\/yoast-seo-wordpress\/ -->\n<title>Datenschutzerkl\u00e4rung - Staay Food Group<\/title>\n<meta name=\"robots\" content=\"index, follow, max-snippet:-1, max-image-preview:large, max-video-preview:-1\" \/>\n<link rel=\"canonical\" href=\"https:\/\/www.staayfoodgroup.com\/de\/datenschutzerklaerung\/\" \/>\n<meta property=\"og:locale\" content=\"de_DE\" \/>\n<meta property=\"og:type\" content=\"article\" \/>\n<meta property=\"og:title\" content=\"Datenschutzerkl\u00e4rung - Staay Food Group\" \/>\n<meta property=\"og:description\" content=\"Die Staay Food Group nimmt den Schutz Ihrer Daten ernst. Diese Datenschutzerkl\u00e4rung beschreibt kurz, wie wir die pers\u00f6nlichen Daten der Besucher dieser Website verarbeiten und sch\u00fctzen. Zwecke der Datenverarbeitung von Website-Besuchern Wenn Sie auf der Website ein Formular ausf\u00fcllen oder uns eine E-Mail senden, werden die von Ihnen \u00fcbermittelten Daten so lange aufbewahrt, wie es [&hellip;]\" \/>\n<meta property=\"og:url\" content=\"https:\/\/www.staayfoodgroup.com\/de\/datenschutzerklaerung\/\" \/>\n<meta property=\"og:site_name\" content=\"Staay Food Group\" \/>\n<meta property=\"article:modified_time\" content=\"2023-10-23T13:12:59+00:00\" \/>\n<meta name=\"twitter:card\" content=\"summary_large_image\" \/>\n<meta name=\"twitter:label1\" content=\"Est. reading time\" \/>\n\t<meta name=\"twitter:data1\" content=\"3 minutes\" \/>\n<script type=\"application\/ld+json\" class=\"yoast-schema-graph\">{\"@context\":\"https:\\\/\\\/schema.org\",\"@graph\":[{\"@type\":\"WebPage\",\"@id\":\"https:\\\/\\\/www.staayfoodgroup.com\\\/de\\\/datenschutzerklaerung\\\/\",\"url\":\"https:\\\/\\\/www.staayfoodgroup.com\\\/de\\\/datenschutzerklaerung\\\/\",\"name\":\"Datenschutzerkl\u00e4rung - Staay Food Group\",\"isPartOf\":{\"@id\":\"https:\\\/\\\/www.staayfoodgroup.com\\\/de\\\/#website\"},\"datePublished\":\"2022-06-08T12:00:51+00:00\",\"dateModified\":\"2023-10-23T13:12:59+00:00\",\"breadcrumb\":{\"@id\":\"https:\\\/\\\/www.staayfoodgroup.com\\\/de\\\/datenschutzerklaerung\\\/#breadcrumb\"},\"inLanguage\":\"de-DE\",\"potentialAction\":[{\"@type\":\"ReadAction\",\"target\":[\"https:\\\/\\\/www.staayfoodgroup.com\\\/de\\\/datenschutzerklaerung\\\/\"]}]},{\"@type\":\"BreadcrumbList\",\"@id\":\"https:\\\/\\\/www.staayfoodgroup.com\\\/de\\\/datenschutzerklaerung\\\/#breadcrumb\",\"itemListElement\":[{\"@type\":\"ListItem\",\"position\":1,\"name\":\"Home\",\"item\":\"https:\\\/\\\/www.staayfoodgroup.com\\\/de\\\/\"},{\"@type\":\"ListItem\",\"position\":2,\"name\":\"Datenschutzerkl\u00e4rung\"}]},{\"@type\":\"WebSite\",\"@id\":\"https:\\\/\\\/www.staayfoodgroup.com\\\/de\\\/#website\",\"url\":\"https:\\\/\\\/www.staayfoodgroup.com\\\/de\\\/\",\"name\":\"Staay Food Group\",\"description\":\"\",\"potentialAction\":[{\"@type\":\"SearchAction\",\"target\":{\"@type\":\"EntryPoint\",\"urlTemplate\":\"https:\\\/\\\/www.staayfoodgroup.com\\\/de\\\/?s={search_term_string}\"},\"query-input\":{\"@type\":\"PropertyValueSpecification\",\"valueRequired\":true,\"valueName\":\"search_term_string\"}}],\"inLanguage\":\"de-DE\"}]}<\/script>\n<!-- \/ Yoast SEO plugin. -->","yoast_head_json":{"title":"Datenschutzerkl\u00e4rung - Staay Food Group","robots":{"index":"index","follow":"follow","max-snippet":"max-snippet:-1","max-image-preview":"max-image-preview:large","max-video-preview":"max-video-preview:-1"},"canonical":"https:\/\/www.staayfoodgroup.com\/de\/datenschutzerklaerung\/","og_locale":"de_DE","og_type":"article","og_title":"Datenschutzerkl\u00e4rung - Staay Food Group","og_description":"Die Staay Food Group nimmt den Schutz Ihrer Daten ernst. Diese Datenschutzerkl\u00e4rung beschreibt kurz, wie wir die pers\u00f6nlichen Daten der Besucher dieser Website verarbeiten und sch\u00fctzen. Zwecke der Datenverarbeitung von Website-Besuchern Wenn Sie auf der Website ein Formular ausf\u00fcllen oder uns eine E-Mail senden, werden die von Ihnen \u00fcbermittelten Daten so lange aufbewahrt, wie es [&hellip;]","og_url":"https:\/\/www.staayfoodgroup.com\/de\/datenschutzerklaerung\/","og_site_name":"Staay Food Group","article_modified_time":"2023-10-23T13:12:59+00:00","twitter_card":"summary_large_image","twitter_misc":{"Est. reading time":"3 minutes"},"schema":{"@context":"https:\/\/schema.org","@graph":[{"@type":"WebPage","@id":"https:\/\/www.staayfoodgroup.com\/de\/datenschutzerklaerung\/","url":"https:\/\/www.staayfoodgroup.com\/de\/datenschutzerklaerung\/","name":"Datenschutzerkl\u00e4rung - Staay Food Group","isPartOf":{"@id":"https:\/\/www.staayfoodgroup.com\/de\/#website"},"datePublished":"2022-06-08T12:00:51+00:00","dateModified":"2023-10-23T13:12:59+00:00","breadcrumb":{"@id":"https:\/\/www.staayfoodgroup.com\/de\/datenschutzerklaerung\/#breadcrumb"},"inLanguage":"de-DE","potentialAction":[{"@type":"ReadAction","target":["https:\/\/www.staayfoodgroup.com\/de\/datenschutzerklaerung\/"]}]},{"@type":"BreadcrumbList","@id":"https:\/\/www.staayfoodgroup.com\/de\/datenschutzerklaerung\/#breadcrumb","itemListElement":[{"@type":"ListItem","position":1,"name":"Home","item":"https:\/\/www.staayfoodgroup.com\/de\/"},{"@type":"ListItem","position":2,"name":"Datenschutzerkl\u00e4rung"}]},{"@type":"WebSite","@id":"https:\/\/www.staayfoodgroup.com\/de\/#website","url":"https:\/\/www.staayfoodgroup.com\/de\/","name":"Staay Food Group","description":"","potentialAction":[{"@type":"SearchAction","target":{"@type":"EntryPoint","urlTemplate":"https:\/\/www.staayfoodgroup.com\/de\/?s={search_term_string}"},"query-input":{"@type":"PropertyValueSpecification","valueRequired":true,"valueName":"search_term_string"}}],"inLanguage":"de-DE"}]}},"_links":{"self":[{"href":"https:\/\/www.staayfoodgroup.com\/de\/wp-json\/wp\/v2\/pages\/5083","targetHints":{"allow":["GET"]}}],"collection":[{"href":"https:\/\/www.staayfoodgroup.com\/de\/wp-json\/wp\/v2\/pages"}],"about":[{"href":"https:\/\/www.staayfoodgroup.com\/de\/wp-json\/wp\/v2\/types\/page"}],"author":[{"embeddable":true,"href":"https:\/\/www.staayfoodgroup.com\/de\/wp-json\/wp\/v2\/users\/10"}],"replies":[{"embeddable":true,"href":"https:\/\/www.staayfoodgroup.com\/de\/wp-json\/wp\/v2\/comments?post=5083"}],"version-history":[{"count":4,"href":"https:\/\/www.staayfoodgroup.com\/de\/wp-json\/wp\/v2\/pages\/5083\/revisions"}],"predecessor-version":[{"id":8764,"href":"https:\/\/www.staayfoodgroup.com\/de\/wp-json\/wp\/v2\/pages\/5083\/revisions\/8764"}],"wp:attachment":[{"href":"https:\/\/www.staayfoodgroup.com\/de\/wp-json\/wp\/v2\/media?parent=5083"}],"curies":[{"name":"wp","href":"https:\/\/api.w.org\/{rel}","templated":true}]}}