{"id":5093,"date":"2022-07-06T13:09:52","date_gmt":"2022-07-06T12:09:52","guid":{"rendered":"http:\/\/www.staayfoodgroup.com\/verarbeitende-industrie\/"},"modified":"2023-08-22T07:17:37","modified_gmt":"2023-08-22T07:17:37","slug":"verarbeitende-industrie","status":"publish","type":"page","link":"https:\/\/www.staayfoodgroup.com\/de\/kunden\/verarbeitende-industrie\/","title":{"rendered":"Fresh Cut Industrie"},"content":{"rendered":"<p>Eine kontinuierliche Versorgung mit frischen Produkten. Kurze Wege und gleichbleibende Qualit\u00e4t. Darauf m\u00fcssen Obst- und Gem\u00fcseschneidebetriebe bauen k\u00f6nnen. Schlie\u00dflich kann man die Produktion nicht mal eben stilllegen. Als erfahrene Convenience-Experten wissen wir genau, worauf bei Anbau, Einkauf und Handel zu achten ist, um eine optimale Produktqualit\u00e4t und Lieferleistung zu erzielen. Und zwar dauerhaft.<\/p>\n","protected":false},"excerpt":{"rendered":"Eine kontinuierliche Versorgung mit frischen Produkten. Kurze Wege und gleichbleibende Qualit\u00e4t. Darauf m\u00fcssen Obst- und Gem\u00fcseschneidebetriebe bauen k\u00f6nnen. Schlie\u00dflich kann man die Produktion nicht mal eben stilllegen. Als erfahrene Convenience-Experten wissen wir genau, worauf bei Anbau, Einkauf und Handel zu achten ist, um eine optimale Produktqualit\u00e4t und Lieferleistung zu erzielen. Und zwar dauerhaft.","protected":false},"author":10,"featured_media":3408,"parent":5099,"menu_order":0,"comment_status":"closed","ping_status":"closed","template":"","meta":{"_acf_changed":false,"inline_featured_image":false,"footnotes":""},"class_list":["post-5093","page","type-page","status-publish","has-post-thumbnail","hentry"],"acf":[],"yoast_head":"<!-- This site is optimized with the Yoast SEO plugin v27.1.1 - https:\/\/yoast.com\/product\/yoast-seo-wordpress\/ -->\n<title>Fresh Cut Industrie - Staay Food Group<\/title>\n<meta name=\"robots\" content=\"index, follow, max-snippet:-1, max-image-preview:large, max-video-preview:-1\" \/>\n<link rel=\"canonical\" href=\"https:\/\/www.staayfoodgroup.com\/de\/kunden\/verarbeitende-industrie\/\" \/>\n<meta property=\"og:locale\" content=\"de_DE\" \/>\n<meta property=\"og:type\" content=\"article\" \/>\n<meta property=\"og:title\" content=\"Fresh Cut Industrie - Staay Food Group\" \/>\n<meta property=\"og:description\" content=\"Eine kontinuierliche Versorgung mit frischen Produkten. Kurze Wege und gleichbleibende Qualit\u00e4t. Darauf m\u00fcssen Obst- und Gem\u00fcseschneidebetriebe bauen k\u00f6nnen. Schlie\u00dflich kann man die Produktion nicht mal eben stilllegen. Als erfahrene Convenience-Experten wissen wir genau, worauf bei Anbau, Einkauf und Handel zu achten ist, um eine optimale Produktqualit\u00e4t und Lieferleistung zu erzielen. Und zwar dauerhaft.\" \/>\n<meta property=\"og:url\" content=\"https:\/\/www.staayfoodgroup.com\/de\/kunden\/verarbeitende-industrie\/\" \/>\n<meta property=\"og:site_name\" content=\"Staay Food Group\" \/>\n<meta property=\"article:modified_time\" content=\"2023-08-22T07:17:37+00:00\" \/>\n<meta property=\"og:image\" content=\"https:\/\/www.staayfoodgroup.com\/wp-content\/uploads\/2022\/09\/Staay-2454-700x467.jpg\" \/>\n\t<meta property=\"og:image:width\" content=\"700\" \/>\n\t<meta property=\"og:image:height\" content=\"467\" \/>\n\t<meta property=\"og:image:type\" content=\"image\/jpeg\" \/>\n<meta name=\"twitter:card\" content=\"summary_large_image\" \/>\n<meta name=\"twitter:label1\" content=\"Gesch\u00e4tzte Lesezeit\" \/>\n\t<meta name=\"twitter:data1\" content=\"1\u00a0Minute\" \/>\n<script type=\"application\/ld+json\" class=\"yoast-schema-graph\">{\"@context\":\"https:\/\/schema.org\",\"@graph\":[{\"@type\":\"WebPage\",\"@id\":\"https:\/\/www.staayfoodgroup.com\/de\/kunden\/verarbeitende-industrie\/\",\"url\":\"https:\/\/www.staayfoodgroup.com\/de\/kunden\/verarbeitende-industrie\/\",\"name\":\"Fresh Cut Industrie - Staay Food Group\",\"isPartOf\":{\"@id\":\"https:\/\/www.staayfoodgroup.com\/de\/#website\"},\"primaryImageOfPage\":{\"@id\":\"https:\/\/www.staayfoodgroup.com\/de\/kunden\/verarbeitende-industrie\/#primaryimage\"},\"image\":{\"@id\":\"https:\/\/www.staayfoodgroup.com\/de\/kunden\/verarbeitende-industrie\/#primaryimage\"},\"thumbnailUrl\":\"https:\/\/www.staayfoodgroup.com\/wp-content\/uploads\/2022\/09\/Staay-2454-scaled.jpg\",\"datePublished\":\"2022-07-06T12:09:52+00:00\",\"dateModified\":\"2023-08-22T07:17:37+00:00\",\"breadcrumb\":{\"@id\":\"https:\/\/www.staayfoodgroup.com\/de\/kunden\/verarbeitende-industrie\/#breadcrumb\"},\"inLanguage\":\"de\",\"potentialAction\":[{\"@type\":\"ReadAction\",\"target\":[\"https:\/\/www.staayfoodgroup.com\/de\/kunden\/verarbeitende-industrie\/\"]}]},{\"@type\":\"ImageObject\",\"inLanguage\":\"de\",\"@id\":\"https:\/\/www.staayfoodgroup.com\/de\/kunden\/verarbeitende-industrie\/#primaryimage\",\"url\":\"https:\/\/www.staayfoodgroup.com\/wp-content\/uploads\/2022\/09\/Staay-2454-scaled.jpg\",\"contentUrl\":\"https:\/\/www.staayfoodgroup.com\/wp-content\/uploads\/2022\/09\/Staay-2454-scaled.jpg\",\"width\":5472,\"height\":3648},{\"@type\":\"BreadcrumbList\",\"@id\":\"https:\/\/www.staayfoodgroup.com\/de\/kunden\/verarbeitende-industrie\/#breadcrumb\",\"itemListElement\":[{\"@type\":\"ListItem\",\"position\":1,\"name\":\"Home\",\"item\":\"https:\/\/www.staayfoodgroup.com\/de\/\"},{\"@type\":\"ListItem\",\"position\":2,\"name\":\"Kunden\",\"item\":\"https:\/\/www.staayfoodgroup.com\/de\/kunden\/\"},{\"@type\":\"ListItem\",\"position\":3,\"name\":\"Fresh Cut Industrie\"}]},{\"@type\":\"WebSite\",\"@id\":\"https:\/\/www.staayfoodgroup.com\/de\/#website\",\"url\":\"https:\/\/www.staayfoodgroup.com\/de\/\",\"name\":\"Staay Food Group\",\"description\":\"\",\"potentialAction\":[{\"@type\":\"SearchAction\",\"target\":{\"@type\":\"EntryPoint\",\"urlTemplate\":\"https:\/\/www.staayfoodgroup.com\/de\/?s={search_term_string}\"},\"query-input\":{\"@type\":\"PropertyValueSpecification\",\"valueRequired\":true,\"valueName\":\"search_term_string\"}}],\"inLanguage\":\"de\"}]}<\/script>\n<!-- \/ Yoast SEO plugin. -->","yoast_head_json":{"title":"Fresh Cut Industrie - Staay Food Group","robots":{"index":"index","follow":"follow","max-snippet":"max-snippet:-1","max-image-preview":"max-image-preview:large","max-video-preview":"max-video-preview:-1"},"canonical":"https:\/\/www.staayfoodgroup.com\/de\/kunden\/verarbeitende-industrie\/","og_locale":"de_DE","og_type":"article","og_title":"Fresh Cut Industrie - Staay Food Group","og_description":"Eine kontinuierliche Versorgung mit frischen Produkten. Kurze Wege und gleichbleibende Qualit\u00e4t. Darauf m\u00fcssen Obst- und Gem\u00fcseschneidebetriebe bauen k\u00f6nnen. Schlie\u00dflich kann man die Produktion nicht mal eben stilllegen. Als erfahrene Convenience-Experten wissen wir genau, worauf bei Anbau, Einkauf und Handel zu achten ist, um eine optimale Produktqualit\u00e4t und Lieferleistung zu erzielen. Und zwar dauerhaft.","og_url":"https:\/\/www.staayfoodgroup.com\/de\/kunden\/verarbeitende-industrie\/","og_site_name":"Staay Food Group","article_modified_time":"2023-08-22T07:17:37+00:00","og_image":[{"width":700,"height":467,"url":"https:\/\/www.staayfoodgroup.com\/wp-content\/uploads\/2022\/09\/Staay-2454-700x467.jpg","type":"image\/jpeg"}],"twitter_card":"summary_large_image","twitter_misc":{"Gesch\u00e4tzte Lesezeit":"1\u00a0Minute"},"schema":{"@context":"https:\/\/schema.org","@graph":[{"@type":"WebPage","@id":"https:\/\/www.staayfoodgroup.com\/de\/kunden\/verarbeitende-industrie\/","url":"https:\/\/www.staayfoodgroup.com\/de\/kunden\/verarbeitende-industrie\/","name":"Fresh Cut Industrie - Staay Food Group","isPartOf":{"@id":"https:\/\/www.staayfoodgroup.com\/de\/#website"},"primaryImageOfPage":{"@id":"https:\/\/www.staayfoodgroup.com\/de\/kunden\/verarbeitende-industrie\/#primaryimage"},"image":{"@id":"https:\/\/www.staayfoodgroup.com\/de\/kunden\/verarbeitende-industrie\/#primaryimage"},"thumbnailUrl":"https:\/\/www.staayfoodgroup.com\/wp-content\/uploads\/2022\/09\/Staay-2454-scaled.jpg","datePublished":"2022-07-06T12:09:52+00:00","dateModified":"2023-08-22T07:17:37+00:00","breadcrumb":{"@id":"https:\/\/www.staayfoodgroup.com\/de\/kunden\/verarbeitende-industrie\/#breadcrumb"},"inLanguage":"de","potentialAction":[{"@type":"ReadAction","target":["https:\/\/www.staayfoodgroup.com\/de\/kunden\/verarbeitende-industrie\/"]}]},{"@type":"ImageObject","inLanguage":"de","@id":"https:\/\/www.staayfoodgroup.com\/de\/kunden\/verarbeitende-industrie\/#primaryimage","url":"https:\/\/www.staayfoodgroup.com\/wp-content\/uploads\/2022\/09\/Staay-2454-scaled.jpg","contentUrl":"https:\/\/www.staayfoodgroup.com\/wp-content\/uploads\/2022\/09\/Staay-2454-scaled.jpg","width":5472,"height":3648},{"@type":"BreadcrumbList","@id":"https:\/\/www.staayfoodgroup.com\/de\/kunden\/verarbeitende-industrie\/#breadcrumb","itemListElement":[{"@type":"ListItem","position":1,"name":"Home","item":"https:\/\/www.staayfoodgroup.com\/de\/"},{"@type":"ListItem","position":2,"name":"Kunden","item":"https:\/\/www.staayfoodgroup.com\/de\/kunden\/"},{"@type":"ListItem","position":3,"name":"Fresh Cut Industrie"}]},{"@type":"WebSite","@id":"https:\/\/www.staayfoodgroup.com\/de\/#website","url":"https:\/\/www.staayfoodgroup.com\/de\/","name":"Staay Food Group","description":"","potentialAction":[{"@type":"SearchAction","target":{"@type":"EntryPoint","urlTemplate":"https:\/\/www.staayfoodgroup.com\/de\/?s={search_term_string}"},"query-input":{"@type":"PropertyValueSpecification","valueRequired":true,"valueName":"search_term_string"}}],"inLanguage":"de"}]}},"_links":{"self":[{"href":"https:\/\/www.staayfoodgroup.com\/de\/wp-json\/wp\/v2\/pages\/5093","targetHints":{"allow":["GET"]}}],"collection":[{"href":"https:\/\/www.staayfoodgroup.com\/de\/wp-json\/wp\/v2\/pages"}],"about":[{"href":"https:\/\/www.staayfoodgroup.com\/de\/wp-json\/wp\/v2\/types\/page"}],"author":[{"embeddable":true,"href":"https:\/\/www.staayfoodgroup.com\/de\/wp-json\/wp\/v2\/users\/10"}],"replies":[{"embeddable":true,"href":"https:\/\/www.staayfoodgroup.com\/de\/wp-json\/wp\/v2\/comments?post=5093"}],"version-history":[{"count":4,"href":"https:\/\/www.staayfoodgroup.com\/de\/wp-json\/wp\/v2\/pages\/5093\/revisions"}],"predecessor-version":[{"id":7542,"href":"https:\/\/www.staayfoodgroup.com\/de\/wp-json\/wp\/v2\/pages\/5093\/revisions\/7542"}],"up":[{"embeddable":true,"href":"https:\/\/www.staayfoodgroup.com\/de\/wp-json\/wp\/v2\/pages\/5099"}],"wp:featuredmedia":[{"embeddable":true,"href":"https:\/\/www.staayfoodgroup.com\/de\/wp-json\/wp\/v2\/media\/3408"}],"wp:attachment":[{"href":"https:\/\/www.staayfoodgroup.com\/de\/wp-json\/wp\/v2\/media?parent=5093"}],"curies":[{"name":"wp","href":"https:\/\/api.w.org\/{rel}","templated":true}]}}