{"id":5094,"date":"2022-07-06T13:10:28","date_gmt":"2022-07-06T12:10:28","guid":{"rendered":"http:\/\/www.staayfoodgroup.com\/einzelhandel\/"},"modified":"2025-01-03T08:23:23","modified_gmt":"2025-01-03T07:23:23","slug":"einzelhandel","status":"publish","type":"page","link":"https:\/\/www.staayfoodgroup.com\/de\/kunden\/einzelhandel\/","title":{"rendered":"LEH"},"content":{"rendered":"<p>Einzelhandel bedeutet, jederzeit zuverl\u00e4ssig zu liefern. Immer. Die Staay Food Group beliefert seit Jahrzehnten eine gro\u00dfe Anzahl von Einzelh\u00e4ndlern in Westeuropa. Als Partner f\u00fcr frisches Obst und Gem\u00fcse sind wir ein verl\u00e4sslicher Garant. Mit gro\u00dfen Mengen an zertifizierten und r\u00fcckverfolgbaren Frischprodukten, eigenem Anbau, Marktkenntnis und h\u00f6chster Flexibilit\u00e4t. Und f\u00fcr das deutschsprachige Hinterland steht Ihnen unsere Niederlassung in Venlo gerne zur Verf\u00fcgung.<\/p>\n","protected":false},"excerpt":{"rendered":"Einzelhandel bedeutet, jederzeit zuverl\u00e4ssig zu liefern. Immer. Die Staay Food Group beliefert seit Jahrzehnten eine gro\u00dfe Anzahl von Einzelh\u00e4ndlern in Westeuropa. Als Partner f\u00fcr frisches Obst und Gem\u00fcse sind wir ein verl\u00e4sslicher Garant. Mit gro\u00dfen Mengen an zertifizierten und r\u00fcckverfolgbaren Frischprodukten, eigenem Anbau, Marktkenntnis und h\u00f6chster Flexibilit\u00e4t. Und f\u00fcr das deutschsprachige Hinterland steht Ihnen unsere [&hellip;]","protected":false},"author":10,"featured_media":4247,"parent":5099,"menu_order":0,"comment_status":"closed","ping_status":"closed","template":"","meta":{"_acf_changed":false,"inline_featured_image":false,"footnotes":""},"class_list":["post-5094","page","type-page","status-publish","has-post-thumbnail","hentry"],"acf":[],"yoast_head":"<!-- This site is optimized with the Yoast SEO plugin v27.1.1 - https:\/\/yoast.com\/product\/yoast-seo-wordpress\/ -->\n<title>LEH - Staay Food Group<\/title>\n<meta name=\"description\" content=\"Obst- und Gem\u00fcsegro\u00dfhandel in Venlo mit ma\u00dfgeschneiderter Lieferung an LEH, Foodservice und Grosshandelsunternehmen.\" \/>\n<meta name=\"robots\" content=\"index, follow, max-snippet:-1, max-image-preview:large, max-video-preview:-1\" \/>\n<link rel=\"canonical\" href=\"https:\/\/www.staayfoodgroup.com\/de\/kunden\/einzelhandel\/\" \/>\n<meta property=\"og:locale\" content=\"de_DE\" \/>\n<meta property=\"og:type\" content=\"article\" \/>\n<meta property=\"og:title\" content=\"LEH - Staay Food Group\" \/>\n<meta property=\"og:description\" content=\"Obst- und Gem\u00fcsegro\u00dfhandel in Venlo mit ma\u00dfgeschneiderter Lieferung an LEH, Foodservice und Grosshandelsunternehmen.\" \/>\n<meta property=\"og:url\" content=\"https:\/\/www.staayfoodgroup.com\/de\/kunden\/einzelhandel\/\" \/>\n<meta property=\"og:site_name\" content=\"Staay Food Group\" \/>\n<meta property=\"article:modified_time\" content=\"2025-01-03T07:23:23+00:00\" \/>\n<meta property=\"og:image\" content=\"https:\/\/www.staayfoodgroup.com\/wp-content\/uploads\/2023\/05\/dennis-siqueira-dWzRegf99aA-unsplash-retail-AGF-LR.jpg\" \/>\n\t<meta property=\"og:image:width\" content=\"1440\" \/>\n\t<meta property=\"og:image:height\" content=\"960\" \/>\n\t<meta property=\"og:image:type\" content=\"image\/jpeg\" \/>\n<meta name=\"twitter:card\" content=\"summary_large_image\" \/>\n<meta name=\"twitter:label1\" content=\"Gesch\u00e4tzte Lesezeit\" \/>\n\t<meta name=\"twitter:data1\" content=\"3\u00a0Minuten\" \/>\n<script type=\"application\/ld+json\" class=\"yoast-schema-graph\">{\"@context\":\"https:\/\/schema.org\",\"@graph\":[{\"@type\":\"WebPage\",\"@id\":\"https:\/\/www.staayfoodgroup.com\/de\/kunden\/einzelhandel\/\",\"url\":\"https:\/\/www.staayfoodgroup.com\/de\/kunden\/einzelhandel\/\",\"name\":\"LEH - Staay Food Group\",\"isPartOf\":{\"@id\":\"https:\/\/www.staayfoodgroup.com\/de\/#website\"},\"primaryImageOfPage\":{\"@id\":\"https:\/\/www.staayfoodgroup.com\/de\/kunden\/einzelhandel\/#primaryimage\"},\"image\":{\"@id\":\"https:\/\/www.staayfoodgroup.com\/de\/kunden\/einzelhandel\/#primaryimage\"},\"thumbnailUrl\":\"https:\/\/www.staayfoodgroup.com\/wp-content\/uploads\/2023\/05\/dennis-siqueira-dWzRegf99aA-unsplash-retail-AGF-LR.jpg\",\"datePublished\":\"2022-07-06T12:10:28+00:00\",\"dateModified\":\"2025-01-03T07:23:23+00:00\",\"description\":\"Obst- und Gem\u00fcsegro\u00dfhandel in Venlo mit ma\u00dfgeschneiderter Lieferung an LEH, Foodservice und Grosshandelsunternehmen.\",\"breadcrumb\":{\"@id\":\"https:\/\/www.staayfoodgroup.com\/de\/kunden\/einzelhandel\/#breadcrumb\"},\"inLanguage\":\"de\",\"potentialAction\":[{\"@type\":\"ReadAction\",\"target\":[\"https:\/\/www.staayfoodgroup.com\/de\/kunden\/einzelhandel\/\"]}]},{\"@type\":\"ImageObject\",\"inLanguage\":\"de\",\"@id\":\"https:\/\/www.staayfoodgroup.com\/de\/kunden\/einzelhandel\/#primaryimage\",\"url\":\"https:\/\/www.staayfoodgroup.com\/wp-content\/uploads\/2023\/05\/dennis-siqueira-dWzRegf99aA-unsplash-retail-AGF-LR.jpg\",\"contentUrl\":\"https:\/\/www.staayfoodgroup.com\/wp-content\/uploads\/2023\/05\/dennis-siqueira-dWzRegf99aA-unsplash-retail-AGF-LR.jpg\",\"width\":1440,\"height\":960},{\"@type\":\"BreadcrumbList\",\"@id\":\"https:\/\/www.staayfoodgroup.com\/de\/kunden\/einzelhandel\/#breadcrumb\",\"itemListElement\":[{\"@type\":\"ListItem\",\"position\":1,\"name\":\"Home\",\"item\":\"https:\/\/www.staayfoodgroup.com\/de\/\"},{\"@type\":\"ListItem\",\"position\":2,\"name\":\"Kunden\",\"item\":\"https:\/\/www.staayfoodgroup.com\/de\/kunden\/\"},{\"@type\":\"ListItem\",\"position\":3,\"name\":\"LEH\"}]},{\"@type\":\"WebSite\",\"@id\":\"https:\/\/www.staayfoodgroup.com\/de\/#website\",\"url\":\"https:\/\/www.staayfoodgroup.com\/de\/\",\"name\":\"Staay Food Group\",\"description\":\"\",\"potentialAction\":[{\"@type\":\"SearchAction\",\"target\":{\"@type\":\"EntryPoint\",\"urlTemplate\":\"https:\/\/www.staayfoodgroup.com\/de\/?s={search_term_string}\"},\"query-input\":{\"@type\":\"PropertyValueSpecification\",\"valueRequired\":true,\"valueName\":\"search_term_string\"}}],\"inLanguage\":\"de\"}]}<\/script>\n<!-- \/ Yoast SEO plugin. -->","yoast_head_json":{"title":"LEH - Staay Food Group","description":"Obst- und Gem\u00fcsegro\u00dfhandel in Venlo mit ma\u00dfgeschneiderter Lieferung an LEH, Foodservice und Grosshandelsunternehmen.","robots":{"index":"index","follow":"follow","max-snippet":"max-snippet:-1","max-image-preview":"max-image-preview:large","max-video-preview":"max-video-preview:-1"},"canonical":"https:\/\/www.staayfoodgroup.com\/de\/kunden\/einzelhandel\/","og_locale":"de_DE","og_type":"article","og_title":"LEH - Staay Food Group","og_description":"Obst- und Gem\u00fcsegro\u00dfhandel in Venlo mit ma\u00dfgeschneiderter Lieferung an LEH, Foodservice und Grosshandelsunternehmen.","og_url":"https:\/\/www.staayfoodgroup.com\/de\/kunden\/einzelhandel\/","og_site_name":"Staay Food Group","article_modified_time":"2025-01-03T07:23:23+00:00","og_image":[{"width":1440,"height":960,"url":"https:\/\/www.staayfoodgroup.com\/wp-content\/uploads\/2023\/05\/dennis-siqueira-dWzRegf99aA-unsplash-retail-AGF-LR.jpg","type":"image\/jpeg"}],"twitter_card":"summary_large_image","twitter_misc":{"Gesch\u00e4tzte Lesezeit":"3\u00a0Minuten"},"schema":{"@context":"https:\/\/schema.org","@graph":[{"@type":"WebPage","@id":"https:\/\/www.staayfoodgroup.com\/de\/kunden\/einzelhandel\/","url":"https:\/\/www.staayfoodgroup.com\/de\/kunden\/einzelhandel\/","name":"LEH - Staay Food Group","isPartOf":{"@id":"https:\/\/www.staayfoodgroup.com\/de\/#website"},"primaryImageOfPage":{"@id":"https:\/\/www.staayfoodgroup.com\/de\/kunden\/einzelhandel\/#primaryimage"},"image":{"@id":"https:\/\/www.staayfoodgroup.com\/de\/kunden\/einzelhandel\/#primaryimage"},"thumbnailUrl":"https:\/\/www.staayfoodgroup.com\/wp-content\/uploads\/2023\/05\/dennis-siqueira-dWzRegf99aA-unsplash-retail-AGF-LR.jpg","datePublished":"2022-07-06T12:10:28+00:00","dateModified":"2025-01-03T07:23:23+00:00","description":"Obst- und Gem\u00fcsegro\u00dfhandel in Venlo mit ma\u00dfgeschneiderter Lieferung an LEH, Foodservice und Grosshandelsunternehmen.","breadcrumb":{"@id":"https:\/\/www.staayfoodgroup.com\/de\/kunden\/einzelhandel\/#breadcrumb"},"inLanguage":"de","potentialAction":[{"@type":"ReadAction","target":["https:\/\/www.staayfoodgroup.com\/de\/kunden\/einzelhandel\/"]}]},{"@type":"ImageObject","inLanguage":"de","@id":"https:\/\/www.staayfoodgroup.com\/de\/kunden\/einzelhandel\/#primaryimage","url":"https:\/\/www.staayfoodgroup.com\/wp-content\/uploads\/2023\/05\/dennis-siqueira-dWzRegf99aA-unsplash-retail-AGF-LR.jpg","contentUrl":"https:\/\/www.staayfoodgroup.com\/wp-content\/uploads\/2023\/05\/dennis-siqueira-dWzRegf99aA-unsplash-retail-AGF-LR.jpg","width":1440,"height":960},{"@type":"BreadcrumbList","@id":"https:\/\/www.staayfoodgroup.com\/de\/kunden\/einzelhandel\/#breadcrumb","itemListElement":[{"@type":"ListItem","position":1,"name":"Home","item":"https:\/\/www.staayfoodgroup.com\/de\/"},{"@type":"ListItem","position":2,"name":"Kunden","item":"https:\/\/www.staayfoodgroup.com\/de\/kunden\/"},{"@type":"ListItem","position":3,"name":"LEH"}]},{"@type":"WebSite","@id":"https:\/\/www.staayfoodgroup.com\/de\/#website","url":"https:\/\/www.staayfoodgroup.com\/de\/","name":"Staay Food Group","description":"","potentialAction":[{"@type":"SearchAction","target":{"@type":"EntryPoint","urlTemplate":"https:\/\/www.staayfoodgroup.com\/de\/?s={search_term_string}"},"query-input":{"@type":"PropertyValueSpecification","valueRequired":true,"valueName":"search_term_string"}}],"inLanguage":"de"}]}},"_links":{"self":[{"href":"https:\/\/www.staayfoodgroup.com\/de\/wp-json\/wp\/v2\/pages\/5094","targetHints":{"allow":["GET"]}}],"collection":[{"href":"https:\/\/www.staayfoodgroup.com\/de\/wp-json\/wp\/v2\/pages"}],"about":[{"href":"https:\/\/www.staayfoodgroup.com\/de\/wp-json\/wp\/v2\/types\/page"}],"author":[{"embeddable":true,"href":"https:\/\/www.staayfoodgroup.com\/de\/wp-json\/wp\/v2\/users\/10"}],"replies":[{"embeddable":true,"href":"https:\/\/www.staayfoodgroup.com\/de\/wp-json\/wp\/v2\/comments?post=5094"}],"version-history":[{"count":9,"href":"https:\/\/www.staayfoodgroup.com\/de\/wp-json\/wp\/v2\/pages\/5094\/revisions"}],"predecessor-version":[{"id":12392,"href":"https:\/\/www.staayfoodgroup.com\/de\/wp-json\/wp\/v2\/pages\/5094\/revisions\/12392"}],"up":[{"embeddable":true,"href":"https:\/\/www.staayfoodgroup.com\/de\/wp-json\/wp\/v2\/pages\/5099"}],"wp:featuredmedia":[{"embeddable":true,"href":"https:\/\/www.staayfoodgroup.com\/de\/wp-json\/wp\/v2\/media\/4247"}],"wp:attachment":[{"href":"https:\/\/www.staayfoodgroup.com\/de\/wp-json\/wp\/v2\/media?parent=5094"}],"curies":[{"name":"wp","href":"https:\/\/api.w.org\/{rel}","templated":true}]}}