{"id":5099,"date":"2022-06-08T13:45:32","date_gmt":"2022-06-08T12:45:32","guid":{"rendered":"http:\/\/www.staayfoodgroup.com\/kunden\/"},"modified":"2025-01-03T07:52:20","modified_gmt":"2025-01-03T06:52:20","slug":"kunden","status":"publish","type":"page","link":"https:\/\/www.staayfoodgroup.com\/de\/kunden\/","title":{"rendered":"Kunden"},"content":{"rendered":"<p>Die Staay Food Group ist flexibel, schnell und zuverl\u00e4ssig. Als Lieferant sind wir f\u00fcr unsere Kunden da. Logisch. Charakteristisch ist unsere Arbeitsweise mit verschiedenen Kundensegmenten. Speziell f\u00fcr jedes Segment haben wir interne Experten, die die spezifischen Bed\u00fcrfnisse dieser Zielgruppen kennen. Und insbesondere unsere Kollegen in Venlo freuen sich darauf, den deutschen Markt zu bedienen.<\/p>\n","protected":false},"excerpt":{"rendered":"Die Staay Food Group ist flexibel, schnell und zuverl\u00e4ssig. Als Lieferant sind wir f\u00fcr unsere Kunden da. Logisch. Charakteristisch ist unsere Arbeitsweise mit verschiedenen Kundensegmenten. Speziell f\u00fcr jedes Segment haben wir interne Experten, die die spezifischen Bed\u00fcrfnisse dieser Zielgruppen kennen. Und insbesondere unsere Kollegen in Venlo freuen sich darauf, den deutschen Markt zu bedienen.","protected":false},"author":10,"featured_media":0,"parent":0,"menu_order":0,"comment_status":"closed","ping_status":"closed","template":"","meta":{"_acf_changed":false,"inline_featured_image":false,"footnotes":""},"class_list":["post-5099","page","type-page","status-publish","hentry"],"acf":[],"yoast_head":"<!-- This site is optimized with the Yoast SEO plugin v27.1.1 - https:\/\/yoast.com\/product\/yoast-seo-wordpress\/ -->\n<title>Kunden - Staay Food Group<\/title>\n<meta name=\"description\" content=\"Der Obst- und Gem\u00fcsegro\u00dfh\u00e4ndler mit Niederlassung in Venlo bedient gerne Kunden aus dem Foodservice, LEH und Grosshandel nach Ma\u00df.\" \/>\n<meta name=\"robots\" content=\"index, follow, max-snippet:-1, max-image-preview:large, max-video-preview:-1\" \/>\n<link rel=\"canonical\" href=\"https:\/\/www.staayfoodgroup.com\/de\/kunden\/\" \/>\n<meta property=\"og:locale\" content=\"de_DE\" \/>\n<meta property=\"og:type\" content=\"article\" \/>\n<meta property=\"og:title\" content=\"Kunden - Staay Food Group\" \/>\n<meta property=\"og:description\" content=\"Der Obst- und Gem\u00fcsegro\u00dfh\u00e4ndler mit Niederlassung in Venlo bedient gerne Kunden aus dem Foodservice, LEH und Grosshandel nach Ma\u00df.\" \/>\n<meta property=\"og:url\" content=\"https:\/\/www.staayfoodgroup.com\/de\/kunden\/\" \/>\n<meta property=\"og:site_name\" content=\"Staay Food Group\" \/>\n<meta property=\"article:modified_time\" content=\"2025-01-03T06:52:20+00:00\" \/>\n<meta name=\"twitter:card\" content=\"summary_large_image\" \/>\n<meta name=\"twitter:label1\" content=\"Gesch\u00e4tzte Lesezeit\" \/>\n\t<meta name=\"twitter:data1\" content=\"1\u00a0Minute\" \/>\n<script type=\"application\/ld+json\" class=\"yoast-schema-graph\">{\"@context\":\"https:\/\/schema.org\",\"@graph\":[{\"@type\":\"WebPage\",\"@id\":\"https:\/\/www.staayfoodgroup.com\/de\/kunden\/\",\"url\":\"https:\/\/www.staayfoodgroup.com\/de\/kunden\/\",\"name\":\"Kunden - Staay Food Group\",\"isPartOf\":{\"@id\":\"https:\/\/www.staayfoodgroup.com\/de\/#website\"},\"datePublished\":\"2022-06-08T12:45:32+00:00\",\"dateModified\":\"2025-01-03T06:52:20+00:00\",\"description\":\"Der Obst- und Gem\u00fcsegro\u00dfh\u00e4ndler mit Niederlassung in Venlo bedient gerne Kunden aus dem Foodservice, LEH und Grosshandel nach Ma\u00df.\",\"breadcrumb\":{\"@id\":\"https:\/\/www.staayfoodgroup.com\/de\/kunden\/#breadcrumb\"},\"inLanguage\":\"de\",\"potentialAction\":[{\"@type\":\"ReadAction\",\"target\":[\"https:\/\/www.staayfoodgroup.com\/de\/kunden\/\"]}]},{\"@type\":\"BreadcrumbList\",\"@id\":\"https:\/\/www.staayfoodgroup.com\/de\/kunden\/#breadcrumb\",\"itemListElement\":[{\"@type\":\"ListItem\",\"position\":1,\"name\":\"Home\",\"item\":\"https:\/\/www.staayfoodgroup.com\/de\/\"},{\"@type\":\"ListItem\",\"position\":2,\"name\":\"Kunden\"}]},{\"@type\":\"WebSite\",\"@id\":\"https:\/\/www.staayfoodgroup.com\/de\/#website\",\"url\":\"https:\/\/www.staayfoodgroup.com\/de\/\",\"name\":\"Staay Food Group\",\"description\":\"\",\"potentialAction\":[{\"@type\":\"SearchAction\",\"target\":{\"@type\":\"EntryPoint\",\"urlTemplate\":\"https:\/\/www.staayfoodgroup.com\/de\/?s={search_term_string}\"},\"query-input\":{\"@type\":\"PropertyValueSpecification\",\"valueRequired\":true,\"valueName\":\"search_term_string\"}}],\"inLanguage\":\"de\"}]}<\/script>\n<!-- \/ Yoast SEO plugin. -->","yoast_head_json":{"title":"Kunden - Staay Food Group","description":"Der Obst- und Gem\u00fcsegro\u00dfh\u00e4ndler mit Niederlassung in Venlo bedient gerne Kunden aus dem Foodservice, LEH und Grosshandel nach Ma\u00df.","robots":{"index":"index","follow":"follow","max-snippet":"max-snippet:-1","max-image-preview":"max-image-preview:large","max-video-preview":"max-video-preview:-1"},"canonical":"https:\/\/www.staayfoodgroup.com\/de\/kunden\/","og_locale":"de_DE","og_type":"article","og_title":"Kunden - Staay Food Group","og_description":"Der Obst- und Gem\u00fcsegro\u00dfh\u00e4ndler mit Niederlassung in Venlo bedient gerne Kunden aus dem Foodservice, LEH und Grosshandel nach Ma\u00df.","og_url":"https:\/\/www.staayfoodgroup.com\/de\/kunden\/","og_site_name":"Staay Food Group","article_modified_time":"2025-01-03T06:52:20+00:00","twitter_card":"summary_large_image","twitter_misc":{"Gesch\u00e4tzte Lesezeit":"1\u00a0Minute"},"schema":{"@context":"https:\/\/schema.org","@graph":[{"@type":"WebPage","@id":"https:\/\/www.staayfoodgroup.com\/de\/kunden\/","url":"https:\/\/www.staayfoodgroup.com\/de\/kunden\/","name":"Kunden - Staay Food Group","isPartOf":{"@id":"https:\/\/www.staayfoodgroup.com\/de\/#website"},"datePublished":"2022-06-08T12:45:32+00:00","dateModified":"2025-01-03T06:52:20+00:00","description":"Der Obst- und Gem\u00fcsegro\u00dfh\u00e4ndler mit Niederlassung in Venlo bedient gerne Kunden aus dem Foodservice, LEH und Grosshandel nach Ma\u00df.","breadcrumb":{"@id":"https:\/\/www.staayfoodgroup.com\/de\/kunden\/#breadcrumb"},"inLanguage":"de","potentialAction":[{"@type":"ReadAction","target":["https:\/\/www.staayfoodgroup.com\/de\/kunden\/"]}]},{"@type":"BreadcrumbList","@id":"https:\/\/www.staayfoodgroup.com\/de\/kunden\/#breadcrumb","itemListElement":[{"@type":"ListItem","position":1,"name":"Home","item":"https:\/\/www.staayfoodgroup.com\/de\/"},{"@type":"ListItem","position":2,"name":"Kunden"}]},{"@type":"WebSite","@id":"https:\/\/www.staayfoodgroup.com\/de\/#website","url":"https:\/\/www.staayfoodgroup.com\/de\/","name":"Staay Food Group","description":"","potentialAction":[{"@type":"SearchAction","target":{"@type":"EntryPoint","urlTemplate":"https:\/\/www.staayfoodgroup.com\/de\/?s={search_term_string}"},"query-input":{"@type":"PropertyValueSpecification","valueRequired":true,"valueName":"search_term_string"}}],"inLanguage":"de"}]}},"_links":{"self":[{"href":"https:\/\/www.staayfoodgroup.com\/de\/wp-json\/wp\/v2\/pages\/5099","targetHints":{"allow":["GET"]}}],"collection":[{"href":"https:\/\/www.staayfoodgroup.com\/de\/wp-json\/wp\/v2\/pages"}],"about":[{"href":"https:\/\/www.staayfoodgroup.com\/de\/wp-json\/wp\/v2\/types\/page"}],"author":[{"embeddable":true,"href":"https:\/\/www.staayfoodgroup.com\/de\/wp-json\/wp\/v2\/users\/10"}],"replies":[{"embeddable":true,"href":"https:\/\/www.staayfoodgroup.com\/de\/wp-json\/wp\/v2\/comments?post=5099"}],"version-history":[{"count":8,"href":"https:\/\/www.staayfoodgroup.com\/de\/wp-json\/wp\/v2\/pages\/5099\/revisions"}],"predecessor-version":[{"id":12363,"href":"https:\/\/www.staayfoodgroup.com\/de\/wp-json\/wp\/v2\/pages\/5099\/revisions\/12363"}],"wp:attachment":[{"href":"https:\/\/www.staayfoodgroup.com\/de\/wp-json\/wp\/v2\/media?parent=5099"}],"curies":[{"name":"wp","href":"https:\/\/api.w.org\/{rel}","templated":true}]}}