{"id":7583,"date":"2022-06-08T13:29:25","date_gmt":"2022-06-08T13:29:25","guid":{"rendered":"http:\/\/www.staayfoodgroup.com\/haftungsausschluss\/"},"modified":"2022-06-08T13:29:25","modified_gmt":"2022-06-08T13:29:25","slug":"haftungsausschluss","status":"publish","type":"page","link":"https:\/\/www.staayfoodgroup.com\/de\/haftungsausschluss\/","title":{"rendered":"Haftungsausschluss"},"content":{"rendered":"<p>Staay Food Group hat diese Website nach bestem Wissen und Gewissen zusammengestellt. Dennoch k\u00f6nnen Ungenauigkeiten und Unvollst\u00e4ndigkeiten auftreten. Staay Food Group kann daf\u00fcr nicht haftbar gemacht werden. Staay Food Group haftet auch nicht f\u00fcr eine vor\u00fcbergehende Unm\u00f6glichkeit, diese Website zu konsultieren. Staay Food Group beh\u00e4lt sich das Recht vor, den Inhalt dieser Website ohne vorherige Ank\u00fcndigung zu \u00e4ndern. Alle Urheberrechte, Markenrechte und sonstigen geistigen Eigentumsrechte bez\u00fcglich (des Inhalts) dieser Website und der darin enthaltenen Angaben, Texte, Fotos und sonstigen Materialien obliegen Staay Food Group und ihren Lizenzgebern. Ohne vorherige schriftliche Genehmigung durch Staay Food Group ist es nicht gestattet, den Inhalt dieser Website zu ver\u00f6ffentlichen oder zu vervielf\u00e4ltigen.<\/p>\n<p>Diese Website kann beispielsweise durch Hyperlinks auf Websites Dritter verweisen. Staay Food Group hat keine Kontrolle \u00fcber diese Websites, ist nicht f\u00fcr deren Inhalt verantwortlich und \u00fcbernimmt diesbez\u00fcglich daher keine Haftung.<\/p>\n<p>&nbsp;<\/p>\n","protected":false},"excerpt":{"rendered":"Staay Food Group hat diese Website nach bestem Wissen und Gewissen zusammengestellt. Dennoch k\u00f6nnen Ungenauigkeiten und Unvollst\u00e4ndigkeiten auftreten. Staay Food Group kann daf\u00fcr nicht haftbar gemacht werden. Staay Food Group haftet auch nicht f\u00fcr eine vor\u00fcbergehende Unm\u00f6glichkeit, diese Website zu konsultieren. Staay Food Group beh\u00e4lt sich das Recht vor, den Inhalt dieser Website ohne vorherige [&hellip;]","protected":false},"author":10,"featured_media":0,"parent":0,"menu_order":0,"comment_status":"closed","ping_status":"closed","template":"","meta":{"_acf_changed":false,"inline_featured_image":false,"footnotes":""},"class_list":["post-7583","page","type-page","status-publish","hentry"],"acf":[],"yoast_head":"<!-- This site is optimized with the Yoast SEO plugin v27.1.1 - https:\/\/yoast.com\/product\/yoast-seo-wordpress\/ -->\n<title>Haftungsausschluss - Staay Food Group<\/title>\n<meta name=\"description\" content=\"Haftungsausschluss Staay Food Group\" \/>\n<meta name=\"robots\" content=\"index, follow, max-snippet:-1, max-image-preview:large, max-video-preview:-1\" \/>\n<link rel=\"canonical\" href=\"https:\/\/www.staayfoodgroup.com\/de\/haftungsausschluss\/\" \/>\n<meta property=\"og:locale\" content=\"de_DE\" \/>\n<meta property=\"og:type\" content=\"article\" \/>\n<meta property=\"og:title\" content=\"Haftungsausschluss - Staay Food Group\" \/>\n<meta property=\"og:description\" content=\"Haftungsausschluss Staay Food Group\" \/>\n<meta property=\"og:url\" content=\"https:\/\/www.staayfoodgroup.com\/de\/haftungsausschluss\/\" \/>\n<meta property=\"og:site_name\" content=\"Staay Food Group\" \/>\n<meta name=\"twitter:card\" content=\"summary_large_image\" \/>\n<meta name=\"twitter:label1\" content=\"Gesch\u00e4tzte Lesezeit\" \/>\n\t<meta name=\"twitter:data1\" content=\"1\u00a0Minute\" \/>\n<script type=\"application\/ld+json\" class=\"yoast-schema-graph\">{\"@context\":\"https:\/\/schema.org\",\"@graph\":[{\"@type\":\"WebPage\",\"@id\":\"https:\/\/www.staayfoodgroup.com\/de\/haftungsausschluss\/\",\"url\":\"https:\/\/www.staayfoodgroup.com\/de\/haftungsausschluss\/\",\"name\":\"Haftungsausschluss - Staay Food Group\",\"isPartOf\":{\"@id\":\"https:\/\/www.staayfoodgroup.com\/de\/#website\"},\"datePublished\":\"2022-06-08T13:29:25+00:00\",\"description\":\"Haftungsausschluss Staay Food Group\",\"breadcrumb\":{\"@id\":\"https:\/\/www.staayfoodgroup.com\/de\/haftungsausschluss\/#breadcrumb\"},\"inLanguage\":\"de\",\"potentialAction\":[{\"@type\":\"ReadAction\",\"target\":[\"https:\/\/www.staayfoodgroup.com\/de\/haftungsausschluss\/\"]}]},{\"@type\":\"BreadcrumbList\",\"@id\":\"https:\/\/www.staayfoodgroup.com\/de\/haftungsausschluss\/#breadcrumb\",\"itemListElement\":[{\"@type\":\"ListItem\",\"position\":1,\"name\":\"Home\",\"item\":\"https:\/\/www.staayfoodgroup.com\/de\/\"},{\"@type\":\"ListItem\",\"position\":2,\"name\":\"Haftungsausschluss\"}]},{\"@type\":\"WebSite\",\"@id\":\"https:\/\/www.staayfoodgroup.com\/de\/#website\",\"url\":\"https:\/\/www.staayfoodgroup.com\/de\/\",\"name\":\"Staay Food Group\",\"description\":\"\",\"potentialAction\":[{\"@type\":\"SearchAction\",\"target\":{\"@type\":\"EntryPoint\",\"urlTemplate\":\"https:\/\/www.staayfoodgroup.com\/de\/?s={search_term_string}\"},\"query-input\":{\"@type\":\"PropertyValueSpecification\",\"valueRequired\":true,\"valueName\":\"search_term_string\"}}],\"inLanguage\":\"de\"}]}<\/script>\n<!-- \/ Yoast SEO plugin. -->","yoast_head_json":{"title":"Haftungsausschluss - Staay Food Group","description":"Haftungsausschluss Staay Food Group","robots":{"index":"index","follow":"follow","max-snippet":"max-snippet:-1","max-image-preview":"max-image-preview:large","max-video-preview":"max-video-preview:-1"},"canonical":"https:\/\/www.staayfoodgroup.com\/de\/haftungsausschluss\/","og_locale":"de_DE","og_type":"article","og_title":"Haftungsausschluss - Staay Food Group","og_description":"Haftungsausschluss Staay Food Group","og_url":"https:\/\/www.staayfoodgroup.com\/de\/haftungsausschluss\/","og_site_name":"Staay Food Group","twitter_card":"summary_large_image","twitter_misc":{"Gesch\u00e4tzte Lesezeit":"1\u00a0Minute"},"schema":{"@context":"https:\/\/schema.org","@graph":[{"@type":"WebPage","@id":"https:\/\/www.staayfoodgroup.com\/de\/haftungsausschluss\/","url":"https:\/\/www.staayfoodgroup.com\/de\/haftungsausschluss\/","name":"Haftungsausschluss - Staay Food Group","isPartOf":{"@id":"https:\/\/www.staayfoodgroup.com\/de\/#website"},"datePublished":"2022-06-08T13:29:25+00:00","description":"Haftungsausschluss Staay Food Group","breadcrumb":{"@id":"https:\/\/www.staayfoodgroup.com\/de\/haftungsausschluss\/#breadcrumb"},"inLanguage":"de","potentialAction":[{"@type":"ReadAction","target":["https:\/\/www.staayfoodgroup.com\/de\/haftungsausschluss\/"]}]},{"@type":"BreadcrumbList","@id":"https:\/\/www.staayfoodgroup.com\/de\/haftungsausschluss\/#breadcrumb","itemListElement":[{"@type":"ListItem","position":1,"name":"Home","item":"https:\/\/www.staayfoodgroup.com\/de\/"},{"@type":"ListItem","position":2,"name":"Haftungsausschluss"}]},{"@type":"WebSite","@id":"https:\/\/www.staayfoodgroup.com\/de\/#website","url":"https:\/\/www.staayfoodgroup.com\/de\/","name":"Staay Food Group","description":"","potentialAction":[{"@type":"SearchAction","target":{"@type":"EntryPoint","urlTemplate":"https:\/\/www.staayfoodgroup.com\/de\/?s={search_term_string}"},"query-input":{"@type":"PropertyValueSpecification","valueRequired":true,"valueName":"search_term_string"}}],"inLanguage":"de"}]}},"_links":{"self":[{"href":"https:\/\/www.staayfoodgroup.com\/de\/wp-json\/wp\/v2\/pages\/7583","targetHints":{"allow":["GET"]}}],"collection":[{"href":"https:\/\/www.staayfoodgroup.com\/de\/wp-json\/wp\/v2\/pages"}],"about":[{"href":"https:\/\/www.staayfoodgroup.com\/de\/wp-json\/wp\/v2\/types\/page"}],"author":[{"embeddable":true,"href":"https:\/\/www.staayfoodgroup.com\/de\/wp-json\/wp\/v2\/users\/10"}],"replies":[{"embeddable":true,"href":"https:\/\/www.staayfoodgroup.com\/de\/wp-json\/wp\/v2\/comments?post=7583"}],"version-history":[{"count":0,"href":"https:\/\/www.staayfoodgroup.com\/de\/wp-json\/wp\/v2\/pages\/7583\/revisions"}],"wp:attachment":[{"href":"https:\/\/www.staayfoodgroup.com\/de\/wp-json\/wp\/v2\/media?parent=7583"}],"curies":[{"name":"wp","href":"https:\/\/api.w.org\/{rel}","templated":true}]}}