{"id":5114,"date":"2022-06-22T10:42:12","date_gmt":"2022-06-22T10:42:12","guid":{"rendered":"http:\/\/www.staayfoodgroup.com\/vision-general-de-productos\/"},"modified":"2023-09-05T06:16:12","modified_gmt":"2023-09-05T06:16:12","slug":"vision-general-de-productos","status":"publish","type":"page","link":"https:\/\/www.staayfoodgroup.com\/es\/vision-general-de-productos\/","title":{"rendered":"Productos"},"content":{"rendered":"<p>Staay suministra una gama muy completa de frutas y hortalizas frescas, directamente del productor. En total, nuestra gama incluye m\u00e1s de 1500 productos. Estamos especializados en pi\u00f1a, mel\u00f3n, fruta de hueso, fruta de pepita y hortalizas de hoja.<\/p>\n<p>Las fresas, la coliflor, la cebolleta, el br\u00f3coli, los c\u00edtricos, los calabacines, los pepinos, las jud\u00edas verdes y los tomates tambi\u00e9n forman parte importante de nuestra experiencia.<\/p>\n","protected":false},"excerpt":{"rendered":"Staay suministra una gama muy completa de frutas y hortalizas frescas, directamente del productor. En total, nuestra gama incluye m\u00e1s de 1500 productos. Estamos especializados en pi\u00f1a, mel\u00f3n, fruta de hueso, fruta de pepita y hortalizas de hoja. Las fresas, la coliflor, la cebolleta, el br\u00f3coli, los c\u00edtricos, los calabacines, los pepinos, las jud\u00edas verdes [&hellip;]","protected":false},"author":10,"featured_media":0,"parent":0,"menu_order":0,"comment_status":"closed","ping_status":"closed","template":"template-producten.php","meta":{"_acf_changed":false,"inline_featured_image":false,"footnotes":""},"class_list":["post-5114","page","type-page","status-publish","hentry"],"acf":[],"yoast_head":"<!-- This site is optimized with the Yoast SEO plugin v27.1.1 - https:\/\/yoast.com\/product\/yoast-seo-wordpress\/ -->\n<title>Productos - Staay Food Group<\/title>\n<meta name=\"robots\" content=\"index, follow, max-snippet:-1, max-image-preview:large, max-video-preview:-1\" \/>\n<link rel=\"canonical\" href=\"https:\/\/www.staayfoodgroup.com\/es\/vision-general-de-productos\/\" \/>\n<meta property=\"og:locale\" content=\"es_ES\" \/>\n<meta property=\"og:type\" content=\"article\" \/>\n<meta property=\"og:title\" content=\"Productos - Staay Food Group\" \/>\n<meta property=\"og:description\" content=\"Staay suministra una gama muy completa de frutas y hortalizas frescas, directamente del productor. En total, nuestra gama incluye m\u00e1s de 1500 productos. Estamos especializados en pi\u00f1a, mel\u00f3n, fruta de hueso, fruta de pepita y hortalizas de hoja. Las fresas, la coliflor, la cebolleta, el br\u00f3coli, los c\u00edtricos, los calabacines, los pepinos, las jud\u00edas verdes [&hellip;]\" \/>\n<meta property=\"og:url\" content=\"https:\/\/www.staayfoodgroup.com\/es\/vision-general-de-productos\/\" \/>\n<meta property=\"og:site_name\" content=\"Staay Food Group\" \/>\n<meta property=\"article:modified_time\" content=\"2023-09-05T06:16:12+00:00\" \/>\n<meta name=\"twitter:card\" content=\"summary_large_image\" \/>\n<meta name=\"twitter:label1\" content=\"Tiempo de lectura\" \/>\n\t<meta name=\"twitter:data1\" content=\"1 minuto\" \/>\n<script type=\"application\/ld+json\" class=\"yoast-schema-graph\">{\"@context\":\"https:\/\/schema.org\",\"@graph\":[{\"@type\":\"WebPage\",\"@id\":\"https:\/\/www.staayfoodgroup.com\/es\/vision-general-de-productos\/\",\"url\":\"https:\/\/www.staayfoodgroup.com\/es\/vision-general-de-productos\/\",\"name\":\"Productos - Staay Food Group\",\"isPartOf\":{\"@id\":\"https:\/\/www.staayfoodgroup.com\/es\/#website\"},\"datePublished\":\"2022-06-22T10:42:12+00:00\",\"dateModified\":\"2023-09-05T06:16:12+00:00\",\"breadcrumb\":{\"@id\":\"https:\/\/www.staayfoodgroup.com\/es\/vision-general-de-productos\/#breadcrumb\"},\"inLanguage\":\"es\",\"potentialAction\":[{\"@type\":\"ReadAction\",\"target\":[\"https:\/\/www.staayfoodgroup.com\/es\/vision-general-de-productos\/\"]}]},{\"@type\":\"BreadcrumbList\",\"@id\":\"https:\/\/www.staayfoodgroup.com\/es\/vision-general-de-productos\/#breadcrumb\",\"itemListElement\":[{\"@type\":\"ListItem\",\"position\":1,\"name\":\"Home\",\"item\":\"https:\/\/www.staayfoodgroup.com\/es\/\"},{\"@type\":\"ListItem\",\"position\":2,\"name\":\"Productos\"}]},{\"@type\":\"WebSite\",\"@id\":\"https:\/\/www.staayfoodgroup.com\/es\/#website\",\"url\":\"https:\/\/www.staayfoodgroup.com\/es\/\",\"name\":\"Staay Food Group\",\"description\":\"\",\"potentialAction\":[{\"@type\":\"SearchAction\",\"target\":{\"@type\":\"EntryPoint\",\"urlTemplate\":\"https:\/\/www.staayfoodgroup.com\/es\/?s={search_term_string}\"},\"query-input\":{\"@type\":\"PropertyValueSpecification\",\"valueRequired\":true,\"valueName\":\"search_term_string\"}}],\"inLanguage\":\"es\"}]}<\/script>\n<!-- \/ Yoast SEO plugin. -->","yoast_head_json":{"title":"Productos - Staay Food Group","robots":{"index":"index","follow":"follow","max-snippet":"max-snippet:-1","max-image-preview":"max-image-preview:large","max-video-preview":"max-video-preview:-1"},"canonical":"https:\/\/www.staayfoodgroup.com\/es\/vision-general-de-productos\/","og_locale":"es_ES","og_type":"article","og_title":"Productos - Staay Food Group","og_description":"Staay suministra una gama muy completa de frutas y hortalizas frescas, directamente del productor. En total, nuestra gama incluye m\u00e1s de 1500 productos. Estamos especializados en pi\u00f1a, mel\u00f3n, fruta de hueso, fruta de pepita y hortalizas de hoja. Las fresas, la coliflor, la cebolleta, el br\u00f3coli, los c\u00edtricos, los calabacines, los pepinos, las jud\u00edas verdes [&hellip;]","og_url":"https:\/\/www.staayfoodgroup.com\/es\/vision-general-de-productos\/","og_site_name":"Staay Food Group","article_modified_time":"2023-09-05T06:16:12+00:00","twitter_card":"summary_large_image","twitter_misc":{"Tiempo de lectura":"1 minuto"},"schema":{"@context":"https:\/\/schema.org","@graph":[{"@type":"WebPage","@id":"https:\/\/www.staayfoodgroup.com\/es\/vision-general-de-productos\/","url":"https:\/\/www.staayfoodgroup.com\/es\/vision-general-de-productos\/","name":"Productos - Staay Food Group","isPartOf":{"@id":"https:\/\/www.staayfoodgroup.com\/es\/#website"},"datePublished":"2022-06-22T10:42:12+00:00","dateModified":"2023-09-05T06:16:12+00:00","breadcrumb":{"@id":"https:\/\/www.staayfoodgroup.com\/es\/vision-general-de-productos\/#breadcrumb"},"inLanguage":"es","potentialAction":[{"@type":"ReadAction","target":["https:\/\/www.staayfoodgroup.com\/es\/vision-general-de-productos\/"]}]},{"@type":"BreadcrumbList","@id":"https:\/\/www.staayfoodgroup.com\/es\/vision-general-de-productos\/#breadcrumb","itemListElement":[{"@type":"ListItem","position":1,"name":"Home","item":"https:\/\/www.staayfoodgroup.com\/es\/"},{"@type":"ListItem","position":2,"name":"Productos"}]},{"@type":"WebSite","@id":"https:\/\/www.staayfoodgroup.com\/es\/#website","url":"https:\/\/www.staayfoodgroup.com\/es\/","name":"Staay Food Group","description":"","potentialAction":[{"@type":"SearchAction","target":{"@type":"EntryPoint","urlTemplate":"https:\/\/www.staayfoodgroup.com\/es\/?s={search_term_string}"},"query-input":{"@type":"PropertyValueSpecification","valueRequired":true,"valueName":"search_term_string"}}],"inLanguage":"es"}]}},"_links":{"self":[{"href":"https:\/\/www.staayfoodgroup.com\/es\/wp-json\/wp\/v2\/pages\/5114","targetHints":{"allow":["GET"]}}],"collection":[{"href":"https:\/\/www.staayfoodgroup.com\/es\/wp-json\/wp\/v2\/pages"}],"about":[{"href":"https:\/\/www.staayfoodgroup.com\/es\/wp-json\/wp\/v2\/types\/page"}],"author":[{"embeddable":true,"href":"https:\/\/www.staayfoodgroup.com\/es\/wp-json\/wp\/v2\/users\/10"}],"replies":[{"embeddable":true,"href":"https:\/\/www.staayfoodgroup.com\/es\/wp-json\/wp\/v2\/comments?post=5114"}],"version-history":[{"count":2,"href":"https:\/\/www.staayfoodgroup.com\/es\/wp-json\/wp\/v2\/pages\/5114\/revisions"}],"predecessor-version":[{"id":7786,"href":"https:\/\/www.staayfoodgroup.com\/es\/wp-json\/wp\/v2\/pages\/5114\/revisions\/7786"}],"wp:attachment":[{"href":"https:\/\/www.staayfoodgroup.com\/es\/wp-json\/wp\/v2\/media?parent=5114"}],"curies":[{"name":"wp","href":"https:\/\/api.w.org\/{rel}","templated":true}]}}