{"id":5119,"date":"2022-06-21T07:50:04","date_gmt":"2022-06-21T06:50:04","guid":{"rendered":"http:\/\/www.staayfoodgroup.com\/acerca-del-staay-food-group\/"},"modified":"2024-07-05T07:20:11","modified_gmt":"2024-07-05T06:20:11","slug":"acerca-del-staay-food-group","status":"publish","type":"page","link":"https:\/\/www.staayfoodgroup.com\/es\/acerca-del-staay-food-group\/","title":{"rendered":"Acerca del Staay Food Group"},"content":{"rendered":"<p>El <strong>Staay Food Group<\/strong> es una organizaci\u00f3n internacional de cultivo, venta y comercializaci\u00f3n de frutas y hortalizas frescas con una red mundial; <em>El mundo es nuestro jard\u00edn. <\/em>Somos una empresa familiar fundada en 1946. Brindamos soluciones personalizadas a clientes minoristas, mayoristas, de la restauraci\u00f3n y de la industria de la transformaci\u00f3n.<\/p>\n<p><strong>Nuestra misi\u00f3n<\/strong>: <em>La m\u00e1xima frescura con los m\u00ednimos costes<\/em><br \/>\nSuministramos el producto de m\u00e1s calidad y m\u00e1s fresco disponible en cualquier momento en el menor tiempo y con los menores costes posibles.<br \/>\nDe este modo, ofrecemos a nuestros cultivadores una salida garantizada y a nuestros clientes un suministro continuo.<\/p>\n","protected":false},"excerpt":{"rendered":"El Staay Food Group es una organizaci\u00f3n internacional de cultivo, venta y comercializaci\u00f3n de frutas y hortalizas frescas con una red mundial; El mundo es nuestro jard\u00edn. Somos una empresa familiar fundada en 1946. Brindamos soluciones personalizadas a clientes minoristas, mayoristas, de la restauraci\u00f3n y de la industria de la transformaci\u00f3n. Nuestra misi\u00f3n: La m\u00e1xima [&hellip;]","protected":false},"author":10,"featured_media":0,"parent":0,"menu_order":0,"comment_status":"closed","ping_status":"closed","template":"template-over.php","meta":{"_acf_changed":false,"inline_featured_image":false,"footnotes":""},"class_list":["post-5119","page","type-page","status-publish","hentry"],"acf":[],"yoast_head":"<!-- This site is optimized with the Yoast SEO plugin v27.1.1 - https:\/\/yoast.com\/product\/yoast-seo-wordpress\/ -->\n<title>Acerca del Staay Food Group - Staay Food Group<\/title>\n<meta name=\"robots\" content=\"index, follow, max-snippet:-1, max-image-preview:large, max-video-preview:-1\" \/>\n<link rel=\"canonical\" href=\"https:\/\/www.staayfoodgroup.com\/es\/acerca-del-staay-food-group\/\" \/>\n<meta property=\"og:locale\" content=\"es_ES\" \/>\n<meta property=\"og:type\" content=\"article\" \/>\n<meta property=\"og:title\" content=\"Acerca del Staay Food Group - Staay Food Group\" \/>\n<meta property=\"og:description\" content=\"El Staay Food Group es una organizaci\u00f3n internacional de cultivo, venta y comercializaci\u00f3n de frutas y hortalizas frescas con una red mundial; El mundo es nuestro jard\u00edn. Somos una empresa familiar fundada en 1946. Brindamos soluciones personalizadas a clientes minoristas, mayoristas, de la restauraci\u00f3n y de la industria de la transformaci\u00f3n. Nuestra misi\u00f3n: La m\u00e1xima [&hellip;]\" \/>\n<meta property=\"og:url\" content=\"https:\/\/www.staayfoodgroup.com\/es\/acerca-del-staay-food-group\/\" \/>\n<meta property=\"og:site_name\" content=\"Staay Food Group\" \/>\n<meta property=\"article:modified_time\" content=\"2024-07-05T06:20:11+00:00\" \/>\n<meta name=\"twitter:card\" content=\"summary_large_image\" \/>\n<meta name=\"twitter:label1\" content=\"Tiempo de lectura\" \/>\n\t<meta name=\"twitter:data1\" content=\"9 minutos\" \/>\n<script type=\"application\/ld+json\" class=\"yoast-schema-graph\">{\"@context\":\"https:\/\/schema.org\",\"@graph\":[{\"@type\":\"WebPage\",\"@id\":\"https:\/\/www.staayfoodgroup.com\/es\/acerca-del-staay-food-group\/\",\"url\":\"https:\/\/www.staayfoodgroup.com\/es\/acerca-del-staay-food-group\/\",\"name\":\"Acerca del Staay Food Group - Staay Food Group\",\"isPartOf\":{\"@id\":\"https:\/\/www.staayfoodgroup.com\/es\/#website\"},\"datePublished\":\"2022-06-21T06:50:04+00:00\",\"dateModified\":\"2024-07-05T06:20:11+00:00\",\"breadcrumb\":{\"@id\":\"https:\/\/www.staayfoodgroup.com\/es\/acerca-del-staay-food-group\/#breadcrumb\"},\"inLanguage\":\"es\",\"potentialAction\":[{\"@type\":\"ReadAction\",\"target\":[\"https:\/\/www.staayfoodgroup.com\/es\/acerca-del-staay-food-group\/\"]}]},{\"@type\":\"BreadcrumbList\",\"@id\":\"https:\/\/www.staayfoodgroup.com\/es\/acerca-del-staay-food-group\/#breadcrumb\",\"itemListElement\":[{\"@type\":\"ListItem\",\"position\":1,\"name\":\"Home\",\"item\":\"https:\/\/www.staayfoodgroup.com\/es\/\"},{\"@type\":\"ListItem\",\"position\":2,\"name\":\"Acerca del Staay Food Group\"}]},{\"@type\":\"WebSite\",\"@id\":\"https:\/\/www.staayfoodgroup.com\/es\/#website\",\"url\":\"https:\/\/www.staayfoodgroup.com\/es\/\",\"name\":\"Staay Food Group\",\"description\":\"\",\"potentialAction\":[{\"@type\":\"SearchAction\",\"target\":{\"@type\":\"EntryPoint\",\"urlTemplate\":\"https:\/\/www.staayfoodgroup.com\/es\/?s={search_term_string}\"},\"query-input\":{\"@type\":\"PropertyValueSpecification\",\"valueRequired\":true,\"valueName\":\"search_term_string\"}}],\"inLanguage\":\"es\"}]}<\/script>\n<!-- \/ Yoast SEO plugin. -->","yoast_head_json":{"title":"Acerca del Staay Food Group - Staay Food Group","robots":{"index":"index","follow":"follow","max-snippet":"max-snippet:-1","max-image-preview":"max-image-preview:large","max-video-preview":"max-video-preview:-1"},"canonical":"https:\/\/www.staayfoodgroup.com\/es\/acerca-del-staay-food-group\/","og_locale":"es_ES","og_type":"article","og_title":"Acerca del Staay Food Group - Staay Food Group","og_description":"El Staay Food Group es una organizaci\u00f3n internacional de cultivo, venta y comercializaci\u00f3n de frutas y hortalizas frescas con una red mundial; El mundo es nuestro jard\u00edn. Somos una empresa familiar fundada en 1946. Brindamos soluciones personalizadas a clientes minoristas, mayoristas, de la restauraci\u00f3n y de la industria de la transformaci\u00f3n. Nuestra misi\u00f3n: La m\u00e1xima [&hellip;]","og_url":"https:\/\/www.staayfoodgroup.com\/es\/acerca-del-staay-food-group\/","og_site_name":"Staay Food Group","article_modified_time":"2024-07-05T06:20:11+00:00","twitter_card":"summary_large_image","twitter_misc":{"Tiempo de lectura":"9 minutos"},"schema":{"@context":"https:\/\/schema.org","@graph":[{"@type":"WebPage","@id":"https:\/\/www.staayfoodgroup.com\/es\/acerca-del-staay-food-group\/","url":"https:\/\/www.staayfoodgroup.com\/es\/acerca-del-staay-food-group\/","name":"Acerca del Staay Food Group - Staay Food Group","isPartOf":{"@id":"https:\/\/www.staayfoodgroup.com\/es\/#website"},"datePublished":"2022-06-21T06:50:04+00:00","dateModified":"2024-07-05T06:20:11+00:00","breadcrumb":{"@id":"https:\/\/www.staayfoodgroup.com\/es\/acerca-del-staay-food-group\/#breadcrumb"},"inLanguage":"es","potentialAction":[{"@type":"ReadAction","target":["https:\/\/www.staayfoodgroup.com\/es\/acerca-del-staay-food-group\/"]}]},{"@type":"BreadcrumbList","@id":"https:\/\/www.staayfoodgroup.com\/es\/acerca-del-staay-food-group\/#breadcrumb","itemListElement":[{"@type":"ListItem","position":1,"name":"Home","item":"https:\/\/www.staayfoodgroup.com\/es\/"},{"@type":"ListItem","position":2,"name":"Acerca del Staay Food Group"}]},{"@type":"WebSite","@id":"https:\/\/www.staayfoodgroup.com\/es\/#website","url":"https:\/\/www.staayfoodgroup.com\/es\/","name":"Staay Food Group","description":"","potentialAction":[{"@type":"SearchAction","target":{"@type":"EntryPoint","urlTemplate":"https:\/\/www.staayfoodgroup.com\/es\/?s={search_term_string}"},"query-input":{"@type":"PropertyValueSpecification","valueRequired":true,"valueName":"search_term_string"}}],"inLanguage":"es"}]}},"_links":{"self":[{"href":"https:\/\/www.staayfoodgroup.com\/es\/wp-json\/wp\/v2\/pages\/5119","targetHints":{"allow":["GET"]}}],"collection":[{"href":"https:\/\/www.staayfoodgroup.com\/es\/wp-json\/wp\/v2\/pages"}],"about":[{"href":"https:\/\/www.staayfoodgroup.com\/es\/wp-json\/wp\/v2\/types\/page"}],"author":[{"embeddable":true,"href":"https:\/\/www.staayfoodgroup.com\/es\/wp-json\/wp\/v2\/users\/10"}],"replies":[{"embeddable":true,"href":"https:\/\/www.staayfoodgroup.com\/es\/wp-json\/wp\/v2\/comments?post=5119"}],"version-history":[{"count":9,"href":"https:\/\/www.staayfoodgroup.com\/es\/wp-json\/wp\/v2\/pages\/5119\/revisions"}],"predecessor-version":[{"id":11626,"href":"https:\/\/www.staayfoodgroup.com\/es\/wp-json\/wp\/v2\/pages\/5119\/revisions\/11626"}],"wp:attachment":[{"href":"https:\/\/www.staayfoodgroup.com\/es\/wp-json\/wp\/v2\/media?parent=5119"}],"curies":[{"name":"wp","href":"https:\/\/api.w.org\/{rel}","templated":true}]}}