{"id":5127,"date":"2022-07-06T13:09:52","date_gmt":"2022-07-06T12:09:52","guid":{"rendered":"http:\/\/www.staayfoodgroup.com\/industria-de-la-transformacion\/"},"modified":"2023-08-22T07:16:41","modified_gmt":"2023-08-22T07:16:41","slug":"industria-de-la-transformacion","status":"publish","type":"page","link":"https:\/\/www.staayfoodgroup.com\/es\/clientes\/industria-de-la-transformacion\/","title":{"rendered":"Industria de cuarta gama"},"content":{"rendered":"<p>Un suministro continuo de productos frescos. L\u00edneas cortas y calidad constante. Las empresas de corte de frutas y hortalizas deber\u00edan poder aprovecharlo. Al fin y al cabo, no se puede cerrar la producci\u00f3n sin m\u00e1s. Como expertos en Convenience, sabemos exactamente c\u00f3mo crecer, abastecernos y actuar para obtener una calidad de producto y un rendimiento de entrega \u00f3ptimos. Y para guardar.<\/p>\n","protected":false},"excerpt":{"rendered":"Un suministro continuo de productos frescos. L\u00edneas cortas y calidad constante. Las empresas de corte de frutas y hortalizas deber\u00edan poder aprovecharlo. Al fin y al cabo, no se puede cerrar la producci\u00f3n sin m\u00e1s. Como expertos en Convenience, sabemos exactamente c\u00f3mo crecer, abastecernos y actuar para obtener una calidad de producto y un rendimiento [&hellip;]","protected":false},"author":10,"featured_media":3411,"parent":5162,"menu_order":0,"comment_status":"closed","ping_status":"closed","template":"","meta":{"_acf_changed":false,"inline_featured_image":false,"footnotes":""},"class_list":["post-5127","page","type-page","status-publish","has-post-thumbnail","hentry"],"acf":[],"yoast_head":"<!-- This site is optimized with the Yoast SEO plugin v27.1.1 - https:\/\/yoast.com\/product\/yoast-seo-wordpress\/ -->\n<title>Industria de cuarta gama - Staay Food Group<\/title>\n<meta name=\"robots\" content=\"index, follow, max-snippet:-1, max-image-preview:large, max-video-preview:-1\" \/>\n<link rel=\"canonical\" href=\"https:\/\/www.staayfoodgroup.com\/es\/clientes\/industria-de-la-transformacion\/\" \/>\n<meta property=\"og:locale\" content=\"es_ES\" \/>\n<meta property=\"og:type\" content=\"article\" \/>\n<meta property=\"og:title\" content=\"Industria de cuarta gama - Staay Food Group\" \/>\n<meta property=\"og:description\" content=\"Un suministro continuo de productos frescos. L\u00edneas cortas y calidad constante. Las empresas de corte de frutas y hortalizas deber\u00edan poder aprovecharlo. Al fin y al cabo, no se puede cerrar la producci\u00f3n sin m\u00e1s. Como expertos en Convenience, sabemos exactamente c\u00f3mo crecer, abastecernos y actuar para obtener una calidad de producto y un rendimiento [&hellip;]\" \/>\n<meta property=\"og:url\" content=\"https:\/\/www.staayfoodgroup.com\/es\/clientes\/industria-de-la-transformacion\/\" \/>\n<meta property=\"og:site_name\" content=\"Staay Food Group\" \/>\n<meta property=\"article:modified_time\" content=\"2023-08-22T07:16:41+00:00\" \/>\n<meta property=\"og:image\" content=\"https:\/\/www.staayfoodgroup.com\/wp-content\/uploads\/2022\/09\/Staay-2454-700x467.jpg\" \/>\n\t<meta property=\"og:image:width\" content=\"700\" \/>\n\t<meta property=\"og:image:height\" content=\"467\" \/>\n\t<meta property=\"og:image:type\" content=\"image\/jpeg\" \/>\n<meta name=\"twitter:card\" content=\"summary_large_image\" \/>\n<meta name=\"twitter:label1\" content=\"Tiempo de lectura\" \/>\n\t<meta name=\"twitter:data1\" content=\"1 minuto\" \/>\n<script type=\"application\/ld+json\" class=\"yoast-schema-graph\">{\"@context\":\"https:\/\/schema.org\",\"@graph\":[{\"@type\":\"WebPage\",\"@id\":\"https:\/\/www.staayfoodgroup.com\/es\/clientes\/industria-de-la-transformacion\/\",\"url\":\"https:\/\/www.staayfoodgroup.com\/es\/clientes\/industria-de-la-transformacion\/\",\"name\":\"Industria de cuarta gama - Staay Food Group\",\"isPartOf\":{\"@id\":\"https:\/\/www.staayfoodgroup.com\/es\/#website\"},\"primaryImageOfPage\":{\"@id\":\"https:\/\/www.staayfoodgroup.com\/es\/clientes\/industria-de-la-transformacion\/#primaryimage\"},\"image\":{\"@id\":\"https:\/\/www.staayfoodgroup.com\/es\/clientes\/industria-de-la-transformacion\/#primaryimage\"},\"thumbnailUrl\":\"https:\/\/www.staayfoodgroup.com\/wp-content\/uploads\/2022\/09\/Staay-2454-scaled.jpg\",\"datePublished\":\"2022-07-06T12:09:52+00:00\",\"dateModified\":\"2023-08-22T07:16:41+00:00\",\"breadcrumb\":{\"@id\":\"https:\/\/www.staayfoodgroup.com\/es\/clientes\/industria-de-la-transformacion\/#breadcrumb\"},\"inLanguage\":\"es\",\"potentialAction\":[{\"@type\":\"ReadAction\",\"target\":[\"https:\/\/www.staayfoodgroup.com\/es\/clientes\/industria-de-la-transformacion\/\"]}]},{\"@type\":\"ImageObject\",\"inLanguage\":\"es\",\"@id\":\"https:\/\/www.staayfoodgroup.com\/es\/clientes\/industria-de-la-transformacion\/#primaryimage\",\"url\":\"https:\/\/www.staayfoodgroup.com\/wp-content\/uploads\/2022\/09\/Staay-2454-scaled.jpg\",\"contentUrl\":\"https:\/\/www.staayfoodgroup.com\/wp-content\/uploads\/2022\/09\/Staay-2454-scaled.jpg\",\"width\":2560,\"height\":1707},{\"@type\":\"BreadcrumbList\",\"@id\":\"https:\/\/www.staayfoodgroup.com\/es\/clientes\/industria-de-la-transformacion\/#breadcrumb\",\"itemListElement\":[{\"@type\":\"ListItem\",\"position\":1,\"name\":\"Home\",\"item\":\"https:\/\/www.staayfoodgroup.com\/es\/\"},{\"@type\":\"ListItem\",\"position\":2,\"name\":\"Clientes\",\"item\":\"https:\/\/www.staayfoodgroup.com\/es\/clientes\/\"},{\"@type\":\"ListItem\",\"position\":3,\"name\":\"Industria de cuarta gama\"}]},{\"@type\":\"WebSite\",\"@id\":\"https:\/\/www.staayfoodgroup.com\/es\/#website\",\"url\":\"https:\/\/www.staayfoodgroup.com\/es\/\",\"name\":\"Staay Food Group\",\"description\":\"\",\"potentialAction\":[{\"@type\":\"SearchAction\",\"target\":{\"@type\":\"EntryPoint\",\"urlTemplate\":\"https:\/\/www.staayfoodgroup.com\/es\/?s={search_term_string}\"},\"query-input\":{\"@type\":\"PropertyValueSpecification\",\"valueRequired\":true,\"valueName\":\"search_term_string\"}}],\"inLanguage\":\"es\"}]}<\/script>\n<!-- \/ Yoast SEO plugin. -->","yoast_head_json":{"title":"Industria de cuarta gama - Staay Food Group","robots":{"index":"index","follow":"follow","max-snippet":"max-snippet:-1","max-image-preview":"max-image-preview:large","max-video-preview":"max-video-preview:-1"},"canonical":"https:\/\/www.staayfoodgroup.com\/es\/clientes\/industria-de-la-transformacion\/","og_locale":"es_ES","og_type":"article","og_title":"Industria de cuarta gama - Staay Food Group","og_description":"Un suministro continuo de productos frescos. L\u00edneas cortas y calidad constante. Las empresas de corte de frutas y hortalizas deber\u00edan poder aprovecharlo. Al fin y al cabo, no se puede cerrar la producci\u00f3n sin m\u00e1s. Como expertos en Convenience, sabemos exactamente c\u00f3mo crecer, abastecernos y actuar para obtener una calidad de producto y un rendimiento [&hellip;]","og_url":"https:\/\/www.staayfoodgroup.com\/es\/clientes\/industria-de-la-transformacion\/","og_site_name":"Staay Food Group","article_modified_time":"2023-08-22T07:16:41+00:00","og_image":[{"width":700,"height":467,"url":"https:\/\/www.staayfoodgroup.com\/wp-content\/uploads\/2022\/09\/Staay-2454-700x467.jpg","type":"image\/jpeg"}],"twitter_card":"summary_large_image","twitter_misc":{"Tiempo de lectura":"1 minuto"},"schema":{"@context":"https:\/\/schema.org","@graph":[{"@type":"WebPage","@id":"https:\/\/www.staayfoodgroup.com\/es\/clientes\/industria-de-la-transformacion\/","url":"https:\/\/www.staayfoodgroup.com\/es\/clientes\/industria-de-la-transformacion\/","name":"Industria de cuarta gama - Staay Food Group","isPartOf":{"@id":"https:\/\/www.staayfoodgroup.com\/es\/#website"},"primaryImageOfPage":{"@id":"https:\/\/www.staayfoodgroup.com\/es\/clientes\/industria-de-la-transformacion\/#primaryimage"},"image":{"@id":"https:\/\/www.staayfoodgroup.com\/es\/clientes\/industria-de-la-transformacion\/#primaryimage"},"thumbnailUrl":"https:\/\/www.staayfoodgroup.com\/wp-content\/uploads\/2022\/09\/Staay-2454-scaled.jpg","datePublished":"2022-07-06T12:09:52+00:00","dateModified":"2023-08-22T07:16:41+00:00","breadcrumb":{"@id":"https:\/\/www.staayfoodgroup.com\/es\/clientes\/industria-de-la-transformacion\/#breadcrumb"},"inLanguage":"es","potentialAction":[{"@type":"ReadAction","target":["https:\/\/www.staayfoodgroup.com\/es\/clientes\/industria-de-la-transformacion\/"]}]},{"@type":"ImageObject","inLanguage":"es","@id":"https:\/\/www.staayfoodgroup.com\/es\/clientes\/industria-de-la-transformacion\/#primaryimage","url":"https:\/\/www.staayfoodgroup.com\/wp-content\/uploads\/2022\/09\/Staay-2454-scaled.jpg","contentUrl":"https:\/\/www.staayfoodgroup.com\/wp-content\/uploads\/2022\/09\/Staay-2454-scaled.jpg","width":2560,"height":1707},{"@type":"BreadcrumbList","@id":"https:\/\/www.staayfoodgroup.com\/es\/clientes\/industria-de-la-transformacion\/#breadcrumb","itemListElement":[{"@type":"ListItem","position":1,"name":"Home","item":"https:\/\/www.staayfoodgroup.com\/es\/"},{"@type":"ListItem","position":2,"name":"Clientes","item":"https:\/\/www.staayfoodgroup.com\/es\/clientes\/"},{"@type":"ListItem","position":3,"name":"Industria de cuarta gama"}]},{"@type":"WebSite","@id":"https:\/\/www.staayfoodgroup.com\/es\/#website","url":"https:\/\/www.staayfoodgroup.com\/es\/","name":"Staay Food Group","description":"","potentialAction":[{"@type":"SearchAction","target":{"@type":"EntryPoint","urlTemplate":"https:\/\/www.staayfoodgroup.com\/es\/?s={search_term_string}"},"query-input":{"@type":"PropertyValueSpecification","valueRequired":true,"valueName":"search_term_string"}}],"inLanguage":"es"}]}},"_links":{"self":[{"href":"https:\/\/www.staayfoodgroup.com\/es\/wp-json\/wp\/v2\/pages\/5127","targetHints":{"allow":["GET"]}}],"collection":[{"href":"https:\/\/www.staayfoodgroup.com\/es\/wp-json\/wp\/v2\/pages"}],"about":[{"href":"https:\/\/www.staayfoodgroup.com\/es\/wp-json\/wp\/v2\/types\/page"}],"author":[{"embeddable":true,"href":"https:\/\/www.staayfoodgroup.com\/es\/wp-json\/wp\/v2\/users\/10"}],"replies":[{"embeddable":true,"href":"https:\/\/www.staayfoodgroup.com\/es\/wp-json\/wp\/v2\/comments?post=5127"}],"version-history":[{"count":3,"href":"https:\/\/www.staayfoodgroup.com\/es\/wp-json\/wp\/v2\/pages\/5127\/revisions"}],"predecessor-version":[{"id":7540,"href":"https:\/\/www.staayfoodgroup.com\/es\/wp-json\/wp\/v2\/pages\/5127\/revisions\/7540"}],"up":[{"embeddable":true,"href":"https:\/\/www.staayfoodgroup.com\/es\/wp-json\/wp\/v2\/pages\/5162"}],"wp:featuredmedia":[{"embeddable":true,"href":"https:\/\/www.staayfoodgroup.com\/es\/wp-json\/wp\/v2\/media\/3411"}],"wp:attachment":[{"href":"https:\/\/www.staayfoodgroup.com\/es\/wp-json\/wp\/v2\/media?parent=5127"}],"curies":[{"name":"wp","href":"https:\/\/api.w.org\/{rel}","templated":true}]}}