{"id":5147,"date":"2022-07-06T13:10:11","date_gmt":"2022-07-06T12:10:11","guid":{"rendered":"http:\/\/www.staayfoodgroup.com\/venta-al-por-mayor\/"},"modified":"2023-08-22T07:33:10","modified_gmt":"2023-08-22T07:33:10","slug":"venta-al-por-mayor","status":"publish","type":"page","link":"https:\/\/www.staayfoodgroup.com\/es\/clientes\/venta-al-por-mayor\/","title":{"rendered":"Venta al por mayor"},"content":{"rendered":"<p>En AGF, la acci\u00f3n siempre es r\u00e1pida y directa. Sin p\u00e9rdidas de tiempo. Levantarse temprano y tener las cosas resueltas a tiempo. Como empresa familiar independiente, sabemos lo que se exige. L\u00edneas de comunicaci\u00f3n cortas, una red internacional y estar siempre ah\u00ed para los dem\u00e1s.<\/p>\n","protected":false},"excerpt":{"rendered":"En AGF, la acci\u00f3n siempre es r\u00e1pida y directa. Sin p\u00e9rdidas de tiempo. Levantarse temprano y tener las cosas resueltas a tiempo. Como empresa familiar independiente, sabemos lo que se exige. L\u00edneas de comunicaci\u00f3n cortas, una red internacional y estar siempre ah\u00ed para los dem\u00e1s.","protected":false},"author":10,"featured_media":3421,"parent":5162,"menu_order":0,"comment_status":"closed","ping_status":"closed","template":"","meta":{"_acf_changed":false,"inline_featured_image":false,"footnotes":""},"class_list":["post-5147","page","type-page","status-publish","has-post-thumbnail","hentry"],"acf":[],"yoast_head":"<!-- This site is optimized with the Yoast SEO plugin v27.1.1 - https:\/\/yoast.com\/product\/yoast-seo-wordpress\/ -->\n<title>Venta al por mayor - Staay Food Group<\/title>\n<meta name=\"description\" content=\"Venta al por mayor Staay Food Group\" \/>\n<meta name=\"robots\" content=\"index, follow, max-snippet:-1, max-image-preview:large, max-video-preview:-1\" \/>\n<link rel=\"canonical\" href=\"https:\/\/www.staayfoodgroup.com\/es\/clientes\/venta-al-por-mayor\/\" \/>\n<meta property=\"og:locale\" content=\"es_ES\" \/>\n<meta property=\"og:type\" content=\"article\" \/>\n<meta property=\"og:title\" content=\"Venta al por mayor - Staay Food Group\" \/>\n<meta property=\"og:description\" content=\"Venta al por mayor Staay Food Group\" \/>\n<meta property=\"og:url\" content=\"https:\/\/www.staayfoodgroup.com\/es\/clientes\/venta-al-por-mayor\/\" \/>\n<meta property=\"og:site_name\" content=\"Staay Food Group\" \/>\n<meta property=\"article:modified_time\" content=\"2023-08-22T07:33:10+00:00\" \/>\n<meta property=\"og:image\" content=\"https:\/\/www.staayfoodgroup.com\/wp-content\/uploads\/2022\/09\/Koelcel-lr.jpg\" \/>\n\t<meta property=\"og:image:width\" content=\"1772\" \/>\n\t<meta property=\"og:image:height\" content=\"1183\" \/>\n\t<meta property=\"og:image:type\" content=\"image\/jpeg\" \/>\n<meta name=\"twitter:card\" content=\"summary_large_image\" \/>\n<meta name=\"twitter:label1\" content=\"Tiempo de lectura\" \/>\n\t<meta name=\"twitter:data1\" content=\"1 minuto\" \/>\n<script type=\"application\/ld+json\" class=\"yoast-schema-graph\">{\"@context\":\"https:\/\/schema.org\",\"@graph\":[{\"@type\":\"WebPage\",\"@id\":\"https:\/\/www.staayfoodgroup.com\/es\/clientes\/venta-al-por-mayor\/\",\"url\":\"https:\/\/www.staayfoodgroup.com\/es\/clientes\/venta-al-por-mayor\/\",\"name\":\"Venta al por mayor - Staay Food Group\",\"isPartOf\":{\"@id\":\"https:\/\/www.staayfoodgroup.com\/es\/#website\"},\"primaryImageOfPage\":{\"@id\":\"https:\/\/www.staayfoodgroup.com\/es\/clientes\/venta-al-por-mayor\/#primaryimage\"},\"image\":{\"@id\":\"https:\/\/www.staayfoodgroup.com\/es\/clientes\/venta-al-por-mayor\/#primaryimage\"},\"thumbnailUrl\":\"https:\/\/www.staayfoodgroup.com\/wp-content\/uploads\/2022\/09\/Koelcel-lr.jpg\",\"datePublished\":\"2022-07-06T12:10:11+00:00\",\"dateModified\":\"2023-08-22T07:33:10+00:00\",\"description\":\"Venta al por mayor Staay Food Group\",\"breadcrumb\":{\"@id\":\"https:\/\/www.staayfoodgroup.com\/es\/clientes\/venta-al-por-mayor\/#breadcrumb\"},\"inLanguage\":\"es\",\"potentialAction\":[{\"@type\":\"ReadAction\",\"target\":[\"https:\/\/www.staayfoodgroup.com\/es\/clientes\/venta-al-por-mayor\/\"]}]},{\"@type\":\"ImageObject\",\"inLanguage\":\"es\",\"@id\":\"https:\/\/www.staayfoodgroup.com\/es\/clientes\/venta-al-por-mayor\/#primaryimage\",\"url\":\"https:\/\/www.staayfoodgroup.com\/wp-content\/uploads\/2022\/09\/Koelcel-lr.jpg\",\"contentUrl\":\"https:\/\/www.staayfoodgroup.com\/wp-content\/uploads\/2022\/09\/Koelcel-lr.jpg\",\"width\":1772,\"height\":1183},{\"@type\":\"BreadcrumbList\",\"@id\":\"https:\/\/www.staayfoodgroup.com\/es\/clientes\/venta-al-por-mayor\/#breadcrumb\",\"itemListElement\":[{\"@type\":\"ListItem\",\"position\":1,\"name\":\"Home\",\"item\":\"https:\/\/www.staayfoodgroup.com\/es\/\"},{\"@type\":\"ListItem\",\"position\":2,\"name\":\"Clientes\",\"item\":\"https:\/\/www.staayfoodgroup.com\/es\/clientes\/\"},{\"@type\":\"ListItem\",\"position\":3,\"name\":\"Venta al por mayor\"}]},{\"@type\":\"WebSite\",\"@id\":\"https:\/\/www.staayfoodgroup.com\/es\/#website\",\"url\":\"https:\/\/www.staayfoodgroup.com\/es\/\",\"name\":\"Staay Food Group\",\"description\":\"\",\"potentialAction\":[{\"@type\":\"SearchAction\",\"target\":{\"@type\":\"EntryPoint\",\"urlTemplate\":\"https:\/\/www.staayfoodgroup.com\/es\/?s={search_term_string}\"},\"query-input\":{\"@type\":\"PropertyValueSpecification\",\"valueRequired\":true,\"valueName\":\"search_term_string\"}}],\"inLanguage\":\"es\"}]}<\/script>\n<!-- \/ Yoast SEO plugin. -->","yoast_head_json":{"title":"Venta al por mayor - Staay Food Group","description":"Venta al por mayor Staay Food Group","robots":{"index":"index","follow":"follow","max-snippet":"max-snippet:-1","max-image-preview":"max-image-preview:large","max-video-preview":"max-video-preview:-1"},"canonical":"https:\/\/www.staayfoodgroup.com\/es\/clientes\/venta-al-por-mayor\/","og_locale":"es_ES","og_type":"article","og_title":"Venta al por mayor - Staay Food Group","og_description":"Venta al por mayor Staay Food Group","og_url":"https:\/\/www.staayfoodgroup.com\/es\/clientes\/venta-al-por-mayor\/","og_site_name":"Staay Food Group","article_modified_time":"2023-08-22T07:33:10+00:00","og_image":[{"width":1772,"height":1183,"url":"https:\/\/www.staayfoodgroup.com\/wp-content\/uploads\/2022\/09\/Koelcel-lr.jpg","type":"image\/jpeg"}],"twitter_card":"summary_large_image","twitter_misc":{"Tiempo de lectura":"1 minuto"},"schema":{"@context":"https:\/\/schema.org","@graph":[{"@type":"WebPage","@id":"https:\/\/www.staayfoodgroup.com\/es\/clientes\/venta-al-por-mayor\/","url":"https:\/\/www.staayfoodgroup.com\/es\/clientes\/venta-al-por-mayor\/","name":"Venta al por mayor - Staay Food Group","isPartOf":{"@id":"https:\/\/www.staayfoodgroup.com\/es\/#website"},"primaryImageOfPage":{"@id":"https:\/\/www.staayfoodgroup.com\/es\/clientes\/venta-al-por-mayor\/#primaryimage"},"image":{"@id":"https:\/\/www.staayfoodgroup.com\/es\/clientes\/venta-al-por-mayor\/#primaryimage"},"thumbnailUrl":"https:\/\/www.staayfoodgroup.com\/wp-content\/uploads\/2022\/09\/Koelcel-lr.jpg","datePublished":"2022-07-06T12:10:11+00:00","dateModified":"2023-08-22T07:33:10+00:00","description":"Venta al por mayor Staay Food Group","breadcrumb":{"@id":"https:\/\/www.staayfoodgroup.com\/es\/clientes\/venta-al-por-mayor\/#breadcrumb"},"inLanguage":"es","potentialAction":[{"@type":"ReadAction","target":["https:\/\/www.staayfoodgroup.com\/es\/clientes\/venta-al-por-mayor\/"]}]},{"@type":"ImageObject","inLanguage":"es","@id":"https:\/\/www.staayfoodgroup.com\/es\/clientes\/venta-al-por-mayor\/#primaryimage","url":"https:\/\/www.staayfoodgroup.com\/wp-content\/uploads\/2022\/09\/Koelcel-lr.jpg","contentUrl":"https:\/\/www.staayfoodgroup.com\/wp-content\/uploads\/2022\/09\/Koelcel-lr.jpg","width":1772,"height":1183},{"@type":"BreadcrumbList","@id":"https:\/\/www.staayfoodgroup.com\/es\/clientes\/venta-al-por-mayor\/#breadcrumb","itemListElement":[{"@type":"ListItem","position":1,"name":"Home","item":"https:\/\/www.staayfoodgroup.com\/es\/"},{"@type":"ListItem","position":2,"name":"Clientes","item":"https:\/\/www.staayfoodgroup.com\/es\/clientes\/"},{"@type":"ListItem","position":3,"name":"Venta al por mayor"}]},{"@type":"WebSite","@id":"https:\/\/www.staayfoodgroup.com\/es\/#website","url":"https:\/\/www.staayfoodgroup.com\/es\/","name":"Staay Food Group","description":"","potentialAction":[{"@type":"SearchAction","target":{"@type":"EntryPoint","urlTemplate":"https:\/\/www.staayfoodgroup.com\/es\/?s={search_term_string}"},"query-input":{"@type":"PropertyValueSpecification","valueRequired":true,"valueName":"search_term_string"}}],"inLanguage":"es"}]}},"_links":{"self":[{"href":"https:\/\/www.staayfoodgroup.com\/es\/wp-json\/wp\/v2\/pages\/5147","targetHints":{"allow":["GET"]}}],"collection":[{"href":"https:\/\/www.staayfoodgroup.com\/es\/wp-json\/wp\/v2\/pages"}],"about":[{"href":"https:\/\/www.staayfoodgroup.com\/es\/wp-json\/wp\/v2\/types\/page"}],"author":[{"embeddable":true,"href":"https:\/\/www.staayfoodgroup.com\/es\/wp-json\/wp\/v2\/users\/10"}],"replies":[{"embeddable":true,"href":"https:\/\/www.staayfoodgroup.com\/es\/wp-json\/wp\/v2\/comments?post=5147"}],"version-history":[{"count":2,"href":"https:\/\/www.staayfoodgroup.com\/es\/wp-json\/wp\/v2\/pages\/5147\/revisions"}],"predecessor-version":[{"id":7554,"href":"https:\/\/www.staayfoodgroup.com\/es\/wp-json\/wp\/v2\/pages\/5147\/revisions\/7554"}],"up":[{"embeddable":true,"href":"https:\/\/www.staayfoodgroup.com\/es\/wp-json\/wp\/v2\/pages\/5162"}],"wp:featuredmedia":[{"embeddable":true,"href":"https:\/\/www.staayfoodgroup.com\/es\/wp-json\/wp\/v2\/media\/3421"}],"wp:attachment":[{"href":"https:\/\/www.staayfoodgroup.com\/es\/wp-json\/wp\/v2\/media?parent=5147"}],"curies":[{"name":"wp","href":"https:\/\/api.w.org\/{rel}","templated":true}]}}