{"id":5152,"date":"2022-06-22T08:41:00","date_gmt":"2022-06-22T07:41:00","guid":{"rendered":"http:\/\/www.staayfoodgroup.com\/sostenibilidad\/"},"modified":"2024-12-10T14:14:16","modified_gmt":"2024-12-10T13:14:16","slug":"sostenibilidad","status":"publish","type":"page","link":"https:\/\/www.staayfoodgroup.com\/es\/sostenibilidad\/","title":{"rendered":"Sostenibilidad"},"content":{"rendered":"<p>El Staay Food Group contribuye a un mundo sosteniblemente mejor y m\u00e1s sano en numerosos \u00e1mbitos. Cada d\u00eda nos fijamos en lo que podemos mejorar y en lo que nos pide el mundo que nos rodea. As\u00ed trabajamos por una vida m\u00e1s sana con una disponibilidad \u00f3ptima de alimentos sanos, frescos y seguros.<\/p>\n<p>A continuaci\u00f3n, se enumeran algunas de las medidas que hemos adoptado, desglosadas en nuestros tres pilares estrat\u00e9gicos de sostenabilidad.<\/p>\n","protected":false},"excerpt":{"rendered":"El Staay Food Group contribuye a un mundo sosteniblemente mejor y m\u00e1s sano en numerosos \u00e1mbitos. Cada d\u00eda nos fijamos en lo que podemos mejorar y en lo que nos pide el mundo que nos rodea. As\u00ed trabajamos por una vida m\u00e1s sana con una disponibilidad \u00f3ptima de alimentos sanos, frescos y seguros. A continuaci\u00f3n, [&hellip;]","protected":false},"author":10,"featured_media":0,"parent":0,"menu_order":0,"comment_status":"closed","ping_status":"closed","template":"","meta":{"_acf_changed":false,"inline_featured_image":false,"footnotes":""},"class_list":["post-5152","page","type-page","status-publish","hentry"],"acf":[],"yoast_head":"<!-- This site is optimized with the Yoast SEO plugin v27.1.1 - https:\/\/yoast.com\/product\/yoast-seo-wordpress\/ -->\n<title>Sostenibilidad - Staay Food Group<\/title>\n<meta name=\"description\" content=\"Sostenibilidad en el Staay Food Group\" \/>\n<meta name=\"robots\" content=\"index, follow, max-snippet:-1, max-image-preview:large, max-video-preview:-1\" \/>\n<link rel=\"canonical\" href=\"https:\/\/www.staayfoodgroup.com\/es\/sostenibilidad\/\" \/>\n<meta property=\"og:locale\" content=\"es_ES\" \/>\n<meta property=\"og:type\" content=\"article\" \/>\n<meta property=\"og:title\" content=\"Sostenibilidad - Staay Food Group\" \/>\n<meta property=\"og:description\" content=\"Sostenibilidad en el Staay Food Group\" \/>\n<meta property=\"og:url\" content=\"https:\/\/www.staayfoodgroup.com\/es\/sostenibilidad\/\" \/>\n<meta property=\"og:site_name\" content=\"Staay Food Group\" \/>\n<meta property=\"article:modified_time\" content=\"2024-12-10T13:14:16+00:00\" \/>\n<meta name=\"twitter:card\" content=\"summary_large_image\" \/>\n<meta name=\"twitter:label1\" content=\"Tiempo de lectura\" \/>\n\t<meta name=\"twitter:data1\" content=\"3 minutos\" \/>\n<script type=\"application\/ld+json\" class=\"yoast-schema-graph\">{\"@context\":\"https:\/\/schema.org\",\"@graph\":[{\"@type\":\"WebPage\",\"@id\":\"https:\/\/www.staayfoodgroup.com\/es\/sostenibilidad\/\",\"url\":\"https:\/\/www.staayfoodgroup.com\/es\/sostenibilidad\/\",\"name\":\"Sostenibilidad - Staay Food Group\",\"isPartOf\":{\"@id\":\"https:\/\/www.staayfoodgroup.com\/es\/#website\"},\"datePublished\":\"2022-06-22T07:41:00+00:00\",\"dateModified\":\"2024-12-10T13:14:16+00:00\",\"description\":\"Sostenibilidad en el Staay Food Group\",\"breadcrumb\":{\"@id\":\"https:\/\/www.staayfoodgroup.com\/es\/sostenibilidad\/#breadcrumb\"},\"inLanguage\":\"es\",\"potentialAction\":[{\"@type\":\"ReadAction\",\"target\":[\"https:\/\/www.staayfoodgroup.com\/es\/sostenibilidad\/\"]}]},{\"@type\":\"BreadcrumbList\",\"@id\":\"https:\/\/www.staayfoodgroup.com\/es\/sostenibilidad\/#breadcrumb\",\"itemListElement\":[{\"@type\":\"ListItem\",\"position\":1,\"name\":\"Home\",\"item\":\"https:\/\/www.staayfoodgroup.com\/es\/\"},{\"@type\":\"ListItem\",\"position\":2,\"name\":\"Sostenibilidad\"}]},{\"@type\":\"WebSite\",\"@id\":\"https:\/\/www.staayfoodgroup.com\/es\/#website\",\"url\":\"https:\/\/www.staayfoodgroup.com\/es\/\",\"name\":\"Staay Food Group\",\"description\":\"\",\"potentialAction\":[{\"@type\":\"SearchAction\",\"target\":{\"@type\":\"EntryPoint\",\"urlTemplate\":\"https:\/\/www.staayfoodgroup.com\/es\/?s={search_term_string}\"},\"query-input\":{\"@type\":\"PropertyValueSpecification\",\"valueRequired\":true,\"valueName\":\"search_term_string\"}}],\"inLanguage\":\"es\"}]}<\/script>\n<!-- \/ Yoast SEO plugin. -->","yoast_head_json":{"title":"Sostenibilidad - Staay Food Group","description":"Sostenibilidad en el Staay Food Group","robots":{"index":"index","follow":"follow","max-snippet":"max-snippet:-1","max-image-preview":"max-image-preview:large","max-video-preview":"max-video-preview:-1"},"canonical":"https:\/\/www.staayfoodgroup.com\/es\/sostenibilidad\/","og_locale":"es_ES","og_type":"article","og_title":"Sostenibilidad - Staay Food Group","og_description":"Sostenibilidad en el Staay Food Group","og_url":"https:\/\/www.staayfoodgroup.com\/es\/sostenibilidad\/","og_site_name":"Staay Food Group","article_modified_time":"2024-12-10T13:14:16+00:00","twitter_card":"summary_large_image","twitter_misc":{"Tiempo de lectura":"3 minutos"},"schema":{"@context":"https:\/\/schema.org","@graph":[{"@type":"WebPage","@id":"https:\/\/www.staayfoodgroup.com\/es\/sostenibilidad\/","url":"https:\/\/www.staayfoodgroup.com\/es\/sostenibilidad\/","name":"Sostenibilidad - Staay Food Group","isPartOf":{"@id":"https:\/\/www.staayfoodgroup.com\/es\/#website"},"datePublished":"2022-06-22T07:41:00+00:00","dateModified":"2024-12-10T13:14:16+00:00","description":"Sostenibilidad en el Staay Food Group","breadcrumb":{"@id":"https:\/\/www.staayfoodgroup.com\/es\/sostenibilidad\/#breadcrumb"},"inLanguage":"es","potentialAction":[{"@type":"ReadAction","target":["https:\/\/www.staayfoodgroup.com\/es\/sostenibilidad\/"]}]},{"@type":"BreadcrumbList","@id":"https:\/\/www.staayfoodgroup.com\/es\/sostenibilidad\/#breadcrumb","itemListElement":[{"@type":"ListItem","position":1,"name":"Home","item":"https:\/\/www.staayfoodgroup.com\/es\/"},{"@type":"ListItem","position":2,"name":"Sostenibilidad"}]},{"@type":"WebSite","@id":"https:\/\/www.staayfoodgroup.com\/es\/#website","url":"https:\/\/www.staayfoodgroup.com\/es\/","name":"Staay Food Group","description":"","potentialAction":[{"@type":"SearchAction","target":{"@type":"EntryPoint","urlTemplate":"https:\/\/www.staayfoodgroup.com\/es\/?s={search_term_string}"},"query-input":{"@type":"PropertyValueSpecification","valueRequired":true,"valueName":"search_term_string"}}],"inLanguage":"es"}]}},"_links":{"self":[{"href":"https:\/\/www.staayfoodgroup.com\/es\/wp-json\/wp\/v2\/pages\/5152","targetHints":{"allow":["GET"]}}],"collection":[{"href":"https:\/\/www.staayfoodgroup.com\/es\/wp-json\/wp\/v2\/pages"}],"about":[{"href":"https:\/\/www.staayfoodgroup.com\/es\/wp-json\/wp\/v2\/types\/page"}],"author":[{"embeddable":true,"href":"https:\/\/www.staayfoodgroup.com\/es\/wp-json\/wp\/v2\/users\/10"}],"replies":[{"embeddable":true,"href":"https:\/\/www.staayfoodgroup.com\/es\/wp-json\/wp\/v2\/comments?post=5152"}],"version-history":[{"count":6,"href":"https:\/\/www.staayfoodgroup.com\/es\/wp-json\/wp\/v2\/pages\/5152\/revisions"}],"predecessor-version":[{"id":12292,"href":"https:\/\/www.staayfoodgroup.com\/es\/wp-json\/wp\/v2\/pages\/5152\/revisions\/12292"}],"wp:attachment":[{"href":"https:\/\/www.staayfoodgroup.com\/es\/wp-json\/wp\/v2\/media?parent=5152"}],"curies":[{"name":"wp","href":"https:\/\/api.w.org\/{rel}","templated":true}]}}