{"id":5163,"date":"2022-06-22T09:32:26","date_gmt":"2022-06-22T08:32:26","guid":{"rendered":"http:\/\/www.staayfoodgroup.com\/clientes\/restauracion\/"},"modified":"2023-09-05T12:28:18","modified_gmt":"2023-09-05T12:28:18","slug":"restauracion","status":"publish","type":"page","link":"https:\/\/www.staayfoodgroup.com\/es\/clientes\/restauracion\/","title":{"rendered":"Restauraci\u00f3n"},"content":{"rendered":"<p>En la restauraci\u00f3n, la calidad y la personalizaci\u00f3n son fundamentales. La oferta de productos frescos debe ser amplia, profunda, variada y de calidad constante. Staay Venlo ofrece una gama muy amplia de unos 750 productos durante todo el a\u00f1o y hasta 1500 art\u00edculos. Y esta gama completa tambi\u00e9n tiene una alta rotaci\u00f3n. As\u00ed, los tres pilares de Staay: fiable, flexibilidad y velocidad constituyen tambi\u00e9n una buena base para una cooperaci\u00f3n a largo plazo en el segmento de la restauraci\u00f3n.<\/p>\n","protected":false},"excerpt":{"rendered":"En la restauraci\u00f3n, la calidad y la personalizaci\u00f3n son fundamentales. La oferta de productos frescos debe ser amplia, profunda, variada y de calidad constante. Staay Venlo ofrece una gama muy amplia de unos 750 productos durante todo el a\u00f1o y hasta 1500 art\u00edculos. Y esta gama completa tambi\u00e9n tiene una alta rotaci\u00f3n. As\u00ed, los tres [&hellip;]","protected":false},"author":10,"featured_media":3841,"parent":5162,"menu_order":0,"comment_status":"closed","ping_status":"closed","template":"","meta":{"_acf_changed":false,"inline_featured_image":false,"footnotes":""},"class_list":["post-5163","page","type-page","status-publish","has-post-thumbnail","hentry"],"acf":[],"yoast_head":"<!-- This site is optimized with the Yoast SEO plugin v27.1.1 - https:\/\/yoast.com\/product\/yoast-seo-wordpress\/ -->\n<title>Restauraci\u00f3n - Staay Food Group<\/title>\n<meta name=\"description\" content=\"Restauraci\u00f3n Staay Food Group\" \/>\n<meta name=\"robots\" content=\"index, follow, max-snippet:-1, max-image-preview:large, max-video-preview:-1\" \/>\n<link rel=\"canonical\" href=\"https:\/\/www.staayfoodgroup.com\/es\/clientes\/restauracion\/\" \/>\n<meta property=\"og:locale\" content=\"es_ES\" \/>\n<meta property=\"og:type\" content=\"article\" \/>\n<meta property=\"og:title\" content=\"Restauraci\u00f3n - Staay Food Group\" \/>\n<meta property=\"og:description\" content=\"Restauraci\u00f3n Staay Food Group\" \/>\n<meta property=\"og:url\" content=\"https:\/\/www.staayfoodgroup.com\/es\/clientes\/restauracion\/\" \/>\n<meta property=\"og:site_name\" content=\"Staay Food Group\" \/>\n<meta property=\"article:modified_time\" content=\"2023-09-05T12:28:18+00:00\" \/>\n<meta property=\"og:image\" content=\"https:\/\/www.staayfoodgroup.com\/wp-content\/uploads\/2022\/10\/male-chef-with-apron-chopping-vegetables.jpg\" \/>\n\t<meta property=\"og:image:width\" content=\"2000\" \/>\n\t<meta property=\"og:image:height\" content=\"1125\" \/>\n\t<meta property=\"og:image:type\" content=\"image\/jpeg\" \/>\n<meta name=\"twitter:card\" content=\"summary_large_image\" \/>\n<meta name=\"twitter:label1\" content=\"Tiempo de lectura\" \/>\n\t<meta name=\"twitter:data1\" content=\"1 minuto\" \/>\n<script type=\"application\/ld+json\" class=\"yoast-schema-graph\">{\"@context\":\"https:\/\/schema.org\",\"@graph\":[{\"@type\":\"WebPage\",\"@id\":\"https:\/\/www.staayfoodgroup.com\/es\/clientes\/restauracion\/\",\"url\":\"https:\/\/www.staayfoodgroup.com\/es\/clientes\/restauracion\/\",\"name\":\"Restauraci\u00f3n - Staay Food Group\",\"isPartOf\":{\"@id\":\"https:\/\/www.staayfoodgroup.com\/es\/#website\"},\"primaryImageOfPage\":{\"@id\":\"https:\/\/www.staayfoodgroup.com\/es\/clientes\/restauracion\/#primaryimage\"},\"image\":{\"@id\":\"https:\/\/www.staayfoodgroup.com\/es\/clientes\/restauracion\/#primaryimage\"},\"thumbnailUrl\":\"https:\/\/www.staayfoodgroup.com\/wp-content\/uploads\/2022\/10\/male-chef-with-apron-chopping-vegetables.jpg\",\"datePublished\":\"2022-06-22T08:32:26+00:00\",\"dateModified\":\"2023-09-05T12:28:18+00:00\",\"description\":\"Restauraci\u00f3n Staay Food Group\",\"breadcrumb\":{\"@id\":\"https:\/\/www.staayfoodgroup.com\/es\/clientes\/restauracion\/#breadcrumb\"},\"inLanguage\":\"es\",\"potentialAction\":[{\"@type\":\"ReadAction\",\"target\":[\"https:\/\/www.staayfoodgroup.com\/es\/clientes\/restauracion\/\"]}]},{\"@type\":\"ImageObject\",\"inLanguage\":\"es\",\"@id\":\"https:\/\/www.staayfoodgroup.com\/es\/clientes\/restauracion\/#primaryimage\",\"url\":\"https:\/\/www.staayfoodgroup.com\/wp-content\/uploads\/2022\/10\/male-chef-with-apron-chopping-vegetables.jpg\",\"contentUrl\":\"https:\/\/www.staayfoodgroup.com\/wp-content\/uploads\/2022\/10\/male-chef-with-apron-chopping-vegetables.jpg\",\"width\":2000,\"height\":1125},{\"@type\":\"BreadcrumbList\",\"@id\":\"https:\/\/www.staayfoodgroup.com\/es\/clientes\/restauracion\/#breadcrumb\",\"itemListElement\":[{\"@type\":\"ListItem\",\"position\":1,\"name\":\"Home\",\"item\":\"https:\/\/www.staayfoodgroup.com\/es\/\"},{\"@type\":\"ListItem\",\"position\":2,\"name\":\"Clientes\",\"item\":\"https:\/\/www.staayfoodgroup.com\/es\/clientes\/\"},{\"@type\":\"ListItem\",\"position\":3,\"name\":\"Restauraci\u00f3n\"}]},{\"@type\":\"WebSite\",\"@id\":\"https:\/\/www.staayfoodgroup.com\/es\/#website\",\"url\":\"https:\/\/www.staayfoodgroup.com\/es\/\",\"name\":\"Staay Food Group\",\"description\":\"\",\"potentialAction\":[{\"@type\":\"SearchAction\",\"target\":{\"@type\":\"EntryPoint\",\"urlTemplate\":\"https:\/\/www.staayfoodgroup.com\/es\/?s={search_term_string}\"},\"query-input\":{\"@type\":\"PropertyValueSpecification\",\"valueRequired\":true,\"valueName\":\"search_term_string\"}}],\"inLanguage\":\"es\"}]}<\/script>\n<!-- \/ Yoast SEO plugin. -->","yoast_head_json":{"title":"Restauraci\u00f3n - Staay Food Group","description":"Restauraci\u00f3n Staay Food Group","robots":{"index":"index","follow":"follow","max-snippet":"max-snippet:-1","max-image-preview":"max-image-preview:large","max-video-preview":"max-video-preview:-1"},"canonical":"https:\/\/www.staayfoodgroup.com\/es\/clientes\/restauracion\/","og_locale":"es_ES","og_type":"article","og_title":"Restauraci\u00f3n - Staay Food Group","og_description":"Restauraci\u00f3n Staay Food Group","og_url":"https:\/\/www.staayfoodgroup.com\/es\/clientes\/restauracion\/","og_site_name":"Staay Food Group","article_modified_time":"2023-09-05T12:28:18+00:00","og_image":[{"width":2000,"height":1125,"url":"https:\/\/www.staayfoodgroup.com\/wp-content\/uploads\/2022\/10\/male-chef-with-apron-chopping-vegetables.jpg","type":"image\/jpeg"}],"twitter_card":"summary_large_image","twitter_misc":{"Tiempo de lectura":"1 minuto"},"schema":{"@context":"https:\/\/schema.org","@graph":[{"@type":"WebPage","@id":"https:\/\/www.staayfoodgroup.com\/es\/clientes\/restauracion\/","url":"https:\/\/www.staayfoodgroup.com\/es\/clientes\/restauracion\/","name":"Restauraci\u00f3n - Staay Food Group","isPartOf":{"@id":"https:\/\/www.staayfoodgroup.com\/es\/#website"},"primaryImageOfPage":{"@id":"https:\/\/www.staayfoodgroup.com\/es\/clientes\/restauracion\/#primaryimage"},"image":{"@id":"https:\/\/www.staayfoodgroup.com\/es\/clientes\/restauracion\/#primaryimage"},"thumbnailUrl":"https:\/\/www.staayfoodgroup.com\/wp-content\/uploads\/2022\/10\/male-chef-with-apron-chopping-vegetables.jpg","datePublished":"2022-06-22T08:32:26+00:00","dateModified":"2023-09-05T12:28:18+00:00","description":"Restauraci\u00f3n Staay Food Group","breadcrumb":{"@id":"https:\/\/www.staayfoodgroup.com\/es\/clientes\/restauracion\/#breadcrumb"},"inLanguage":"es","potentialAction":[{"@type":"ReadAction","target":["https:\/\/www.staayfoodgroup.com\/es\/clientes\/restauracion\/"]}]},{"@type":"ImageObject","inLanguage":"es","@id":"https:\/\/www.staayfoodgroup.com\/es\/clientes\/restauracion\/#primaryimage","url":"https:\/\/www.staayfoodgroup.com\/wp-content\/uploads\/2022\/10\/male-chef-with-apron-chopping-vegetables.jpg","contentUrl":"https:\/\/www.staayfoodgroup.com\/wp-content\/uploads\/2022\/10\/male-chef-with-apron-chopping-vegetables.jpg","width":2000,"height":1125},{"@type":"BreadcrumbList","@id":"https:\/\/www.staayfoodgroup.com\/es\/clientes\/restauracion\/#breadcrumb","itemListElement":[{"@type":"ListItem","position":1,"name":"Home","item":"https:\/\/www.staayfoodgroup.com\/es\/"},{"@type":"ListItem","position":2,"name":"Clientes","item":"https:\/\/www.staayfoodgroup.com\/es\/clientes\/"},{"@type":"ListItem","position":3,"name":"Restauraci\u00f3n"}]},{"@type":"WebSite","@id":"https:\/\/www.staayfoodgroup.com\/es\/#website","url":"https:\/\/www.staayfoodgroup.com\/es\/","name":"Staay Food Group","description":"","potentialAction":[{"@type":"SearchAction","target":{"@type":"EntryPoint","urlTemplate":"https:\/\/www.staayfoodgroup.com\/es\/?s={search_term_string}"},"query-input":{"@type":"PropertyValueSpecification","valueRequired":true,"valueName":"search_term_string"}}],"inLanguage":"es"}]}},"_links":{"self":[{"href":"https:\/\/www.staayfoodgroup.com\/es\/wp-json\/wp\/v2\/pages\/5163","targetHints":{"allow":["GET"]}}],"collection":[{"href":"https:\/\/www.staayfoodgroup.com\/es\/wp-json\/wp\/v2\/pages"}],"about":[{"href":"https:\/\/www.staayfoodgroup.com\/es\/wp-json\/wp\/v2\/types\/page"}],"author":[{"embeddable":true,"href":"https:\/\/www.staayfoodgroup.com\/es\/wp-json\/wp\/v2\/users\/10"}],"replies":[{"embeddable":true,"href":"https:\/\/www.staayfoodgroup.com\/es\/wp-json\/wp\/v2\/comments?post=5163"}],"version-history":[{"count":6,"href":"https:\/\/www.staayfoodgroup.com\/es\/wp-json\/wp\/v2\/pages\/5163\/revisions"}],"predecessor-version":[{"id":7805,"href":"https:\/\/www.staayfoodgroup.com\/es\/wp-json\/wp\/v2\/pages\/5163\/revisions\/7805"}],"up":[{"embeddable":true,"href":"https:\/\/www.staayfoodgroup.com\/es\/wp-json\/wp\/v2\/pages\/5162"}],"wp:featuredmedia":[{"embeddable":true,"href":"https:\/\/www.staayfoodgroup.com\/es\/wp-json\/wp\/v2\/media\/3841"}],"wp:attachment":[{"href":"https:\/\/www.staayfoodgroup.com\/es\/wp-json\/wp\/v2\/media?parent=5163"}],"curies":[{"name":"wp","href":"https:\/\/api.w.org\/{rel}","templated":true}]}}