{"id":7572,"date":"2022-06-08T13:29:25","date_gmt":"2022-06-08T13:29:25","guid":{"rendered":"http:\/\/www.staayfoodgroup.com\/descargo-de-responsabilidad\/"},"modified":"2022-06-08T13:29:25","modified_gmt":"2022-06-08T13:29:25","slug":"descargo-de-responsabilidad","status":"publish","type":"page","link":"https:\/\/www.staayfoodgroup.com\/es\/descargo-de-responsabilidad\/","title":{"rendered":"Descargo de responsabilidad"},"content":{"rendered":"<p>El Staay Food Group ha creado esta p\u00e1gina web seg\u00fan su leal saber y entender. Sin embargo, existe la posibilidad de que contenga imprecisiones u omisiones. El Staay Food Group no podr\u00e1 ser considerado responsable de ello. El Staay Food Group tampoco ser\u00e1 responsable de una imposibilidad temporal de consultar esta p\u00e1gina web. El Staay Food Group se reserva el derecho a modificar el contenido de esta p\u00e1gina web sin previo aviso. Todos los derechos de autor, derechos de marca registrada y otros derechos de propiedad intelectual relacionados con (el contenido de) esta p\u00e1gina web y los datos, textos, fotograf\u00edas y otros materiales contenidos en esta pertenecen al Staay Food Group y a sus licenciantes. Sin el consentimiento previo por escrito del Staay Food Group, no estar\u00e1 permitido publicar o reproducir el contenido de esta p\u00e1gina web.<\/p>\n<p>Esta p\u00e1gina web podr\u00eda remitir a p\u00e1ginas web de terceros, por ejemplo, mediante hiperv\u00ednculos. El Staay Food Group no tiene ning\u00fan control sobre dichas p\u00e1ginas web, no ser\u00e1 responsable de su contenido y, por tanto, no aceptar\u00e1 ninguna responsabilidad al respecto.<\/p>\n<p>&nbsp;<\/p>\n","protected":false},"excerpt":{"rendered":"El Staay Food Group ha creado esta p\u00e1gina web seg\u00fan su leal saber y entender. Sin embargo, existe la posibilidad de que contenga imprecisiones u omisiones. El Staay Food Group no podr\u00e1 ser considerado responsable de ello. El Staay Food Group tampoco ser\u00e1 responsable de una imposibilidad temporal de consultar esta p\u00e1gina web. El Staay [&hellip;]","protected":false},"author":10,"featured_media":0,"parent":0,"menu_order":0,"comment_status":"closed","ping_status":"closed","template":"","meta":{"_acf_changed":false,"inline_featured_image":false,"footnotes":""},"class_list":["post-7572","page","type-page","status-publish","hentry"],"acf":[],"yoast_head":"<!-- This site is optimized with the Yoast SEO plugin v27.1.1 - https:\/\/yoast.com\/product\/yoast-seo-wordpress\/ -->\n<title>Descargo de responsabilidad - Staay Food Group<\/title>\n<meta name=\"description\" content=\"Descargo de responsabilidad del Staay Food Group\" \/>\n<meta name=\"robots\" content=\"index, follow, max-snippet:-1, max-image-preview:large, max-video-preview:-1\" \/>\n<link rel=\"canonical\" href=\"https:\/\/www.staayfoodgroup.com\/es\/descargo-de-responsabilidad\/\" \/>\n<meta property=\"og:locale\" content=\"es_ES\" \/>\n<meta property=\"og:type\" content=\"article\" \/>\n<meta property=\"og:title\" content=\"Descargo de responsabilidad - Staay Food Group\" \/>\n<meta property=\"og:description\" content=\"Descargo de responsabilidad del Staay Food Group\" \/>\n<meta property=\"og:url\" content=\"https:\/\/www.staayfoodgroup.com\/es\/descargo-de-responsabilidad\/\" \/>\n<meta property=\"og:site_name\" content=\"Staay Food Group\" \/>\n<meta name=\"twitter:card\" content=\"summary_large_image\" \/>\n<meta name=\"twitter:label1\" content=\"Tiempo de lectura\" \/>\n\t<meta name=\"twitter:data1\" content=\"1 minuto\" \/>\n<script type=\"application\/ld+json\" class=\"yoast-schema-graph\">{\"@context\":\"https:\/\/schema.org\",\"@graph\":[{\"@type\":\"WebPage\",\"@id\":\"https:\/\/www.staayfoodgroup.com\/es\/descargo-de-responsabilidad\/\",\"url\":\"https:\/\/www.staayfoodgroup.com\/es\/descargo-de-responsabilidad\/\",\"name\":\"Descargo de responsabilidad - Staay Food Group\",\"isPartOf\":{\"@id\":\"https:\/\/www.staayfoodgroup.com\/es\/#website\"},\"datePublished\":\"2022-06-08T13:29:25+00:00\",\"description\":\"Descargo de responsabilidad del Staay Food Group\",\"breadcrumb\":{\"@id\":\"https:\/\/www.staayfoodgroup.com\/es\/descargo-de-responsabilidad\/#breadcrumb\"},\"inLanguage\":\"es\",\"potentialAction\":[{\"@type\":\"ReadAction\",\"target\":[\"https:\/\/www.staayfoodgroup.com\/es\/descargo-de-responsabilidad\/\"]}]},{\"@type\":\"BreadcrumbList\",\"@id\":\"https:\/\/www.staayfoodgroup.com\/es\/descargo-de-responsabilidad\/#breadcrumb\",\"itemListElement\":[{\"@type\":\"ListItem\",\"position\":1,\"name\":\"Home\",\"item\":\"https:\/\/www.staayfoodgroup.com\/es\/\"},{\"@type\":\"ListItem\",\"position\":2,\"name\":\"Descargo de responsabilidad\"}]},{\"@type\":\"WebSite\",\"@id\":\"https:\/\/www.staayfoodgroup.com\/es\/#website\",\"url\":\"https:\/\/www.staayfoodgroup.com\/es\/\",\"name\":\"Staay Food Group\",\"description\":\"\",\"potentialAction\":[{\"@type\":\"SearchAction\",\"target\":{\"@type\":\"EntryPoint\",\"urlTemplate\":\"https:\/\/www.staayfoodgroup.com\/es\/?s={search_term_string}\"},\"query-input\":{\"@type\":\"PropertyValueSpecification\",\"valueRequired\":true,\"valueName\":\"search_term_string\"}}],\"inLanguage\":\"es\"}]}<\/script>\n<!-- \/ Yoast SEO plugin. -->","yoast_head_json":{"title":"Descargo de responsabilidad - Staay Food Group","description":"Descargo de responsabilidad del Staay Food Group","robots":{"index":"index","follow":"follow","max-snippet":"max-snippet:-1","max-image-preview":"max-image-preview:large","max-video-preview":"max-video-preview:-1"},"canonical":"https:\/\/www.staayfoodgroup.com\/es\/descargo-de-responsabilidad\/","og_locale":"es_ES","og_type":"article","og_title":"Descargo de responsabilidad - Staay Food Group","og_description":"Descargo de responsabilidad del Staay Food Group","og_url":"https:\/\/www.staayfoodgroup.com\/es\/descargo-de-responsabilidad\/","og_site_name":"Staay Food Group","twitter_card":"summary_large_image","twitter_misc":{"Tiempo de lectura":"1 minuto"},"schema":{"@context":"https:\/\/schema.org","@graph":[{"@type":"WebPage","@id":"https:\/\/www.staayfoodgroup.com\/es\/descargo-de-responsabilidad\/","url":"https:\/\/www.staayfoodgroup.com\/es\/descargo-de-responsabilidad\/","name":"Descargo de responsabilidad - Staay Food Group","isPartOf":{"@id":"https:\/\/www.staayfoodgroup.com\/es\/#website"},"datePublished":"2022-06-08T13:29:25+00:00","description":"Descargo de responsabilidad del Staay Food Group","breadcrumb":{"@id":"https:\/\/www.staayfoodgroup.com\/es\/descargo-de-responsabilidad\/#breadcrumb"},"inLanguage":"es","potentialAction":[{"@type":"ReadAction","target":["https:\/\/www.staayfoodgroup.com\/es\/descargo-de-responsabilidad\/"]}]},{"@type":"BreadcrumbList","@id":"https:\/\/www.staayfoodgroup.com\/es\/descargo-de-responsabilidad\/#breadcrumb","itemListElement":[{"@type":"ListItem","position":1,"name":"Home","item":"https:\/\/www.staayfoodgroup.com\/es\/"},{"@type":"ListItem","position":2,"name":"Descargo de responsabilidad"}]},{"@type":"WebSite","@id":"https:\/\/www.staayfoodgroup.com\/es\/#website","url":"https:\/\/www.staayfoodgroup.com\/es\/","name":"Staay Food Group","description":"","potentialAction":[{"@type":"SearchAction","target":{"@type":"EntryPoint","urlTemplate":"https:\/\/www.staayfoodgroup.com\/es\/?s={search_term_string}"},"query-input":{"@type":"PropertyValueSpecification","valueRequired":true,"valueName":"search_term_string"}}],"inLanguage":"es"}]}},"_links":{"self":[{"href":"https:\/\/www.staayfoodgroup.com\/es\/wp-json\/wp\/v2\/pages\/7572","targetHints":{"allow":["GET"]}}],"collection":[{"href":"https:\/\/www.staayfoodgroup.com\/es\/wp-json\/wp\/v2\/pages"}],"about":[{"href":"https:\/\/www.staayfoodgroup.com\/es\/wp-json\/wp\/v2\/types\/page"}],"author":[{"embeddable":true,"href":"https:\/\/www.staayfoodgroup.com\/es\/wp-json\/wp\/v2\/users\/10"}],"replies":[{"embeddable":true,"href":"https:\/\/www.staayfoodgroup.com\/es\/wp-json\/wp\/v2\/comments?post=7572"}],"version-history":[{"count":0,"href":"https:\/\/www.staayfoodgroup.com\/es\/wp-json\/wp\/v2\/pages\/7572\/revisions"}],"wp:attachment":[{"href":"https:\/\/www.staayfoodgroup.com\/es\/wp-json\/wp\/v2\/media?parent=7572"}],"curies":[{"name":"wp","href":"https:\/\/api.w.org\/{rel}","templated":true}]}}