{"id":12916,"date":"2025-03-26T11:51:51","date_gmt":"2025-03-26T10:51:51","guid":{"rendered":"https:\/\/www.staayfoodgroup.com\/?page_id=12916"},"modified":"2025-10-03T11:20:31","modified_gmt":"2025-10-03T10:20:31","slug":"emplois-vacants-2","status":"publish","type":"page","link":"https:\/\/www.staayfoodgroup.com\/fr\/emplois-vacants-2\/","title":{"rendered":"Emplois vacants"},"content":{"rendered":"<p>Chaque employeur est diff\u00e9rent. Chez Staay, nous appliquons le no-nonsense. Cr\u00e9\u00e9e en 1946 sur le march\u00e9 de gros au c\u0153ur de Rotterdam, l\u2019entreprise est devenue depuis un acteur international dans le domaine des fruits et l\u00e9gumes, avec des ventes annuelles d&rsquo;environ 400 millions d&rsquo;euros.<br \/>\nNotre terrain de jeu a chang\u00e9, mais la mentalit\u00e9 est rest\u00e9e la m\u00eame.<\/p>\n<p>&nbsp;<\/p>\n<h2><a href=\" https:\/\/www.staayfoodgroup.com\/fr\/emplois-vacants\/\">Emplois vacants<\/a><\/h2>\n<p>&nbsp;<\/p>\n","protected":false},"excerpt":{"rendered":"Chaque employeur est diff\u00e9rent. Chez Staay, nous appliquons le no-nonsense. Cr\u00e9\u00e9e en 1946 sur le march\u00e9 de gros au c\u0153ur de Rotterdam, l\u2019entreprise est devenue depuis un acteur international dans le domaine des fruits et l\u00e9gumes, avec des ventes annuelles d&rsquo;environ 400 millions d&rsquo;euros. Notre terrain de jeu a chang\u00e9, mais la mentalit\u00e9 est rest\u00e9e [&hellip;]","protected":false},"author":3,"featured_media":0,"parent":0,"menu_order":0,"comment_status":"closed","ping_status":"closed","template":"","meta":{"_acf_changed":false,"inline_featured_image":false,"footnotes":""},"class_list":["post-12916","page","type-page","status-publish","hentry"],"acf":[],"yoast_head":"<!-- This site is optimized with the Yoast SEO plugin v27.1.1 - https:\/\/yoast.com\/product\/yoast-seo-wordpress\/ -->\n<title>Emplois vacants - Staay Food Group<\/title>\n<meta name=\"robots\" content=\"index, follow, max-snippet:-1, max-image-preview:large, max-video-preview:-1\" \/>\n<link rel=\"canonical\" href=\"https:\/\/www.staayfoodgroup.com\/fr\/emplois-vacants-2\/\" \/>\n<meta property=\"og:locale\" content=\"fr_FR\" \/>\n<meta property=\"og:type\" content=\"article\" \/>\n<meta property=\"og:title\" content=\"Emplois vacants - Staay Food Group\" \/>\n<meta property=\"og:description\" content=\"Chaque employeur est diff\u00e9rent. Chez Staay, nous appliquons le no-nonsense. Cr\u00e9\u00e9e en 1946 sur le march\u00e9 de gros au c\u0153ur de Rotterdam, l\u2019entreprise est devenue depuis un acteur international dans le domaine des fruits et l\u00e9gumes, avec des ventes annuelles d&rsquo;environ 400 millions d&rsquo;euros. Notre terrain de jeu a chang\u00e9, mais la mentalit\u00e9 est rest\u00e9e [&hellip;]\" \/>\n<meta property=\"og:url\" content=\"https:\/\/www.staayfoodgroup.com\/fr\/emplois-vacants-2\/\" \/>\n<meta property=\"og:site_name\" content=\"Staay Food Group\" \/>\n<meta property=\"article:modified_time\" content=\"2025-10-03T10:20:31+00:00\" \/>\n<meta name=\"twitter:card\" content=\"summary_large_image\" \/>\n<meta name=\"twitter:label1\" content=\"Dur\u00e9e de lecture estim\u00e9e\" \/>\n\t<meta name=\"twitter:data1\" content=\"2 minutes\" \/>\n<script type=\"application\/ld+json\" class=\"yoast-schema-graph\">{\"@context\":\"https:\/\/schema.org\",\"@graph\":[{\"@type\":\"WebPage\",\"@id\":\"https:\/\/www.staayfoodgroup.com\/fr\/emplois-vacants-2\/\",\"url\":\"https:\/\/www.staayfoodgroup.com\/fr\/emplois-vacants-2\/\",\"name\":\"Emplois vacants - Staay Food Group\",\"isPartOf\":{\"@id\":\"https:\/\/www.staayfoodgroup.com\/fr\/#website\"},\"datePublished\":\"2025-03-26T10:51:51+00:00\",\"dateModified\":\"2025-10-03T10:20:31+00:00\",\"breadcrumb\":{\"@id\":\"https:\/\/www.staayfoodgroup.com\/fr\/emplois-vacants-2\/#breadcrumb\"},\"inLanguage\":\"fr-FR\",\"potentialAction\":[{\"@type\":\"ReadAction\",\"target\":[\"https:\/\/www.staayfoodgroup.com\/fr\/emplois-vacants-2\/\"]}]},{\"@type\":\"BreadcrumbList\",\"@id\":\"https:\/\/www.staayfoodgroup.com\/fr\/emplois-vacants-2\/#breadcrumb\",\"itemListElement\":[{\"@type\":\"ListItem\",\"position\":1,\"name\":\"Home\",\"item\":\"https:\/\/www.staayfoodgroup.com\/fr\/\"},{\"@type\":\"ListItem\",\"position\":2,\"name\":\"Emplois vacants\"}]},{\"@type\":\"WebSite\",\"@id\":\"https:\/\/www.staayfoodgroup.com\/fr\/#website\",\"url\":\"https:\/\/www.staayfoodgroup.com\/fr\/\",\"name\":\"Staay Food Group\",\"description\":\"\",\"potentialAction\":[{\"@type\":\"SearchAction\",\"target\":{\"@type\":\"EntryPoint\",\"urlTemplate\":\"https:\/\/www.staayfoodgroup.com\/fr\/?s={search_term_string}\"},\"query-input\":{\"@type\":\"PropertyValueSpecification\",\"valueRequired\":true,\"valueName\":\"search_term_string\"}}],\"inLanguage\":\"fr-FR\"}]}<\/script>\n<!-- \/ Yoast SEO plugin. -->","yoast_head_json":{"title":"Emplois vacants - Staay Food Group","robots":{"index":"index","follow":"follow","max-snippet":"max-snippet:-1","max-image-preview":"max-image-preview:large","max-video-preview":"max-video-preview:-1"},"canonical":"https:\/\/www.staayfoodgroup.com\/fr\/emplois-vacants-2\/","og_locale":"fr_FR","og_type":"article","og_title":"Emplois vacants - Staay Food Group","og_description":"Chaque employeur est diff\u00e9rent. Chez Staay, nous appliquons le no-nonsense. Cr\u00e9\u00e9e en 1946 sur le march\u00e9 de gros au c\u0153ur de Rotterdam, l\u2019entreprise est devenue depuis un acteur international dans le domaine des fruits et l\u00e9gumes, avec des ventes annuelles d&rsquo;environ 400 millions d&rsquo;euros. Notre terrain de jeu a chang\u00e9, mais la mentalit\u00e9 est rest\u00e9e [&hellip;]","og_url":"https:\/\/www.staayfoodgroup.com\/fr\/emplois-vacants-2\/","og_site_name":"Staay Food Group","article_modified_time":"2025-10-03T10:20:31+00:00","twitter_card":"summary_large_image","twitter_misc":{"Dur\u00e9e de lecture estim\u00e9e":"2 minutes"},"schema":{"@context":"https:\/\/schema.org","@graph":[{"@type":"WebPage","@id":"https:\/\/www.staayfoodgroup.com\/fr\/emplois-vacants-2\/","url":"https:\/\/www.staayfoodgroup.com\/fr\/emplois-vacants-2\/","name":"Emplois vacants - Staay Food Group","isPartOf":{"@id":"https:\/\/www.staayfoodgroup.com\/fr\/#website"},"datePublished":"2025-03-26T10:51:51+00:00","dateModified":"2025-10-03T10:20:31+00:00","breadcrumb":{"@id":"https:\/\/www.staayfoodgroup.com\/fr\/emplois-vacants-2\/#breadcrumb"},"inLanguage":"fr-FR","potentialAction":[{"@type":"ReadAction","target":["https:\/\/www.staayfoodgroup.com\/fr\/emplois-vacants-2\/"]}]},{"@type":"BreadcrumbList","@id":"https:\/\/www.staayfoodgroup.com\/fr\/emplois-vacants-2\/#breadcrumb","itemListElement":[{"@type":"ListItem","position":1,"name":"Home","item":"https:\/\/www.staayfoodgroup.com\/fr\/"},{"@type":"ListItem","position":2,"name":"Emplois vacants"}]},{"@type":"WebSite","@id":"https:\/\/www.staayfoodgroup.com\/fr\/#website","url":"https:\/\/www.staayfoodgroup.com\/fr\/","name":"Staay Food Group","description":"","potentialAction":[{"@type":"SearchAction","target":{"@type":"EntryPoint","urlTemplate":"https:\/\/www.staayfoodgroup.com\/fr\/?s={search_term_string}"},"query-input":{"@type":"PropertyValueSpecification","valueRequired":true,"valueName":"search_term_string"}}],"inLanguage":"fr-FR"}]}},"_links":{"self":[{"href":"https:\/\/www.staayfoodgroup.com\/fr\/wp-json\/wp\/v2\/pages\/12916","targetHints":{"allow":["GET"]}}],"collection":[{"href":"https:\/\/www.staayfoodgroup.com\/fr\/wp-json\/wp\/v2\/pages"}],"about":[{"href":"https:\/\/www.staayfoodgroup.com\/fr\/wp-json\/wp\/v2\/types\/page"}],"author":[{"embeddable":true,"href":"https:\/\/www.staayfoodgroup.com\/fr\/wp-json\/wp\/v2\/users\/3"}],"replies":[{"embeddable":true,"href":"https:\/\/www.staayfoodgroup.com\/fr\/wp-json\/wp\/v2\/comments?post=12916"}],"version-history":[{"count":3,"href":"https:\/\/www.staayfoodgroup.com\/fr\/wp-json\/wp\/v2\/pages\/12916\/revisions"}],"predecessor-version":[{"id":14694,"href":"https:\/\/www.staayfoodgroup.com\/fr\/wp-json\/wp\/v2\/pages\/12916\/revisions\/14694"}],"wp:attachment":[{"href":"https:\/\/www.staayfoodgroup.com\/fr\/wp-json\/wp\/v2\/media?parent=12916"}],"curies":[{"name":"wp","href":"https:\/\/api.w.org\/{rel}","templated":true}]}}