{"id":5297,"date":"2022-06-12T10:45:11","date_gmt":"2022-06-12T09:45:11","guid":{"rendered":"http:\/\/www.staayfoodgroup.com\/certificats-de-depot\/"},"modified":"2024-02-27T10:45:23","modified_gmt":"2024-02-27T09:45:23","slug":"certificats-de-depot","status":"publish","type":"page","link":"https:\/\/www.staayfoodgroup.com\/fr\/certificats-de-depot\/","title":{"rendered":"Certificats de d\u00e9p\u00f4t"},"content":{"rendered":"<p>La fiabilit\u00e9 est depuis toujours l&rsquo;un de nos piliers. Nous accordons de l&rsquo;importance aux relations durables et \u00e0 long terme. Pour gagner et conserver la confiance de nos partenaires, nous sommes transparents sur notre cha\u00eene d&rsquo;approvisionnement et veillons \u00e0 ce que nos produits soient facilement tra\u00e7ables. Gr\u00e2ce \u00e0 une certification ind\u00e9pendante, nous garantissons que la production et la manipulation de nos fruits et l\u00e9gumes r\u00e9pondent aux normes les plus strictes. Garantie.<\/p>\n<p>Vous pouvez demander notre certification \u00e0 notre d\u00e9partement qualit\u00e9: <a href=\"https:\/\/www.staayfoodgroup.com\/contact\/\">Contact &#8211; Staay Food Group<\/a><\/p>\n","protected":false},"excerpt":{"rendered":"La fiabilit\u00e9 est depuis toujours l&rsquo;un de nos piliers. Nous accordons de l&rsquo;importance aux relations durables et \u00e0 long terme. Pour gagner et conserver la confiance de nos partenaires, nous sommes transparents sur notre cha\u00eene d&rsquo;approvisionnement et veillons \u00e0 ce que nos produits soient facilement tra\u00e7ables. Gr\u00e2ce \u00e0 une certification ind\u00e9pendante, nous garantissons que la [&hellip;]","protected":false},"author":10,"featured_media":3897,"parent":0,"menu_order":0,"comment_status":"closed","ping_status":"closed","template":"template-certificaten-merken.php","meta":{"_acf_changed":false,"inline_featured_image":false,"footnotes":""},"class_list":["post-5297","page","type-page","status-publish","has-post-thumbnail","hentry"],"acf":[],"yoast_head":"<!-- This site is optimized with the Yoast SEO plugin v27.1.1 - https:\/\/yoast.com\/product\/yoast-seo-wordpress\/ -->\n<title>Certificats de d\u00e9p\u00f4t - Staay Food Group<\/title>\n<meta name=\"description\" content=\"Certificats de Staay Food Group\" \/>\n<meta name=\"robots\" content=\"index, follow, max-snippet:-1, max-image-preview:large, max-video-preview:-1\" \/>\n<link rel=\"canonical\" href=\"https:\/\/www.staayfoodgroup.com\/fr\/certificats-de-depot\/\" \/>\n<meta property=\"og:locale\" content=\"fr_FR\" \/>\n<meta property=\"og:type\" content=\"article\" \/>\n<meta property=\"og:title\" content=\"Certificats de d\u00e9p\u00f4t - Staay Food Group\" \/>\n<meta property=\"og:description\" content=\"Certificats de Staay Food Group\" \/>\n<meta property=\"og:url\" content=\"https:\/\/www.staayfoodgroup.com\/fr\/certificats-de-depot\/\" \/>\n<meta property=\"og:site_name\" content=\"Staay Food Group\" \/>\n<meta property=\"article:modified_time\" content=\"2024-02-27T09:45:23+00:00\" \/>\n<meta property=\"og:image\" content=\"https:\/\/www.staayfoodgroup.com\/wp-content\/uploads\/2023\/03\/DSC09751-LR-700x467.jpg\" \/>\n\t<meta property=\"og:image:width\" content=\"700\" \/>\n\t<meta property=\"og:image:height\" content=\"467\" \/>\n\t<meta property=\"og:image:type\" content=\"image\/jpeg\" \/>\n<meta name=\"twitter:card\" content=\"summary_large_image\" \/>\n<meta name=\"twitter:label1\" content=\"Dur\u00e9e de lecture estim\u00e9e\" \/>\n\t<meta name=\"twitter:data1\" content=\"1 minute\" \/>\n<script type=\"application\/ld+json\" class=\"yoast-schema-graph\">{\"@context\":\"https:\/\/schema.org\",\"@graph\":[{\"@type\":\"WebPage\",\"@id\":\"https:\/\/www.staayfoodgroup.com\/fr\/certificats-de-depot\/\",\"url\":\"https:\/\/www.staayfoodgroup.com\/fr\/certificats-de-depot\/\",\"name\":\"Certificats de d\u00e9p\u00f4t - Staay Food Group\",\"isPartOf\":{\"@id\":\"https:\/\/www.staayfoodgroup.com\/fr\/#website\"},\"primaryImageOfPage\":{\"@id\":\"https:\/\/www.staayfoodgroup.com\/fr\/certificats-de-depot\/#primaryimage\"},\"image\":{\"@id\":\"https:\/\/www.staayfoodgroup.com\/fr\/certificats-de-depot\/#primaryimage\"},\"thumbnailUrl\":\"https:\/\/www.staayfoodgroup.com\/wp-content\/uploads\/2023\/03\/DSC09751-LR-scaled.jpg\",\"datePublished\":\"2022-06-12T09:45:11+00:00\",\"dateModified\":\"2024-02-27T09:45:23+00:00\",\"description\":\"Certificats de Staay Food Group\",\"breadcrumb\":{\"@id\":\"https:\/\/www.staayfoodgroup.com\/fr\/certificats-de-depot\/#breadcrumb\"},\"inLanguage\":\"fr-FR\",\"potentialAction\":[{\"@type\":\"ReadAction\",\"target\":[\"https:\/\/www.staayfoodgroup.com\/fr\/certificats-de-depot\/\"]}]},{\"@type\":\"ImageObject\",\"inLanguage\":\"fr-FR\",\"@id\":\"https:\/\/www.staayfoodgroup.com\/fr\/certificats-de-depot\/#primaryimage\",\"url\":\"https:\/\/www.staayfoodgroup.com\/wp-content\/uploads\/2023\/03\/DSC09751-LR-scaled.jpg\",\"contentUrl\":\"https:\/\/www.staayfoodgroup.com\/wp-content\/uploads\/2023\/03\/DSC09751-LR-scaled.jpg\",\"width\":2560,\"height\":1708},{\"@type\":\"BreadcrumbList\",\"@id\":\"https:\/\/www.staayfoodgroup.com\/fr\/certificats-de-depot\/#breadcrumb\",\"itemListElement\":[{\"@type\":\"ListItem\",\"position\":1,\"name\":\"Home\",\"item\":\"https:\/\/www.staayfoodgroup.com\/fr\/\"},{\"@type\":\"ListItem\",\"position\":2,\"name\":\"Certificats de d\u00e9p\u00f4t\"}]},{\"@type\":\"WebSite\",\"@id\":\"https:\/\/www.staayfoodgroup.com\/fr\/#website\",\"url\":\"https:\/\/www.staayfoodgroup.com\/fr\/\",\"name\":\"Staay Food Group\",\"description\":\"\",\"potentialAction\":[{\"@type\":\"SearchAction\",\"target\":{\"@type\":\"EntryPoint\",\"urlTemplate\":\"https:\/\/www.staayfoodgroup.com\/fr\/?s={search_term_string}\"},\"query-input\":{\"@type\":\"PropertyValueSpecification\",\"valueRequired\":true,\"valueName\":\"search_term_string\"}}],\"inLanguage\":\"fr-FR\"}]}<\/script>\n<!-- \/ Yoast SEO plugin. -->","yoast_head_json":{"title":"Certificats de d\u00e9p\u00f4t - Staay Food Group","description":"Certificats de Staay Food Group","robots":{"index":"index","follow":"follow","max-snippet":"max-snippet:-1","max-image-preview":"max-image-preview:large","max-video-preview":"max-video-preview:-1"},"canonical":"https:\/\/www.staayfoodgroup.com\/fr\/certificats-de-depot\/","og_locale":"fr_FR","og_type":"article","og_title":"Certificats de d\u00e9p\u00f4t - Staay Food Group","og_description":"Certificats de Staay Food Group","og_url":"https:\/\/www.staayfoodgroup.com\/fr\/certificats-de-depot\/","og_site_name":"Staay Food Group","article_modified_time":"2024-02-27T09:45:23+00:00","og_image":[{"width":700,"height":467,"url":"https:\/\/www.staayfoodgroup.com\/wp-content\/uploads\/2023\/03\/DSC09751-LR-700x467.jpg","type":"image\/jpeg"}],"twitter_card":"summary_large_image","twitter_misc":{"Dur\u00e9e de lecture estim\u00e9e":"1 minute"},"schema":{"@context":"https:\/\/schema.org","@graph":[{"@type":"WebPage","@id":"https:\/\/www.staayfoodgroup.com\/fr\/certificats-de-depot\/","url":"https:\/\/www.staayfoodgroup.com\/fr\/certificats-de-depot\/","name":"Certificats de d\u00e9p\u00f4t - Staay Food Group","isPartOf":{"@id":"https:\/\/www.staayfoodgroup.com\/fr\/#website"},"primaryImageOfPage":{"@id":"https:\/\/www.staayfoodgroup.com\/fr\/certificats-de-depot\/#primaryimage"},"image":{"@id":"https:\/\/www.staayfoodgroup.com\/fr\/certificats-de-depot\/#primaryimage"},"thumbnailUrl":"https:\/\/www.staayfoodgroup.com\/wp-content\/uploads\/2023\/03\/DSC09751-LR-scaled.jpg","datePublished":"2022-06-12T09:45:11+00:00","dateModified":"2024-02-27T09:45:23+00:00","description":"Certificats de Staay Food Group","breadcrumb":{"@id":"https:\/\/www.staayfoodgroup.com\/fr\/certificats-de-depot\/#breadcrumb"},"inLanguage":"fr-FR","potentialAction":[{"@type":"ReadAction","target":["https:\/\/www.staayfoodgroup.com\/fr\/certificats-de-depot\/"]}]},{"@type":"ImageObject","inLanguage":"fr-FR","@id":"https:\/\/www.staayfoodgroup.com\/fr\/certificats-de-depot\/#primaryimage","url":"https:\/\/www.staayfoodgroup.com\/wp-content\/uploads\/2023\/03\/DSC09751-LR-scaled.jpg","contentUrl":"https:\/\/www.staayfoodgroup.com\/wp-content\/uploads\/2023\/03\/DSC09751-LR-scaled.jpg","width":2560,"height":1708},{"@type":"BreadcrumbList","@id":"https:\/\/www.staayfoodgroup.com\/fr\/certificats-de-depot\/#breadcrumb","itemListElement":[{"@type":"ListItem","position":1,"name":"Home","item":"https:\/\/www.staayfoodgroup.com\/fr\/"},{"@type":"ListItem","position":2,"name":"Certificats de d\u00e9p\u00f4t"}]},{"@type":"WebSite","@id":"https:\/\/www.staayfoodgroup.com\/fr\/#website","url":"https:\/\/www.staayfoodgroup.com\/fr\/","name":"Staay Food Group","description":"","potentialAction":[{"@type":"SearchAction","target":{"@type":"EntryPoint","urlTemplate":"https:\/\/www.staayfoodgroup.com\/fr\/?s={search_term_string}"},"query-input":{"@type":"PropertyValueSpecification","valueRequired":true,"valueName":"search_term_string"}}],"inLanguage":"fr-FR"}]}},"_links":{"self":[{"href":"https:\/\/www.staayfoodgroup.com\/fr\/wp-json\/wp\/v2\/pages\/5297","targetHints":{"allow":["GET"]}}],"collection":[{"href":"https:\/\/www.staayfoodgroup.com\/fr\/wp-json\/wp\/v2\/pages"}],"about":[{"href":"https:\/\/www.staayfoodgroup.com\/fr\/wp-json\/wp\/v2\/types\/page"}],"author":[{"embeddable":true,"href":"https:\/\/www.staayfoodgroup.com\/fr\/wp-json\/wp\/v2\/users\/10"}],"replies":[{"embeddable":true,"href":"https:\/\/www.staayfoodgroup.com\/fr\/wp-json\/wp\/v2\/comments?post=5297"}],"version-history":[{"count":3,"href":"https:\/\/www.staayfoodgroup.com\/fr\/wp-json\/wp\/v2\/pages\/5297\/revisions"}],"predecessor-version":[{"id":9785,"href":"https:\/\/www.staayfoodgroup.com\/fr\/wp-json\/wp\/v2\/pages\/5297\/revisions\/9785"}],"wp:featuredmedia":[{"embeddable":true,"href":"https:\/\/www.staayfoodgroup.com\/fr\/wp-json\/wp\/v2\/media\/3897"}],"wp:attachment":[{"href":"https:\/\/www.staayfoodgroup.com\/fr\/wp-json\/wp\/v2\/media?parent=5297"}],"curies":[{"name":"wp","href":"https:\/\/api.w.org\/{rel}","templated":true}]}}