{"id":5301,"date":"2022-06-22T10:42:12","date_gmt":"2022-06-22T10:42:12","guid":{"rendered":"http:\/\/www.staayfoodgroup.com\/apercu-des-produits\/"},"modified":"2023-09-12T07:56:07","modified_gmt":"2023-09-12T07:56:07","slug":"apercu-des-produits","status":"publish","type":"page","link":"https:\/\/www.staayfoodgroup.com\/fr\/apercu-des-produits\/","title":{"rendered":"Aper\u00e7u des produits"},"content":{"rendered":"<p>Staay fournit une gamme tr\u00e8s compl\u00e8te de fruits et l\u00e9gumes frais, en provenance directe du producteur. Au total, notre gamme comprend plus de 1 500 produits. Nous sommes sp\u00e9cialis\u00e9s dans les ananas, les melons, les fruits \u00e0 noyaux, les fruits durs et les l\u00e9gumes-feuilles.<\/p>\n<p>Les fraises, les choux-fleurs, les oignons de printemps, les brocolis, les agrumes, les courgettes, les concombres, les haricots verts et les tomates constituent \u00e9galement une part importante de notre expertise.<\/p>\n","protected":false},"excerpt":{"rendered":"Staay fournit une gamme tr\u00e8s compl\u00e8te de fruits et l\u00e9gumes frais, en provenance directe du producteur. Au total, notre gamme comprend plus de 1 500 produits. Nous sommes sp\u00e9cialis\u00e9s dans les ananas, les melons, les fruits \u00e0 noyaux, les fruits durs et les l\u00e9gumes-feuilles. Les fraises, les choux-fleurs, les oignons de printemps, les brocolis, les [&hellip;]","protected":false},"author":10,"featured_media":0,"parent":0,"menu_order":0,"comment_status":"closed","ping_status":"closed","template":"template-producten.php","meta":{"_acf_changed":false,"inline_featured_image":false,"footnotes":""},"class_list":["post-5301","page","type-page","status-publish","hentry"],"acf":[],"yoast_head":"<!-- This site is optimized with the Yoast SEO plugin v27.1.1 - https:\/\/yoast.com\/product\/yoast-seo-wordpress\/ -->\n<title>Aper\u00e7u des produits - Staay Food Group<\/title>\n<meta name=\"robots\" content=\"index, follow, max-snippet:-1, max-image-preview:large, max-video-preview:-1\" \/>\n<link rel=\"canonical\" href=\"https:\/\/www.staayfoodgroup.com\/fr\/apercu-des-produits\/\" \/>\n<meta property=\"og:locale\" content=\"fr_FR\" \/>\n<meta property=\"og:type\" content=\"article\" \/>\n<meta property=\"og:title\" content=\"Aper\u00e7u des produits - Staay Food Group\" \/>\n<meta property=\"og:description\" content=\"Staay fournit une gamme tr\u00e8s compl\u00e8te de fruits et l\u00e9gumes frais, en provenance directe du producteur. Au total, notre gamme comprend plus de 1 500 produits. Nous sommes sp\u00e9cialis\u00e9s dans les ananas, les melons, les fruits \u00e0 noyaux, les fruits durs et les l\u00e9gumes-feuilles. Les fraises, les choux-fleurs, les oignons de printemps, les brocolis, les [&hellip;]\" \/>\n<meta property=\"og:url\" content=\"https:\/\/www.staayfoodgroup.com\/fr\/apercu-des-produits\/\" \/>\n<meta property=\"og:site_name\" content=\"Staay Food Group\" \/>\n<meta property=\"article:modified_time\" content=\"2023-09-12T07:56:07+00:00\" \/>\n<meta name=\"twitter:card\" content=\"summary_large_image\" \/>\n<meta name=\"twitter:label1\" content=\"Dur\u00e9e de lecture estim\u00e9e\" \/>\n\t<meta name=\"twitter:data1\" content=\"1 minute\" \/>\n<script type=\"application\/ld+json\" class=\"yoast-schema-graph\">{\"@context\":\"https:\/\/schema.org\",\"@graph\":[{\"@type\":\"WebPage\",\"@id\":\"https:\/\/www.staayfoodgroup.com\/fr\/apercu-des-produits\/\",\"url\":\"https:\/\/www.staayfoodgroup.com\/fr\/apercu-des-produits\/\",\"name\":\"Aper\u00e7u des produits - Staay Food Group\",\"isPartOf\":{\"@id\":\"https:\/\/www.staayfoodgroup.com\/fr\/#website\"},\"datePublished\":\"2022-06-22T10:42:12+00:00\",\"dateModified\":\"2023-09-12T07:56:07+00:00\",\"breadcrumb\":{\"@id\":\"https:\/\/www.staayfoodgroup.com\/fr\/apercu-des-produits\/#breadcrumb\"},\"inLanguage\":\"fr-FR\",\"potentialAction\":[{\"@type\":\"ReadAction\",\"target\":[\"https:\/\/www.staayfoodgroup.com\/fr\/apercu-des-produits\/\"]}]},{\"@type\":\"BreadcrumbList\",\"@id\":\"https:\/\/www.staayfoodgroup.com\/fr\/apercu-des-produits\/#breadcrumb\",\"itemListElement\":[{\"@type\":\"ListItem\",\"position\":1,\"name\":\"Home\",\"item\":\"https:\/\/www.staayfoodgroup.com\/fr\/\"},{\"@type\":\"ListItem\",\"position\":2,\"name\":\"Aper\u00e7u des produits\"}]},{\"@type\":\"WebSite\",\"@id\":\"https:\/\/www.staayfoodgroup.com\/fr\/#website\",\"url\":\"https:\/\/www.staayfoodgroup.com\/fr\/\",\"name\":\"Staay Food Group\",\"description\":\"\",\"potentialAction\":[{\"@type\":\"SearchAction\",\"target\":{\"@type\":\"EntryPoint\",\"urlTemplate\":\"https:\/\/www.staayfoodgroup.com\/fr\/?s={search_term_string}\"},\"query-input\":{\"@type\":\"PropertyValueSpecification\",\"valueRequired\":true,\"valueName\":\"search_term_string\"}}],\"inLanguage\":\"fr-FR\"}]}<\/script>\n<!-- \/ Yoast SEO plugin. -->","yoast_head_json":{"title":"Aper\u00e7u des produits - Staay Food Group","robots":{"index":"index","follow":"follow","max-snippet":"max-snippet:-1","max-image-preview":"max-image-preview:large","max-video-preview":"max-video-preview:-1"},"canonical":"https:\/\/www.staayfoodgroup.com\/fr\/apercu-des-produits\/","og_locale":"fr_FR","og_type":"article","og_title":"Aper\u00e7u des produits - Staay Food Group","og_description":"Staay fournit une gamme tr\u00e8s compl\u00e8te de fruits et l\u00e9gumes frais, en provenance directe du producteur. Au total, notre gamme comprend plus de 1 500 produits. Nous sommes sp\u00e9cialis\u00e9s dans les ananas, les melons, les fruits \u00e0 noyaux, les fruits durs et les l\u00e9gumes-feuilles. Les fraises, les choux-fleurs, les oignons de printemps, les brocolis, les [&hellip;]","og_url":"https:\/\/www.staayfoodgroup.com\/fr\/apercu-des-produits\/","og_site_name":"Staay Food Group","article_modified_time":"2023-09-12T07:56:07+00:00","twitter_card":"summary_large_image","twitter_misc":{"Dur\u00e9e de lecture estim\u00e9e":"1 minute"},"schema":{"@context":"https:\/\/schema.org","@graph":[{"@type":"WebPage","@id":"https:\/\/www.staayfoodgroup.com\/fr\/apercu-des-produits\/","url":"https:\/\/www.staayfoodgroup.com\/fr\/apercu-des-produits\/","name":"Aper\u00e7u des produits - Staay Food Group","isPartOf":{"@id":"https:\/\/www.staayfoodgroup.com\/fr\/#website"},"datePublished":"2022-06-22T10:42:12+00:00","dateModified":"2023-09-12T07:56:07+00:00","breadcrumb":{"@id":"https:\/\/www.staayfoodgroup.com\/fr\/apercu-des-produits\/#breadcrumb"},"inLanguage":"fr-FR","potentialAction":[{"@type":"ReadAction","target":["https:\/\/www.staayfoodgroup.com\/fr\/apercu-des-produits\/"]}]},{"@type":"BreadcrumbList","@id":"https:\/\/www.staayfoodgroup.com\/fr\/apercu-des-produits\/#breadcrumb","itemListElement":[{"@type":"ListItem","position":1,"name":"Home","item":"https:\/\/www.staayfoodgroup.com\/fr\/"},{"@type":"ListItem","position":2,"name":"Aper\u00e7u des produits"}]},{"@type":"WebSite","@id":"https:\/\/www.staayfoodgroup.com\/fr\/#website","url":"https:\/\/www.staayfoodgroup.com\/fr\/","name":"Staay Food Group","description":"","potentialAction":[{"@type":"SearchAction","target":{"@type":"EntryPoint","urlTemplate":"https:\/\/www.staayfoodgroup.com\/fr\/?s={search_term_string}"},"query-input":{"@type":"PropertyValueSpecification","valueRequired":true,"valueName":"search_term_string"}}],"inLanguage":"fr-FR"}]}},"_links":{"self":[{"href":"https:\/\/www.staayfoodgroup.com\/fr\/wp-json\/wp\/v2\/pages\/5301","targetHints":{"allow":["GET"]}}],"collection":[{"href":"https:\/\/www.staayfoodgroup.com\/fr\/wp-json\/wp\/v2\/pages"}],"about":[{"href":"https:\/\/www.staayfoodgroup.com\/fr\/wp-json\/wp\/v2\/types\/page"}],"author":[{"embeddable":true,"href":"https:\/\/www.staayfoodgroup.com\/fr\/wp-json\/wp\/v2\/users\/10"}],"replies":[{"embeddable":true,"href":"https:\/\/www.staayfoodgroup.com\/fr\/wp-json\/wp\/v2\/comments?post=5301"}],"version-history":[{"count":4,"href":"https:\/\/www.staayfoodgroup.com\/fr\/wp-json\/wp\/v2\/pages\/5301\/revisions"}],"predecessor-version":[{"id":7882,"href":"https:\/\/www.staayfoodgroup.com\/fr\/wp-json\/wp\/v2\/pages\/5301\/revisions\/7882"}],"wp:attachment":[{"href":"https:\/\/www.staayfoodgroup.com\/fr\/wp-json\/wp\/v2\/media?parent=5301"}],"curies":[{"name":"wp","href":"https:\/\/api.w.org\/{rel}","templated":true}]}}