{"id":5322,"date":"2022-06-20T17:14:06","date_gmt":"2022-06-20T16:14:06","guid":{"rendered":"http:\/\/www.staayfoodgroup.com\/emplois-vacants\/"},"modified":"2025-10-03T11:30:41","modified_gmt":"2025-10-03T10:30:41","slug":"emplois-vacants","status":"publish","type":"page","link":"https:\/\/www.staayfoodgroup.com\/fr\/emplois-vacants\/","title":{"rendered":"Emplois vacants"},"content":{"rendered":"<p>Chez Staay, nous sommes pragmatiques. Ce qui a commenc\u00e9 en 1946 sur le march\u00e9 de gros de Rotterdam est devenu un acteur international dans le secteur des fruits et l\u00e9gumes. Notre terrain de jeu a chang\u00e9, mais notre mentalit\u00e9 est rest\u00e9e la m\u00eame.<\/p>\n<p>&nbsp;<\/p>\n<h2><a href=\"https:\/\/www.staayfoodgroup.com\/en\/vacancies\/more\/\">&gt;Go directly to our vacancies<\/a><\/h2>\n","protected":false},"excerpt":{"rendered":"Chez Staay, nous sommes pragmatiques. Ce qui a commenc\u00e9 en 1946 sur le march\u00e9 de gros de Rotterdam est devenu un acteur international dans le secteur des fruits et l\u00e9gumes. Notre terrain de jeu a chang\u00e9, mais notre mentalit\u00e9 est rest\u00e9e la m\u00eame. &nbsp; &gt;Go directly to our vacancies","protected":false},"author":10,"featured_media":0,"parent":0,"menu_order":0,"comment_status":"closed","ping_status":"closed","template":"template-vacatures.php","meta":{"_acf_changed":false,"inline_featured_image":false,"footnotes":""},"class_list":["post-5322","page","type-page","status-publish","hentry"],"acf":[],"yoast_head":"<!-- This site is optimized with the Yoast SEO plugin v27.1.1 - https:\/\/yoast.com\/product\/yoast-seo-wordpress\/ -->\n<title>Emplois vacants - Staay Food Group<\/title>\n<meta name=\"robots\" content=\"index, follow, max-snippet:-1, max-image-preview:large, max-video-preview:-1\" \/>\n<link rel=\"canonical\" href=\"https:\/\/www.staayfoodgroup.com\/fr\/emplois-vacants\/\" \/>\n<meta property=\"og:locale\" content=\"fr_FR\" \/>\n<meta property=\"og:type\" content=\"article\" \/>\n<meta property=\"og:title\" content=\"Emplois vacants - Staay Food Group\" \/>\n<meta property=\"og:description\" content=\"Chez Staay, nous sommes pragmatiques. Ce qui a commenc\u00e9 en 1946 sur le march\u00e9 de gros de Rotterdam est devenu un acteur international dans le secteur des fruits et l\u00e9gumes. Notre terrain de jeu a chang\u00e9, mais notre mentalit\u00e9 est rest\u00e9e la m\u00eame. &nbsp; &gt;Go directly to our vacancies\" \/>\n<meta property=\"og:url\" content=\"https:\/\/www.staayfoodgroup.com\/fr\/emplois-vacants\/\" \/>\n<meta property=\"og:site_name\" content=\"Staay Food Group\" \/>\n<meta property=\"article:modified_time\" content=\"2025-10-03T10:30:41+00:00\" \/>\n<meta name=\"twitter:card\" content=\"summary_large_image\" \/>\n<meta name=\"twitter:label1\" content=\"Dur\u00e9e de lecture estim\u00e9e\" \/>\n\t<meta name=\"twitter:data1\" content=\"2 minutes\" \/>\n<script type=\"application\/ld+json\" class=\"yoast-schema-graph\">{\"@context\":\"https:\/\/schema.org\",\"@graph\":[{\"@type\":\"WebPage\",\"@id\":\"https:\/\/www.staayfoodgroup.com\/fr\/emplois-vacants\/\",\"url\":\"https:\/\/www.staayfoodgroup.com\/fr\/emplois-vacants\/\",\"name\":\"Emplois vacants - Staay Food Group\",\"isPartOf\":{\"@id\":\"https:\/\/www.staayfoodgroup.com\/fr\/#website\"},\"datePublished\":\"2022-06-20T16:14:06+00:00\",\"dateModified\":\"2025-10-03T10:30:41+00:00\",\"breadcrumb\":{\"@id\":\"https:\/\/www.staayfoodgroup.com\/fr\/emplois-vacants\/#breadcrumb\"},\"inLanguage\":\"fr-FR\",\"potentialAction\":[{\"@type\":\"ReadAction\",\"target\":[\"https:\/\/www.staayfoodgroup.com\/fr\/emplois-vacants\/\"]}]},{\"@type\":\"BreadcrumbList\",\"@id\":\"https:\/\/www.staayfoodgroup.com\/fr\/emplois-vacants\/#breadcrumb\",\"itemListElement\":[{\"@type\":\"ListItem\",\"position\":1,\"name\":\"Home\",\"item\":\"https:\/\/www.staayfoodgroup.com\/fr\/\"},{\"@type\":\"ListItem\",\"position\":2,\"name\":\"Emplois vacants\"}]},{\"@type\":\"WebSite\",\"@id\":\"https:\/\/www.staayfoodgroup.com\/fr\/#website\",\"url\":\"https:\/\/www.staayfoodgroup.com\/fr\/\",\"name\":\"Staay Food Group\",\"description\":\"\",\"potentialAction\":[{\"@type\":\"SearchAction\",\"target\":{\"@type\":\"EntryPoint\",\"urlTemplate\":\"https:\/\/www.staayfoodgroup.com\/fr\/?s={search_term_string}\"},\"query-input\":{\"@type\":\"PropertyValueSpecification\",\"valueRequired\":true,\"valueName\":\"search_term_string\"}}],\"inLanguage\":\"fr-FR\"}]}<\/script>\n<!-- \/ Yoast SEO plugin. -->","yoast_head_json":{"title":"Emplois vacants - Staay Food Group","robots":{"index":"index","follow":"follow","max-snippet":"max-snippet:-1","max-image-preview":"max-image-preview:large","max-video-preview":"max-video-preview:-1"},"canonical":"https:\/\/www.staayfoodgroup.com\/fr\/emplois-vacants\/","og_locale":"fr_FR","og_type":"article","og_title":"Emplois vacants - Staay Food Group","og_description":"Chez Staay, nous sommes pragmatiques. Ce qui a commenc\u00e9 en 1946 sur le march\u00e9 de gros de Rotterdam est devenu un acteur international dans le secteur des fruits et l\u00e9gumes. Notre terrain de jeu a chang\u00e9, mais notre mentalit\u00e9 est rest\u00e9e la m\u00eame. &nbsp; &gt;Go directly to our vacancies","og_url":"https:\/\/www.staayfoodgroup.com\/fr\/emplois-vacants\/","og_site_name":"Staay Food Group","article_modified_time":"2025-10-03T10:30:41+00:00","twitter_card":"summary_large_image","twitter_misc":{"Dur\u00e9e de lecture estim\u00e9e":"2 minutes"},"schema":{"@context":"https:\/\/schema.org","@graph":[{"@type":"WebPage","@id":"https:\/\/www.staayfoodgroup.com\/fr\/emplois-vacants\/","url":"https:\/\/www.staayfoodgroup.com\/fr\/emplois-vacants\/","name":"Emplois vacants - Staay Food Group","isPartOf":{"@id":"https:\/\/www.staayfoodgroup.com\/fr\/#website"},"datePublished":"2022-06-20T16:14:06+00:00","dateModified":"2025-10-03T10:30:41+00:00","breadcrumb":{"@id":"https:\/\/www.staayfoodgroup.com\/fr\/emplois-vacants\/#breadcrumb"},"inLanguage":"fr-FR","potentialAction":[{"@type":"ReadAction","target":["https:\/\/www.staayfoodgroup.com\/fr\/emplois-vacants\/"]}]},{"@type":"BreadcrumbList","@id":"https:\/\/www.staayfoodgroup.com\/fr\/emplois-vacants\/#breadcrumb","itemListElement":[{"@type":"ListItem","position":1,"name":"Home","item":"https:\/\/www.staayfoodgroup.com\/fr\/"},{"@type":"ListItem","position":2,"name":"Emplois vacants"}]},{"@type":"WebSite","@id":"https:\/\/www.staayfoodgroup.com\/fr\/#website","url":"https:\/\/www.staayfoodgroup.com\/fr\/","name":"Staay Food Group","description":"","potentialAction":[{"@type":"SearchAction","target":{"@type":"EntryPoint","urlTemplate":"https:\/\/www.staayfoodgroup.com\/fr\/?s={search_term_string}"},"query-input":{"@type":"PropertyValueSpecification","valueRequired":true,"valueName":"search_term_string"}}],"inLanguage":"fr-FR"}]}},"_links":{"self":[{"href":"https:\/\/www.staayfoodgroup.com\/fr\/wp-json\/wp\/v2\/pages\/5322","targetHints":{"allow":["GET"]}}],"collection":[{"href":"https:\/\/www.staayfoodgroup.com\/fr\/wp-json\/wp\/v2\/pages"}],"about":[{"href":"https:\/\/www.staayfoodgroup.com\/fr\/wp-json\/wp\/v2\/types\/page"}],"author":[{"embeddable":true,"href":"https:\/\/www.staayfoodgroup.com\/fr\/wp-json\/wp\/v2\/users\/10"}],"replies":[{"embeddable":true,"href":"https:\/\/www.staayfoodgroup.com\/fr\/wp-json\/wp\/v2\/comments?post=5322"}],"version-history":[{"count":7,"href":"https:\/\/www.staayfoodgroup.com\/fr\/wp-json\/wp\/v2\/pages\/5322\/revisions"}],"predecessor-version":[{"id":14703,"href":"https:\/\/www.staayfoodgroup.com\/fr\/wp-json\/wp\/v2\/pages\/5322\/revisions\/14703"}],"wp:attachment":[{"href":"https:\/\/www.staayfoodgroup.com\/fr\/wp-json\/wp\/v2\/media?parent=5322"}],"curies":[{"name":"wp","href":"https:\/\/api.w.org\/{rel}","templated":true}]}}