{"id":5324,"date":"2022-06-17T15:22:09","date_gmt":"2022-06-17T15:22:09","guid":{"rendered":"http:\/\/www.staayfoodgroup.com\/equipe\/"},"modified":"2023-08-14T18:02:48","modified_gmt":"2023-08-14T18:02:48","slug":"equipe","status":"publish","type":"page","link":"https:\/\/www.staayfoodgroup.com\/fr\/equipe\/","title":{"rendered":"\u00c9quipe"},"content":{"rendered":"<p>Nous sommes Staay. Nous sommes rapides, flexibles et fiables. Nous sommes toujours l\u00e0 pour vous, nous r\u00e9fl\u00e9chissons \u00e0 vos c\u00f4t\u00e9s et, bien s\u00fbr, nous prenons soin de vos fruits et l\u00e9gumes. Toujours.<\/p>\n<p>Rejoindre cette \u00e9quipe ? Consultez nos <a href=\"http:\/\/www.staayfoodgroup.com\/fr\/emplois-vacants\/\">offres d&#8217;emploi<\/a>!<\/p>\n","protected":false},"excerpt":{"rendered":"Nous sommes Staay. Nous sommes rapides, flexibles et fiables. Nous sommes toujours l\u00e0 pour vous, nous r\u00e9fl\u00e9chissons \u00e0 vos c\u00f4t\u00e9s et, bien s\u00fbr, nous prenons soin de vos fruits et l\u00e9gumes. Toujours. Rejoindre cette \u00e9quipe ? Consultez nos offres d&#8217;emploi!","protected":false},"author":10,"featured_media":0,"parent":0,"menu_order":0,"comment_status":"closed","ping_status":"closed","template":"template-team.php","meta":{"_acf_changed":false,"inline_featured_image":false,"footnotes":""},"class_list":["post-5324","page","type-page","status-publish","hentry"],"acf":[],"yoast_head":"<!-- This site is optimized with the Yoast SEO plugin v27.1.1 - https:\/\/yoast.com\/product\/yoast-seo-wordpress\/ -->\n<title>\u00c9quipe - Staay Food Group<\/title>\n<meta name=\"robots\" content=\"index, follow, max-snippet:-1, max-image-preview:large, max-video-preview:-1\" \/>\n<link rel=\"canonical\" href=\"https:\/\/www.staayfoodgroup.com\/fr\/equipe\/\" \/>\n<meta property=\"og:locale\" content=\"fr_FR\" \/>\n<meta property=\"og:type\" content=\"article\" \/>\n<meta property=\"og:title\" content=\"\u00c9quipe - Staay Food Group\" \/>\n<meta property=\"og:description\" content=\"Nous sommes Staay. Nous sommes rapides, flexibles et fiables. Nous sommes toujours l\u00e0 pour vous, nous r\u00e9fl\u00e9chissons \u00e0 vos c\u00f4t\u00e9s et, bien s\u00fbr, nous prenons soin de vos fruits et l\u00e9gumes. Toujours. Rejoindre cette \u00e9quipe ? Consultez nos offres d&#8217;emploi!\" \/>\n<meta property=\"og:url\" content=\"https:\/\/www.staayfoodgroup.com\/fr\/equipe\/\" \/>\n<meta property=\"og:site_name\" content=\"Staay Food Group\" \/>\n<meta property=\"article:modified_time\" content=\"2023-08-14T18:02:48+00:00\" \/>\n<meta name=\"twitter:card\" content=\"summary_large_image\" \/>\n<meta name=\"twitter:label1\" content=\"Dur\u00e9e de lecture estim\u00e9e\" \/>\n\t<meta name=\"twitter:data1\" content=\"1 minute\" \/>\n<script type=\"application\/ld+json\" class=\"yoast-schema-graph\">{\"@context\":\"https:\/\/schema.org\",\"@graph\":[{\"@type\":\"WebPage\",\"@id\":\"https:\/\/www.staayfoodgroup.com\/fr\/equipe\/\",\"url\":\"https:\/\/www.staayfoodgroup.com\/fr\/equipe\/\",\"name\":\"\u00c9quipe - Staay Food Group\",\"isPartOf\":{\"@id\":\"https:\/\/www.staayfoodgroup.com\/fr\/#website\"},\"datePublished\":\"2022-06-17T15:22:09+00:00\",\"dateModified\":\"2023-08-14T18:02:48+00:00\",\"breadcrumb\":{\"@id\":\"https:\/\/www.staayfoodgroup.com\/fr\/equipe\/#breadcrumb\"},\"inLanguage\":\"fr-FR\",\"potentialAction\":[{\"@type\":\"ReadAction\",\"target\":[\"https:\/\/www.staayfoodgroup.com\/fr\/equipe\/\"]}]},{\"@type\":\"BreadcrumbList\",\"@id\":\"https:\/\/www.staayfoodgroup.com\/fr\/equipe\/#breadcrumb\",\"itemListElement\":[{\"@type\":\"ListItem\",\"position\":1,\"name\":\"Home\",\"item\":\"https:\/\/www.staayfoodgroup.com\/fr\/\"},{\"@type\":\"ListItem\",\"position\":2,\"name\":\"\u00c9quipe\"}]},{\"@type\":\"WebSite\",\"@id\":\"https:\/\/www.staayfoodgroup.com\/fr\/#website\",\"url\":\"https:\/\/www.staayfoodgroup.com\/fr\/\",\"name\":\"Staay Food Group\",\"description\":\"\",\"potentialAction\":[{\"@type\":\"SearchAction\",\"target\":{\"@type\":\"EntryPoint\",\"urlTemplate\":\"https:\/\/www.staayfoodgroup.com\/fr\/?s={search_term_string}\"},\"query-input\":{\"@type\":\"PropertyValueSpecification\",\"valueRequired\":true,\"valueName\":\"search_term_string\"}}],\"inLanguage\":\"fr-FR\"}]}<\/script>\n<!-- \/ Yoast SEO plugin. -->","yoast_head_json":{"title":"\u00c9quipe - Staay Food Group","robots":{"index":"index","follow":"follow","max-snippet":"max-snippet:-1","max-image-preview":"max-image-preview:large","max-video-preview":"max-video-preview:-1"},"canonical":"https:\/\/www.staayfoodgroup.com\/fr\/equipe\/","og_locale":"fr_FR","og_type":"article","og_title":"\u00c9quipe - Staay Food Group","og_description":"Nous sommes Staay. Nous sommes rapides, flexibles et fiables. Nous sommes toujours l\u00e0 pour vous, nous r\u00e9fl\u00e9chissons \u00e0 vos c\u00f4t\u00e9s et, bien s\u00fbr, nous prenons soin de vos fruits et l\u00e9gumes. Toujours. Rejoindre cette \u00e9quipe ? Consultez nos offres d&#8217;emploi!","og_url":"https:\/\/www.staayfoodgroup.com\/fr\/equipe\/","og_site_name":"Staay Food Group","article_modified_time":"2023-08-14T18:02:48+00:00","twitter_card":"summary_large_image","twitter_misc":{"Dur\u00e9e de lecture estim\u00e9e":"1 minute"},"schema":{"@context":"https:\/\/schema.org","@graph":[{"@type":"WebPage","@id":"https:\/\/www.staayfoodgroup.com\/fr\/equipe\/","url":"https:\/\/www.staayfoodgroup.com\/fr\/equipe\/","name":"\u00c9quipe - Staay Food Group","isPartOf":{"@id":"https:\/\/www.staayfoodgroup.com\/fr\/#website"},"datePublished":"2022-06-17T15:22:09+00:00","dateModified":"2023-08-14T18:02:48+00:00","breadcrumb":{"@id":"https:\/\/www.staayfoodgroup.com\/fr\/equipe\/#breadcrumb"},"inLanguage":"fr-FR","potentialAction":[{"@type":"ReadAction","target":["https:\/\/www.staayfoodgroup.com\/fr\/equipe\/"]}]},{"@type":"BreadcrumbList","@id":"https:\/\/www.staayfoodgroup.com\/fr\/equipe\/#breadcrumb","itemListElement":[{"@type":"ListItem","position":1,"name":"Home","item":"https:\/\/www.staayfoodgroup.com\/fr\/"},{"@type":"ListItem","position":2,"name":"\u00c9quipe"}]},{"@type":"WebSite","@id":"https:\/\/www.staayfoodgroup.com\/fr\/#website","url":"https:\/\/www.staayfoodgroup.com\/fr\/","name":"Staay Food Group","description":"","potentialAction":[{"@type":"SearchAction","target":{"@type":"EntryPoint","urlTemplate":"https:\/\/www.staayfoodgroup.com\/fr\/?s={search_term_string}"},"query-input":{"@type":"PropertyValueSpecification","valueRequired":true,"valueName":"search_term_string"}}],"inLanguage":"fr-FR"}]}},"_links":{"self":[{"href":"https:\/\/www.staayfoodgroup.com\/fr\/wp-json\/wp\/v2\/pages\/5324","targetHints":{"allow":["GET"]}}],"collection":[{"href":"https:\/\/www.staayfoodgroup.com\/fr\/wp-json\/wp\/v2\/pages"}],"about":[{"href":"https:\/\/www.staayfoodgroup.com\/fr\/wp-json\/wp\/v2\/types\/page"}],"author":[{"embeddable":true,"href":"https:\/\/www.staayfoodgroup.com\/fr\/wp-json\/wp\/v2\/users\/10"}],"replies":[{"embeddable":true,"href":"https:\/\/www.staayfoodgroup.com\/fr\/wp-json\/wp\/v2\/comments?post=5324"}],"version-history":[{"count":1,"href":"https:\/\/www.staayfoodgroup.com\/fr\/wp-json\/wp\/v2\/pages\/5324\/revisions"}],"predecessor-version":[{"id":6520,"href":"https:\/\/www.staayfoodgroup.com\/fr\/wp-json\/wp\/v2\/pages\/5324\/revisions\/6520"}],"wp:attachment":[{"href":"https:\/\/www.staayfoodgroup.com\/fr\/wp-json\/wp\/v2\/media?parent=5324"}],"curies":[{"name":"wp","href":"https:\/\/api.w.org\/{rel}","templated":true}]}}