{"id":5331,"date":"2022-06-20T15:50:38","date_gmt":"2022-06-20T14:50:38","guid":{"rendered":"http:\/\/www.staayfoodgroup.com\/culture\/"},"modified":"2023-08-11T07:49:13","modified_gmt":"2023-08-11T07:49:13","slug":"culture","status":"publish","type":"page","link":"https:\/\/www.staayfoodgroup.com\/fr\/culture\/","title":{"rendered":"Culture"},"content":{"rendered":"<p>Ce qui distingue Staay de nombreux autres fournisseurs, c\u2019est la culture propre des fruits et l\u00e9gumes. En effet, nous cultivons nos propres produits et nous nous associons \u00e0 des producteurs en tant que partenaires. Ceci nous permet de rester proches de la culture, de maintenir une cha\u00eene courte et transparente et d\u2019assurer une bonne tra\u00e7abilit\u00e9 des produits. Nous investissons et finan\u00e7ons \u00e0 l&rsquo;avenir les cultures pour (continuer \u00e0) garantir la disponibilit\u00e9 de produits frais. Nous sommes actifs dans le domaine de la culture depuis 1985 ; \u00e0 l&rsquo;\u00e9poque uniquement aux Pays-Bas, mais d\u00e9sormais aussi \u00e0 l&rsquo;\u00e9tranger, notamment en Espagne et au Costa Rica.<\/p>\n","protected":false},"excerpt":{"rendered":"Ce qui distingue Staay de nombreux autres fournisseurs, c\u2019est la culture propre des fruits et l\u00e9gumes. En effet, nous cultivons nos propres produits et nous nous associons \u00e0 des producteurs en tant que partenaires. Ceci nous permet de rester proches de la culture, de maintenir une cha\u00eene courte et transparente et d\u2019assurer une bonne tra\u00e7abilit\u00e9 [&hellip;]","protected":false},"author":10,"featured_media":0,"parent":0,"menu_order":0,"comment_status":"closed","ping_status":"closed","template":"","meta":{"_acf_changed":false,"inline_featured_image":false,"footnotes":""},"class_list":["post-5331","page","type-page","status-publish","hentry"],"acf":[],"yoast_head":"<!-- This site is optimized with the Yoast SEO plugin v27.1.1 - https:\/\/yoast.com\/product\/yoast-seo-wordpress\/ -->\n<title>Culture - Staay Food Group<\/title>\n<meta name=\"robots\" content=\"index, follow, max-snippet:-1, max-image-preview:large, max-video-preview:-1\" \/>\n<link rel=\"canonical\" href=\"https:\/\/www.staayfoodgroup.com\/fr\/culture\/\" \/>\n<meta property=\"og:locale\" content=\"fr_FR\" \/>\n<meta property=\"og:type\" content=\"article\" \/>\n<meta property=\"og:title\" content=\"Culture - Staay Food Group\" \/>\n<meta property=\"og:description\" content=\"Ce qui distingue Staay de nombreux autres fournisseurs, c\u2019est la culture propre des fruits et l\u00e9gumes. En effet, nous cultivons nos propres produits et nous nous associons \u00e0 des producteurs en tant que partenaires. Ceci nous permet de rester proches de la culture, de maintenir une cha\u00eene courte et transparente et d\u2019assurer une bonne tra\u00e7abilit\u00e9 [&hellip;]\" \/>\n<meta property=\"og:url\" content=\"https:\/\/www.staayfoodgroup.com\/fr\/culture\/\" \/>\n<meta property=\"og:site_name\" content=\"Staay Food Group\" \/>\n<meta property=\"article:modified_time\" content=\"2023-08-11T07:49:13+00:00\" \/>\n<meta name=\"twitter:card\" content=\"summary_large_image\" \/>\n<meta name=\"twitter:label1\" content=\"Dur\u00e9e de lecture estim\u00e9e\" \/>\n\t<meta name=\"twitter:data1\" content=\"1 minute\" \/>\n<script type=\"application\/ld+json\" class=\"yoast-schema-graph\">{\"@context\":\"https:\/\/schema.org\",\"@graph\":[{\"@type\":\"WebPage\",\"@id\":\"https:\/\/www.staayfoodgroup.com\/fr\/culture\/\",\"url\":\"https:\/\/www.staayfoodgroup.com\/fr\/culture\/\",\"name\":\"Culture - Staay Food Group\",\"isPartOf\":{\"@id\":\"https:\/\/www.staayfoodgroup.com\/fr\/#website\"},\"datePublished\":\"2022-06-20T14:50:38+00:00\",\"dateModified\":\"2023-08-11T07:49:13+00:00\",\"breadcrumb\":{\"@id\":\"https:\/\/www.staayfoodgroup.com\/fr\/culture\/#breadcrumb\"},\"inLanguage\":\"fr-FR\",\"potentialAction\":[{\"@type\":\"ReadAction\",\"target\":[\"https:\/\/www.staayfoodgroup.com\/fr\/culture\/\"]}]},{\"@type\":\"BreadcrumbList\",\"@id\":\"https:\/\/www.staayfoodgroup.com\/fr\/culture\/#breadcrumb\",\"itemListElement\":[{\"@type\":\"ListItem\",\"position\":1,\"name\":\"Home\",\"item\":\"https:\/\/www.staayfoodgroup.com\/fr\/\"},{\"@type\":\"ListItem\",\"position\":2,\"name\":\"Culture\"}]},{\"@type\":\"WebSite\",\"@id\":\"https:\/\/www.staayfoodgroup.com\/fr\/#website\",\"url\":\"https:\/\/www.staayfoodgroup.com\/fr\/\",\"name\":\"Staay Food Group\",\"description\":\"\",\"potentialAction\":[{\"@type\":\"SearchAction\",\"target\":{\"@type\":\"EntryPoint\",\"urlTemplate\":\"https:\/\/www.staayfoodgroup.com\/fr\/?s={search_term_string}\"},\"query-input\":{\"@type\":\"PropertyValueSpecification\",\"valueRequired\":true,\"valueName\":\"search_term_string\"}}],\"inLanguage\":\"fr-FR\"}]}<\/script>\n<!-- \/ Yoast SEO plugin. -->","yoast_head_json":{"title":"Culture - Staay Food Group","robots":{"index":"index","follow":"follow","max-snippet":"max-snippet:-1","max-image-preview":"max-image-preview:large","max-video-preview":"max-video-preview:-1"},"canonical":"https:\/\/www.staayfoodgroup.com\/fr\/culture\/","og_locale":"fr_FR","og_type":"article","og_title":"Culture - Staay Food Group","og_description":"Ce qui distingue Staay de nombreux autres fournisseurs, c\u2019est la culture propre des fruits et l\u00e9gumes. En effet, nous cultivons nos propres produits et nous nous associons \u00e0 des producteurs en tant que partenaires. Ceci nous permet de rester proches de la culture, de maintenir une cha\u00eene courte et transparente et d\u2019assurer une bonne tra\u00e7abilit\u00e9 [&hellip;]","og_url":"https:\/\/www.staayfoodgroup.com\/fr\/culture\/","og_site_name":"Staay Food Group","article_modified_time":"2023-08-11T07:49:13+00:00","twitter_card":"summary_large_image","twitter_misc":{"Dur\u00e9e de lecture estim\u00e9e":"1 minute"},"schema":{"@context":"https:\/\/schema.org","@graph":[{"@type":"WebPage","@id":"https:\/\/www.staayfoodgroup.com\/fr\/culture\/","url":"https:\/\/www.staayfoodgroup.com\/fr\/culture\/","name":"Culture - Staay Food Group","isPartOf":{"@id":"https:\/\/www.staayfoodgroup.com\/fr\/#website"},"datePublished":"2022-06-20T14:50:38+00:00","dateModified":"2023-08-11T07:49:13+00:00","breadcrumb":{"@id":"https:\/\/www.staayfoodgroup.com\/fr\/culture\/#breadcrumb"},"inLanguage":"fr-FR","potentialAction":[{"@type":"ReadAction","target":["https:\/\/www.staayfoodgroup.com\/fr\/culture\/"]}]},{"@type":"BreadcrumbList","@id":"https:\/\/www.staayfoodgroup.com\/fr\/culture\/#breadcrumb","itemListElement":[{"@type":"ListItem","position":1,"name":"Home","item":"https:\/\/www.staayfoodgroup.com\/fr\/"},{"@type":"ListItem","position":2,"name":"Culture"}]},{"@type":"WebSite","@id":"https:\/\/www.staayfoodgroup.com\/fr\/#website","url":"https:\/\/www.staayfoodgroup.com\/fr\/","name":"Staay Food Group","description":"","potentialAction":[{"@type":"SearchAction","target":{"@type":"EntryPoint","urlTemplate":"https:\/\/www.staayfoodgroup.com\/fr\/?s={search_term_string}"},"query-input":{"@type":"PropertyValueSpecification","valueRequired":true,"valueName":"search_term_string"}}],"inLanguage":"fr-FR"}]}},"_links":{"self":[{"href":"https:\/\/www.staayfoodgroup.com\/fr\/wp-json\/wp\/v2\/pages\/5331","targetHints":{"allow":["GET"]}}],"collection":[{"href":"https:\/\/www.staayfoodgroup.com\/fr\/wp-json\/wp\/v2\/pages"}],"about":[{"href":"https:\/\/www.staayfoodgroup.com\/fr\/wp-json\/wp\/v2\/types\/page"}],"author":[{"embeddable":true,"href":"https:\/\/www.staayfoodgroup.com\/fr\/wp-json\/wp\/v2\/users\/10"}],"replies":[{"embeddable":true,"href":"https:\/\/www.staayfoodgroup.com\/fr\/wp-json\/wp\/v2\/comments?post=5331"}],"version-history":[{"count":1,"href":"https:\/\/www.staayfoodgroup.com\/fr\/wp-json\/wp\/v2\/pages\/5331\/revisions"}],"predecessor-version":[{"id":6062,"href":"https:\/\/www.staayfoodgroup.com\/fr\/wp-json\/wp\/v2\/pages\/5331\/revisions\/6062"}],"wp:attachment":[{"href":"https:\/\/www.staayfoodgroup.com\/fr\/wp-json\/wp\/v2\/media?parent=5331"}],"curies":[{"name":"wp","href":"https:\/\/api.w.org\/{rel}","templated":true}]}}