{"id":5337,"date":"2022-07-06T13:09:52","date_gmt":"2022-07-06T12:09:52","guid":{"rendered":"http:\/\/www.staayfoodgroup.com\/industrie-de-transformation\/"},"modified":"2023-08-14T17:21:43","modified_gmt":"2023-08-14T17:21:43","slug":"industrie-de-transformation","status":"publish","type":"page","link":"https:\/\/www.staayfoodgroup.com\/fr\/clients\/industrie-de-transformation\/","title":{"rendered":"Industrie de transformation"},"content":{"rendered":"<p>Un approvisionnement continu en produits frais. Des lignes courtes et une qualit\u00e9 constante. Les entreprises de d\u00e9coupe de fruits et l\u00e9gumes devraient pouvoir s&rsquo;en inspirer. Apr\u00e8s tout, on ne peut pas simplement arr\u00eater la production. En tant qu&rsquo;experts de la commodit\u00e9, nous savons exactement comment cultiver, s&rsquo;approvisionner et agir pour obtenir une qualit\u00e9 de produit et des performances de livraison optimales. Et pour les conserver.<\/p>\n","protected":false},"excerpt":{"rendered":"Un approvisionnement continu en produits frais. Des lignes courtes et une qualit\u00e9 constante. Les entreprises de d\u00e9coupe de fruits et l\u00e9gumes devraient pouvoir s&rsquo;en inspirer. Apr\u00e8s tout, on ne peut pas simplement arr\u00eater la production. En tant qu&rsquo;experts de la commodit\u00e9, nous savons exactement comment cultiver, s&rsquo;approvisionner et agir pour obtenir une qualit\u00e9 de produit [&hellip;]","protected":false},"author":10,"featured_media":3407,"parent":5353,"menu_order":0,"comment_status":"closed","ping_status":"closed","template":"","meta":{"_acf_changed":false,"inline_featured_image":false,"footnotes":""},"class_list":["post-5337","page","type-page","status-publish","has-post-thumbnail","hentry"],"acf":[],"yoast_head":"<!-- This site is optimized with the Yoast SEO plugin v27.1.1 - https:\/\/yoast.com\/product\/yoast-seo-wordpress\/ -->\n<title>Industrie de transformation - Staay Food Group<\/title>\n<meta name=\"robots\" content=\"index, follow, max-snippet:-1, max-image-preview:large, max-video-preview:-1\" \/>\n<link rel=\"canonical\" href=\"https:\/\/www.staayfoodgroup.com\/fr\/clients\/industrie-de-transformation\/\" \/>\n<meta property=\"og:locale\" content=\"fr_FR\" \/>\n<meta property=\"og:type\" content=\"article\" \/>\n<meta property=\"og:title\" content=\"Industrie de transformation - Staay Food Group\" \/>\n<meta property=\"og:description\" content=\"Un approvisionnement continu en produits frais. Des lignes courtes et une qualit\u00e9 constante. Les entreprises de d\u00e9coupe de fruits et l\u00e9gumes devraient pouvoir s&rsquo;en inspirer. Apr\u00e8s tout, on ne peut pas simplement arr\u00eater la production. En tant qu&rsquo;experts de la commodit\u00e9, nous savons exactement comment cultiver, s&rsquo;approvisionner et agir pour obtenir une qualit\u00e9 de produit [&hellip;]\" \/>\n<meta property=\"og:url\" content=\"https:\/\/www.staayfoodgroup.com\/fr\/clients\/industrie-de-transformation\/\" \/>\n<meta property=\"og:site_name\" content=\"Staay Food Group\" \/>\n<meta property=\"article:modified_time\" content=\"2023-08-14T17:21:43+00:00\" \/>\n<meta property=\"og:image\" content=\"https:\/\/www.staayfoodgroup.com\/wp-content\/uploads\/2022\/09\/Staay-2454-700x467.jpg\" \/>\n\t<meta property=\"og:image:width\" content=\"700\" \/>\n\t<meta property=\"og:image:height\" content=\"467\" \/>\n\t<meta property=\"og:image:type\" content=\"image\/jpeg\" \/>\n<meta name=\"twitter:card\" content=\"summary_large_image\" \/>\n<meta name=\"twitter:label1\" content=\"Dur\u00e9e de lecture estim\u00e9e\" \/>\n\t<meta name=\"twitter:data1\" content=\"1 minute\" \/>\n<script type=\"application\/ld+json\" class=\"yoast-schema-graph\">{\"@context\":\"https:\/\/schema.org\",\"@graph\":[{\"@type\":\"WebPage\",\"@id\":\"https:\/\/www.staayfoodgroup.com\/fr\/clients\/industrie-de-transformation\/\",\"url\":\"https:\/\/www.staayfoodgroup.com\/fr\/clients\/industrie-de-transformation\/\",\"name\":\"Industrie de transformation - Staay Food Group\",\"isPartOf\":{\"@id\":\"https:\/\/www.staayfoodgroup.com\/fr\/#website\"},\"primaryImageOfPage\":{\"@id\":\"https:\/\/www.staayfoodgroup.com\/fr\/clients\/industrie-de-transformation\/#primaryimage\"},\"image\":{\"@id\":\"https:\/\/www.staayfoodgroup.com\/fr\/clients\/industrie-de-transformation\/#primaryimage\"},\"thumbnailUrl\":\"https:\/\/www.staayfoodgroup.com\/wp-content\/uploads\/2022\/09\/Staay-2454-scaled.jpg\",\"datePublished\":\"2022-07-06T12:09:52+00:00\",\"dateModified\":\"2023-08-14T17:21:43+00:00\",\"breadcrumb\":{\"@id\":\"https:\/\/www.staayfoodgroup.com\/fr\/clients\/industrie-de-transformation\/#breadcrumb\"},\"inLanguage\":\"fr-FR\",\"potentialAction\":[{\"@type\":\"ReadAction\",\"target\":[\"https:\/\/www.staayfoodgroup.com\/fr\/clients\/industrie-de-transformation\/\"]}]},{\"@type\":\"ImageObject\",\"inLanguage\":\"fr-FR\",\"@id\":\"https:\/\/www.staayfoodgroup.com\/fr\/clients\/industrie-de-transformation\/#primaryimage\",\"url\":\"https:\/\/www.staayfoodgroup.com\/wp-content\/uploads\/2022\/09\/Staay-2454-scaled.jpg\",\"contentUrl\":\"https:\/\/www.staayfoodgroup.com\/wp-content\/uploads\/2022\/09\/Staay-2454-scaled.jpg\",\"width\":5472,\"height\":3648},{\"@type\":\"BreadcrumbList\",\"@id\":\"https:\/\/www.staayfoodgroup.com\/fr\/clients\/industrie-de-transformation\/#breadcrumb\",\"itemListElement\":[{\"@type\":\"ListItem\",\"position\":1,\"name\":\"Home\",\"item\":\"https:\/\/www.staayfoodgroup.com\/fr\/\"},{\"@type\":\"ListItem\",\"position\":2,\"name\":\"Clients\",\"item\":\"https:\/\/www.staayfoodgroup.com\/fr\/clients\/\"},{\"@type\":\"ListItem\",\"position\":3,\"name\":\"Industrie de transformation\"}]},{\"@type\":\"WebSite\",\"@id\":\"https:\/\/www.staayfoodgroup.com\/fr\/#website\",\"url\":\"https:\/\/www.staayfoodgroup.com\/fr\/\",\"name\":\"Staay Food Group\",\"description\":\"\",\"potentialAction\":[{\"@type\":\"SearchAction\",\"target\":{\"@type\":\"EntryPoint\",\"urlTemplate\":\"https:\/\/www.staayfoodgroup.com\/fr\/?s={search_term_string}\"},\"query-input\":{\"@type\":\"PropertyValueSpecification\",\"valueRequired\":true,\"valueName\":\"search_term_string\"}}],\"inLanguage\":\"fr-FR\"}]}<\/script>\n<!-- \/ Yoast SEO plugin. -->","yoast_head_json":{"title":"Industrie de transformation - Staay Food Group","robots":{"index":"index","follow":"follow","max-snippet":"max-snippet:-1","max-image-preview":"max-image-preview:large","max-video-preview":"max-video-preview:-1"},"canonical":"https:\/\/www.staayfoodgroup.com\/fr\/clients\/industrie-de-transformation\/","og_locale":"fr_FR","og_type":"article","og_title":"Industrie de transformation - Staay Food Group","og_description":"Un approvisionnement continu en produits frais. Des lignes courtes et une qualit\u00e9 constante. Les entreprises de d\u00e9coupe de fruits et l\u00e9gumes devraient pouvoir s&rsquo;en inspirer. Apr\u00e8s tout, on ne peut pas simplement arr\u00eater la production. En tant qu&rsquo;experts de la commodit\u00e9, nous savons exactement comment cultiver, s&rsquo;approvisionner et agir pour obtenir une qualit\u00e9 de produit [&hellip;]","og_url":"https:\/\/www.staayfoodgroup.com\/fr\/clients\/industrie-de-transformation\/","og_site_name":"Staay Food Group","article_modified_time":"2023-08-14T17:21:43+00:00","og_image":[{"width":700,"height":467,"url":"https:\/\/www.staayfoodgroup.com\/wp-content\/uploads\/2022\/09\/Staay-2454-700x467.jpg","type":"image\/jpeg"}],"twitter_card":"summary_large_image","twitter_misc":{"Dur\u00e9e de lecture estim\u00e9e":"1 minute"},"schema":{"@context":"https:\/\/schema.org","@graph":[{"@type":"WebPage","@id":"https:\/\/www.staayfoodgroup.com\/fr\/clients\/industrie-de-transformation\/","url":"https:\/\/www.staayfoodgroup.com\/fr\/clients\/industrie-de-transformation\/","name":"Industrie de transformation - Staay Food Group","isPartOf":{"@id":"https:\/\/www.staayfoodgroup.com\/fr\/#website"},"primaryImageOfPage":{"@id":"https:\/\/www.staayfoodgroup.com\/fr\/clients\/industrie-de-transformation\/#primaryimage"},"image":{"@id":"https:\/\/www.staayfoodgroup.com\/fr\/clients\/industrie-de-transformation\/#primaryimage"},"thumbnailUrl":"https:\/\/www.staayfoodgroup.com\/wp-content\/uploads\/2022\/09\/Staay-2454-scaled.jpg","datePublished":"2022-07-06T12:09:52+00:00","dateModified":"2023-08-14T17:21:43+00:00","breadcrumb":{"@id":"https:\/\/www.staayfoodgroup.com\/fr\/clients\/industrie-de-transformation\/#breadcrumb"},"inLanguage":"fr-FR","potentialAction":[{"@type":"ReadAction","target":["https:\/\/www.staayfoodgroup.com\/fr\/clients\/industrie-de-transformation\/"]}]},{"@type":"ImageObject","inLanguage":"fr-FR","@id":"https:\/\/www.staayfoodgroup.com\/fr\/clients\/industrie-de-transformation\/#primaryimage","url":"https:\/\/www.staayfoodgroup.com\/wp-content\/uploads\/2022\/09\/Staay-2454-scaled.jpg","contentUrl":"https:\/\/www.staayfoodgroup.com\/wp-content\/uploads\/2022\/09\/Staay-2454-scaled.jpg","width":5472,"height":3648},{"@type":"BreadcrumbList","@id":"https:\/\/www.staayfoodgroup.com\/fr\/clients\/industrie-de-transformation\/#breadcrumb","itemListElement":[{"@type":"ListItem","position":1,"name":"Home","item":"https:\/\/www.staayfoodgroup.com\/fr\/"},{"@type":"ListItem","position":2,"name":"Clients","item":"https:\/\/www.staayfoodgroup.com\/fr\/clients\/"},{"@type":"ListItem","position":3,"name":"Industrie de transformation"}]},{"@type":"WebSite","@id":"https:\/\/www.staayfoodgroup.com\/fr\/#website","url":"https:\/\/www.staayfoodgroup.com\/fr\/","name":"Staay Food Group","description":"","potentialAction":[{"@type":"SearchAction","target":{"@type":"EntryPoint","urlTemplate":"https:\/\/www.staayfoodgroup.com\/fr\/?s={search_term_string}"},"query-input":{"@type":"PropertyValueSpecification","valueRequired":true,"valueName":"search_term_string"}}],"inLanguage":"fr-FR"}]}},"_links":{"self":[{"href":"https:\/\/www.staayfoodgroup.com\/fr\/wp-json\/wp\/v2\/pages\/5337","targetHints":{"allow":["GET"]}}],"collection":[{"href":"https:\/\/www.staayfoodgroup.com\/fr\/wp-json\/wp\/v2\/pages"}],"about":[{"href":"https:\/\/www.staayfoodgroup.com\/fr\/wp-json\/wp\/v2\/types\/page"}],"author":[{"embeddable":true,"href":"https:\/\/www.staayfoodgroup.com\/fr\/wp-json\/wp\/v2\/users\/10"}],"replies":[{"embeddable":true,"href":"https:\/\/www.staayfoodgroup.com\/fr\/wp-json\/wp\/v2\/comments?post=5337"}],"version-history":[{"count":3,"href":"https:\/\/www.staayfoodgroup.com\/fr\/wp-json\/wp\/v2\/pages\/5337\/revisions"}],"predecessor-version":[{"id":6503,"href":"https:\/\/www.staayfoodgroup.com\/fr\/wp-json\/wp\/v2\/pages\/5337\/revisions\/6503"}],"up":[{"embeddable":true,"href":"https:\/\/www.staayfoodgroup.com\/fr\/wp-json\/wp\/v2\/pages\/5353"}],"wp:featuredmedia":[{"embeddable":true,"href":"https:\/\/www.staayfoodgroup.com\/fr\/wp-json\/wp\/v2\/media\/3407"}],"wp:attachment":[{"href":"https:\/\/www.staayfoodgroup.com\/fr\/wp-json\/wp\/v2\/media?parent=5337"}],"curies":[{"name":"wp","href":"https:\/\/api.w.org\/{rel}","templated":true}]}}