{"id":5339,"date":"2022-06-22T09:32:26","date_gmt":"2022-06-22T08:32:26","guid":{"rendered":"http:\/\/www.staayfoodgroup.com\/services-alimentaires\/"},"modified":"2023-08-22T07:19:45","modified_gmt":"2023-08-22T07:19:45","slug":"services-alimentaires","status":"publish","type":"page","link":"https:\/\/www.staayfoodgroup.com\/fr\/clients\/services-alimentaires\/","title":{"rendered":"Services alimentaires"},"content":{"rendered":"<p>Dans la restauration, la qualit\u00e9 et la personnalisation occupent une place pr\u00e9pond\u00e9rante. La gamme de produits frais doit \u00eatre large, profonde, vari\u00e9e et de qualit\u00e9 constante. Staay Venlo offre un tr\u00e8s large \u00e9ventail d&rsquo;environ 750 produits tout au long de l&rsquo;ann\u00e9e et jusqu&rsquo;\u00e0 1500 articles. Cette gamme compl\u00e8te a \u00e9galement une rotation \u00e9lev\u00e9e. Ainsi, les trois piliers de Staay que sont la rapidit\u00e9, la flexibilit\u00e9 et la fiabilit\u00e9 constituent \u00e9galement une bonne base pour une coop\u00e9ration \u00e0 long terme dans le segment des services alimentaires.<\/p>\n","protected":false},"excerpt":{"rendered":"Dans la restauration, la qualit\u00e9 et la personnalisation occupent une place pr\u00e9pond\u00e9rante. La gamme de produits frais doit \u00eatre large, profonde, vari\u00e9e et de qualit\u00e9 constante. Staay Venlo offre un tr\u00e8s large \u00e9ventail d&rsquo;environ 750 produits tout au long de l&rsquo;ann\u00e9e et jusqu&rsquo;\u00e0 1500 articles. Cette gamme compl\u00e8te a \u00e9galement une rotation \u00e9lev\u00e9e. Ainsi, les [&hellip;]","protected":false},"author":10,"featured_media":3837,"parent":5353,"menu_order":0,"comment_status":"closed","ping_status":"closed","template":"","meta":{"_acf_changed":false,"inline_featured_image":false,"footnotes":""},"class_list":["post-5339","page","type-page","status-publish","has-post-thumbnail","hentry"],"acf":[],"yoast_head":"<!-- This site is optimized with the Yoast SEO plugin v27.1.1 - https:\/\/yoast.com\/product\/yoast-seo-wordpress\/ -->\n<title>Services alimentaires - Staay Food Group<\/title>\n<meta name=\"description\" content=\"Services alimentaires Staay Food Group\" \/>\n<meta name=\"robots\" content=\"index, follow, max-snippet:-1, max-image-preview:large, max-video-preview:-1\" \/>\n<link rel=\"canonical\" href=\"https:\/\/www.staayfoodgroup.com\/fr\/clients\/services-alimentaires\/\" \/>\n<meta property=\"og:locale\" content=\"fr_FR\" \/>\n<meta property=\"og:type\" content=\"article\" \/>\n<meta property=\"og:title\" content=\"Services alimentaires - Staay Food Group\" \/>\n<meta property=\"og:description\" content=\"Services alimentaires Staay Food Group\" \/>\n<meta property=\"og:url\" content=\"https:\/\/www.staayfoodgroup.com\/fr\/clients\/services-alimentaires\/\" \/>\n<meta property=\"og:site_name\" content=\"Staay Food Group\" \/>\n<meta property=\"article:modified_time\" content=\"2023-08-22T07:19:45+00:00\" \/>\n<meta property=\"og:image\" content=\"https:\/\/www.staayfoodgroup.com\/wp-content\/uploads\/2022\/10\/male-chef-with-apron-chopping-vegetables.jpg\" \/>\n\t<meta property=\"og:image:width\" content=\"2000\" \/>\n\t<meta property=\"og:image:height\" content=\"1125\" \/>\n\t<meta property=\"og:image:type\" content=\"image\/jpeg\" \/>\n<meta name=\"twitter:card\" content=\"summary_large_image\" \/>\n<meta name=\"twitter:label1\" content=\"Dur\u00e9e de lecture estim\u00e9e\" \/>\n\t<meta name=\"twitter:data1\" content=\"1 minute\" \/>\n<script type=\"application\/ld+json\" class=\"yoast-schema-graph\">{\"@context\":\"https:\/\/schema.org\",\"@graph\":[{\"@type\":\"WebPage\",\"@id\":\"https:\/\/www.staayfoodgroup.com\/fr\/clients\/services-alimentaires\/\",\"url\":\"https:\/\/www.staayfoodgroup.com\/fr\/clients\/services-alimentaires\/\",\"name\":\"Services alimentaires - Staay Food Group\",\"isPartOf\":{\"@id\":\"https:\/\/www.staayfoodgroup.com\/fr\/#website\"},\"primaryImageOfPage\":{\"@id\":\"https:\/\/www.staayfoodgroup.com\/fr\/clients\/services-alimentaires\/#primaryimage\"},\"image\":{\"@id\":\"https:\/\/www.staayfoodgroup.com\/fr\/clients\/services-alimentaires\/#primaryimage\"},\"thumbnailUrl\":\"https:\/\/www.staayfoodgroup.com\/wp-content\/uploads\/2022\/10\/male-chef-with-apron-chopping-vegetables.jpg\",\"datePublished\":\"2022-06-22T08:32:26+00:00\",\"dateModified\":\"2023-08-22T07:19:45+00:00\",\"description\":\"Services alimentaires Staay Food Group\",\"breadcrumb\":{\"@id\":\"https:\/\/www.staayfoodgroup.com\/fr\/clients\/services-alimentaires\/#breadcrumb\"},\"inLanguage\":\"fr-FR\",\"potentialAction\":[{\"@type\":\"ReadAction\",\"target\":[\"https:\/\/www.staayfoodgroup.com\/fr\/clients\/services-alimentaires\/\"]}]},{\"@type\":\"ImageObject\",\"inLanguage\":\"fr-FR\",\"@id\":\"https:\/\/www.staayfoodgroup.com\/fr\/clients\/services-alimentaires\/#primaryimage\",\"url\":\"https:\/\/www.staayfoodgroup.com\/wp-content\/uploads\/2022\/10\/male-chef-with-apron-chopping-vegetables.jpg\",\"contentUrl\":\"https:\/\/www.staayfoodgroup.com\/wp-content\/uploads\/2022\/10\/male-chef-with-apron-chopping-vegetables.jpg\",\"width\":2000,\"height\":1125},{\"@type\":\"BreadcrumbList\",\"@id\":\"https:\/\/www.staayfoodgroup.com\/fr\/clients\/services-alimentaires\/#breadcrumb\",\"itemListElement\":[{\"@type\":\"ListItem\",\"position\":1,\"name\":\"Home\",\"item\":\"https:\/\/www.staayfoodgroup.com\/fr\/\"},{\"@type\":\"ListItem\",\"position\":2,\"name\":\"Clients\",\"item\":\"https:\/\/www.staayfoodgroup.com\/fr\/clients\/\"},{\"@type\":\"ListItem\",\"position\":3,\"name\":\"Services alimentaires\"}]},{\"@type\":\"WebSite\",\"@id\":\"https:\/\/www.staayfoodgroup.com\/fr\/#website\",\"url\":\"https:\/\/www.staayfoodgroup.com\/fr\/\",\"name\":\"Staay Food Group\",\"description\":\"\",\"potentialAction\":[{\"@type\":\"SearchAction\",\"target\":{\"@type\":\"EntryPoint\",\"urlTemplate\":\"https:\/\/www.staayfoodgroup.com\/fr\/?s={search_term_string}\"},\"query-input\":{\"@type\":\"PropertyValueSpecification\",\"valueRequired\":true,\"valueName\":\"search_term_string\"}}],\"inLanguage\":\"fr-FR\"}]}<\/script>\n<!-- \/ Yoast SEO plugin. -->","yoast_head_json":{"title":"Services alimentaires - Staay Food Group","description":"Services alimentaires Staay Food Group","robots":{"index":"index","follow":"follow","max-snippet":"max-snippet:-1","max-image-preview":"max-image-preview:large","max-video-preview":"max-video-preview:-1"},"canonical":"https:\/\/www.staayfoodgroup.com\/fr\/clients\/services-alimentaires\/","og_locale":"fr_FR","og_type":"article","og_title":"Services alimentaires - Staay Food Group","og_description":"Services alimentaires Staay Food Group","og_url":"https:\/\/www.staayfoodgroup.com\/fr\/clients\/services-alimentaires\/","og_site_name":"Staay Food Group","article_modified_time":"2023-08-22T07:19:45+00:00","og_image":[{"width":2000,"height":1125,"url":"https:\/\/www.staayfoodgroup.com\/wp-content\/uploads\/2022\/10\/male-chef-with-apron-chopping-vegetables.jpg","type":"image\/jpeg"}],"twitter_card":"summary_large_image","twitter_misc":{"Dur\u00e9e de lecture estim\u00e9e":"1 minute"},"schema":{"@context":"https:\/\/schema.org","@graph":[{"@type":"WebPage","@id":"https:\/\/www.staayfoodgroup.com\/fr\/clients\/services-alimentaires\/","url":"https:\/\/www.staayfoodgroup.com\/fr\/clients\/services-alimentaires\/","name":"Services alimentaires - Staay Food Group","isPartOf":{"@id":"https:\/\/www.staayfoodgroup.com\/fr\/#website"},"primaryImageOfPage":{"@id":"https:\/\/www.staayfoodgroup.com\/fr\/clients\/services-alimentaires\/#primaryimage"},"image":{"@id":"https:\/\/www.staayfoodgroup.com\/fr\/clients\/services-alimentaires\/#primaryimage"},"thumbnailUrl":"https:\/\/www.staayfoodgroup.com\/wp-content\/uploads\/2022\/10\/male-chef-with-apron-chopping-vegetables.jpg","datePublished":"2022-06-22T08:32:26+00:00","dateModified":"2023-08-22T07:19:45+00:00","description":"Services alimentaires Staay Food Group","breadcrumb":{"@id":"https:\/\/www.staayfoodgroup.com\/fr\/clients\/services-alimentaires\/#breadcrumb"},"inLanguage":"fr-FR","potentialAction":[{"@type":"ReadAction","target":["https:\/\/www.staayfoodgroup.com\/fr\/clients\/services-alimentaires\/"]}]},{"@type":"ImageObject","inLanguage":"fr-FR","@id":"https:\/\/www.staayfoodgroup.com\/fr\/clients\/services-alimentaires\/#primaryimage","url":"https:\/\/www.staayfoodgroup.com\/wp-content\/uploads\/2022\/10\/male-chef-with-apron-chopping-vegetables.jpg","contentUrl":"https:\/\/www.staayfoodgroup.com\/wp-content\/uploads\/2022\/10\/male-chef-with-apron-chopping-vegetables.jpg","width":2000,"height":1125},{"@type":"BreadcrumbList","@id":"https:\/\/www.staayfoodgroup.com\/fr\/clients\/services-alimentaires\/#breadcrumb","itemListElement":[{"@type":"ListItem","position":1,"name":"Home","item":"https:\/\/www.staayfoodgroup.com\/fr\/"},{"@type":"ListItem","position":2,"name":"Clients","item":"https:\/\/www.staayfoodgroup.com\/fr\/clients\/"},{"@type":"ListItem","position":3,"name":"Services alimentaires"}]},{"@type":"WebSite","@id":"https:\/\/www.staayfoodgroup.com\/fr\/#website","url":"https:\/\/www.staayfoodgroup.com\/fr\/","name":"Staay Food Group","description":"","potentialAction":[{"@type":"SearchAction","target":{"@type":"EntryPoint","urlTemplate":"https:\/\/www.staayfoodgroup.com\/fr\/?s={search_term_string}"},"query-input":{"@type":"PropertyValueSpecification","valueRequired":true,"valueName":"search_term_string"}}],"inLanguage":"fr-FR"}]}},"_links":{"self":[{"href":"https:\/\/www.staayfoodgroup.com\/fr\/wp-json\/wp\/v2\/pages\/5339","targetHints":{"allow":["GET"]}}],"collection":[{"href":"https:\/\/www.staayfoodgroup.com\/fr\/wp-json\/wp\/v2\/pages"}],"about":[{"href":"https:\/\/www.staayfoodgroup.com\/fr\/wp-json\/wp\/v2\/types\/page"}],"author":[{"embeddable":true,"href":"https:\/\/www.staayfoodgroup.com\/fr\/wp-json\/wp\/v2\/users\/10"}],"replies":[{"embeddable":true,"href":"https:\/\/www.staayfoodgroup.com\/fr\/wp-json\/wp\/v2\/comments?post=5339"}],"version-history":[{"count":2,"href":"https:\/\/www.staayfoodgroup.com\/fr\/wp-json\/wp\/v2\/pages\/5339\/revisions"}],"predecessor-version":[{"id":7544,"href":"https:\/\/www.staayfoodgroup.com\/fr\/wp-json\/wp\/v2\/pages\/5339\/revisions\/7544"}],"up":[{"embeddable":true,"href":"https:\/\/www.staayfoodgroup.com\/fr\/wp-json\/wp\/v2\/pages\/5353"}],"wp:featuredmedia":[{"embeddable":true,"href":"https:\/\/www.staayfoodgroup.com\/fr\/wp-json\/wp\/v2\/media\/3837"}],"wp:attachment":[{"href":"https:\/\/www.staayfoodgroup.com\/fr\/wp-json\/wp\/v2\/media?parent=5339"}],"curies":[{"name":"wp","href":"https:\/\/api.w.org\/{rel}","templated":true}]}}