{"id":5348,"date":"2022-06-08T15:55:03","date_gmt":"2022-06-08T15:55:03","guid":{"rendered":"http:\/\/www.staayfoodgroup.com\/logistique\/"},"modified":"2022-06-08T15:55:03","modified_gmt":"2022-06-08T15:55:03","slug":"logistique","status":"publish","type":"page","link":"https:\/\/www.staayfoodgroup.com\/fr\/logistique\/","title":{"rendered":"Logistique"},"content":{"rendered":"<p>L&rsquo;exp\u00e9rience montre que nous sommes plus performants lorsque nous prenons les choses en main, car cela nous rend flexibles et r\u00e9actifs. C&rsquo;est pourquoi nous assurons notre propre logistique avec une quarantaine de camions et camionnettes articul\u00e9s. Les voitures conduites par des chauffeurs qui font partie de nos employ\u00e9s et que nous connaissons tous, ce que nous trouvons \u00e0 la fois plus agr\u00e9able et plus fiable. De m\u00eame, nous organisons et traitons toutes les formalit\u00e9s douani\u00e8res en interne.<\/p>\n","protected":false},"excerpt":{"rendered":"L&rsquo;exp\u00e9rience montre que nous sommes plus performants lorsque nous prenons les choses en main, car cela nous rend flexibles et r\u00e9actifs. C&rsquo;est pourquoi nous assurons notre propre logistique avec une quarantaine de camions et camionnettes articul\u00e9s. Les voitures conduites par des chauffeurs qui font partie de nos employ\u00e9s et que nous connaissons tous, ce que [&hellip;]","protected":false},"author":10,"featured_media":0,"parent":0,"menu_order":0,"comment_status":"closed","ping_status":"closed","template":"","meta":{"_acf_changed":false,"inline_featured_image":false,"footnotes":""},"class_list":["post-5348","page","type-page","status-publish","hentry"],"acf":[],"yoast_head":"<!-- This site is optimized with the Yoast SEO plugin v27.1.1 - https:\/\/yoast.com\/product\/yoast-seo-wordpress\/ -->\n<title>Logistique - Staay Food Group<\/title>\n<meta name=\"robots\" content=\"index, follow, max-snippet:-1, max-image-preview:large, max-video-preview:-1\" \/>\n<link rel=\"canonical\" href=\"https:\/\/www.staayfoodgroup.com\/fr\/logistique\/\" \/>\n<meta property=\"og:locale\" content=\"fr_FR\" \/>\n<meta property=\"og:type\" content=\"article\" \/>\n<meta property=\"og:title\" content=\"Logistique - Staay Food Group\" \/>\n<meta property=\"og:description\" content=\"L&rsquo;exp\u00e9rience montre que nous sommes plus performants lorsque nous prenons les choses en main, car cela nous rend flexibles et r\u00e9actifs. C&rsquo;est pourquoi nous assurons notre propre logistique avec une quarantaine de camions et camionnettes articul\u00e9s. Les voitures conduites par des chauffeurs qui font partie de nos employ\u00e9s et que nous connaissons tous, ce que [&hellip;]\" \/>\n<meta property=\"og:url\" content=\"https:\/\/www.staayfoodgroup.com\/fr\/logistique\/\" \/>\n<meta property=\"og:site_name\" content=\"Staay Food Group\" \/>\n<meta name=\"twitter:card\" content=\"summary_large_image\" \/>\n<script type=\"application\/ld+json\" class=\"yoast-schema-graph\">{\"@context\":\"https:\/\/schema.org\",\"@graph\":[{\"@type\":\"WebPage\",\"@id\":\"https:\/\/www.staayfoodgroup.com\/fr\/logistique\/\",\"url\":\"https:\/\/www.staayfoodgroup.com\/fr\/logistique\/\",\"name\":\"Logistique - Staay Food Group\",\"isPartOf\":{\"@id\":\"https:\/\/www.staayfoodgroup.com\/fr\/#website\"},\"datePublished\":\"2022-06-08T15:55:03+00:00\",\"breadcrumb\":{\"@id\":\"https:\/\/www.staayfoodgroup.com\/fr\/logistique\/#breadcrumb\"},\"inLanguage\":\"fr-FR\",\"potentialAction\":[{\"@type\":\"ReadAction\",\"target\":[\"https:\/\/www.staayfoodgroup.com\/fr\/logistique\/\"]}]},{\"@type\":\"BreadcrumbList\",\"@id\":\"https:\/\/www.staayfoodgroup.com\/fr\/logistique\/#breadcrumb\",\"itemListElement\":[{\"@type\":\"ListItem\",\"position\":1,\"name\":\"Home\",\"item\":\"https:\/\/www.staayfoodgroup.com\/fr\/\"},{\"@type\":\"ListItem\",\"position\":2,\"name\":\"Logistique\"}]},{\"@type\":\"WebSite\",\"@id\":\"https:\/\/www.staayfoodgroup.com\/fr\/#website\",\"url\":\"https:\/\/www.staayfoodgroup.com\/fr\/\",\"name\":\"Staay Food Group\",\"description\":\"\",\"potentialAction\":[{\"@type\":\"SearchAction\",\"target\":{\"@type\":\"EntryPoint\",\"urlTemplate\":\"https:\/\/www.staayfoodgroup.com\/fr\/?s={search_term_string}\"},\"query-input\":{\"@type\":\"PropertyValueSpecification\",\"valueRequired\":true,\"valueName\":\"search_term_string\"}}],\"inLanguage\":\"fr-FR\"}]}<\/script>\n<!-- \/ Yoast SEO plugin. -->","yoast_head_json":{"title":"Logistique - Staay Food Group","robots":{"index":"index","follow":"follow","max-snippet":"max-snippet:-1","max-image-preview":"max-image-preview:large","max-video-preview":"max-video-preview:-1"},"canonical":"https:\/\/www.staayfoodgroup.com\/fr\/logistique\/","og_locale":"fr_FR","og_type":"article","og_title":"Logistique - Staay Food Group","og_description":"L&rsquo;exp\u00e9rience montre que nous sommes plus performants lorsque nous prenons les choses en main, car cela nous rend flexibles et r\u00e9actifs. C&rsquo;est pourquoi nous assurons notre propre logistique avec une quarantaine de camions et camionnettes articul\u00e9s. Les voitures conduites par des chauffeurs qui font partie de nos employ\u00e9s et que nous connaissons tous, ce que [&hellip;]","og_url":"https:\/\/www.staayfoodgroup.com\/fr\/logistique\/","og_site_name":"Staay Food Group","twitter_card":"summary_large_image","schema":{"@context":"https:\/\/schema.org","@graph":[{"@type":"WebPage","@id":"https:\/\/www.staayfoodgroup.com\/fr\/logistique\/","url":"https:\/\/www.staayfoodgroup.com\/fr\/logistique\/","name":"Logistique - Staay Food Group","isPartOf":{"@id":"https:\/\/www.staayfoodgroup.com\/fr\/#website"},"datePublished":"2022-06-08T15:55:03+00:00","breadcrumb":{"@id":"https:\/\/www.staayfoodgroup.com\/fr\/logistique\/#breadcrumb"},"inLanguage":"fr-FR","potentialAction":[{"@type":"ReadAction","target":["https:\/\/www.staayfoodgroup.com\/fr\/logistique\/"]}]},{"@type":"BreadcrumbList","@id":"https:\/\/www.staayfoodgroup.com\/fr\/logistique\/#breadcrumb","itemListElement":[{"@type":"ListItem","position":1,"name":"Home","item":"https:\/\/www.staayfoodgroup.com\/fr\/"},{"@type":"ListItem","position":2,"name":"Logistique"}]},{"@type":"WebSite","@id":"https:\/\/www.staayfoodgroup.com\/fr\/#website","url":"https:\/\/www.staayfoodgroup.com\/fr\/","name":"Staay Food Group","description":"","potentialAction":[{"@type":"SearchAction","target":{"@type":"EntryPoint","urlTemplate":"https:\/\/www.staayfoodgroup.com\/fr\/?s={search_term_string}"},"query-input":{"@type":"PropertyValueSpecification","valueRequired":true,"valueName":"search_term_string"}}],"inLanguage":"fr-FR"}]}},"_links":{"self":[{"href":"https:\/\/www.staayfoodgroup.com\/fr\/wp-json\/wp\/v2\/pages\/5348","targetHints":{"allow":["GET"]}}],"collection":[{"href":"https:\/\/www.staayfoodgroup.com\/fr\/wp-json\/wp\/v2\/pages"}],"about":[{"href":"https:\/\/www.staayfoodgroup.com\/fr\/wp-json\/wp\/v2\/types\/page"}],"author":[{"embeddable":true,"href":"https:\/\/www.staayfoodgroup.com\/fr\/wp-json\/wp\/v2\/users\/10"}],"replies":[{"embeddable":true,"href":"https:\/\/www.staayfoodgroup.com\/fr\/wp-json\/wp\/v2\/comments?post=5348"}],"version-history":[{"count":0,"href":"https:\/\/www.staayfoodgroup.com\/fr\/wp-json\/wp\/v2\/pages\/5348\/revisions"}],"wp:attachment":[{"href":"https:\/\/www.staayfoodgroup.com\/fr\/wp-json\/wp\/v2\/media?parent=5348"}],"curies":[{"name":"wp","href":"https:\/\/api.w.org\/{rel}","templated":true}]}}