{"id":5350,"date":"2022-07-06T13:10:28","date_gmt":"2022-07-06T12:10:28","guid":{"rendered":"http:\/\/www.staayfoodgroup.com\/vente-au-detail\/"},"modified":"2023-08-22T07:09:59","modified_gmt":"2023-08-22T07:09:59","slug":"vente-au-detail","status":"publish","type":"page","link":"https:\/\/www.staayfoodgroup.com\/fr\/clients\/vente-au-detail\/","title":{"rendered":"Vente au d\u00e9tail"},"content":{"rendered":"<p>Le commerce de d\u00e9tail, c&rsquo;est faire ce qui a \u00e9t\u00e9 promis. Toujours. Staay Food Group approvisionne un grand nombre de d\u00e9taillants en Europe occidentale depuis des d\u00e9cennies. En tant que partenaire dans le domaine des fruits et l\u00e9gumes frais, nous construisons ensemble la cat\u00e9gorie. Avec de grands volumes de produits frais certifi\u00e9s et tra\u00e7ables, une culture interne, une connaissance du march\u00e9 et une flexibilit\u00e9 maximale.<\/p>\n","protected":false},"excerpt":{"rendered":"Le commerce de d\u00e9tail, c&rsquo;est faire ce qui a \u00e9t\u00e9 promis. Toujours. Staay Food Group approvisionne un grand nombre de d\u00e9taillants en Europe occidentale depuis des d\u00e9cennies. En tant que partenaire dans le domaine des fruits et l\u00e9gumes frais, nous construisons ensemble la cat\u00e9gorie. Avec de grands volumes de produits frais certifi\u00e9s et tra\u00e7ables, une [&hellip;]","protected":false},"author":10,"featured_media":4246,"parent":5353,"menu_order":0,"comment_status":"closed","ping_status":"closed","template":"","meta":{"_acf_changed":false,"inline_featured_image":false,"footnotes":""},"class_list":["post-5350","page","type-page","status-publish","has-post-thumbnail","hentry"],"acf":[],"yoast_head":"<!-- This site is optimized with the Yoast SEO plugin v27.1.1 - https:\/\/yoast.com\/product\/yoast-seo-wordpress\/ -->\n<title>Vente au d\u00e9tail - Staay Food Group<\/title>\n<meta name=\"robots\" content=\"index, follow, max-snippet:-1, max-image-preview:large, max-video-preview:-1\" \/>\n<link rel=\"canonical\" href=\"https:\/\/www.staayfoodgroup.com\/fr\/clients\/vente-au-detail\/\" \/>\n<meta property=\"og:locale\" content=\"fr_FR\" \/>\n<meta property=\"og:type\" content=\"article\" \/>\n<meta property=\"og:title\" content=\"Vente au d\u00e9tail - Staay Food Group\" \/>\n<meta property=\"og:description\" content=\"Le commerce de d\u00e9tail, c&rsquo;est faire ce qui a \u00e9t\u00e9 promis. Toujours. Staay Food Group approvisionne un grand nombre de d\u00e9taillants en Europe occidentale depuis des d\u00e9cennies. En tant que partenaire dans le domaine des fruits et l\u00e9gumes frais, nous construisons ensemble la cat\u00e9gorie. Avec de grands volumes de produits frais certifi\u00e9s et tra\u00e7ables, une [&hellip;]\" \/>\n<meta property=\"og:url\" content=\"https:\/\/www.staayfoodgroup.com\/fr\/clients\/vente-au-detail\/\" \/>\n<meta property=\"og:site_name\" content=\"Staay Food Group\" \/>\n<meta property=\"article:modified_time\" content=\"2023-08-22T07:09:59+00:00\" \/>\n<meta property=\"og:image\" content=\"https:\/\/www.staayfoodgroup.com\/wp-content\/uploads\/2023\/05\/dennis-siqueira-dWzRegf99aA-unsplash-retail-AGF-LR.jpg\" \/>\n\t<meta property=\"og:image:width\" content=\"1440\" \/>\n\t<meta property=\"og:image:height\" content=\"960\" \/>\n\t<meta property=\"og:image:type\" content=\"image\/jpeg\" \/>\n<meta name=\"twitter:card\" content=\"summary_large_image\" \/>\n<meta name=\"twitter:label1\" content=\"Dur\u00e9e de lecture estim\u00e9e\" \/>\n\t<meta name=\"twitter:data1\" content=\"1 minute\" \/>\n<script type=\"application\/ld+json\" class=\"yoast-schema-graph\">{\"@context\":\"https:\/\/schema.org\",\"@graph\":[{\"@type\":\"WebPage\",\"@id\":\"https:\/\/www.staayfoodgroup.com\/fr\/clients\/vente-au-detail\/\",\"url\":\"https:\/\/www.staayfoodgroup.com\/fr\/clients\/vente-au-detail\/\",\"name\":\"Vente au d\u00e9tail - Staay Food Group\",\"isPartOf\":{\"@id\":\"https:\/\/www.staayfoodgroup.com\/fr\/#website\"},\"primaryImageOfPage\":{\"@id\":\"https:\/\/www.staayfoodgroup.com\/fr\/clients\/vente-au-detail\/#primaryimage\"},\"image\":{\"@id\":\"https:\/\/www.staayfoodgroup.com\/fr\/clients\/vente-au-detail\/#primaryimage\"},\"thumbnailUrl\":\"https:\/\/www.staayfoodgroup.com\/wp-content\/uploads\/2023\/05\/dennis-siqueira-dWzRegf99aA-unsplash-retail-AGF-LR.jpg\",\"datePublished\":\"2022-07-06T12:10:28+00:00\",\"dateModified\":\"2023-08-22T07:09:59+00:00\",\"breadcrumb\":{\"@id\":\"https:\/\/www.staayfoodgroup.com\/fr\/clients\/vente-au-detail\/#breadcrumb\"},\"inLanguage\":\"fr-FR\",\"potentialAction\":[{\"@type\":\"ReadAction\",\"target\":[\"https:\/\/www.staayfoodgroup.com\/fr\/clients\/vente-au-detail\/\"]}]},{\"@type\":\"ImageObject\",\"inLanguage\":\"fr-FR\",\"@id\":\"https:\/\/www.staayfoodgroup.com\/fr\/clients\/vente-au-detail\/#primaryimage\",\"url\":\"https:\/\/www.staayfoodgroup.com\/wp-content\/uploads\/2023\/05\/dennis-siqueira-dWzRegf99aA-unsplash-retail-AGF-LR.jpg\",\"contentUrl\":\"https:\/\/www.staayfoodgroup.com\/wp-content\/uploads\/2023\/05\/dennis-siqueira-dWzRegf99aA-unsplash-retail-AGF-LR.jpg\",\"width\":1440,\"height\":960},{\"@type\":\"BreadcrumbList\",\"@id\":\"https:\/\/www.staayfoodgroup.com\/fr\/clients\/vente-au-detail\/#breadcrumb\",\"itemListElement\":[{\"@type\":\"ListItem\",\"position\":1,\"name\":\"Home\",\"item\":\"https:\/\/www.staayfoodgroup.com\/fr\/\"},{\"@type\":\"ListItem\",\"position\":2,\"name\":\"Clients\",\"item\":\"https:\/\/www.staayfoodgroup.com\/fr\/clients\/\"},{\"@type\":\"ListItem\",\"position\":3,\"name\":\"Vente au d\u00e9tail\"}]},{\"@type\":\"WebSite\",\"@id\":\"https:\/\/www.staayfoodgroup.com\/fr\/#website\",\"url\":\"https:\/\/www.staayfoodgroup.com\/fr\/\",\"name\":\"Staay Food Group\",\"description\":\"\",\"potentialAction\":[{\"@type\":\"SearchAction\",\"target\":{\"@type\":\"EntryPoint\",\"urlTemplate\":\"https:\/\/www.staayfoodgroup.com\/fr\/?s={search_term_string}\"},\"query-input\":{\"@type\":\"PropertyValueSpecification\",\"valueRequired\":true,\"valueName\":\"search_term_string\"}}],\"inLanguage\":\"fr-FR\"}]}<\/script>\n<!-- \/ Yoast SEO plugin. -->","yoast_head_json":{"title":"Vente au d\u00e9tail - Staay Food Group","robots":{"index":"index","follow":"follow","max-snippet":"max-snippet:-1","max-image-preview":"max-image-preview:large","max-video-preview":"max-video-preview:-1"},"canonical":"https:\/\/www.staayfoodgroup.com\/fr\/clients\/vente-au-detail\/","og_locale":"fr_FR","og_type":"article","og_title":"Vente au d\u00e9tail - Staay Food Group","og_description":"Le commerce de d\u00e9tail, c&rsquo;est faire ce qui a \u00e9t\u00e9 promis. Toujours. Staay Food Group approvisionne un grand nombre de d\u00e9taillants en Europe occidentale depuis des d\u00e9cennies. En tant que partenaire dans le domaine des fruits et l\u00e9gumes frais, nous construisons ensemble la cat\u00e9gorie. Avec de grands volumes de produits frais certifi\u00e9s et tra\u00e7ables, une [&hellip;]","og_url":"https:\/\/www.staayfoodgroup.com\/fr\/clients\/vente-au-detail\/","og_site_name":"Staay Food Group","article_modified_time":"2023-08-22T07:09:59+00:00","og_image":[{"width":1440,"height":960,"url":"https:\/\/www.staayfoodgroup.com\/wp-content\/uploads\/2023\/05\/dennis-siqueira-dWzRegf99aA-unsplash-retail-AGF-LR.jpg","type":"image\/jpeg"}],"twitter_card":"summary_large_image","twitter_misc":{"Dur\u00e9e de lecture estim\u00e9e":"1 minute"},"schema":{"@context":"https:\/\/schema.org","@graph":[{"@type":"WebPage","@id":"https:\/\/www.staayfoodgroup.com\/fr\/clients\/vente-au-detail\/","url":"https:\/\/www.staayfoodgroup.com\/fr\/clients\/vente-au-detail\/","name":"Vente au d\u00e9tail - Staay Food Group","isPartOf":{"@id":"https:\/\/www.staayfoodgroup.com\/fr\/#website"},"primaryImageOfPage":{"@id":"https:\/\/www.staayfoodgroup.com\/fr\/clients\/vente-au-detail\/#primaryimage"},"image":{"@id":"https:\/\/www.staayfoodgroup.com\/fr\/clients\/vente-au-detail\/#primaryimage"},"thumbnailUrl":"https:\/\/www.staayfoodgroup.com\/wp-content\/uploads\/2023\/05\/dennis-siqueira-dWzRegf99aA-unsplash-retail-AGF-LR.jpg","datePublished":"2022-07-06T12:10:28+00:00","dateModified":"2023-08-22T07:09:59+00:00","breadcrumb":{"@id":"https:\/\/www.staayfoodgroup.com\/fr\/clients\/vente-au-detail\/#breadcrumb"},"inLanguage":"fr-FR","potentialAction":[{"@type":"ReadAction","target":["https:\/\/www.staayfoodgroup.com\/fr\/clients\/vente-au-detail\/"]}]},{"@type":"ImageObject","inLanguage":"fr-FR","@id":"https:\/\/www.staayfoodgroup.com\/fr\/clients\/vente-au-detail\/#primaryimage","url":"https:\/\/www.staayfoodgroup.com\/wp-content\/uploads\/2023\/05\/dennis-siqueira-dWzRegf99aA-unsplash-retail-AGF-LR.jpg","contentUrl":"https:\/\/www.staayfoodgroup.com\/wp-content\/uploads\/2023\/05\/dennis-siqueira-dWzRegf99aA-unsplash-retail-AGF-LR.jpg","width":1440,"height":960},{"@type":"BreadcrumbList","@id":"https:\/\/www.staayfoodgroup.com\/fr\/clients\/vente-au-detail\/#breadcrumb","itemListElement":[{"@type":"ListItem","position":1,"name":"Home","item":"https:\/\/www.staayfoodgroup.com\/fr\/"},{"@type":"ListItem","position":2,"name":"Clients","item":"https:\/\/www.staayfoodgroup.com\/fr\/clients\/"},{"@type":"ListItem","position":3,"name":"Vente au d\u00e9tail"}]},{"@type":"WebSite","@id":"https:\/\/www.staayfoodgroup.com\/fr\/#website","url":"https:\/\/www.staayfoodgroup.com\/fr\/","name":"Staay Food Group","description":"","potentialAction":[{"@type":"SearchAction","target":{"@type":"EntryPoint","urlTemplate":"https:\/\/www.staayfoodgroup.com\/fr\/?s={search_term_string}"},"query-input":{"@type":"PropertyValueSpecification","valueRequired":true,"valueName":"search_term_string"}}],"inLanguage":"fr-FR"}]}},"_links":{"self":[{"href":"https:\/\/www.staayfoodgroup.com\/fr\/wp-json\/wp\/v2\/pages\/5350","targetHints":{"allow":["GET"]}}],"collection":[{"href":"https:\/\/www.staayfoodgroup.com\/fr\/wp-json\/wp\/v2\/pages"}],"about":[{"href":"https:\/\/www.staayfoodgroup.com\/fr\/wp-json\/wp\/v2\/types\/page"}],"author":[{"embeddable":true,"href":"https:\/\/www.staayfoodgroup.com\/fr\/wp-json\/wp\/v2\/users\/10"}],"replies":[{"embeddable":true,"href":"https:\/\/www.staayfoodgroup.com\/fr\/wp-json\/wp\/v2\/comments?post=5350"}],"version-history":[{"count":4,"href":"https:\/\/www.staayfoodgroup.com\/fr\/wp-json\/wp\/v2\/pages\/5350\/revisions"}],"predecessor-version":[{"id":7535,"href":"https:\/\/www.staayfoodgroup.com\/fr\/wp-json\/wp\/v2\/pages\/5350\/revisions\/7535"}],"up":[{"embeddable":true,"href":"https:\/\/www.staayfoodgroup.com\/fr\/wp-json\/wp\/v2\/pages\/5353"}],"wp:featuredmedia":[{"embeddable":true,"href":"https:\/\/www.staayfoodgroup.com\/fr\/wp-json\/wp\/v2\/media\/4246"}],"wp:attachment":[{"href":"https:\/\/www.staayfoodgroup.com\/fr\/wp-json\/wp\/v2\/media?parent=5350"}],"curies":[{"name":"wp","href":"https:\/\/api.w.org\/{rel}","templated":true}]}}