{"id":5352,"date":"2022-07-06T13:10:11","date_gmt":"2022-07-06T12:10:11","guid":{"rendered":"http:\/\/www.staayfoodgroup.com\/commerce-de-gros\/"},"modified":"2023-08-22T07:29:23","modified_gmt":"2023-08-22T07:29:23","slug":"commerce-de-gros","status":"publish","type":"page","link":"https:\/\/www.staayfoodgroup.com\/fr\/clients\/commerce-de-gros\/","title":{"rendered":"Commerce de gros"},"content":{"rendered":"<p>En ce qui concerne le commerce de fruits et l\u00e9gumes, il faut savoir agir rapidement et directement. No nonsense. Il faut savoir r\u00e9agir vite et r\u00e9gler les choses \u00e0 temps. En tant qu&rsquo;entreprise familiale ind\u00e9pendante, nous savons ce qui est demand\u00e9. Des lignes de communication courtes, un r\u00e9seau international et le fait d&rsquo;\u00eatre toujours l\u00e0 l&rsquo;un pour l&rsquo;autre.<\/p>\n","protected":false},"excerpt":{"rendered":"En ce qui concerne le commerce de fruits et l\u00e9gumes, il faut savoir agir rapidement et directement. No nonsense. Il faut savoir r\u00e9agir vite et r\u00e9gler les choses \u00e0 temps. En tant qu&rsquo;entreprise familiale ind\u00e9pendante, nous savons ce qui est demand\u00e9. Des lignes de communication courtes, un r\u00e9seau international et le fait d&rsquo;\u00eatre toujours l\u00e0 [&hellip;]","protected":false},"author":10,"featured_media":3417,"parent":5353,"menu_order":0,"comment_status":"closed","ping_status":"closed","template":"","meta":{"_acf_changed":false,"inline_featured_image":false,"footnotes":""},"class_list":["post-5352","page","type-page","status-publish","has-post-thumbnail","hentry"],"acf":[],"yoast_head":"<!-- This site is optimized with the Yoast SEO plugin v27.1.1 - https:\/\/yoast.com\/product\/yoast-seo-wordpress\/ -->\n<title>Commerce de gros - Staay Food Group<\/title>\n<meta name=\"description\" content=\"Commerce de gros Staay Food Group\" \/>\n<meta name=\"robots\" content=\"index, follow, max-snippet:-1, max-image-preview:large, max-video-preview:-1\" \/>\n<link rel=\"canonical\" href=\"https:\/\/www.staayfoodgroup.com\/fr\/clients\/commerce-de-gros\/\" \/>\n<meta property=\"og:locale\" content=\"fr_FR\" \/>\n<meta property=\"og:type\" content=\"article\" \/>\n<meta property=\"og:title\" content=\"Commerce de gros - Staay Food Group\" \/>\n<meta property=\"og:description\" content=\"Commerce de gros Staay Food Group\" \/>\n<meta property=\"og:url\" content=\"https:\/\/www.staayfoodgroup.com\/fr\/clients\/commerce-de-gros\/\" \/>\n<meta property=\"og:site_name\" content=\"Staay Food Group\" \/>\n<meta property=\"article:modified_time\" content=\"2023-08-22T07:29:23+00:00\" \/>\n<meta property=\"og:image\" content=\"https:\/\/www.staayfoodgroup.com\/wp-content\/uploads\/2022\/09\/Koelcel-lr.jpg\" \/>\n\t<meta property=\"og:image:width\" content=\"1772\" \/>\n\t<meta property=\"og:image:height\" content=\"1183\" \/>\n\t<meta property=\"og:image:type\" content=\"image\/jpeg\" \/>\n<meta name=\"twitter:card\" content=\"summary_large_image\" \/>\n<meta name=\"twitter:label1\" content=\"Dur\u00e9e de lecture estim\u00e9e\" \/>\n\t<meta name=\"twitter:data1\" content=\"1 minute\" \/>\n<script type=\"application\/ld+json\" class=\"yoast-schema-graph\">{\"@context\":\"https:\/\/schema.org\",\"@graph\":[{\"@type\":\"WebPage\",\"@id\":\"https:\/\/www.staayfoodgroup.com\/fr\/clients\/commerce-de-gros\/\",\"url\":\"https:\/\/www.staayfoodgroup.com\/fr\/clients\/commerce-de-gros\/\",\"name\":\"Commerce de gros - Staay Food Group\",\"isPartOf\":{\"@id\":\"https:\/\/www.staayfoodgroup.com\/fr\/#website\"},\"primaryImageOfPage\":{\"@id\":\"https:\/\/www.staayfoodgroup.com\/fr\/clients\/commerce-de-gros\/#primaryimage\"},\"image\":{\"@id\":\"https:\/\/www.staayfoodgroup.com\/fr\/clients\/commerce-de-gros\/#primaryimage\"},\"thumbnailUrl\":\"https:\/\/www.staayfoodgroup.com\/wp-content\/uploads\/2022\/09\/Koelcel-lr.jpg\",\"datePublished\":\"2022-07-06T12:10:11+00:00\",\"dateModified\":\"2023-08-22T07:29:23+00:00\",\"description\":\"Commerce de gros Staay Food Group\",\"breadcrumb\":{\"@id\":\"https:\/\/www.staayfoodgroup.com\/fr\/clients\/commerce-de-gros\/#breadcrumb\"},\"inLanguage\":\"fr-FR\",\"potentialAction\":[{\"@type\":\"ReadAction\",\"target\":[\"https:\/\/www.staayfoodgroup.com\/fr\/clients\/commerce-de-gros\/\"]}]},{\"@type\":\"ImageObject\",\"inLanguage\":\"fr-FR\",\"@id\":\"https:\/\/www.staayfoodgroup.com\/fr\/clients\/commerce-de-gros\/#primaryimage\",\"url\":\"https:\/\/www.staayfoodgroup.com\/wp-content\/uploads\/2022\/09\/Koelcel-lr.jpg\",\"contentUrl\":\"https:\/\/www.staayfoodgroup.com\/wp-content\/uploads\/2022\/09\/Koelcel-lr.jpg\",\"width\":1772,\"height\":1183},{\"@type\":\"BreadcrumbList\",\"@id\":\"https:\/\/www.staayfoodgroup.com\/fr\/clients\/commerce-de-gros\/#breadcrumb\",\"itemListElement\":[{\"@type\":\"ListItem\",\"position\":1,\"name\":\"Home\",\"item\":\"https:\/\/www.staayfoodgroup.com\/fr\/\"},{\"@type\":\"ListItem\",\"position\":2,\"name\":\"Clients\",\"item\":\"https:\/\/www.staayfoodgroup.com\/fr\/clients\/\"},{\"@type\":\"ListItem\",\"position\":3,\"name\":\"Commerce de gros\"}]},{\"@type\":\"WebSite\",\"@id\":\"https:\/\/www.staayfoodgroup.com\/fr\/#website\",\"url\":\"https:\/\/www.staayfoodgroup.com\/fr\/\",\"name\":\"Staay Food Group\",\"description\":\"\",\"potentialAction\":[{\"@type\":\"SearchAction\",\"target\":{\"@type\":\"EntryPoint\",\"urlTemplate\":\"https:\/\/www.staayfoodgroup.com\/fr\/?s={search_term_string}\"},\"query-input\":{\"@type\":\"PropertyValueSpecification\",\"valueRequired\":true,\"valueName\":\"search_term_string\"}}],\"inLanguage\":\"fr-FR\"}]}<\/script>\n<!-- \/ Yoast SEO plugin. -->","yoast_head_json":{"title":"Commerce de gros - Staay Food Group","description":"Commerce de gros Staay Food Group","robots":{"index":"index","follow":"follow","max-snippet":"max-snippet:-1","max-image-preview":"max-image-preview:large","max-video-preview":"max-video-preview:-1"},"canonical":"https:\/\/www.staayfoodgroup.com\/fr\/clients\/commerce-de-gros\/","og_locale":"fr_FR","og_type":"article","og_title":"Commerce de gros - Staay Food Group","og_description":"Commerce de gros Staay Food Group","og_url":"https:\/\/www.staayfoodgroup.com\/fr\/clients\/commerce-de-gros\/","og_site_name":"Staay Food Group","article_modified_time":"2023-08-22T07:29:23+00:00","og_image":[{"width":1772,"height":1183,"url":"https:\/\/www.staayfoodgroup.com\/wp-content\/uploads\/2022\/09\/Koelcel-lr.jpg","type":"image\/jpeg"}],"twitter_card":"summary_large_image","twitter_misc":{"Dur\u00e9e de lecture estim\u00e9e":"1 minute"},"schema":{"@context":"https:\/\/schema.org","@graph":[{"@type":"WebPage","@id":"https:\/\/www.staayfoodgroup.com\/fr\/clients\/commerce-de-gros\/","url":"https:\/\/www.staayfoodgroup.com\/fr\/clients\/commerce-de-gros\/","name":"Commerce de gros - Staay Food Group","isPartOf":{"@id":"https:\/\/www.staayfoodgroup.com\/fr\/#website"},"primaryImageOfPage":{"@id":"https:\/\/www.staayfoodgroup.com\/fr\/clients\/commerce-de-gros\/#primaryimage"},"image":{"@id":"https:\/\/www.staayfoodgroup.com\/fr\/clients\/commerce-de-gros\/#primaryimage"},"thumbnailUrl":"https:\/\/www.staayfoodgroup.com\/wp-content\/uploads\/2022\/09\/Koelcel-lr.jpg","datePublished":"2022-07-06T12:10:11+00:00","dateModified":"2023-08-22T07:29:23+00:00","description":"Commerce de gros Staay Food Group","breadcrumb":{"@id":"https:\/\/www.staayfoodgroup.com\/fr\/clients\/commerce-de-gros\/#breadcrumb"},"inLanguage":"fr-FR","potentialAction":[{"@type":"ReadAction","target":["https:\/\/www.staayfoodgroup.com\/fr\/clients\/commerce-de-gros\/"]}]},{"@type":"ImageObject","inLanguage":"fr-FR","@id":"https:\/\/www.staayfoodgroup.com\/fr\/clients\/commerce-de-gros\/#primaryimage","url":"https:\/\/www.staayfoodgroup.com\/wp-content\/uploads\/2022\/09\/Koelcel-lr.jpg","contentUrl":"https:\/\/www.staayfoodgroup.com\/wp-content\/uploads\/2022\/09\/Koelcel-lr.jpg","width":1772,"height":1183},{"@type":"BreadcrumbList","@id":"https:\/\/www.staayfoodgroup.com\/fr\/clients\/commerce-de-gros\/#breadcrumb","itemListElement":[{"@type":"ListItem","position":1,"name":"Home","item":"https:\/\/www.staayfoodgroup.com\/fr\/"},{"@type":"ListItem","position":2,"name":"Clients","item":"https:\/\/www.staayfoodgroup.com\/fr\/clients\/"},{"@type":"ListItem","position":3,"name":"Commerce de gros"}]},{"@type":"WebSite","@id":"https:\/\/www.staayfoodgroup.com\/fr\/#website","url":"https:\/\/www.staayfoodgroup.com\/fr\/","name":"Staay Food Group","description":"","potentialAction":[{"@type":"SearchAction","target":{"@type":"EntryPoint","urlTemplate":"https:\/\/www.staayfoodgroup.com\/fr\/?s={search_term_string}"},"query-input":{"@type":"PropertyValueSpecification","valueRequired":true,"valueName":"search_term_string"}}],"inLanguage":"fr-FR"}]}},"_links":{"self":[{"href":"https:\/\/www.staayfoodgroup.com\/fr\/wp-json\/wp\/v2\/pages\/5352","targetHints":{"allow":["GET"]}}],"collection":[{"href":"https:\/\/www.staayfoodgroup.com\/fr\/wp-json\/wp\/v2\/pages"}],"about":[{"href":"https:\/\/www.staayfoodgroup.com\/fr\/wp-json\/wp\/v2\/types\/page"}],"author":[{"embeddable":true,"href":"https:\/\/www.staayfoodgroup.com\/fr\/wp-json\/wp\/v2\/users\/10"}],"replies":[{"embeddable":true,"href":"https:\/\/www.staayfoodgroup.com\/fr\/wp-json\/wp\/v2\/comments?post=5352"}],"version-history":[{"count":3,"href":"https:\/\/www.staayfoodgroup.com\/fr\/wp-json\/wp\/v2\/pages\/5352\/revisions"}],"predecessor-version":[{"id":7550,"href":"https:\/\/www.staayfoodgroup.com\/fr\/wp-json\/wp\/v2\/pages\/5352\/revisions\/7550"}],"up":[{"embeddable":true,"href":"https:\/\/www.staayfoodgroup.com\/fr\/wp-json\/wp\/v2\/pages\/5353"}],"wp:featuredmedia":[{"embeddable":true,"href":"https:\/\/www.staayfoodgroup.com\/fr\/wp-json\/wp\/v2\/media\/3417"}],"wp:attachment":[{"href":"https:\/\/www.staayfoodgroup.com\/fr\/wp-json\/wp\/v2\/media?parent=5352"}],"curies":[{"name":"wp","href":"https:\/\/api.w.org\/{rel}","templated":true}]}}