{"id":7578,"date":"2022-06-08T13:29:25","date_gmt":"2022-06-08T13:29:25","guid":{"rendered":"http:\/\/www.staayfoodgroup.com\/avis-de-non-responsabilite\/"},"modified":"2022-06-08T13:29:25","modified_gmt":"2022-06-08T13:29:25","slug":"avis-de-non-responsabilite","status":"publish","type":"page","link":"https:\/\/www.staayfoodgroup.com\/fr\/avis-de-non-responsabilite\/","title":{"rendered":"Avis de non-responsabilit\u00e9"},"content":{"rendered":"<p>Staay Food Group a \u00e9labor\u00e9 ce site web au mieux de ses connaissances et de ses capacit\u00e9s. Toutefois, des inexactitudes et des omissions peuvent se produire. Staay Food Group ne peut en \u00eatre tenu pour responsable. Staay Food Group n&rsquo;est pas non plus responsable de l&rsquo;impossibilit\u00e9 temporaire de consulter ce site. Staay Food Group se r\u00e9serve le droit de modifier le contenu de ce site web sans pr\u00e9avis. Tous les droits d&rsquo;auteur, droits de marque et autres droits de propri\u00e9t\u00e9 intellectuelle relatifs \u00e0 (au contenu de) ce site web et aux donn\u00e9es, textes, photos et autres mat\u00e9riels qu&rsquo;il contient sont d\u00e9tenus par Staay Food Group et ses conc\u00e9dants de licence. Sans l&rsquo;autorisation \u00e9crite pr\u00e9alable de Staay Food Group, il est interdit de publier ou de reproduire le contenu de ce site web.<\/p>\n<p>Ce site web peut renvoyer, par exemple au moyen d&rsquo;hyperliens, \u00e0 des sites web de tiers. Staay Food Group n&rsquo;a aucun contr\u00f4le sur ces sites web, n&rsquo;est pas responsable de leur contenu et n&rsquo;accepte donc aucune responsabilit\u00e9 \u00e0 cet \u00e9gard.<\/p>\n<p>&nbsp;<\/p>\n","protected":false},"excerpt":{"rendered":"Staay Food Group a \u00e9labor\u00e9 ce site web au mieux de ses connaissances et de ses capacit\u00e9s. Toutefois, des inexactitudes et des omissions peuvent se produire. Staay Food Group ne peut en \u00eatre tenu pour responsable. Staay Food Group n&rsquo;est pas non plus responsable de l&rsquo;impossibilit\u00e9 temporaire de consulter ce site. Staay Food Group se [&hellip;]","protected":false},"author":10,"featured_media":0,"parent":0,"menu_order":0,"comment_status":"closed","ping_status":"closed","template":"","meta":{"_acf_changed":false,"inline_featured_image":false,"footnotes":""},"class_list":["post-7578","page","type-page","status-publish","hentry"],"acf":[],"yoast_head":"<!-- This site is optimized with the Yoast SEO plugin v27.1.1 - https:\/\/yoast.com\/product\/yoast-seo-wordpress\/ -->\n<title>Avis de non-responsabilit\u00e9 - Staay Food Group<\/title>\n<meta name=\"description\" content=\"Avis de non-responsabilit\u00e9 Staay Food Group\" \/>\n<meta name=\"robots\" content=\"index, follow, max-snippet:-1, max-image-preview:large, max-video-preview:-1\" \/>\n<link rel=\"canonical\" href=\"https:\/\/www.staayfoodgroup.com\/fr\/avis-de-non-responsabilite\/\" \/>\n<meta property=\"og:locale\" content=\"fr_FR\" \/>\n<meta property=\"og:type\" content=\"article\" \/>\n<meta property=\"og:title\" content=\"Avis de non-responsabilit\u00e9 - Staay Food Group\" \/>\n<meta property=\"og:description\" content=\"Avis de non-responsabilit\u00e9 Staay Food Group\" \/>\n<meta property=\"og:url\" content=\"https:\/\/www.staayfoodgroup.com\/fr\/avis-de-non-responsabilite\/\" \/>\n<meta property=\"og:site_name\" content=\"Staay Food Group\" \/>\n<meta name=\"twitter:card\" content=\"summary_large_image\" \/>\n<meta name=\"twitter:label1\" content=\"Dur\u00e9e de lecture estim\u00e9e\" \/>\n\t<meta name=\"twitter:data1\" content=\"1 minute\" \/>\n<script type=\"application\/ld+json\" class=\"yoast-schema-graph\">{\"@context\":\"https:\/\/schema.org\",\"@graph\":[{\"@type\":\"WebPage\",\"@id\":\"https:\/\/www.staayfoodgroup.com\/fr\/avis-de-non-responsabilite\/\",\"url\":\"https:\/\/www.staayfoodgroup.com\/fr\/avis-de-non-responsabilite\/\",\"name\":\"Avis de non-responsabilit\u00e9 - Staay Food Group\",\"isPartOf\":{\"@id\":\"https:\/\/www.staayfoodgroup.com\/fr\/#website\"},\"datePublished\":\"2022-06-08T13:29:25+00:00\",\"description\":\"Avis de non-responsabilit\u00e9 Staay Food Group\",\"breadcrumb\":{\"@id\":\"https:\/\/www.staayfoodgroup.com\/fr\/avis-de-non-responsabilite\/#breadcrumb\"},\"inLanguage\":\"fr-FR\",\"potentialAction\":[{\"@type\":\"ReadAction\",\"target\":[\"https:\/\/www.staayfoodgroup.com\/fr\/avis-de-non-responsabilite\/\"]}]},{\"@type\":\"BreadcrumbList\",\"@id\":\"https:\/\/www.staayfoodgroup.com\/fr\/avis-de-non-responsabilite\/#breadcrumb\",\"itemListElement\":[{\"@type\":\"ListItem\",\"position\":1,\"name\":\"Home\",\"item\":\"https:\/\/www.staayfoodgroup.com\/fr\/\"},{\"@type\":\"ListItem\",\"position\":2,\"name\":\"Avis de non-responsabilit\u00e9\"}]},{\"@type\":\"WebSite\",\"@id\":\"https:\/\/www.staayfoodgroup.com\/fr\/#website\",\"url\":\"https:\/\/www.staayfoodgroup.com\/fr\/\",\"name\":\"Staay Food Group\",\"description\":\"\",\"potentialAction\":[{\"@type\":\"SearchAction\",\"target\":{\"@type\":\"EntryPoint\",\"urlTemplate\":\"https:\/\/www.staayfoodgroup.com\/fr\/?s={search_term_string}\"},\"query-input\":{\"@type\":\"PropertyValueSpecification\",\"valueRequired\":true,\"valueName\":\"search_term_string\"}}],\"inLanguage\":\"fr-FR\"}]}<\/script>\n<!-- \/ Yoast SEO plugin. -->","yoast_head_json":{"title":"Avis de non-responsabilit\u00e9 - Staay Food Group","description":"Avis de non-responsabilit\u00e9 Staay Food Group","robots":{"index":"index","follow":"follow","max-snippet":"max-snippet:-1","max-image-preview":"max-image-preview:large","max-video-preview":"max-video-preview:-1"},"canonical":"https:\/\/www.staayfoodgroup.com\/fr\/avis-de-non-responsabilite\/","og_locale":"fr_FR","og_type":"article","og_title":"Avis de non-responsabilit\u00e9 - Staay Food Group","og_description":"Avis de non-responsabilit\u00e9 Staay Food Group","og_url":"https:\/\/www.staayfoodgroup.com\/fr\/avis-de-non-responsabilite\/","og_site_name":"Staay Food Group","twitter_card":"summary_large_image","twitter_misc":{"Dur\u00e9e de lecture estim\u00e9e":"1 minute"},"schema":{"@context":"https:\/\/schema.org","@graph":[{"@type":"WebPage","@id":"https:\/\/www.staayfoodgroup.com\/fr\/avis-de-non-responsabilite\/","url":"https:\/\/www.staayfoodgroup.com\/fr\/avis-de-non-responsabilite\/","name":"Avis de non-responsabilit\u00e9 - Staay Food Group","isPartOf":{"@id":"https:\/\/www.staayfoodgroup.com\/fr\/#website"},"datePublished":"2022-06-08T13:29:25+00:00","description":"Avis de non-responsabilit\u00e9 Staay Food Group","breadcrumb":{"@id":"https:\/\/www.staayfoodgroup.com\/fr\/avis-de-non-responsabilite\/#breadcrumb"},"inLanguage":"fr-FR","potentialAction":[{"@type":"ReadAction","target":["https:\/\/www.staayfoodgroup.com\/fr\/avis-de-non-responsabilite\/"]}]},{"@type":"BreadcrumbList","@id":"https:\/\/www.staayfoodgroup.com\/fr\/avis-de-non-responsabilite\/#breadcrumb","itemListElement":[{"@type":"ListItem","position":1,"name":"Home","item":"https:\/\/www.staayfoodgroup.com\/fr\/"},{"@type":"ListItem","position":2,"name":"Avis de non-responsabilit\u00e9"}]},{"@type":"WebSite","@id":"https:\/\/www.staayfoodgroup.com\/fr\/#website","url":"https:\/\/www.staayfoodgroup.com\/fr\/","name":"Staay Food Group","description":"","potentialAction":[{"@type":"SearchAction","target":{"@type":"EntryPoint","urlTemplate":"https:\/\/www.staayfoodgroup.com\/fr\/?s={search_term_string}"},"query-input":{"@type":"PropertyValueSpecification","valueRequired":true,"valueName":"search_term_string"}}],"inLanguage":"fr-FR"}]}},"_links":{"self":[{"href":"https:\/\/www.staayfoodgroup.com\/fr\/wp-json\/wp\/v2\/pages\/7578","targetHints":{"allow":["GET"]}}],"collection":[{"href":"https:\/\/www.staayfoodgroup.com\/fr\/wp-json\/wp\/v2\/pages"}],"about":[{"href":"https:\/\/www.staayfoodgroup.com\/fr\/wp-json\/wp\/v2\/types\/page"}],"author":[{"embeddable":true,"href":"https:\/\/www.staayfoodgroup.com\/fr\/wp-json\/wp\/v2\/users\/10"}],"replies":[{"embeddable":true,"href":"https:\/\/www.staayfoodgroup.com\/fr\/wp-json\/wp\/v2\/comments?post=7578"}],"version-history":[{"count":0,"href":"https:\/\/www.staayfoodgroup.com\/fr\/wp-json\/wp\/v2\/pages\/7578\/revisions"}],"wp:attachment":[{"href":"https:\/\/www.staayfoodgroup.com\/fr\/wp-json\/wp\/v2\/media?parent=7578"}],"curies":[{"name":"wp","href":"https:\/\/api.w.org\/{rel}","templated":true}]}}