{"id":5196,"date":"2022-07-06T13:09:52","date_gmt":"2022-07-06T12:09:52","guid":{"rendered":"http:\/\/www.staayfoodgroup.com\/industria-di-trasformazione\/"},"modified":"2023-08-15T08:00:11","modified_gmt":"2023-08-15T08:00:11","slug":"industria-di-trasformazione","status":"publish","type":"page","link":"https:\/\/www.staayfoodgroup.com\/it\/clienti\/industria-di-trasformazione\/","title":{"rendered":"Industria di trasformazione"},"content":{"rendered":"<p>Fornitura continua di prodotti freschi. Filiere corte e qualit\u00e0 costante. Le aziende specializzate nella trasformazione di frutta e verdura devono poter fare affidamento su questo. Dopotutto, non si pu\u00f2 fermare la produzione. In qualit\u00e0 di esperti del settore convenience, sappiamo esattamente come coltivare, acquistare e operare per ottenere una qualit\u00e0 ottimale dei prodotti e offrire eccellenti prestazioni di consegna. Con costanza e continuit\u00e0.<\/p>\n","protected":false},"excerpt":{"rendered":"Fornitura continua di prodotti freschi. Filiere corte e qualit\u00e0 costante. Le aziende specializzate nella trasformazione di frutta e verdura devono poter fare affidamento su questo. Dopotutto, non si pu\u00f2 fermare la produzione. In qualit\u00e0 di esperti del settore convenience, sappiamo esattamente come coltivare, acquistare e operare per ottenere una qualit\u00e0 ottimale dei prodotti e offrire [&hellip;]","protected":false},"author":10,"featured_media":3409,"parent":5204,"menu_order":0,"comment_status":"closed","ping_status":"closed","template":"","meta":{"_acf_changed":false,"inline_featured_image":false,"footnotes":""},"class_list":["post-5196","page","type-page","status-publish","has-post-thumbnail","hentry"],"acf":[],"yoast_head":"<!-- This site is optimized with the Yoast SEO plugin v27.1.1 - https:\/\/yoast.com\/product\/yoast-seo-wordpress\/ -->\n<title>Industria di trasformazione - Staay Food Group<\/title>\n<meta name=\"robots\" content=\"index, follow, max-snippet:-1, max-image-preview:large, max-video-preview:-1\" \/>\n<link rel=\"canonical\" href=\"https:\/\/www.staayfoodgroup.com\/it\/clienti\/industria-di-trasformazione\/\" \/>\n<meta property=\"og:locale\" content=\"it_IT\" \/>\n<meta property=\"og:type\" content=\"article\" \/>\n<meta property=\"og:title\" content=\"Industria di trasformazione - Staay Food Group\" \/>\n<meta property=\"og:description\" content=\"Fornitura continua di prodotti freschi. Filiere corte e qualit\u00e0 costante. Le aziende specializzate nella trasformazione di frutta e verdura devono poter fare affidamento su questo. Dopotutto, non si pu\u00f2 fermare la produzione. In qualit\u00e0 di esperti del settore convenience, sappiamo esattamente come coltivare, acquistare e operare per ottenere una qualit\u00e0 ottimale dei prodotti e offrire [&hellip;]\" \/>\n<meta property=\"og:url\" content=\"https:\/\/www.staayfoodgroup.com\/it\/clienti\/industria-di-trasformazione\/\" \/>\n<meta property=\"og:site_name\" content=\"Staay Food Group\" \/>\n<meta property=\"article:modified_time\" content=\"2023-08-15T08:00:11+00:00\" \/>\n<meta property=\"og:image\" content=\"https:\/\/www.staayfoodgroup.com\/wp-content\/uploads\/2022\/09\/Staay-2454-700x467.jpg\" \/>\n\t<meta property=\"og:image:width\" content=\"700\" \/>\n\t<meta property=\"og:image:height\" content=\"467\" \/>\n\t<meta property=\"og:image:type\" content=\"image\/jpeg\" \/>\n<meta name=\"twitter:card\" content=\"summary_large_image\" \/>\n<meta name=\"twitter:label1\" content=\"Tempo di lettura stimato\" \/>\n\t<meta name=\"twitter:data1\" content=\"1 minuto\" \/>\n<script type=\"application\/ld+json\" class=\"yoast-schema-graph\">{\"@context\":\"https:\/\/schema.org\",\"@graph\":[{\"@type\":\"WebPage\",\"@id\":\"https:\/\/www.staayfoodgroup.com\/it\/clienti\/industria-di-trasformazione\/\",\"url\":\"https:\/\/www.staayfoodgroup.com\/it\/clienti\/industria-di-trasformazione\/\",\"name\":\"Industria di trasformazione - Staay Food Group\",\"isPartOf\":{\"@id\":\"https:\/\/www.staayfoodgroup.com\/it\/#website\"},\"primaryImageOfPage\":{\"@id\":\"https:\/\/www.staayfoodgroup.com\/it\/clienti\/industria-di-trasformazione\/#primaryimage\"},\"image\":{\"@id\":\"https:\/\/www.staayfoodgroup.com\/it\/clienti\/industria-di-trasformazione\/#primaryimage\"},\"thumbnailUrl\":\"https:\/\/www.staayfoodgroup.com\/wp-content\/uploads\/2022\/09\/Staay-2454-scaled.jpg\",\"datePublished\":\"2022-07-06T12:09:52+00:00\",\"dateModified\":\"2023-08-15T08:00:11+00:00\",\"breadcrumb\":{\"@id\":\"https:\/\/www.staayfoodgroup.com\/it\/clienti\/industria-di-trasformazione\/#breadcrumb\"},\"inLanguage\":\"it-IT\",\"potentialAction\":[{\"@type\":\"ReadAction\",\"target\":[\"https:\/\/www.staayfoodgroup.com\/it\/clienti\/industria-di-trasformazione\/\"]}]},{\"@type\":\"ImageObject\",\"inLanguage\":\"it-IT\",\"@id\":\"https:\/\/www.staayfoodgroup.com\/it\/clienti\/industria-di-trasformazione\/#primaryimage\",\"url\":\"https:\/\/www.staayfoodgroup.com\/wp-content\/uploads\/2022\/09\/Staay-2454-scaled.jpg\",\"contentUrl\":\"https:\/\/www.staayfoodgroup.com\/wp-content\/uploads\/2022\/09\/Staay-2454-scaled.jpg\",\"width\":5472,\"height\":3648},{\"@type\":\"BreadcrumbList\",\"@id\":\"https:\/\/www.staayfoodgroup.com\/it\/clienti\/industria-di-trasformazione\/#breadcrumb\",\"itemListElement\":[{\"@type\":\"ListItem\",\"position\":1,\"name\":\"Home\",\"item\":\"https:\/\/www.staayfoodgroup.com\/it\/\"},{\"@type\":\"ListItem\",\"position\":2,\"name\":\"Clienti\",\"item\":\"https:\/\/www.staayfoodgroup.com\/it\/clienti\/\"},{\"@type\":\"ListItem\",\"position\":3,\"name\":\"Industria di trasformazione\"}]},{\"@type\":\"WebSite\",\"@id\":\"https:\/\/www.staayfoodgroup.com\/it\/#website\",\"url\":\"https:\/\/www.staayfoodgroup.com\/it\/\",\"name\":\"Staay Food Group\",\"description\":\"\",\"potentialAction\":[{\"@type\":\"SearchAction\",\"target\":{\"@type\":\"EntryPoint\",\"urlTemplate\":\"https:\/\/www.staayfoodgroup.com\/it\/?s={search_term_string}\"},\"query-input\":{\"@type\":\"PropertyValueSpecification\",\"valueRequired\":true,\"valueName\":\"search_term_string\"}}],\"inLanguage\":\"it-IT\"}]}<\/script>\n<!-- \/ Yoast SEO plugin. -->","yoast_head_json":{"title":"Industria di trasformazione - Staay Food Group","robots":{"index":"index","follow":"follow","max-snippet":"max-snippet:-1","max-image-preview":"max-image-preview:large","max-video-preview":"max-video-preview:-1"},"canonical":"https:\/\/www.staayfoodgroup.com\/it\/clienti\/industria-di-trasformazione\/","og_locale":"it_IT","og_type":"article","og_title":"Industria di trasformazione - Staay Food Group","og_description":"Fornitura continua di prodotti freschi. Filiere corte e qualit\u00e0 costante. Le aziende specializzate nella trasformazione di frutta e verdura devono poter fare affidamento su questo. Dopotutto, non si pu\u00f2 fermare la produzione. In qualit\u00e0 di esperti del settore convenience, sappiamo esattamente come coltivare, acquistare e operare per ottenere una qualit\u00e0 ottimale dei prodotti e offrire [&hellip;]","og_url":"https:\/\/www.staayfoodgroup.com\/it\/clienti\/industria-di-trasformazione\/","og_site_name":"Staay Food Group","article_modified_time":"2023-08-15T08:00:11+00:00","og_image":[{"width":700,"height":467,"url":"https:\/\/www.staayfoodgroup.com\/wp-content\/uploads\/2022\/09\/Staay-2454-700x467.jpg","type":"image\/jpeg"}],"twitter_card":"summary_large_image","twitter_misc":{"Tempo di lettura stimato":"1 minuto"},"schema":{"@context":"https:\/\/schema.org","@graph":[{"@type":"WebPage","@id":"https:\/\/www.staayfoodgroup.com\/it\/clienti\/industria-di-trasformazione\/","url":"https:\/\/www.staayfoodgroup.com\/it\/clienti\/industria-di-trasformazione\/","name":"Industria di trasformazione - Staay Food Group","isPartOf":{"@id":"https:\/\/www.staayfoodgroup.com\/it\/#website"},"primaryImageOfPage":{"@id":"https:\/\/www.staayfoodgroup.com\/it\/clienti\/industria-di-trasformazione\/#primaryimage"},"image":{"@id":"https:\/\/www.staayfoodgroup.com\/it\/clienti\/industria-di-trasformazione\/#primaryimage"},"thumbnailUrl":"https:\/\/www.staayfoodgroup.com\/wp-content\/uploads\/2022\/09\/Staay-2454-scaled.jpg","datePublished":"2022-07-06T12:09:52+00:00","dateModified":"2023-08-15T08:00:11+00:00","breadcrumb":{"@id":"https:\/\/www.staayfoodgroup.com\/it\/clienti\/industria-di-trasformazione\/#breadcrumb"},"inLanguage":"it-IT","potentialAction":[{"@type":"ReadAction","target":["https:\/\/www.staayfoodgroup.com\/it\/clienti\/industria-di-trasformazione\/"]}]},{"@type":"ImageObject","inLanguage":"it-IT","@id":"https:\/\/www.staayfoodgroup.com\/it\/clienti\/industria-di-trasformazione\/#primaryimage","url":"https:\/\/www.staayfoodgroup.com\/wp-content\/uploads\/2022\/09\/Staay-2454-scaled.jpg","contentUrl":"https:\/\/www.staayfoodgroup.com\/wp-content\/uploads\/2022\/09\/Staay-2454-scaled.jpg","width":5472,"height":3648},{"@type":"BreadcrumbList","@id":"https:\/\/www.staayfoodgroup.com\/it\/clienti\/industria-di-trasformazione\/#breadcrumb","itemListElement":[{"@type":"ListItem","position":1,"name":"Home","item":"https:\/\/www.staayfoodgroup.com\/it\/"},{"@type":"ListItem","position":2,"name":"Clienti","item":"https:\/\/www.staayfoodgroup.com\/it\/clienti\/"},{"@type":"ListItem","position":3,"name":"Industria di trasformazione"}]},{"@type":"WebSite","@id":"https:\/\/www.staayfoodgroup.com\/it\/#website","url":"https:\/\/www.staayfoodgroup.com\/it\/","name":"Staay Food Group","description":"","potentialAction":[{"@type":"SearchAction","target":{"@type":"EntryPoint","urlTemplate":"https:\/\/www.staayfoodgroup.com\/it\/?s={search_term_string}"},"query-input":{"@type":"PropertyValueSpecification","valueRequired":true,"valueName":"search_term_string"}}],"inLanguage":"it-IT"}]}},"_links":{"self":[{"href":"https:\/\/www.staayfoodgroup.com\/it\/wp-json\/wp\/v2\/pages\/5196","targetHints":{"allow":["GET"]}}],"collection":[{"href":"https:\/\/www.staayfoodgroup.com\/it\/wp-json\/wp\/v2\/pages"}],"about":[{"href":"https:\/\/www.staayfoodgroup.com\/it\/wp-json\/wp\/v2\/types\/page"}],"author":[{"embeddable":true,"href":"https:\/\/www.staayfoodgroup.com\/it\/wp-json\/wp\/v2\/users\/10"}],"replies":[{"embeddable":true,"href":"https:\/\/www.staayfoodgroup.com\/it\/wp-json\/wp\/v2\/comments?post=5196"}],"version-history":[{"count":2,"href":"https:\/\/www.staayfoodgroup.com\/it\/wp-json\/wp\/v2\/pages\/5196\/revisions"}],"predecessor-version":[{"id":6590,"href":"https:\/\/www.staayfoodgroup.com\/it\/wp-json\/wp\/v2\/pages\/5196\/revisions\/6590"}],"up":[{"embeddable":true,"href":"https:\/\/www.staayfoodgroup.com\/it\/wp-json\/wp\/v2\/pages\/5204"}],"wp:featuredmedia":[{"embeddable":true,"href":"https:\/\/www.staayfoodgroup.com\/it\/wp-json\/wp\/v2\/media\/3409"}],"wp:attachment":[{"href":"https:\/\/www.staayfoodgroup.com\/it\/wp-json\/wp\/v2\/media?parent=5196"}],"curies":[{"name":"wp","href":"https:\/\/api.w.org\/{rel}","templated":true}]}}