{"id":5204,"date":"2022-06-08T13:45:32","date_gmt":"2022-06-08T12:45:32","guid":{"rendered":"http:\/\/www.staayfoodgroup.com\/clienti\/"},"modified":"2023-08-14T18:35:40","modified_gmt":"2023-08-14T18:35:40","slug":"clienti","status":"publish","type":"page","link":"https:\/\/www.staayfoodgroup.com\/it\/clienti\/","title":{"rendered":"Clienti"},"content":{"rendered":"<p>Staay Food Group \u00e8 flessibile, veloce e affidabile. In qualit\u00e0 di fornitore, siamo a disposizione dei nostri clienti. Ovviamente. Ci\u00f2 che ci contraddistingue \u00e8 la collaborazione con diversi segmenti di clientela. Per ogni segmento abbiamo esperti interni che comprendono le esigenze specifiche dei gruppi target.<\/p>\n","protected":false},"excerpt":{"rendered":"Staay Food Group \u00e8 flessibile, veloce e affidabile. In qualit\u00e0 di fornitore, siamo a disposizione dei nostri clienti. Ovviamente. Ci\u00f2 che ci contraddistingue \u00e8 la collaborazione con diversi segmenti di clientela. Per ogni segmento abbiamo esperti interni che comprendono le esigenze specifiche dei gruppi target.","protected":false},"author":10,"featured_media":0,"parent":0,"menu_order":0,"comment_status":"closed","ping_status":"closed","template":"","meta":{"_acf_changed":false,"inline_featured_image":false,"footnotes":""},"class_list":["post-5204","page","type-page","status-publish","hentry"],"acf":[],"yoast_head":"<!-- This site is optimized with the Yoast SEO plugin v27.1.1 - https:\/\/yoast.com\/product\/yoast-seo-wordpress\/ -->\n<title>Clienti - Staay Food Group<\/title>\n<meta name=\"description\" content=\"Chi sono i clienti di Staay Food Group\" \/>\n<meta name=\"robots\" content=\"index, follow, max-snippet:-1, max-image-preview:large, max-video-preview:-1\" \/>\n<link rel=\"canonical\" href=\"https:\/\/www.staayfoodgroup.com\/it\/clienti\/\" \/>\n<meta property=\"og:locale\" content=\"it_IT\" \/>\n<meta property=\"og:type\" content=\"article\" \/>\n<meta property=\"og:title\" content=\"Clienti - Staay Food Group\" \/>\n<meta property=\"og:description\" content=\"Chi sono i clienti di Staay Food Group\" \/>\n<meta property=\"og:url\" content=\"https:\/\/www.staayfoodgroup.com\/it\/clienti\/\" \/>\n<meta property=\"og:site_name\" content=\"Staay Food Group\" \/>\n<meta property=\"article:modified_time\" content=\"2023-08-14T18:35:40+00:00\" \/>\n<meta name=\"twitter:card\" content=\"summary_large_image\" \/>\n<meta name=\"twitter:label1\" content=\"Tempo di lettura stimato\" \/>\n\t<meta name=\"twitter:data1\" content=\"1 minuto\" \/>\n<script type=\"application\/ld+json\" class=\"yoast-schema-graph\">{\"@context\":\"https:\/\/schema.org\",\"@graph\":[{\"@type\":\"WebPage\",\"@id\":\"https:\/\/www.staayfoodgroup.com\/it\/clienti\/\",\"url\":\"https:\/\/www.staayfoodgroup.com\/it\/clienti\/\",\"name\":\"Clienti - Staay Food Group\",\"isPartOf\":{\"@id\":\"https:\/\/www.staayfoodgroup.com\/it\/#website\"},\"datePublished\":\"2022-06-08T12:45:32+00:00\",\"dateModified\":\"2023-08-14T18:35:40+00:00\",\"description\":\"Chi sono i clienti di Staay Food Group\",\"breadcrumb\":{\"@id\":\"https:\/\/www.staayfoodgroup.com\/it\/clienti\/#breadcrumb\"},\"inLanguage\":\"it-IT\",\"potentialAction\":[{\"@type\":\"ReadAction\",\"target\":[\"https:\/\/www.staayfoodgroup.com\/it\/clienti\/\"]}]},{\"@type\":\"BreadcrumbList\",\"@id\":\"https:\/\/www.staayfoodgroup.com\/it\/clienti\/#breadcrumb\",\"itemListElement\":[{\"@type\":\"ListItem\",\"position\":1,\"name\":\"Home\",\"item\":\"https:\/\/www.staayfoodgroup.com\/it\/\"},{\"@type\":\"ListItem\",\"position\":2,\"name\":\"Clienti\"}]},{\"@type\":\"WebSite\",\"@id\":\"https:\/\/www.staayfoodgroup.com\/it\/#website\",\"url\":\"https:\/\/www.staayfoodgroup.com\/it\/\",\"name\":\"Staay Food Group\",\"description\":\"\",\"potentialAction\":[{\"@type\":\"SearchAction\",\"target\":{\"@type\":\"EntryPoint\",\"urlTemplate\":\"https:\/\/www.staayfoodgroup.com\/it\/?s={search_term_string}\"},\"query-input\":{\"@type\":\"PropertyValueSpecification\",\"valueRequired\":true,\"valueName\":\"search_term_string\"}}],\"inLanguage\":\"it-IT\"}]}<\/script>\n<!-- \/ Yoast SEO plugin. -->","yoast_head_json":{"title":"Clienti - Staay Food Group","description":"Chi sono i clienti di Staay Food Group","robots":{"index":"index","follow":"follow","max-snippet":"max-snippet:-1","max-image-preview":"max-image-preview:large","max-video-preview":"max-video-preview:-1"},"canonical":"https:\/\/www.staayfoodgroup.com\/it\/clienti\/","og_locale":"it_IT","og_type":"article","og_title":"Clienti - Staay Food Group","og_description":"Chi sono i clienti di Staay Food Group","og_url":"https:\/\/www.staayfoodgroup.com\/it\/clienti\/","og_site_name":"Staay Food Group","article_modified_time":"2023-08-14T18:35:40+00:00","twitter_card":"summary_large_image","twitter_misc":{"Tempo di lettura stimato":"1 minuto"},"schema":{"@context":"https:\/\/schema.org","@graph":[{"@type":"WebPage","@id":"https:\/\/www.staayfoodgroup.com\/it\/clienti\/","url":"https:\/\/www.staayfoodgroup.com\/it\/clienti\/","name":"Clienti - Staay Food Group","isPartOf":{"@id":"https:\/\/www.staayfoodgroup.com\/it\/#website"},"datePublished":"2022-06-08T12:45:32+00:00","dateModified":"2023-08-14T18:35:40+00:00","description":"Chi sono i clienti di Staay Food Group","breadcrumb":{"@id":"https:\/\/www.staayfoodgroup.com\/it\/clienti\/#breadcrumb"},"inLanguage":"it-IT","potentialAction":[{"@type":"ReadAction","target":["https:\/\/www.staayfoodgroup.com\/it\/clienti\/"]}]},{"@type":"BreadcrumbList","@id":"https:\/\/www.staayfoodgroup.com\/it\/clienti\/#breadcrumb","itemListElement":[{"@type":"ListItem","position":1,"name":"Home","item":"https:\/\/www.staayfoodgroup.com\/it\/"},{"@type":"ListItem","position":2,"name":"Clienti"}]},{"@type":"WebSite","@id":"https:\/\/www.staayfoodgroup.com\/it\/#website","url":"https:\/\/www.staayfoodgroup.com\/it\/","name":"Staay Food Group","description":"","potentialAction":[{"@type":"SearchAction","target":{"@type":"EntryPoint","urlTemplate":"https:\/\/www.staayfoodgroup.com\/it\/?s={search_term_string}"},"query-input":{"@type":"PropertyValueSpecification","valueRequired":true,"valueName":"search_term_string"}}],"inLanguage":"it-IT"}]}},"_links":{"self":[{"href":"https:\/\/www.staayfoodgroup.com\/it\/wp-json\/wp\/v2\/pages\/5204","targetHints":{"allow":["GET"]}}],"collection":[{"href":"https:\/\/www.staayfoodgroup.com\/it\/wp-json\/wp\/v2\/pages"}],"about":[{"href":"https:\/\/www.staayfoodgroup.com\/it\/wp-json\/wp\/v2\/types\/page"}],"author":[{"embeddable":true,"href":"https:\/\/www.staayfoodgroup.com\/it\/wp-json\/wp\/v2\/users\/10"}],"replies":[{"embeddable":true,"href":"https:\/\/www.staayfoodgroup.com\/it\/wp-json\/wp\/v2\/comments?post=5204"}],"version-history":[{"count":2,"href":"https:\/\/www.staayfoodgroup.com\/it\/wp-json\/wp\/v2\/pages\/5204\/revisions"}],"predecessor-version":[{"id":6018,"href":"https:\/\/www.staayfoodgroup.com\/it\/wp-json\/wp\/v2\/pages\/5204\/revisions\/6018"}],"wp:attachment":[{"href":"https:\/\/www.staayfoodgroup.com\/it\/wp-json\/wp\/v2\/media?parent=5204"}],"curies":[{"name":"wp","href":"https:\/\/api.w.org\/{rel}","templated":true}]}}