{"id":7587,"date":"2022-06-08T13:29:25","date_gmt":"2022-06-08T13:29:25","guid":{"rendered":"http:\/\/www.staayfoodgroup.com\/esonero-di-responsabilita\/"},"modified":"2022-06-08T13:29:25","modified_gmt":"2022-06-08T13:29:25","slug":"esonero-di-responsabilita","status":"publish","type":"page","link":"https:\/\/www.staayfoodgroup.com\/it\/esonero-di-responsabilita\/","title":{"rendered":"Esonero di responsabilit\u00e0"},"content":{"rendered":"<p>Staay Food Group ha compilato questo sito web al meglio delle proprie conoscenze e capacit\u00e0. Tuttavia possono verificarsi errori e omissioni. Staay Food Group non pu\u00f2 essere ritenuto responsabile per eventuali inesattezze. Staay Food Group non pu\u00f2 essere ritenuto responsabile nemmeno dell&#8217;impossibilit\u00e0 temporanea di consultare il sito. Staay Food Group si riserva il diritto di modificare il contenuto di questo sito web senza alcun preavviso. Tutti i diritti d&#8217;autore, i diritti di marchio e gli altri diritti di propriet\u00e0 intellettuale relativi al (contenuto del) presente sito web e ai dati, testi, foto e altri materiali in esso contenuti sono di propriet\u00e0 di Staay Food Group e dei suoi licenziatari. Senza la previa autorizzazione scritta di Staay Food Group, non \u00e8 consentito pubblicare o riprodurre il contenuto di questo sito web.<\/p>\n<p>Questo sito web pu\u00f2 indirizzare a siti web di terzi, ad esempio attraverso collegamenti ipertestuali. Staay Food Group non ha alcun controllo su questi siti web, non \u00e8 responsabile del relativo contenuto e pertanto non si assume alcuna responsabilit\u00e0 al riguardo.<\/p>\n<p>&nbsp;<\/p>\n","protected":false},"excerpt":{"rendered":"Staay Food Group ha compilato questo sito web al meglio delle proprie conoscenze e capacit\u00e0. Tuttavia possono verificarsi errori e omissioni. Staay Food Group non pu\u00f2 essere ritenuto responsabile per eventuali inesattezze. Staay Food Group non pu\u00f2 essere ritenuto responsabile nemmeno dell&#8217;impossibilit\u00e0 temporanea di consultare il sito. Staay Food Group si riserva il diritto di [&hellip;]","protected":false},"author":10,"featured_media":0,"parent":0,"menu_order":0,"comment_status":"closed","ping_status":"closed","template":"","meta":{"_acf_changed":false,"inline_featured_image":false,"footnotes":""},"class_list":["post-7587","page","type-page","status-publish","hentry"],"acf":[],"yoast_head":"<!-- This site is optimized with the Yoast SEO plugin v27.1.1 - https:\/\/yoast.com\/product\/yoast-seo-wordpress\/ -->\n<title>Esonero di responsabilit\u00e0 - Staay Food Group<\/title>\n<meta name=\"description\" content=\"Esonero di responsabilit\u00e0 Staay Food Group\" \/>\n<meta name=\"robots\" content=\"index, follow, max-snippet:-1, max-image-preview:large, max-video-preview:-1\" \/>\n<link rel=\"canonical\" href=\"https:\/\/www.staayfoodgroup.com\/it\/esonero-di-responsabilita\/\" \/>\n<meta property=\"og:locale\" content=\"it_IT\" \/>\n<meta property=\"og:type\" content=\"article\" \/>\n<meta property=\"og:title\" content=\"Esonero di responsabilit\u00e0 - Staay Food Group\" \/>\n<meta property=\"og:description\" content=\"Esonero di responsabilit\u00e0 Staay Food Group\" \/>\n<meta property=\"og:url\" content=\"https:\/\/www.staayfoodgroup.com\/it\/esonero-di-responsabilita\/\" \/>\n<meta property=\"og:site_name\" content=\"Staay Food Group\" \/>\n<meta name=\"twitter:card\" content=\"summary_large_image\" \/>\n<meta name=\"twitter:label1\" content=\"Tempo di lettura stimato\" \/>\n\t<meta name=\"twitter:data1\" content=\"1 minuto\" \/>\n<script type=\"application\/ld+json\" class=\"yoast-schema-graph\">{\"@context\":\"https:\/\/schema.org\",\"@graph\":[{\"@type\":\"WebPage\",\"@id\":\"https:\/\/www.staayfoodgroup.com\/it\/esonero-di-responsabilita\/\",\"url\":\"https:\/\/www.staayfoodgroup.com\/it\/esonero-di-responsabilita\/\",\"name\":\"Esonero di responsabilit\u00e0 - Staay Food Group\",\"isPartOf\":{\"@id\":\"https:\/\/www.staayfoodgroup.com\/it\/#website\"},\"datePublished\":\"2022-06-08T13:29:25+00:00\",\"description\":\"Esonero di responsabilit\u00e0 Staay Food Group\",\"breadcrumb\":{\"@id\":\"https:\/\/www.staayfoodgroup.com\/it\/esonero-di-responsabilita\/#breadcrumb\"},\"inLanguage\":\"it-IT\",\"potentialAction\":[{\"@type\":\"ReadAction\",\"target\":[\"https:\/\/www.staayfoodgroup.com\/it\/esonero-di-responsabilita\/\"]}]},{\"@type\":\"BreadcrumbList\",\"@id\":\"https:\/\/www.staayfoodgroup.com\/it\/esonero-di-responsabilita\/#breadcrumb\",\"itemListElement\":[{\"@type\":\"ListItem\",\"position\":1,\"name\":\"Home\",\"item\":\"https:\/\/www.staayfoodgroup.com\/it\/\"},{\"@type\":\"ListItem\",\"position\":2,\"name\":\"Esonero di responsabilit\u00e0\"}]},{\"@type\":\"WebSite\",\"@id\":\"https:\/\/www.staayfoodgroup.com\/it\/#website\",\"url\":\"https:\/\/www.staayfoodgroup.com\/it\/\",\"name\":\"Staay Food Group\",\"description\":\"\",\"potentialAction\":[{\"@type\":\"SearchAction\",\"target\":{\"@type\":\"EntryPoint\",\"urlTemplate\":\"https:\/\/www.staayfoodgroup.com\/it\/?s={search_term_string}\"},\"query-input\":{\"@type\":\"PropertyValueSpecification\",\"valueRequired\":true,\"valueName\":\"search_term_string\"}}],\"inLanguage\":\"it-IT\"}]}<\/script>\n<!-- \/ Yoast SEO plugin. -->","yoast_head_json":{"title":"Esonero di responsabilit\u00e0 - Staay Food Group","description":"Esonero di responsabilit\u00e0 Staay Food Group","robots":{"index":"index","follow":"follow","max-snippet":"max-snippet:-1","max-image-preview":"max-image-preview:large","max-video-preview":"max-video-preview:-1"},"canonical":"https:\/\/www.staayfoodgroup.com\/it\/esonero-di-responsabilita\/","og_locale":"it_IT","og_type":"article","og_title":"Esonero di responsabilit\u00e0 - Staay Food Group","og_description":"Esonero di responsabilit\u00e0 Staay Food Group","og_url":"https:\/\/www.staayfoodgroup.com\/it\/esonero-di-responsabilita\/","og_site_name":"Staay Food Group","twitter_card":"summary_large_image","twitter_misc":{"Tempo di lettura stimato":"1 minuto"},"schema":{"@context":"https:\/\/schema.org","@graph":[{"@type":"WebPage","@id":"https:\/\/www.staayfoodgroup.com\/it\/esonero-di-responsabilita\/","url":"https:\/\/www.staayfoodgroup.com\/it\/esonero-di-responsabilita\/","name":"Esonero di responsabilit\u00e0 - Staay Food Group","isPartOf":{"@id":"https:\/\/www.staayfoodgroup.com\/it\/#website"},"datePublished":"2022-06-08T13:29:25+00:00","description":"Esonero di responsabilit\u00e0 Staay Food Group","breadcrumb":{"@id":"https:\/\/www.staayfoodgroup.com\/it\/esonero-di-responsabilita\/#breadcrumb"},"inLanguage":"it-IT","potentialAction":[{"@type":"ReadAction","target":["https:\/\/www.staayfoodgroup.com\/it\/esonero-di-responsabilita\/"]}]},{"@type":"BreadcrumbList","@id":"https:\/\/www.staayfoodgroup.com\/it\/esonero-di-responsabilita\/#breadcrumb","itemListElement":[{"@type":"ListItem","position":1,"name":"Home","item":"https:\/\/www.staayfoodgroup.com\/it\/"},{"@type":"ListItem","position":2,"name":"Esonero di responsabilit\u00e0"}]},{"@type":"WebSite","@id":"https:\/\/www.staayfoodgroup.com\/it\/#website","url":"https:\/\/www.staayfoodgroup.com\/it\/","name":"Staay Food Group","description":"","potentialAction":[{"@type":"SearchAction","target":{"@type":"EntryPoint","urlTemplate":"https:\/\/www.staayfoodgroup.com\/it\/?s={search_term_string}"},"query-input":{"@type":"PropertyValueSpecification","valueRequired":true,"valueName":"search_term_string"}}],"inLanguage":"it-IT"}]}},"_links":{"self":[{"href":"https:\/\/www.staayfoodgroup.com\/it\/wp-json\/wp\/v2\/pages\/7587","targetHints":{"allow":["GET"]}}],"collection":[{"href":"https:\/\/www.staayfoodgroup.com\/it\/wp-json\/wp\/v2\/pages"}],"about":[{"href":"https:\/\/www.staayfoodgroup.com\/it\/wp-json\/wp\/v2\/types\/page"}],"author":[{"embeddable":true,"href":"https:\/\/www.staayfoodgroup.com\/it\/wp-json\/wp\/v2\/users\/10"}],"replies":[{"embeddable":true,"href":"https:\/\/www.staayfoodgroup.com\/it\/wp-json\/wp\/v2\/comments?post=7587"}],"version-history":[{"count":0,"href":"https:\/\/www.staayfoodgroup.com\/it\/wp-json\/wp\/v2\/pages\/7587\/revisions"}],"wp:attachment":[{"href":"https:\/\/www.staayfoodgroup.com\/it\/wp-json\/wp\/v2\/media?parent=7587"}],"curies":[{"name":"wp","href":"https:\/\/api.w.org\/{rel}","templated":true}]}}