{"id":5216,"date":"2022-06-12T10:45:11","date_gmt":"2022-06-12T09:45:11","guid":{"rendered":"http:\/\/www.staayfoodgroup.com\/certyfikaty\/"},"modified":"2024-02-27T10:48:54","modified_gmt":"2024-02-27T09:48:54","slug":"certyfikaty","status":"publish","type":"page","link":"https:\/\/www.staayfoodgroup.com\/pl\/certyfikaty\/","title":{"rendered":"Certyfikaty"},"content":{"rendered":"<p>Zaufanie jest jednym z naszych filar\u00f3w od lat. Przywi\u0105zujemy du\u017c\u0105 wag\u0119 do stabilnych, d\u0142ugotrwa\u0142ych relacji z klientami. Aby zyska\u0107 i\u00a0utrzyma\u0107 zaufanie klient\u00f3w, zachowujemy transparentno\u015b\u0107 w zakresie \u0142a\u0144cuch\u00f3w dostaw i umo\u017cliwiamy szybkie identyfikowanie naszych produkt\u00f3w. Dzi\u0119ki niezale\u017cnej certyfikacji zapewniamy, aby produkcja i przetwarzanie warzyw i owoc\u00f3w w naszych zak\u0142adach bezwzgl\u0119dnie spe\u0142nia\u0142y najbardziej rygorystyczne normy. Gwarantujemy to.<\/p>\n<p>Mo\u017cesz poprosi\u0107 o nasz certyfikat w naszym dziale jako\u015bci: <a href=\"https:\/\/www.staayfoodgroup.com\/pl\/kontakt\/\">Kontakt &#8211; Staay Food Group<\/a><\/p>\n","protected":false},"excerpt":{"rendered":"Zaufanie jest jednym z naszych filar\u00f3w od lat. Przywi\u0105zujemy du\u017c\u0105 wag\u0119 do stabilnych, d\u0142ugotrwa\u0142ych relacji z klientami. Aby zyska\u0107 i\u00a0utrzyma\u0107 zaufanie klient\u00f3w, zachowujemy transparentno\u015b\u0107 w zakresie \u0142a\u0144cuch\u00f3w dostaw i umo\u017cliwiamy szybkie identyfikowanie naszych produkt\u00f3w. Dzi\u0119ki niezale\u017cnej certyfikacji zapewniamy, aby produkcja i przetwarzanie warzyw i owoc\u00f3w w naszych zak\u0142adach bezwzgl\u0119dnie spe\u0142nia\u0142y najbardziej rygorystyczne normy. Gwarantujemy to. [&hellip;]","protected":false},"author":10,"featured_media":3900,"parent":0,"menu_order":0,"comment_status":"closed","ping_status":"closed","template":"template-certificaten-merken.php","meta":{"_acf_changed":false,"inline_featured_image":false,"footnotes":""},"class_list":["post-5216","page","type-page","status-publish","has-post-thumbnail","hentry"],"acf":[],"yoast_head":"<!-- This site is optimized with the Yoast SEO plugin v27.1.1 - https:\/\/yoast.com\/product\/yoast-seo-wordpress\/ -->\n<title>Certyfikaty - Staay Food Group<\/title>\n<meta name=\"description\" content=\"Certyfikaty Staay Food Group\" \/>\n<meta name=\"robots\" content=\"index, follow, max-snippet:-1, max-image-preview:large, max-video-preview:-1\" \/>\n<link rel=\"canonical\" href=\"https:\/\/www.staayfoodgroup.com\/pl\/certyfikaty\/\" \/>\n<meta property=\"og:locale\" content=\"pl_PL\" \/>\n<meta property=\"og:type\" content=\"article\" \/>\n<meta property=\"og:title\" content=\"Certyfikaty - Staay Food Group\" \/>\n<meta property=\"og:description\" content=\"Certyfikaty Staay Food Group\" \/>\n<meta property=\"og:url\" content=\"https:\/\/www.staayfoodgroup.com\/pl\/certyfikaty\/\" \/>\n<meta property=\"og:site_name\" content=\"Staay Food Group\" \/>\n<meta property=\"article:modified_time\" content=\"2024-02-27T09:48:54+00:00\" \/>\n<meta property=\"og:image\" content=\"https:\/\/www.staayfoodgroup.com\/wp-content\/uploads\/2023\/03\/DSC09751-LR-700x467.jpg\" \/>\n\t<meta property=\"og:image:width\" content=\"700\" \/>\n\t<meta property=\"og:image:height\" content=\"467\" \/>\n\t<meta property=\"og:image:type\" content=\"image\/jpeg\" \/>\n<meta name=\"twitter:card\" content=\"summary_large_image\" \/>\n<meta name=\"twitter:label1\" content=\"Szacowany czas czytania\" \/>\n\t<meta name=\"twitter:data1\" content=\"1 minuta\" \/>\n<script type=\"application\/ld+json\" class=\"yoast-schema-graph\">{\"@context\":\"https:\/\/schema.org\",\"@graph\":[{\"@type\":\"WebPage\",\"@id\":\"https:\/\/www.staayfoodgroup.com\/pl\/certyfikaty\/\",\"url\":\"https:\/\/www.staayfoodgroup.com\/pl\/certyfikaty\/\",\"name\":\"Certyfikaty - Staay Food Group\",\"isPartOf\":{\"@id\":\"https:\/\/www.staayfoodgroup.com\/pl\/#website\"},\"primaryImageOfPage\":{\"@id\":\"https:\/\/www.staayfoodgroup.com\/pl\/certyfikaty\/#primaryimage\"},\"image\":{\"@id\":\"https:\/\/www.staayfoodgroup.com\/pl\/certyfikaty\/#primaryimage\"},\"thumbnailUrl\":\"https:\/\/www.staayfoodgroup.com\/wp-content\/uploads\/2023\/03\/DSC09751-LR-scaled.jpg\",\"datePublished\":\"2022-06-12T09:45:11+00:00\",\"dateModified\":\"2024-02-27T09:48:54+00:00\",\"description\":\"Certyfikaty Staay Food Group\",\"breadcrumb\":{\"@id\":\"https:\/\/www.staayfoodgroup.com\/pl\/certyfikaty\/#breadcrumb\"},\"inLanguage\":\"pl-PL\",\"potentialAction\":[{\"@type\":\"ReadAction\",\"target\":[\"https:\/\/www.staayfoodgroup.com\/pl\/certyfikaty\/\"]}]},{\"@type\":\"ImageObject\",\"inLanguage\":\"pl-PL\",\"@id\":\"https:\/\/www.staayfoodgroup.com\/pl\/certyfikaty\/#primaryimage\",\"url\":\"https:\/\/www.staayfoodgroup.com\/wp-content\/uploads\/2023\/03\/DSC09751-LR-scaled.jpg\",\"contentUrl\":\"https:\/\/www.staayfoodgroup.com\/wp-content\/uploads\/2023\/03\/DSC09751-LR-scaled.jpg\",\"width\":2560,\"height\":1708},{\"@type\":\"BreadcrumbList\",\"@id\":\"https:\/\/www.staayfoodgroup.com\/pl\/certyfikaty\/#breadcrumb\",\"itemListElement\":[{\"@type\":\"ListItem\",\"position\":1,\"name\":\"Home\",\"item\":\"https:\/\/www.staayfoodgroup.com\/pl\/\"},{\"@type\":\"ListItem\",\"position\":2,\"name\":\"Certyfikaty\"}]},{\"@type\":\"WebSite\",\"@id\":\"https:\/\/www.staayfoodgroup.com\/pl\/#website\",\"url\":\"https:\/\/www.staayfoodgroup.com\/pl\/\",\"name\":\"Staay Food Group\",\"description\":\"\",\"potentialAction\":[{\"@type\":\"SearchAction\",\"target\":{\"@type\":\"EntryPoint\",\"urlTemplate\":\"https:\/\/www.staayfoodgroup.com\/pl\/?s={search_term_string}\"},\"query-input\":{\"@type\":\"PropertyValueSpecification\",\"valueRequired\":true,\"valueName\":\"search_term_string\"}}],\"inLanguage\":\"pl-PL\"}]}<\/script>\n<!-- \/ Yoast SEO plugin. -->","yoast_head_json":{"title":"Certyfikaty - Staay Food Group","description":"Certyfikaty Staay Food Group","robots":{"index":"index","follow":"follow","max-snippet":"max-snippet:-1","max-image-preview":"max-image-preview:large","max-video-preview":"max-video-preview:-1"},"canonical":"https:\/\/www.staayfoodgroup.com\/pl\/certyfikaty\/","og_locale":"pl_PL","og_type":"article","og_title":"Certyfikaty - Staay Food Group","og_description":"Certyfikaty Staay Food Group","og_url":"https:\/\/www.staayfoodgroup.com\/pl\/certyfikaty\/","og_site_name":"Staay Food Group","article_modified_time":"2024-02-27T09:48:54+00:00","og_image":[{"width":700,"height":467,"url":"https:\/\/www.staayfoodgroup.com\/wp-content\/uploads\/2023\/03\/DSC09751-LR-700x467.jpg","type":"image\/jpeg"}],"twitter_card":"summary_large_image","twitter_misc":{"Szacowany czas czytania":"1 minuta"},"schema":{"@context":"https:\/\/schema.org","@graph":[{"@type":"WebPage","@id":"https:\/\/www.staayfoodgroup.com\/pl\/certyfikaty\/","url":"https:\/\/www.staayfoodgroup.com\/pl\/certyfikaty\/","name":"Certyfikaty - Staay Food Group","isPartOf":{"@id":"https:\/\/www.staayfoodgroup.com\/pl\/#website"},"primaryImageOfPage":{"@id":"https:\/\/www.staayfoodgroup.com\/pl\/certyfikaty\/#primaryimage"},"image":{"@id":"https:\/\/www.staayfoodgroup.com\/pl\/certyfikaty\/#primaryimage"},"thumbnailUrl":"https:\/\/www.staayfoodgroup.com\/wp-content\/uploads\/2023\/03\/DSC09751-LR-scaled.jpg","datePublished":"2022-06-12T09:45:11+00:00","dateModified":"2024-02-27T09:48:54+00:00","description":"Certyfikaty Staay Food Group","breadcrumb":{"@id":"https:\/\/www.staayfoodgroup.com\/pl\/certyfikaty\/#breadcrumb"},"inLanguage":"pl-PL","potentialAction":[{"@type":"ReadAction","target":["https:\/\/www.staayfoodgroup.com\/pl\/certyfikaty\/"]}]},{"@type":"ImageObject","inLanguage":"pl-PL","@id":"https:\/\/www.staayfoodgroup.com\/pl\/certyfikaty\/#primaryimage","url":"https:\/\/www.staayfoodgroup.com\/wp-content\/uploads\/2023\/03\/DSC09751-LR-scaled.jpg","contentUrl":"https:\/\/www.staayfoodgroup.com\/wp-content\/uploads\/2023\/03\/DSC09751-LR-scaled.jpg","width":2560,"height":1708},{"@type":"BreadcrumbList","@id":"https:\/\/www.staayfoodgroup.com\/pl\/certyfikaty\/#breadcrumb","itemListElement":[{"@type":"ListItem","position":1,"name":"Home","item":"https:\/\/www.staayfoodgroup.com\/pl\/"},{"@type":"ListItem","position":2,"name":"Certyfikaty"}]},{"@type":"WebSite","@id":"https:\/\/www.staayfoodgroup.com\/pl\/#website","url":"https:\/\/www.staayfoodgroup.com\/pl\/","name":"Staay Food Group","description":"","potentialAction":[{"@type":"SearchAction","target":{"@type":"EntryPoint","urlTemplate":"https:\/\/www.staayfoodgroup.com\/pl\/?s={search_term_string}"},"query-input":{"@type":"PropertyValueSpecification","valueRequired":true,"valueName":"search_term_string"}}],"inLanguage":"pl-PL"}]}},"_links":{"self":[{"href":"https:\/\/www.staayfoodgroup.com\/pl\/wp-json\/wp\/v2\/pages\/5216","targetHints":{"allow":["GET"]}}],"collection":[{"href":"https:\/\/www.staayfoodgroup.com\/pl\/wp-json\/wp\/v2\/pages"}],"about":[{"href":"https:\/\/www.staayfoodgroup.com\/pl\/wp-json\/wp\/v2\/types\/page"}],"author":[{"embeddable":true,"href":"https:\/\/www.staayfoodgroup.com\/pl\/wp-json\/wp\/v2\/users\/10"}],"replies":[{"embeddable":true,"href":"https:\/\/www.staayfoodgroup.com\/pl\/wp-json\/wp\/v2\/comments?post=5216"}],"version-history":[{"count":4,"href":"https:\/\/www.staayfoodgroup.com\/pl\/wp-json\/wp\/v2\/pages\/5216\/revisions"}],"predecessor-version":[{"id":9789,"href":"https:\/\/www.staayfoodgroup.com\/pl\/wp-json\/wp\/v2\/pages\/5216\/revisions\/9789"}],"wp:featuredmedia":[{"embeddable":true,"href":"https:\/\/www.staayfoodgroup.com\/pl\/wp-json\/wp\/v2\/media\/3900"}],"wp:attachment":[{"href":"https:\/\/www.staayfoodgroup.com\/pl\/wp-json\/wp\/v2\/media?parent=5216"}],"curies":[{"name":"wp","href":"https:\/\/api.w.org\/{rel}","templated":true}]}}