{"id":5233,"date":"2022-06-21T07:50:04","date_gmt":"2022-06-21T06:50:04","guid":{"rendered":"http:\/\/www.staayfoodgroup.com\/informacje-o-staay-food-group\/"},"modified":"2024-07-05T07:12:43","modified_gmt":"2024-07-05T06:12:43","slug":"informacje-o-staay-food-group","status":"publish","type":"page","link":"https:\/\/www.staayfoodgroup.com\/pl\/informacje-o-staay-food-group\/","title":{"rendered":"Informacje o Staay Food Group"},"content":{"rendered":"<p><strong>Staay Food Group<\/strong> to przedsi\u0119biorstwo o zasi\u0119gu mi\u0119dzynarodowym zajmuj\u0105ce si\u0119 upraw\u0105, sprzeda\u017c\u0105 i promocj\u0105 \u015bwie\u017cych owoc\u00f3w i warzyw za po\u015brednictwem swojej sieci dystrybucyjnej na ca\u0142ym \u015bwiecie; <em>The World is our Garden. <\/em>Jeste\u015bmy rodzinn\u0105 firm\u0105 za\u0142o\u017con\u0105 w 1946 roku. Opracowujemy indywidualne rozwi\u0105zania dla klient\u00f3w z bran\u017cy detalicznej, sektora handlu (sprzeda\u017cy hurtowej), us\u0142ug zaopatrywania w \u017cywno\u015b\u0107 oraz bran\u017cy przetw\u00f3rczej.<\/p>\n<p><strong>Nasza misja<\/strong>: <em>Optymalna \u015bwie\u017co\u015b\u0107 przy minimalnych kosztach<\/em><br \/>\nNiezmiennie dostarczamy najlepsze i naj\u015bwie\u017csze dost\u0119pne produkty w najkr\u00f3tszym czasie i po minimalnych kosztach.<br \/>\nZapewniamy tym samym naszym hodowcom gwarantowany zbyt, a naszym klientom gwarantujemy ci\u0105g\u0142o\u015b\u0107 dostaw.<\/p>\n","protected":false},"excerpt":{"rendered":"Staay Food Group to przedsi\u0119biorstwo o zasi\u0119gu mi\u0119dzynarodowym zajmuj\u0105ce si\u0119 upraw\u0105, sprzeda\u017c\u0105 i promocj\u0105 \u015bwie\u017cych owoc\u00f3w i warzyw za po\u015brednictwem swojej sieci dystrybucyjnej na ca\u0142ym \u015bwiecie; The World is our Garden. Jeste\u015bmy rodzinn\u0105 firm\u0105 za\u0142o\u017con\u0105 w 1946 roku. Opracowujemy indywidualne rozwi\u0105zania dla klient\u00f3w z bran\u017cy detalicznej, sektora handlu (sprzeda\u017cy hurtowej), us\u0142ug zaopatrywania w \u017cywno\u015b\u0107 oraz [&hellip;]","protected":false},"author":10,"featured_media":0,"parent":0,"menu_order":0,"comment_status":"closed","ping_status":"closed","template":"template-over.php","meta":{"_acf_changed":false,"inline_featured_image":false,"footnotes":""},"class_list":["post-5233","page","type-page","status-publish","hentry"],"acf":[],"yoast_head":"<!-- This site is optimized with the Yoast SEO plugin v27.1.1 - https:\/\/yoast.com\/product\/yoast-seo-wordpress\/ -->\n<title>Informacje o Staay Food Group - Staay Food Group<\/title>\n<meta name=\"robots\" content=\"index, follow, max-snippet:-1, max-image-preview:large, max-video-preview:-1\" \/>\n<link rel=\"canonical\" href=\"https:\/\/www.staayfoodgroup.com\/pl\/informacje-o-staay-food-group\/\" \/>\n<meta property=\"og:locale\" content=\"pl_PL\" \/>\n<meta property=\"og:type\" content=\"article\" \/>\n<meta property=\"og:title\" content=\"Informacje o Staay Food Group - Staay Food Group\" \/>\n<meta property=\"og:description\" content=\"Staay Food Group to przedsi\u0119biorstwo o zasi\u0119gu mi\u0119dzynarodowym zajmuj\u0105ce si\u0119 upraw\u0105, sprzeda\u017c\u0105 i promocj\u0105 \u015bwie\u017cych owoc\u00f3w i warzyw za po\u015brednictwem swojej sieci dystrybucyjnej na ca\u0142ym \u015bwiecie; The World is our Garden. Jeste\u015bmy rodzinn\u0105 firm\u0105 za\u0142o\u017con\u0105 w 1946 roku. Opracowujemy indywidualne rozwi\u0105zania dla klient\u00f3w z bran\u017cy detalicznej, sektora handlu (sprzeda\u017cy hurtowej), us\u0142ug zaopatrywania w \u017cywno\u015b\u0107 oraz [&hellip;]\" \/>\n<meta property=\"og:url\" content=\"https:\/\/www.staayfoodgroup.com\/pl\/informacje-o-staay-food-group\/\" \/>\n<meta property=\"og:site_name\" content=\"Staay Food Group\" \/>\n<meta property=\"article:modified_time\" content=\"2024-07-05T06:12:43+00:00\" \/>\n<meta name=\"twitter:card\" content=\"summary_large_image\" \/>\n<meta name=\"twitter:label1\" content=\"Szacowany czas czytania\" \/>\n\t<meta name=\"twitter:data1\" content=\"8 minut\" \/>\n<script type=\"application\/ld+json\" class=\"yoast-schema-graph\">{\"@context\":\"https:\/\/schema.org\",\"@graph\":[{\"@type\":\"WebPage\",\"@id\":\"https:\/\/www.staayfoodgroup.com\/pl\/informacje-o-staay-food-group\/\",\"url\":\"https:\/\/www.staayfoodgroup.com\/pl\/informacje-o-staay-food-group\/\",\"name\":\"Informacje o Staay Food Group - Staay Food Group\",\"isPartOf\":{\"@id\":\"https:\/\/www.staayfoodgroup.com\/pl\/#website\"},\"datePublished\":\"2022-06-21T06:50:04+00:00\",\"dateModified\":\"2024-07-05T06:12:43+00:00\",\"breadcrumb\":{\"@id\":\"https:\/\/www.staayfoodgroup.com\/pl\/informacje-o-staay-food-group\/#breadcrumb\"},\"inLanguage\":\"pl-PL\",\"potentialAction\":[{\"@type\":\"ReadAction\",\"target\":[\"https:\/\/www.staayfoodgroup.com\/pl\/informacje-o-staay-food-group\/\"]}]},{\"@type\":\"BreadcrumbList\",\"@id\":\"https:\/\/www.staayfoodgroup.com\/pl\/informacje-o-staay-food-group\/#breadcrumb\",\"itemListElement\":[{\"@type\":\"ListItem\",\"position\":1,\"name\":\"Home\",\"item\":\"https:\/\/www.staayfoodgroup.com\/pl\/\"},{\"@type\":\"ListItem\",\"position\":2,\"name\":\"Informacje o Staay Food Group\"}]},{\"@type\":\"WebSite\",\"@id\":\"https:\/\/www.staayfoodgroup.com\/pl\/#website\",\"url\":\"https:\/\/www.staayfoodgroup.com\/pl\/\",\"name\":\"Staay Food Group\",\"description\":\"\",\"potentialAction\":[{\"@type\":\"SearchAction\",\"target\":{\"@type\":\"EntryPoint\",\"urlTemplate\":\"https:\/\/www.staayfoodgroup.com\/pl\/?s={search_term_string}\"},\"query-input\":{\"@type\":\"PropertyValueSpecification\",\"valueRequired\":true,\"valueName\":\"search_term_string\"}}],\"inLanguage\":\"pl-PL\"}]}<\/script>\n<!-- \/ Yoast SEO plugin. -->","yoast_head_json":{"title":"Informacje o Staay Food Group - Staay Food Group","robots":{"index":"index","follow":"follow","max-snippet":"max-snippet:-1","max-image-preview":"max-image-preview:large","max-video-preview":"max-video-preview:-1"},"canonical":"https:\/\/www.staayfoodgroup.com\/pl\/informacje-o-staay-food-group\/","og_locale":"pl_PL","og_type":"article","og_title":"Informacje o Staay Food Group - Staay Food Group","og_description":"Staay Food Group to przedsi\u0119biorstwo o zasi\u0119gu mi\u0119dzynarodowym zajmuj\u0105ce si\u0119 upraw\u0105, sprzeda\u017c\u0105 i promocj\u0105 \u015bwie\u017cych owoc\u00f3w i warzyw za po\u015brednictwem swojej sieci dystrybucyjnej na ca\u0142ym \u015bwiecie; The World is our Garden. Jeste\u015bmy rodzinn\u0105 firm\u0105 za\u0142o\u017con\u0105 w 1946 roku. Opracowujemy indywidualne rozwi\u0105zania dla klient\u00f3w z bran\u017cy detalicznej, sektora handlu (sprzeda\u017cy hurtowej), us\u0142ug zaopatrywania w \u017cywno\u015b\u0107 oraz [&hellip;]","og_url":"https:\/\/www.staayfoodgroup.com\/pl\/informacje-o-staay-food-group\/","og_site_name":"Staay Food Group","article_modified_time":"2024-07-05T06:12:43+00:00","twitter_card":"summary_large_image","twitter_misc":{"Szacowany czas czytania":"8 minut"},"schema":{"@context":"https:\/\/schema.org","@graph":[{"@type":"WebPage","@id":"https:\/\/www.staayfoodgroup.com\/pl\/informacje-o-staay-food-group\/","url":"https:\/\/www.staayfoodgroup.com\/pl\/informacje-o-staay-food-group\/","name":"Informacje o Staay Food Group - Staay Food Group","isPartOf":{"@id":"https:\/\/www.staayfoodgroup.com\/pl\/#website"},"datePublished":"2022-06-21T06:50:04+00:00","dateModified":"2024-07-05T06:12:43+00:00","breadcrumb":{"@id":"https:\/\/www.staayfoodgroup.com\/pl\/informacje-o-staay-food-group\/#breadcrumb"},"inLanguage":"pl-PL","potentialAction":[{"@type":"ReadAction","target":["https:\/\/www.staayfoodgroup.com\/pl\/informacje-o-staay-food-group\/"]}]},{"@type":"BreadcrumbList","@id":"https:\/\/www.staayfoodgroup.com\/pl\/informacje-o-staay-food-group\/#breadcrumb","itemListElement":[{"@type":"ListItem","position":1,"name":"Home","item":"https:\/\/www.staayfoodgroup.com\/pl\/"},{"@type":"ListItem","position":2,"name":"Informacje o Staay Food Group"}]},{"@type":"WebSite","@id":"https:\/\/www.staayfoodgroup.com\/pl\/#website","url":"https:\/\/www.staayfoodgroup.com\/pl\/","name":"Staay Food Group","description":"","potentialAction":[{"@type":"SearchAction","target":{"@type":"EntryPoint","urlTemplate":"https:\/\/www.staayfoodgroup.com\/pl\/?s={search_term_string}"},"query-input":{"@type":"PropertyValueSpecification","valueRequired":true,"valueName":"search_term_string"}}],"inLanguage":"pl-PL"}]}},"_links":{"self":[{"href":"https:\/\/www.staayfoodgroup.com\/pl\/wp-json\/wp\/v2\/pages\/5233","targetHints":{"allow":["GET"]}}],"collection":[{"href":"https:\/\/www.staayfoodgroup.com\/pl\/wp-json\/wp\/v2\/pages"}],"about":[{"href":"https:\/\/www.staayfoodgroup.com\/pl\/wp-json\/wp\/v2\/types\/page"}],"author":[{"embeddable":true,"href":"https:\/\/www.staayfoodgroup.com\/pl\/wp-json\/wp\/v2\/users\/10"}],"replies":[{"embeddable":true,"href":"https:\/\/www.staayfoodgroup.com\/pl\/wp-json\/wp\/v2\/comments?post=5233"}],"version-history":[{"count":4,"href":"https:\/\/www.staayfoodgroup.com\/pl\/wp-json\/wp\/v2\/pages\/5233\/revisions"}],"predecessor-version":[{"id":11625,"href":"https:\/\/www.staayfoodgroup.com\/pl\/wp-json\/wp\/v2\/pages\/5233\/revisions\/11625"}],"wp:attachment":[{"href":"https:\/\/www.staayfoodgroup.com\/pl\/wp-json\/wp\/v2\/media?parent=5233"}],"curies":[{"name":"wp","href":"https:\/\/api.w.org\/{rel}","templated":true}]}}