{"id":5248,"date":"2022-06-17T15:22:09","date_gmt":"2022-06-17T15:22:09","guid":{"rendered":"http:\/\/www.staayfoodgroup.com\/zespol\/"},"modified":"2023-08-14T18:04:25","modified_gmt":"2023-08-14T18:04:25","slug":"zespol","status":"publish","type":"page","link":"https:\/\/www.staayfoodgroup.com\/pl\/zespol\/","title":{"rendered":"Zesp\u00f3\u0142"},"content":{"rendered":"<p>Jeste\u015bmy Staay. Jeste\u015bmy dynamiczni, elastyczni i godni zaufania. Zawsze pozostajemy do Twojej dyspozycji, wraz z Tob\u0105 opracowujemy nowe rozwi\u0105zania i oczywi\u015bcie dbamy o warzywa i owoce. Zawsze.<\/p>\n<p>Chcesz do\u0142\u0105czy\u0107 do naszego zespo\u0142u? Przejrzyj nasze <a href=\"http:\/\/www.staayfoodgroup.com\/pl\/oferty-pracy\/\">oferty pracy<\/a>!<\/p>\n","protected":false},"excerpt":{"rendered":"Jeste\u015bmy Staay. Jeste\u015bmy dynamiczni, elastyczni i godni zaufania. Zawsze pozostajemy do Twojej dyspozycji, wraz z Tob\u0105 opracowujemy nowe rozwi\u0105zania i oczywi\u015bcie dbamy o warzywa i owoce. Zawsze. Chcesz do\u0142\u0105czy\u0107 do naszego zespo\u0142u? Przejrzyj nasze oferty pracy!","protected":false},"author":10,"featured_media":0,"parent":0,"menu_order":0,"comment_status":"closed","ping_status":"closed","template":"template-team.php","meta":{"_acf_changed":false,"inline_featured_image":false,"footnotes":""},"class_list":["post-5248","page","type-page","status-publish","hentry"],"acf":[],"yoast_head":"<!-- This site is optimized with the Yoast SEO plugin v27.1.1 - https:\/\/yoast.com\/product\/yoast-seo-wordpress\/ -->\n<title>Zesp\u00f3\u0142 - Staay Food Group<\/title>\n<meta name=\"robots\" content=\"index, follow, max-snippet:-1, max-image-preview:large, max-video-preview:-1\" \/>\n<link rel=\"canonical\" href=\"https:\/\/www.staayfoodgroup.com\/pl\/zespol\/\" \/>\n<meta property=\"og:locale\" content=\"pl_PL\" \/>\n<meta property=\"og:type\" content=\"article\" \/>\n<meta property=\"og:title\" content=\"Zesp\u00f3\u0142 - Staay Food Group\" \/>\n<meta property=\"og:description\" content=\"Jeste\u015bmy Staay. Jeste\u015bmy dynamiczni, elastyczni i godni zaufania. Zawsze pozostajemy do Twojej dyspozycji, wraz z Tob\u0105 opracowujemy nowe rozwi\u0105zania i oczywi\u015bcie dbamy o warzywa i owoce. Zawsze. Chcesz do\u0142\u0105czy\u0107 do naszego zespo\u0142u? Przejrzyj nasze oferty pracy!\" \/>\n<meta property=\"og:url\" content=\"https:\/\/www.staayfoodgroup.com\/pl\/zespol\/\" \/>\n<meta property=\"og:site_name\" content=\"Staay Food Group\" \/>\n<meta property=\"article:modified_time\" content=\"2023-08-14T18:04:25+00:00\" \/>\n<meta name=\"twitter:card\" content=\"summary_large_image\" \/>\n<meta name=\"twitter:label1\" content=\"Szacowany czas czytania\" \/>\n\t<meta name=\"twitter:data1\" content=\"1 minuta\" \/>\n<script type=\"application\/ld+json\" class=\"yoast-schema-graph\">{\"@context\":\"https:\/\/schema.org\",\"@graph\":[{\"@type\":\"WebPage\",\"@id\":\"https:\/\/www.staayfoodgroup.com\/pl\/zespol\/\",\"url\":\"https:\/\/www.staayfoodgroup.com\/pl\/zespol\/\",\"name\":\"Zesp\u00f3\u0142 - Staay Food Group\",\"isPartOf\":{\"@id\":\"https:\/\/www.staayfoodgroup.com\/pl\/#website\"},\"datePublished\":\"2022-06-17T15:22:09+00:00\",\"dateModified\":\"2023-08-14T18:04:25+00:00\",\"breadcrumb\":{\"@id\":\"https:\/\/www.staayfoodgroup.com\/pl\/zespol\/#breadcrumb\"},\"inLanguage\":\"pl-PL\",\"potentialAction\":[{\"@type\":\"ReadAction\",\"target\":[\"https:\/\/www.staayfoodgroup.com\/pl\/zespol\/\"]}]},{\"@type\":\"BreadcrumbList\",\"@id\":\"https:\/\/www.staayfoodgroup.com\/pl\/zespol\/#breadcrumb\",\"itemListElement\":[{\"@type\":\"ListItem\",\"position\":1,\"name\":\"Home\",\"item\":\"https:\/\/www.staayfoodgroup.com\/pl\/\"},{\"@type\":\"ListItem\",\"position\":2,\"name\":\"Zesp\u00f3\u0142\"}]},{\"@type\":\"WebSite\",\"@id\":\"https:\/\/www.staayfoodgroup.com\/pl\/#website\",\"url\":\"https:\/\/www.staayfoodgroup.com\/pl\/\",\"name\":\"Staay Food Group\",\"description\":\"\",\"potentialAction\":[{\"@type\":\"SearchAction\",\"target\":{\"@type\":\"EntryPoint\",\"urlTemplate\":\"https:\/\/www.staayfoodgroup.com\/pl\/?s={search_term_string}\"},\"query-input\":{\"@type\":\"PropertyValueSpecification\",\"valueRequired\":true,\"valueName\":\"search_term_string\"}}],\"inLanguage\":\"pl-PL\"}]}<\/script>\n<!-- \/ Yoast SEO plugin. -->","yoast_head_json":{"title":"Zesp\u00f3\u0142 - Staay Food Group","robots":{"index":"index","follow":"follow","max-snippet":"max-snippet:-1","max-image-preview":"max-image-preview:large","max-video-preview":"max-video-preview:-1"},"canonical":"https:\/\/www.staayfoodgroup.com\/pl\/zespol\/","og_locale":"pl_PL","og_type":"article","og_title":"Zesp\u00f3\u0142 - Staay Food Group","og_description":"Jeste\u015bmy Staay. Jeste\u015bmy dynamiczni, elastyczni i godni zaufania. Zawsze pozostajemy do Twojej dyspozycji, wraz z Tob\u0105 opracowujemy nowe rozwi\u0105zania i oczywi\u015bcie dbamy o warzywa i owoce. Zawsze. Chcesz do\u0142\u0105czy\u0107 do naszego zespo\u0142u? Przejrzyj nasze oferty pracy!","og_url":"https:\/\/www.staayfoodgroup.com\/pl\/zespol\/","og_site_name":"Staay Food Group","article_modified_time":"2023-08-14T18:04:25+00:00","twitter_card":"summary_large_image","twitter_misc":{"Szacowany czas czytania":"1 minuta"},"schema":{"@context":"https:\/\/schema.org","@graph":[{"@type":"WebPage","@id":"https:\/\/www.staayfoodgroup.com\/pl\/zespol\/","url":"https:\/\/www.staayfoodgroup.com\/pl\/zespol\/","name":"Zesp\u00f3\u0142 - Staay Food Group","isPartOf":{"@id":"https:\/\/www.staayfoodgroup.com\/pl\/#website"},"datePublished":"2022-06-17T15:22:09+00:00","dateModified":"2023-08-14T18:04:25+00:00","breadcrumb":{"@id":"https:\/\/www.staayfoodgroup.com\/pl\/zespol\/#breadcrumb"},"inLanguage":"pl-PL","potentialAction":[{"@type":"ReadAction","target":["https:\/\/www.staayfoodgroup.com\/pl\/zespol\/"]}]},{"@type":"BreadcrumbList","@id":"https:\/\/www.staayfoodgroup.com\/pl\/zespol\/#breadcrumb","itemListElement":[{"@type":"ListItem","position":1,"name":"Home","item":"https:\/\/www.staayfoodgroup.com\/pl\/"},{"@type":"ListItem","position":2,"name":"Zesp\u00f3\u0142"}]},{"@type":"WebSite","@id":"https:\/\/www.staayfoodgroup.com\/pl\/#website","url":"https:\/\/www.staayfoodgroup.com\/pl\/","name":"Staay Food Group","description":"","potentialAction":[{"@type":"SearchAction","target":{"@type":"EntryPoint","urlTemplate":"https:\/\/www.staayfoodgroup.com\/pl\/?s={search_term_string}"},"query-input":{"@type":"PropertyValueSpecification","valueRequired":true,"valueName":"search_term_string"}}],"inLanguage":"pl-PL"}]}},"_links":{"self":[{"href":"https:\/\/www.staayfoodgroup.com\/pl\/wp-json\/wp\/v2\/pages\/5248","targetHints":{"allow":["GET"]}}],"collection":[{"href":"https:\/\/www.staayfoodgroup.com\/pl\/wp-json\/wp\/v2\/pages"}],"about":[{"href":"https:\/\/www.staayfoodgroup.com\/pl\/wp-json\/wp\/v2\/types\/page"}],"author":[{"embeddable":true,"href":"https:\/\/www.staayfoodgroup.com\/pl\/wp-json\/wp\/v2\/users\/10"}],"replies":[{"embeddable":true,"href":"https:\/\/www.staayfoodgroup.com\/pl\/wp-json\/wp\/v2\/comments?post=5248"}],"version-history":[{"count":1,"href":"https:\/\/www.staayfoodgroup.com\/pl\/wp-json\/wp\/v2\/pages\/5248\/revisions"}],"predecessor-version":[{"id":6523,"href":"https:\/\/www.staayfoodgroup.com\/pl\/wp-json\/wp\/v2\/pages\/5248\/revisions\/6523"}],"wp:attachment":[{"href":"https:\/\/www.staayfoodgroup.com\/pl\/wp-json\/wp\/v2\/media?parent=5248"}],"curies":[{"name":"wp","href":"https:\/\/api.w.org\/{rel}","templated":true}]}}