{"id":5254,"date":"2022-06-08T15:55:03","date_gmt":"2022-06-08T15:55:03","guid":{"rendered":"http:\/\/www.staayfoodgroup.com\/logistyka\/"},"modified":"2022-06-08T15:55:03","modified_gmt":"2022-06-08T15:55:03","slug":"logistyka","status":"publish","type":"page","link":"https:\/\/www.staayfoodgroup.com\/pl\/logistyka\/","title":{"rendered":"Logistyka"},"content":{"rendered":"<p>Do\u015bwiadczenie uczy, \u017ce najlepiej jest bra\u0107 sprawy w swoje r\u0119ce. Mo\u017cemy w\u00f3wczas szybko reagowa\u0107, zachowuj\u0105c elastyczno\u015b\u0107. Dlatego organizujemy \u015bwiadczone us\u0142ugi logistyczne z wykorzystaniem ok. 40 w\u0142asnych po\u0142\u0105cze\u0144 samochod\u00f3w ci\u0119\u017carowych i dostawczych. Samochody zasadniczo powierzamy zatrudnionym w naszej firmie kierowcom. Kt\u00f3rych wszystkich znamy. Wed\u0142ug nas to rozwi\u0105zanie dobre i skuteczne. W analogiczny spos\u00f3b organizujemy i realizujemy wszystkie formalno\u015bci celne w naszej firmie.<\/p>\n","protected":false},"excerpt":{"rendered":"Do\u015bwiadczenie uczy, \u017ce najlepiej jest bra\u0107 sprawy w swoje r\u0119ce. Mo\u017cemy w\u00f3wczas szybko reagowa\u0107, zachowuj\u0105c elastyczno\u015b\u0107. Dlatego organizujemy \u015bwiadczone us\u0142ugi logistyczne z wykorzystaniem ok. 40 w\u0142asnych po\u0142\u0105cze\u0144 samochod\u00f3w ci\u0119\u017carowych i dostawczych. Samochody zasadniczo powierzamy zatrudnionym w naszej firmie kierowcom. Kt\u00f3rych wszystkich znamy. Wed\u0142ug nas to rozwi\u0105zanie dobre i skuteczne. W analogiczny spos\u00f3b organizujemy i realizujemy [&hellip;]","protected":false},"author":10,"featured_media":0,"parent":0,"menu_order":0,"comment_status":"closed","ping_status":"closed","template":"","meta":{"_acf_changed":false,"inline_featured_image":false,"footnotes":""},"class_list":["post-5254","page","type-page","status-publish","hentry"],"acf":[],"yoast_head":"<!-- This site is optimized with the Yoast SEO plugin v27.1.1 - https:\/\/yoast.com\/product\/yoast-seo-wordpress\/ -->\n<title>Logistyka - Staay Food Group<\/title>\n<meta name=\"robots\" content=\"index, follow, max-snippet:-1, max-image-preview:large, max-video-preview:-1\" \/>\n<link rel=\"canonical\" href=\"https:\/\/www.staayfoodgroup.com\/pl\/logistyka\/\" \/>\n<meta property=\"og:locale\" content=\"pl_PL\" \/>\n<meta property=\"og:type\" content=\"article\" \/>\n<meta property=\"og:title\" content=\"Logistyka - Staay Food Group\" \/>\n<meta property=\"og:description\" content=\"Do\u015bwiadczenie uczy, \u017ce najlepiej jest bra\u0107 sprawy w swoje r\u0119ce. Mo\u017cemy w\u00f3wczas szybko reagowa\u0107, zachowuj\u0105c elastyczno\u015b\u0107. Dlatego organizujemy \u015bwiadczone us\u0142ugi logistyczne z wykorzystaniem ok. 40 w\u0142asnych po\u0142\u0105cze\u0144 samochod\u00f3w ci\u0119\u017carowych i dostawczych. Samochody zasadniczo powierzamy zatrudnionym w naszej firmie kierowcom. Kt\u00f3rych wszystkich znamy. Wed\u0142ug nas to rozwi\u0105zanie dobre i skuteczne. W analogiczny spos\u00f3b organizujemy i realizujemy [&hellip;]\" \/>\n<meta property=\"og:url\" content=\"https:\/\/www.staayfoodgroup.com\/pl\/logistyka\/\" \/>\n<meta property=\"og:site_name\" content=\"Staay Food Group\" \/>\n<meta name=\"twitter:card\" content=\"summary_large_image\" \/>\n<script type=\"application\/ld+json\" class=\"yoast-schema-graph\">{\"@context\":\"https:\/\/schema.org\",\"@graph\":[{\"@type\":\"WebPage\",\"@id\":\"https:\/\/www.staayfoodgroup.com\/pl\/logistyka\/\",\"url\":\"https:\/\/www.staayfoodgroup.com\/pl\/logistyka\/\",\"name\":\"Logistyka - Staay Food Group\",\"isPartOf\":{\"@id\":\"https:\/\/www.staayfoodgroup.com\/pl\/#website\"},\"datePublished\":\"2022-06-08T15:55:03+00:00\",\"breadcrumb\":{\"@id\":\"https:\/\/www.staayfoodgroup.com\/pl\/logistyka\/#breadcrumb\"},\"inLanguage\":\"pl-PL\",\"potentialAction\":[{\"@type\":\"ReadAction\",\"target\":[\"https:\/\/www.staayfoodgroup.com\/pl\/logistyka\/\"]}]},{\"@type\":\"BreadcrumbList\",\"@id\":\"https:\/\/www.staayfoodgroup.com\/pl\/logistyka\/#breadcrumb\",\"itemListElement\":[{\"@type\":\"ListItem\",\"position\":1,\"name\":\"Home\",\"item\":\"https:\/\/www.staayfoodgroup.com\/pl\/\"},{\"@type\":\"ListItem\",\"position\":2,\"name\":\"Logistyka\"}]},{\"@type\":\"WebSite\",\"@id\":\"https:\/\/www.staayfoodgroup.com\/pl\/#website\",\"url\":\"https:\/\/www.staayfoodgroup.com\/pl\/\",\"name\":\"Staay Food Group\",\"description\":\"\",\"potentialAction\":[{\"@type\":\"SearchAction\",\"target\":{\"@type\":\"EntryPoint\",\"urlTemplate\":\"https:\/\/www.staayfoodgroup.com\/pl\/?s={search_term_string}\"},\"query-input\":{\"@type\":\"PropertyValueSpecification\",\"valueRequired\":true,\"valueName\":\"search_term_string\"}}],\"inLanguage\":\"pl-PL\"}]}<\/script>\n<!-- \/ Yoast SEO plugin. -->","yoast_head_json":{"title":"Logistyka - Staay Food Group","robots":{"index":"index","follow":"follow","max-snippet":"max-snippet:-1","max-image-preview":"max-image-preview:large","max-video-preview":"max-video-preview:-1"},"canonical":"https:\/\/www.staayfoodgroup.com\/pl\/logistyka\/","og_locale":"pl_PL","og_type":"article","og_title":"Logistyka - Staay Food Group","og_description":"Do\u015bwiadczenie uczy, \u017ce najlepiej jest bra\u0107 sprawy w swoje r\u0119ce. Mo\u017cemy w\u00f3wczas szybko reagowa\u0107, zachowuj\u0105c elastyczno\u015b\u0107. Dlatego organizujemy \u015bwiadczone us\u0142ugi logistyczne z wykorzystaniem ok. 40 w\u0142asnych po\u0142\u0105cze\u0144 samochod\u00f3w ci\u0119\u017carowych i dostawczych. Samochody zasadniczo powierzamy zatrudnionym w naszej firmie kierowcom. Kt\u00f3rych wszystkich znamy. Wed\u0142ug nas to rozwi\u0105zanie dobre i skuteczne. W analogiczny spos\u00f3b organizujemy i realizujemy [&hellip;]","og_url":"https:\/\/www.staayfoodgroup.com\/pl\/logistyka\/","og_site_name":"Staay Food Group","twitter_card":"summary_large_image","schema":{"@context":"https:\/\/schema.org","@graph":[{"@type":"WebPage","@id":"https:\/\/www.staayfoodgroup.com\/pl\/logistyka\/","url":"https:\/\/www.staayfoodgroup.com\/pl\/logistyka\/","name":"Logistyka - Staay Food Group","isPartOf":{"@id":"https:\/\/www.staayfoodgroup.com\/pl\/#website"},"datePublished":"2022-06-08T15:55:03+00:00","breadcrumb":{"@id":"https:\/\/www.staayfoodgroup.com\/pl\/logistyka\/#breadcrumb"},"inLanguage":"pl-PL","potentialAction":[{"@type":"ReadAction","target":["https:\/\/www.staayfoodgroup.com\/pl\/logistyka\/"]}]},{"@type":"BreadcrumbList","@id":"https:\/\/www.staayfoodgroup.com\/pl\/logistyka\/#breadcrumb","itemListElement":[{"@type":"ListItem","position":1,"name":"Home","item":"https:\/\/www.staayfoodgroup.com\/pl\/"},{"@type":"ListItem","position":2,"name":"Logistyka"}]},{"@type":"WebSite","@id":"https:\/\/www.staayfoodgroup.com\/pl\/#website","url":"https:\/\/www.staayfoodgroup.com\/pl\/","name":"Staay Food Group","description":"","potentialAction":[{"@type":"SearchAction","target":{"@type":"EntryPoint","urlTemplate":"https:\/\/www.staayfoodgroup.com\/pl\/?s={search_term_string}"},"query-input":{"@type":"PropertyValueSpecification","valueRequired":true,"valueName":"search_term_string"}}],"inLanguage":"pl-PL"}]}},"_links":{"self":[{"href":"https:\/\/www.staayfoodgroup.com\/pl\/wp-json\/wp\/v2\/pages\/5254","targetHints":{"allow":["GET"]}}],"collection":[{"href":"https:\/\/www.staayfoodgroup.com\/pl\/wp-json\/wp\/v2\/pages"}],"about":[{"href":"https:\/\/www.staayfoodgroup.com\/pl\/wp-json\/wp\/v2\/types\/page"}],"author":[{"embeddable":true,"href":"https:\/\/www.staayfoodgroup.com\/pl\/wp-json\/wp\/v2\/users\/10"}],"replies":[{"embeddable":true,"href":"https:\/\/www.staayfoodgroup.com\/pl\/wp-json\/wp\/v2\/comments?post=5254"}],"version-history":[{"count":0,"href":"https:\/\/www.staayfoodgroup.com\/pl\/wp-json\/wp\/v2\/pages\/5254\/revisions"}],"wp:attachment":[{"href":"https:\/\/www.staayfoodgroup.com\/pl\/wp-json\/wp\/v2\/media?parent=5254"}],"curies":[{"name":"wp","href":"https:\/\/api.w.org\/{rel}","templated":true}]}}