{"id":5261,"date":"2022-06-08T13:45:32","date_gmt":"2022-06-08T12:45:32","guid":{"rendered":"http:\/\/www.staayfoodgroup.com\/klienci\/"},"modified":"2023-08-14T18:35:19","modified_gmt":"2023-08-14T18:35:19","slug":"klienci","status":"publish","type":"page","link":"https:\/\/www.staayfoodgroup.com\/pl\/klienci\/","title":{"rendered":"Klienci"},"content":{"rendered":"<p>Staay Food Group to firma elastyczna, dynamiczna i godna zaufania. Jako dostawcy pozostajemy do dyspozycji naszych klient\u00f3w. To logiczne. Na uwag\u0119 zas\u0142uguje nasz charakterystyczny spos\u00f3b wsp\u00f3\u0142pracy z r\u00f3\u017cnymi segmentami klient\u00f3w. Specjalnie dla ka\u017cdego segmentu mamy ekspert\u00f3w, kt\u00f3rzy doskonale rozumiej\u0105 konkretne potrzeby ka\u017cdej z tych grup docelowych.<\/p>\n","protected":false},"excerpt":{"rendered":"Staay Food Group to firma elastyczna, dynamiczna i godna zaufania. Jako dostawcy pozostajemy do dyspozycji naszych klient\u00f3w. To logiczne. Na uwag\u0119 zas\u0142uguje nasz charakterystyczny spos\u00f3b wsp\u00f3\u0142pracy z r\u00f3\u017cnymi segmentami klient\u00f3w. Specjalnie dla ka\u017cdego segmentu mamy ekspert\u00f3w, kt\u00f3rzy doskonale rozumiej\u0105 konkretne potrzeby ka\u017cdej z tych grup docelowych.","protected":false},"author":10,"featured_media":0,"parent":0,"menu_order":0,"comment_status":"closed","ping_status":"closed","template":"","meta":{"_acf_changed":false,"inline_featured_image":false,"footnotes":""},"class_list":["post-5261","page","type-page","status-publish","hentry"],"acf":[],"yoast_head":"<!-- This site is optimized with the Yoast SEO plugin v27.1.1 - https:\/\/yoast.com\/product\/yoast-seo-wordpress\/ -->\n<title>Klienci - Staay Food Group<\/title>\n<meta name=\"description\" content=\"Jeste\u015bmy klientami Staay Food Group\" \/>\n<meta name=\"robots\" content=\"index, follow, max-snippet:-1, max-image-preview:large, max-video-preview:-1\" \/>\n<link rel=\"canonical\" href=\"https:\/\/www.staayfoodgroup.com\/pl\/klienci\/\" \/>\n<meta property=\"og:locale\" content=\"pl_PL\" \/>\n<meta property=\"og:type\" content=\"article\" \/>\n<meta property=\"og:title\" content=\"Klienci - Staay Food Group\" \/>\n<meta property=\"og:description\" content=\"Jeste\u015bmy klientami Staay Food Group\" \/>\n<meta property=\"og:url\" content=\"https:\/\/www.staayfoodgroup.com\/pl\/klienci\/\" \/>\n<meta property=\"og:site_name\" content=\"Staay Food Group\" \/>\n<meta property=\"article:modified_time\" content=\"2023-08-14T18:35:19+00:00\" \/>\n<meta name=\"twitter:card\" content=\"summary_large_image\" \/>\n<meta name=\"twitter:label1\" content=\"Szacowany czas czytania\" \/>\n\t<meta name=\"twitter:data1\" content=\"1 minuta\" \/>\n<script type=\"application\/ld+json\" class=\"yoast-schema-graph\">{\"@context\":\"https:\/\/schema.org\",\"@graph\":[{\"@type\":\"WebPage\",\"@id\":\"https:\/\/www.staayfoodgroup.com\/pl\/klienci\/\",\"url\":\"https:\/\/www.staayfoodgroup.com\/pl\/klienci\/\",\"name\":\"Klienci - Staay Food Group\",\"isPartOf\":{\"@id\":\"https:\/\/www.staayfoodgroup.com\/pl\/#website\"},\"datePublished\":\"2022-06-08T12:45:32+00:00\",\"dateModified\":\"2023-08-14T18:35:19+00:00\",\"description\":\"Jeste\u015bmy klientami Staay Food Group\",\"breadcrumb\":{\"@id\":\"https:\/\/www.staayfoodgroup.com\/pl\/klienci\/#breadcrumb\"},\"inLanguage\":\"pl-PL\",\"potentialAction\":[{\"@type\":\"ReadAction\",\"target\":[\"https:\/\/www.staayfoodgroup.com\/pl\/klienci\/\"]}]},{\"@type\":\"BreadcrumbList\",\"@id\":\"https:\/\/www.staayfoodgroup.com\/pl\/klienci\/#breadcrumb\",\"itemListElement\":[{\"@type\":\"ListItem\",\"position\":1,\"name\":\"Home\",\"item\":\"https:\/\/www.staayfoodgroup.com\/pl\/\"},{\"@type\":\"ListItem\",\"position\":2,\"name\":\"Klienci\"}]},{\"@type\":\"WebSite\",\"@id\":\"https:\/\/www.staayfoodgroup.com\/pl\/#website\",\"url\":\"https:\/\/www.staayfoodgroup.com\/pl\/\",\"name\":\"Staay Food Group\",\"description\":\"\",\"potentialAction\":[{\"@type\":\"SearchAction\",\"target\":{\"@type\":\"EntryPoint\",\"urlTemplate\":\"https:\/\/www.staayfoodgroup.com\/pl\/?s={search_term_string}\"},\"query-input\":{\"@type\":\"PropertyValueSpecification\",\"valueRequired\":true,\"valueName\":\"search_term_string\"}}],\"inLanguage\":\"pl-PL\"}]}<\/script>\n<!-- \/ Yoast SEO plugin. -->","yoast_head_json":{"title":"Klienci - Staay Food Group","description":"Jeste\u015bmy klientami Staay Food Group","robots":{"index":"index","follow":"follow","max-snippet":"max-snippet:-1","max-image-preview":"max-image-preview:large","max-video-preview":"max-video-preview:-1"},"canonical":"https:\/\/www.staayfoodgroup.com\/pl\/klienci\/","og_locale":"pl_PL","og_type":"article","og_title":"Klienci - Staay Food Group","og_description":"Jeste\u015bmy klientami Staay Food Group","og_url":"https:\/\/www.staayfoodgroup.com\/pl\/klienci\/","og_site_name":"Staay Food Group","article_modified_time":"2023-08-14T18:35:19+00:00","twitter_card":"summary_large_image","twitter_misc":{"Szacowany czas czytania":"1 minuta"},"schema":{"@context":"https:\/\/schema.org","@graph":[{"@type":"WebPage","@id":"https:\/\/www.staayfoodgroup.com\/pl\/klienci\/","url":"https:\/\/www.staayfoodgroup.com\/pl\/klienci\/","name":"Klienci - Staay Food Group","isPartOf":{"@id":"https:\/\/www.staayfoodgroup.com\/pl\/#website"},"datePublished":"2022-06-08T12:45:32+00:00","dateModified":"2023-08-14T18:35:19+00:00","description":"Jeste\u015bmy klientami Staay Food Group","breadcrumb":{"@id":"https:\/\/www.staayfoodgroup.com\/pl\/klienci\/#breadcrumb"},"inLanguage":"pl-PL","potentialAction":[{"@type":"ReadAction","target":["https:\/\/www.staayfoodgroup.com\/pl\/klienci\/"]}]},{"@type":"BreadcrumbList","@id":"https:\/\/www.staayfoodgroup.com\/pl\/klienci\/#breadcrumb","itemListElement":[{"@type":"ListItem","position":1,"name":"Home","item":"https:\/\/www.staayfoodgroup.com\/pl\/"},{"@type":"ListItem","position":2,"name":"Klienci"}]},{"@type":"WebSite","@id":"https:\/\/www.staayfoodgroup.com\/pl\/#website","url":"https:\/\/www.staayfoodgroup.com\/pl\/","name":"Staay Food Group","description":"","potentialAction":[{"@type":"SearchAction","target":{"@type":"EntryPoint","urlTemplate":"https:\/\/www.staayfoodgroup.com\/pl\/?s={search_term_string}"},"query-input":{"@type":"PropertyValueSpecification","valueRequired":true,"valueName":"search_term_string"}}],"inLanguage":"pl-PL"}]}},"_links":{"self":[{"href":"https:\/\/www.staayfoodgroup.com\/pl\/wp-json\/wp\/v2\/pages\/5261","targetHints":{"allow":["GET"]}}],"collection":[{"href":"https:\/\/www.staayfoodgroup.com\/pl\/wp-json\/wp\/v2\/pages"}],"about":[{"href":"https:\/\/www.staayfoodgroup.com\/pl\/wp-json\/wp\/v2\/types\/page"}],"author":[{"embeddable":true,"href":"https:\/\/www.staayfoodgroup.com\/pl\/wp-json\/wp\/v2\/users\/10"}],"replies":[{"embeddable":true,"href":"https:\/\/www.staayfoodgroup.com\/pl\/wp-json\/wp\/v2\/comments?post=5261"}],"version-history":[{"count":2,"href":"https:\/\/www.staayfoodgroup.com\/pl\/wp-json\/wp\/v2\/pages\/5261\/revisions"}],"predecessor-version":[{"id":6020,"href":"https:\/\/www.staayfoodgroup.com\/pl\/wp-json\/wp\/v2\/pages\/5261\/revisions\/6020"}],"wp:attachment":[{"href":"https:\/\/www.staayfoodgroup.com\/pl\/wp-json\/wp\/v2\/media?parent=5261"}],"curies":[{"name":"wp","href":"https:\/\/api.w.org\/{rel}","templated":true}]}}