{"id":5266,"date":"2022-06-22T08:41:00","date_gmt":"2022-06-22T07:41:00","guid":{"rendered":"http:\/\/www.staayfoodgroup.com\/zrownowazony-rozwoj\/"},"modified":"2024-08-05T14:26:43","modified_gmt":"2024-08-05T13:26:43","slug":"zrownowazony-rozwoj","status":"publish","type":"page","link":"https:\/\/www.staayfoodgroup.com\/pl\/zrownowazony-rozwoj\/","title":{"rendered":"Zr\u00f3wnowa\u017cony rozw\u00f3j"},"content":{"rendered":"<p>Staay Food Group przyczynia si\u0119 do trwale lepszego i bardziej zdrowego \u015bwiata na wiele sposob\u00f3w i w r\u00f3\u017cnych aspektach prowadzonej dzia\u0142alno\u015bci. Codziennie przygl\u0105damy si\u0119 kwestiom wymagaj\u0105cym poprawy oraz potrzebom otaczaj\u0105cego nas \u015bwiata. D\u0105\u017cymy tym samym do propagowania zdrowszego stylu \u017cycia dzi\u0119ki zapewnieniu optymalnej dost\u0119pno\u015bci zdrowej, \u015bwie\u017cej i bezpiecznej \u017cywno\u015bci.<\/p>\n<p>Oto przyk\u0142ady podejmowanych przez nas dzia\u0142a\u0144, w podziale na trzy strategiczne filary naszej dzia\u0142alno\u015bci.<\/p>\n","protected":false},"excerpt":{"rendered":"Staay Food Group przyczynia si\u0119 do trwale lepszego i bardziej zdrowego \u015bwiata na wiele sposob\u00f3w i w r\u00f3\u017cnych aspektach prowadzonej dzia\u0142alno\u015bci. Codziennie przygl\u0105damy si\u0119 kwestiom wymagaj\u0105cym poprawy oraz potrzebom otaczaj\u0105cego nas \u015bwiata. D\u0105\u017cymy tym samym do propagowania zdrowszego stylu \u017cycia dzi\u0119ki zapewnieniu optymalnej dost\u0119pno\u015bci zdrowej, \u015bwie\u017cej i bezpiecznej \u017cywno\u015bci. Oto przyk\u0142ady podejmowanych przez nas dzia\u0142a\u0144, [&hellip;]","protected":false},"author":10,"featured_media":0,"parent":0,"menu_order":0,"comment_status":"closed","ping_status":"closed","template":"","meta":{"_acf_changed":false,"inline_featured_image":false,"footnotes":""},"class_list":["post-5266","page","type-page","status-publish","hentry"],"acf":[],"yoast_head":"<!-- This site is optimized with the Yoast SEO plugin v27.1.1 - https:\/\/yoast.com\/product\/yoast-seo-wordpress\/ -->\n<title>Zr\u00f3wnowa\u017cony rozw\u00f3j - Staay Food Group<\/title>\n<meta name=\"description\" content=\"Zr\u00f3wnowa\u017cony rozw\u00f3j Staay Food Group\" \/>\n<meta name=\"robots\" content=\"index, follow, max-snippet:-1, max-image-preview:large, max-video-preview:-1\" \/>\n<link rel=\"canonical\" href=\"https:\/\/www.staayfoodgroup.com\/pl\/zrownowazony-rozwoj\/\" \/>\n<meta property=\"og:locale\" content=\"pl_PL\" \/>\n<meta property=\"og:type\" content=\"article\" \/>\n<meta property=\"og:title\" content=\"Zr\u00f3wnowa\u017cony rozw\u00f3j - Staay Food Group\" \/>\n<meta property=\"og:description\" content=\"Zr\u00f3wnowa\u017cony rozw\u00f3j Staay Food Group\" \/>\n<meta property=\"og:url\" content=\"https:\/\/www.staayfoodgroup.com\/pl\/zrownowazony-rozwoj\/\" \/>\n<meta property=\"og:site_name\" content=\"Staay Food Group\" \/>\n<meta property=\"article:modified_time\" content=\"2024-08-05T13:26:43+00:00\" \/>\n<meta name=\"twitter:card\" content=\"summary_large_image\" \/>\n<meta name=\"twitter:label1\" content=\"Szacowany czas czytania\" \/>\n\t<meta name=\"twitter:data1\" content=\"3 minuty\" \/>\n<script type=\"application\/ld+json\" class=\"yoast-schema-graph\">{\"@context\":\"https:\/\/schema.org\",\"@graph\":[{\"@type\":\"WebPage\",\"@id\":\"https:\/\/www.staayfoodgroup.com\/pl\/zrownowazony-rozwoj\/\",\"url\":\"https:\/\/www.staayfoodgroup.com\/pl\/zrownowazony-rozwoj\/\",\"name\":\"Zr\u00f3wnowa\u017cony rozw\u00f3j - Staay Food Group\",\"isPartOf\":{\"@id\":\"https:\/\/www.staayfoodgroup.com\/pl\/#website\"},\"datePublished\":\"2022-06-22T07:41:00+00:00\",\"dateModified\":\"2024-08-05T13:26:43+00:00\",\"description\":\"Zr\u00f3wnowa\u017cony rozw\u00f3j Staay Food Group\",\"breadcrumb\":{\"@id\":\"https:\/\/www.staayfoodgroup.com\/pl\/zrownowazony-rozwoj\/#breadcrumb\"},\"inLanguage\":\"pl-PL\",\"potentialAction\":[{\"@type\":\"ReadAction\",\"target\":[\"https:\/\/www.staayfoodgroup.com\/pl\/zrownowazony-rozwoj\/\"]}]},{\"@type\":\"BreadcrumbList\",\"@id\":\"https:\/\/www.staayfoodgroup.com\/pl\/zrownowazony-rozwoj\/#breadcrumb\",\"itemListElement\":[{\"@type\":\"ListItem\",\"position\":1,\"name\":\"Home\",\"item\":\"https:\/\/www.staayfoodgroup.com\/pl\/\"},{\"@type\":\"ListItem\",\"position\":2,\"name\":\"Zr\u00f3wnowa\u017cony rozw\u00f3j\"}]},{\"@type\":\"WebSite\",\"@id\":\"https:\/\/www.staayfoodgroup.com\/pl\/#website\",\"url\":\"https:\/\/www.staayfoodgroup.com\/pl\/\",\"name\":\"Staay Food Group\",\"description\":\"\",\"potentialAction\":[{\"@type\":\"SearchAction\",\"target\":{\"@type\":\"EntryPoint\",\"urlTemplate\":\"https:\/\/www.staayfoodgroup.com\/pl\/?s={search_term_string}\"},\"query-input\":{\"@type\":\"PropertyValueSpecification\",\"valueRequired\":true,\"valueName\":\"search_term_string\"}}],\"inLanguage\":\"pl-PL\"}]}<\/script>\n<!-- \/ Yoast SEO plugin. -->","yoast_head_json":{"title":"Zr\u00f3wnowa\u017cony rozw\u00f3j - Staay Food Group","description":"Zr\u00f3wnowa\u017cony rozw\u00f3j Staay Food Group","robots":{"index":"index","follow":"follow","max-snippet":"max-snippet:-1","max-image-preview":"max-image-preview:large","max-video-preview":"max-video-preview:-1"},"canonical":"https:\/\/www.staayfoodgroup.com\/pl\/zrownowazony-rozwoj\/","og_locale":"pl_PL","og_type":"article","og_title":"Zr\u00f3wnowa\u017cony rozw\u00f3j - Staay Food Group","og_description":"Zr\u00f3wnowa\u017cony rozw\u00f3j Staay Food Group","og_url":"https:\/\/www.staayfoodgroup.com\/pl\/zrownowazony-rozwoj\/","og_site_name":"Staay Food Group","article_modified_time":"2024-08-05T13:26:43+00:00","twitter_card":"summary_large_image","twitter_misc":{"Szacowany czas czytania":"3 minuty"},"schema":{"@context":"https:\/\/schema.org","@graph":[{"@type":"WebPage","@id":"https:\/\/www.staayfoodgroup.com\/pl\/zrownowazony-rozwoj\/","url":"https:\/\/www.staayfoodgroup.com\/pl\/zrownowazony-rozwoj\/","name":"Zr\u00f3wnowa\u017cony rozw\u00f3j - Staay Food Group","isPartOf":{"@id":"https:\/\/www.staayfoodgroup.com\/pl\/#website"},"datePublished":"2022-06-22T07:41:00+00:00","dateModified":"2024-08-05T13:26:43+00:00","description":"Zr\u00f3wnowa\u017cony rozw\u00f3j Staay Food Group","breadcrumb":{"@id":"https:\/\/www.staayfoodgroup.com\/pl\/zrownowazony-rozwoj\/#breadcrumb"},"inLanguage":"pl-PL","potentialAction":[{"@type":"ReadAction","target":["https:\/\/www.staayfoodgroup.com\/pl\/zrownowazony-rozwoj\/"]}]},{"@type":"BreadcrumbList","@id":"https:\/\/www.staayfoodgroup.com\/pl\/zrownowazony-rozwoj\/#breadcrumb","itemListElement":[{"@type":"ListItem","position":1,"name":"Home","item":"https:\/\/www.staayfoodgroup.com\/pl\/"},{"@type":"ListItem","position":2,"name":"Zr\u00f3wnowa\u017cony rozw\u00f3j"}]},{"@type":"WebSite","@id":"https:\/\/www.staayfoodgroup.com\/pl\/#website","url":"https:\/\/www.staayfoodgroup.com\/pl\/","name":"Staay Food Group","description":"","potentialAction":[{"@type":"SearchAction","target":{"@type":"EntryPoint","urlTemplate":"https:\/\/www.staayfoodgroup.com\/pl\/?s={search_term_string}"},"query-input":{"@type":"PropertyValueSpecification","valueRequired":true,"valueName":"search_term_string"}}],"inLanguage":"pl-PL"}]}},"_links":{"self":[{"href":"https:\/\/www.staayfoodgroup.com\/pl\/wp-json\/wp\/v2\/pages\/5266","targetHints":{"allow":["GET"]}}],"collection":[{"href":"https:\/\/www.staayfoodgroup.com\/pl\/wp-json\/wp\/v2\/pages"}],"about":[{"href":"https:\/\/www.staayfoodgroup.com\/pl\/wp-json\/wp\/v2\/types\/page"}],"author":[{"embeddable":true,"href":"https:\/\/www.staayfoodgroup.com\/pl\/wp-json\/wp\/v2\/users\/10"}],"replies":[{"embeddable":true,"href":"https:\/\/www.staayfoodgroup.com\/pl\/wp-json\/wp\/v2\/comments?post=5266"}],"version-history":[{"count":2,"href":"https:\/\/www.staayfoodgroup.com\/pl\/wp-json\/wp\/v2\/pages\/5266\/revisions"}],"predecessor-version":[{"id":11695,"href":"https:\/\/www.staayfoodgroup.com\/pl\/wp-json\/wp\/v2\/pages\/5266\/revisions\/11695"}],"wp:attachment":[{"href":"https:\/\/www.staayfoodgroup.com\/pl\/wp-json\/wp\/v2\/media?parent=5266"}],"curies":[{"name":"wp","href":"https:\/\/api.w.org\/{rel}","templated":true}]}}