{"id":5267,"date":"2022-06-20T17:14:06","date_gmt":"2022-06-20T16:14:06","guid":{"rendered":"http:\/\/www.staayfoodgroup.com\/oferty-pracy\/"},"modified":"2025-10-03T11:31:43","modified_gmt":"2025-10-03T10:31:43","slug":"oferty-pracy","status":"publish","type":"page","link":"https:\/\/www.staayfoodgroup.com\/pl\/oferty-pracy\/","title":{"rendered":"Oferty pracy"},"content":{"rendered":"<p>Ka\u017cdy pracodawca jest inny. W Staay koncentrujemy si\u0119 na konkretach. W 1946 roku firma zacz\u0119\u0142a dzia\u0142alno\u015b\u0107 na rynku hurtowym w samym sercu Rotterdamu; wkr\u00f3tce potem wypracowa\u0142a pozycj\u0119 mi\u0119dzynarodowego producenta owoc\u00f3w i warzyw.<br \/>\nPomimo zmiany obszar\u00f3w prowadzonej dzia\u0142alno\u015bci nasza mentalno\u015b\u0107 pozosta\u0142a taka sama.<\/p>\n<p>&nbsp;<\/p>\n<h2><a href=\"https:\/\/www.staayfoodgroup.com\/pl\/wolne-miejsca\/more\/\">&gt;Skr\u00f3t do ofert pracy<\/a><\/h2>\n","protected":false},"excerpt":{"rendered":"Ka\u017cdy pracodawca jest inny. W Staay koncentrujemy si\u0119 na konkretach. W 1946 roku firma zacz\u0119\u0142a dzia\u0142alno\u015b\u0107 na rynku hurtowym w samym sercu Rotterdamu; wkr\u00f3tce potem wypracowa\u0142a pozycj\u0119 mi\u0119dzynarodowego producenta owoc\u00f3w i warzyw. Pomimo zmiany obszar\u00f3w prowadzonej dzia\u0142alno\u015bci nasza mentalno\u015b\u0107 pozosta\u0142a taka sama. &nbsp; &gt;Skr\u00f3t do ofert pracy","protected":false},"author":10,"featured_media":0,"parent":0,"menu_order":0,"comment_status":"closed","ping_status":"closed","template":"template-vacatures.php","meta":{"_acf_changed":false,"inline_featured_image":false,"footnotes":""},"class_list":["post-5267","page","type-page","status-publish","hentry"],"acf":[],"yoast_head":"<!-- This site is optimized with the Yoast SEO plugin v27.1.1 - https:\/\/yoast.com\/product\/yoast-seo-wordpress\/ -->\n<title>Oferty pracy - Staay Food Group<\/title>\n<meta name=\"robots\" content=\"index, follow, max-snippet:-1, max-image-preview:large, max-video-preview:-1\" \/>\n<link rel=\"canonical\" href=\"https:\/\/www.staayfoodgroup.com\/pl\/oferty-pracy\/\" \/>\n<meta property=\"og:locale\" content=\"pl_PL\" \/>\n<meta property=\"og:type\" content=\"article\" \/>\n<meta property=\"og:title\" content=\"Oferty pracy - Staay Food Group\" \/>\n<meta property=\"og:description\" content=\"Ka\u017cdy pracodawca jest inny. W Staay koncentrujemy si\u0119 na konkretach. W 1946 roku firma zacz\u0119\u0142a dzia\u0142alno\u015b\u0107 na rynku hurtowym w samym sercu Rotterdamu; wkr\u00f3tce potem wypracowa\u0142a pozycj\u0119 mi\u0119dzynarodowego producenta owoc\u00f3w i warzyw. Pomimo zmiany obszar\u00f3w prowadzonej dzia\u0142alno\u015bci nasza mentalno\u015b\u0107 pozosta\u0142a taka sama. &nbsp; &gt;Skr\u00f3t do ofert pracy\" \/>\n<meta property=\"og:url\" content=\"https:\/\/www.staayfoodgroup.com\/pl\/oferty-pracy\/\" \/>\n<meta property=\"og:site_name\" content=\"Staay Food Group\" \/>\n<meta property=\"article:modified_time\" content=\"2025-10-03T10:31:43+00:00\" \/>\n<meta name=\"twitter:card\" content=\"summary_large_image\" \/>\n<meta name=\"twitter:label1\" content=\"Szacowany czas czytania\" \/>\n\t<meta name=\"twitter:data1\" content=\"2 minuty\" \/>\n<script type=\"application\/ld+json\" class=\"yoast-schema-graph\">{\"@context\":\"https:\/\/schema.org\",\"@graph\":[{\"@type\":\"WebPage\",\"@id\":\"https:\/\/www.staayfoodgroup.com\/pl\/oferty-pracy\/\",\"url\":\"https:\/\/www.staayfoodgroup.com\/pl\/oferty-pracy\/\",\"name\":\"Oferty pracy - Staay Food Group\",\"isPartOf\":{\"@id\":\"https:\/\/www.staayfoodgroup.com\/pl\/#website\"},\"datePublished\":\"2022-06-20T16:14:06+00:00\",\"dateModified\":\"2025-10-03T10:31:43+00:00\",\"breadcrumb\":{\"@id\":\"https:\/\/www.staayfoodgroup.com\/pl\/oferty-pracy\/#breadcrumb\"},\"inLanguage\":\"pl-PL\",\"potentialAction\":[{\"@type\":\"ReadAction\",\"target\":[\"https:\/\/www.staayfoodgroup.com\/pl\/oferty-pracy\/\"]}]},{\"@type\":\"BreadcrumbList\",\"@id\":\"https:\/\/www.staayfoodgroup.com\/pl\/oferty-pracy\/#breadcrumb\",\"itemListElement\":[{\"@type\":\"ListItem\",\"position\":1,\"name\":\"Home\",\"item\":\"https:\/\/www.staayfoodgroup.com\/pl\/\"},{\"@type\":\"ListItem\",\"position\":2,\"name\":\"Oferty pracy\"}]},{\"@type\":\"WebSite\",\"@id\":\"https:\/\/www.staayfoodgroup.com\/pl\/#website\",\"url\":\"https:\/\/www.staayfoodgroup.com\/pl\/\",\"name\":\"Staay Food Group\",\"description\":\"\",\"potentialAction\":[{\"@type\":\"SearchAction\",\"target\":{\"@type\":\"EntryPoint\",\"urlTemplate\":\"https:\/\/www.staayfoodgroup.com\/pl\/?s={search_term_string}\"},\"query-input\":{\"@type\":\"PropertyValueSpecification\",\"valueRequired\":true,\"valueName\":\"search_term_string\"}}],\"inLanguage\":\"pl-PL\"}]}<\/script>\n<!-- \/ Yoast SEO plugin. -->","yoast_head_json":{"title":"Oferty pracy - Staay Food Group","robots":{"index":"index","follow":"follow","max-snippet":"max-snippet:-1","max-image-preview":"max-image-preview:large","max-video-preview":"max-video-preview:-1"},"canonical":"https:\/\/www.staayfoodgroup.com\/pl\/oferty-pracy\/","og_locale":"pl_PL","og_type":"article","og_title":"Oferty pracy - Staay Food Group","og_description":"Ka\u017cdy pracodawca jest inny. W Staay koncentrujemy si\u0119 na konkretach. W 1946 roku firma zacz\u0119\u0142a dzia\u0142alno\u015b\u0107 na rynku hurtowym w samym sercu Rotterdamu; wkr\u00f3tce potem wypracowa\u0142a pozycj\u0119 mi\u0119dzynarodowego producenta owoc\u00f3w i warzyw. Pomimo zmiany obszar\u00f3w prowadzonej dzia\u0142alno\u015bci nasza mentalno\u015b\u0107 pozosta\u0142a taka sama. &nbsp; &gt;Skr\u00f3t do ofert pracy","og_url":"https:\/\/www.staayfoodgroup.com\/pl\/oferty-pracy\/","og_site_name":"Staay Food Group","article_modified_time":"2025-10-03T10:31:43+00:00","twitter_card":"summary_large_image","twitter_misc":{"Szacowany czas czytania":"2 minuty"},"schema":{"@context":"https:\/\/schema.org","@graph":[{"@type":"WebPage","@id":"https:\/\/www.staayfoodgroup.com\/pl\/oferty-pracy\/","url":"https:\/\/www.staayfoodgroup.com\/pl\/oferty-pracy\/","name":"Oferty pracy - Staay Food Group","isPartOf":{"@id":"https:\/\/www.staayfoodgroup.com\/pl\/#website"},"datePublished":"2022-06-20T16:14:06+00:00","dateModified":"2025-10-03T10:31:43+00:00","breadcrumb":{"@id":"https:\/\/www.staayfoodgroup.com\/pl\/oferty-pracy\/#breadcrumb"},"inLanguage":"pl-PL","potentialAction":[{"@type":"ReadAction","target":["https:\/\/www.staayfoodgroup.com\/pl\/oferty-pracy\/"]}]},{"@type":"BreadcrumbList","@id":"https:\/\/www.staayfoodgroup.com\/pl\/oferty-pracy\/#breadcrumb","itemListElement":[{"@type":"ListItem","position":1,"name":"Home","item":"https:\/\/www.staayfoodgroup.com\/pl\/"},{"@type":"ListItem","position":2,"name":"Oferty pracy"}]},{"@type":"WebSite","@id":"https:\/\/www.staayfoodgroup.com\/pl\/#website","url":"https:\/\/www.staayfoodgroup.com\/pl\/","name":"Staay Food Group","description":"","potentialAction":[{"@type":"SearchAction","target":{"@type":"EntryPoint","urlTemplate":"https:\/\/www.staayfoodgroup.com\/pl\/?s={search_term_string}"},"query-input":{"@type":"PropertyValueSpecification","valueRequired":true,"valueName":"search_term_string"}}],"inLanguage":"pl-PL"}]}},"_links":{"self":[{"href":"https:\/\/www.staayfoodgroup.com\/pl\/wp-json\/wp\/v2\/pages\/5267","targetHints":{"allow":["GET"]}}],"collection":[{"href":"https:\/\/www.staayfoodgroup.com\/pl\/wp-json\/wp\/v2\/pages"}],"about":[{"href":"https:\/\/www.staayfoodgroup.com\/pl\/wp-json\/wp\/v2\/types\/page"}],"author":[{"embeddable":true,"href":"https:\/\/www.staayfoodgroup.com\/pl\/wp-json\/wp\/v2\/users\/10"}],"replies":[{"embeddable":true,"href":"https:\/\/www.staayfoodgroup.com\/pl\/wp-json\/wp\/v2\/comments?post=5267"}],"version-history":[{"count":6,"href":"https:\/\/www.staayfoodgroup.com\/pl\/wp-json\/wp\/v2\/pages\/5267\/revisions"}],"predecessor-version":[{"id":14707,"href":"https:\/\/www.staayfoodgroup.com\/pl\/wp-json\/wp\/v2\/pages\/5267\/revisions\/14707"}],"wp:attachment":[{"href":"https:\/\/www.staayfoodgroup.com\/pl\/wp-json\/wp\/v2\/media?parent=5267"}],"curies":[{"name":"wp","href":"https:\/\/api.w.org\/{rel}","templated":true}]}}