{"id":5269,"date":"2022-06-20T15:50:38","date_gmt":"2022-06-20T14:50:38","guid":{"rendered":"http:\/\/www.staayfoodgroup.com\/uprawy\/"},"modified":"2023-08-15T07:50:53","modified_gmt":"2023-08-15T07:50:53","slug":"uprawy","status":"publish","type":"page","link":"https:\/\/www.staayfoodgroup.com\/pl\/uprawy\/","title":{"rendered":"Uprawy"},"content":{"rendered":"<p>W\u0142asne uprawy owoc\u00f3w i warzyw wyr\u00f3\u017cniaj\u0105 firm\u0119 Staay na tle wielu innych dostawc\u00f3w. Uprawami zajmujemy si\u0119 zar\u00f3wno samodzielnie, jak i w drodze partnerskiej wsp\u00f3\u0142pracy z rolnikami. Umo\u017cliwia nam to pozostawanie w bliskim kontakcie z plantacj\u0105, zapewnienie kr\u00f3tkiego i przejrzystego \u0142a\u0144cucha dostaw oraz \u0142atwej identyfikacji dostarczanych produkt\u00f3w. Inwestujemy i finansujemy dzia\u0142alno\u015b\u0107 z wyprzedzeniem, aby zagwarantowa\u0107 (sta\u0142\u0105) dost\u0119pno\u015b\u0107 \u015bwie\u017cych produkt\u00f3w. Uprawami zajmujemy si\u0119 ju\u017c od 1985 roku \u2013 najpierw wy\u0142\u0105cznie w Holandii, a nast\u0119pnie r\u00f3wnie\u017c za granic\u0105, m.in. w Hiszpanii i Kostaryce.<\/p>\n","protected":false},"excerpt":{"rendered":"W\u0142asne uprawy owoc\u00f3w i warzyw wyr\u00f3\u017cniaj\u0105 firm\u0119 Staay na tle wielu innych dostawc\u00f3w. Uprawami zajmujemy si\u0119 zar\u00f3wno samodzielnie, jak i w drodze partnerskiej wsp\u00f3\u0142pracy z rolnikami. Umo\u017cliwia nam to pozostawanie w bliskim kontakcie z plantacj\u0105, zapewnienie kr\u00f3tkiego i przejrzystego \u0142a\u0144cucha dostaw oraz \u0142atwej identyfikacji dostarczanych produkt\u00f3w. Inwestujemy i finansujemy dzia\u0142alno\u015b\u0107 z wyprzedzeniem, aby zagwarantowa\u0107 (sta\u0142\u0105) [&hellip;]","protected":false},"author":10,"featured_media":0,"parent":0,"menu_order":0,"comment_status":"closed","ping_status":"closed","template":"","meta":{"_acf_changed":false,"inline_featured_image":false,"footnotes":""},"class_list":["post-5269","page","type-page","status-publish","hentry"],"acf":[],"yoast_head":"<!-- This site is optimized with the Yoast SEO plugin v27.1.1 - https:\/\/yoast.com\/product\/yoast-seo-wordpress\/ -->\n<title>Uprawy - Staay Food Group<\/title>\n<meta name=\"robots\" content=\"index, follow, max-snippet:-1, max-image-preview:large, max-video-preview:-1\" \/>\n<link rel=\"canonical\" href=\"https:\/\/www.staayfoodgroup.com\/pl\/uprawy\/\" \/>\n<meta property=\"og:locale\" content=\"pl_PL\" \/>\n<meta property=\"og:type\" content=\"article\" \/>\n<meta property=\"og:title\" content=\"Uprawy - Staay Food Group\" \/>\n<meta property=\"og:description\" content=\"W\u0142asne uprawy owoc\u00f3w i warzyw wyr\u00f3\u017cniaj\u0105 firm\u0119 Staay na tle wielu innych dostawc\u00f3w. Uprawami zajmujemy si\u0119 zar\u00f3wno samodzielnie, jak i w drodze partnerskiej wsp\u00f3\u0142pracy z rolnikami. Umo\u017cliwia nam to pozostawanie w bliskim kontakcie z plantacj\u0105, zapewnienie kr\u00f3tkiego i przejrzystego \u0142a\u0144cucha dostaw oraz \u0142atwej identyfikacji dostarczanych produkt\u00f3w. Inwestujemy i finansujemy dzia\u0142alno\u015b\u0107 z wyprzedzeniem, aby zagwarantowa\u0107 (sta\u0142\u0105) [&hellip;]\" \/>\n<meta property=\"og:url\" content=\"https:\/\/www.staayfoodgroup.com\/pl\/uprawy\/\" \/>\n<meta property=\"og:site_name\" content=\"Staay Food Group\" \/>\n<meta property=\"article:modified_time\" content=\"2023-08-15T07:50:53+00:00\" \/>\n<meta name=\"twitter:card\" content=\"summary_large_image\" \/>\n<meta name=\"twitter:label1\" content=\"Szacowany czas czytania\" \/>\n\t<meta name=\"twitter:data1\" content=\"1 minuta\" \/>\n<script type=\"application\/ld+json\" class=\"yoast-schema-graph\">{\"@context\":\"https:\/\/schema.org\",\"@graph\":[{\"@type\":\"WebPage\",\"@id\":\"https:\/\/www.staayfoodgroup.com\/pl\/uprawy\/\",\"url\":\"https:\/\/www.staayfoodgroup.com\/pl\/uprawy\/\",\"name\":\"Uprawy - Staay Food Group\",\"isPartOf\":{\"@id\":\"https:\/\/www.staayfoodgroup.com\/pl\/#website\"},\"datePublished\":\"2022-06-20T14:50:38+00:00\",\"dateModified\":\"2023-08-15T07:50:53+00:00\",\"breadcrumb\":{\"@id\":\"https:\/\/www.staayfoodgroup.com\/pl\/uprawy\/#breadcrumb\"},\"inLanguage\":\"pl-PL\",\"potentialAction\":[{\"@type\":\"ReadAction\",\"target\":[\"https:\/\/www.staayfoodgroup.com\/pl\/uprawy\/\"]}]},{\"@type\":\"BreadcrumbList\",\"@id\":\"https:\/\/www.staayfoodgroup.com\/pl\/uprawy\/#breadcrumb\",\"itemListElement\":[{\"@type\":\"ListItem\",\"position\":1,\"name\":\"Home\",\"item\":\"https:\/\/www.staayfoodgroup.com\/pl\/\"},{\"@type\":\"ListItem\",\"position\":2,\"name\":\"Uprawy\"}]},{\"@type\":\"WebSite\",\"@id\":\"https:\/\/www.staayfoodgroup.com\/pl\/#website\",\"url\":\"https:\/\/www.staayfoodgroup.com\/pl\/\",\"name\":\"Staay Food Group\",\"description\":\"\",\"potentialAction\":[{\"@type\":\"SearchAction\",\"target\":{\"@type\":\"EntryPoint\",\"urlTemplate\":\"https:\/\/www.staayfoodgroup.com\/pl\/?s={search_term_string}\"},\"query-input\":{\"@type\":\"PropertyValueSpecification\",\"valueRequired\":true,\"valueName\":\"search_term_string\"}}],\"inLanguage\":\"pl-PL\"}]}<\/script>\n<!-- \/ Yoast SEO plugin. -->","yoast_head_json":{"title":"Uprawy - Staay Food Group","robots":{"index":"index","follow":"follow","max-snippet":"max-snippet:-1","max-image-preview":"max-image-preview:large","max-video-preview":"max-video-preview:-1"},"canonical":"https:\/\/www.staayfoodgroup.com\/pl\/uprawy\/","og_locale":"pl_PL","og_type":"article","og_title":"Uprawy - Staay Food Group","og_description":"W\u0142asne uprawy owoc\u00f3w i warzyw wyr\u00f3\u017cniaj\u0105 firm\u0119 Staay na tle wielu innych dostawc\u00f3w. Uprawami zajmujemy si\u0119 zar\u00f3wno samodzielnie, jak i w drodze partnerskiej wsp\u00f3\u0142pracy z rolnikami. Umo\u017cliwia nam to pozostawanie w bliskim kontakcie z plantacj\u0105, zapewnienie kr\u00f3tkiego i przejrzystego \u0142a\u0144cucha dostaw oraz \u0142atwej identyfikacji dostarczanych produkt\u00f3w. Inwestujemy i finansujemy dzia\u0142alno\u015b\u0107 z wyprzedzeniem, aby zagwarantowa\u0107 (sta\u0142\u0105) [&hellip;]","og_url":"https:\/\/www.staayfoodgroup.com\/pl\/uprawy\/","og_site_name":"Staay Food Group","article_modified_time":"2023-08-15T07:50:53+00:00","twitter_card":"summary_large_image","twitter_misc":{"Szacowany czas czytania":"1 minuta"},"schema":{"@context":"https:\/\/schema.org","@graph":[{"@type":"WebPage","@id":"https:\/\/www.staayfoodgroup.com\/pl\/uprawy\/","url":"https:\/\/www.staayfoodgroup.com\/pl\/uprawy\/","name":"Uprawy - Staay Food Group","isPartOf":{"@id":"https:\/\/www.staayfoodgroup.com\/pl\/#website"},"datePublished":"2022-06-20T14:50:38+00:00","dateModified":"2023-08-15T07:50:53+00:00","breadcrumb":{"@id":"https:\/\/www.staayfoodgroup.com\/pl\/uprawy\/#breadcrumb"},"inLanguage":"pl-PL","potentialAction":[{"@type":"ReadAction","target":["https:\/\/www.staayfoodgroup.com\/pl\/uprawy\/"]}]},{"@type":"BreadcrumbList","@id":"https:\/\/www.staayfoodgroup.com\/pl\/uprawy\/#breadcrumb","itemListElement":[{"@type":"ListItem","position":1,"name":"Home","item":"https:\/\/www.staayfoodgroup.com\/pl\/"},{"@type":"ListItem","position":2,"name":"Uprawy"}]},{"@type":"WebSite","@id":"https:\/\/www.staayfoodgroup.com\/pl\/#website","url":"https:\/\/www.staayfoodgroup.com\/pl\/","name":"Staay Food Group","description":"","potentialAction":[{"@type":"SearchAction","target":{"@type":"EntryPoint","urlTemplate":"https:\/\/www.staayfoodgroup.com\/pl\/?s={search_term_string}"},"query-input":{"@type":"PropertyValueSpecification","valueRequired":true,"valueName":"search_term_string"}}],"inLanguage":"pl-PL"}]}},"_links":{"self":[{"href":"https:\/\/www.staayfoodgroup.com\/pl\/wp-json\/wp\/v2\/pages\/5269","targetHints":{"allow":["GET"]}}],"collection":[{"href":"https:\/\/www.staayfoodgroup.com\/pl\/wp-json\/wp\/v2\/pages"}],"about":[{"href":"https:\/\/www.staayfoodgroup.com\/pl\/wp-json\/wp\/v2\/types\/page"}],"author":[{"embeddable":true,"href":"https:\/\/www.staayfoodgroup.com\/pl\/wp-json\/wp\/v2\/users\/10"}],"replies":[{"embeddable":true,"href":"https:\/\/www.staayfoodgroup.com\/pl\/wp-json\/wp\/v2\/comments?post=5269"}],"version-history":[{"count":1,"href":"https:\/\/www.staayfoodgroup.com\/pl\/wp-json\/wp\/v2\/pages\/5269\/revisions"}],"predecessor-version":[{"id":6578,"href":"https:\/\/www.staayfoodgroup.com\/pl\/wp-json\/wp\/v2\/pages\/5269\/revisions\/6578"}],"wp:attachment":[{"href":"https:\/\/www.staayfoodgroup.com\/pl\/wp-json\/wp\/v2\/media?parent=5269"}],"curies":[{"name":"wp","href":"https:\/\/api.w.org\/{rel}","templated":true}]}}