{"id":5271,"date":"2022-07-06T13:10:11","date_gmt":"2022-07-06T12:10:11","guid":{"rendered":"http:\/\/www.staayfoodgroup.com\/klienci\/handel-hurtowy\/"},"modified":"2023-08-22T07:32:19","modified_gmt":"2023-08-22T07:32:19","slug":"handel-hurtowy","status":"publish","type":"page","link":"https:\/\/www.staayfoodgroup.com\/pl\/klienci\/handel-hurtowy\/","title":{"rendered":"Handel hurtowy"},"content":{"rendered":"<p>W bran\u017cy owoc\u00f3w i warzyw trzeba dzia\u0142a\u0107 szybko i zdecydowanie. Koncentruj\u0105c si\u0119 na konkretach. Za\u0142atwiaj\u0105c sprawy sprawnie i terminowo. Jako niezale\u017cne przedsi\u0119biorstwo rodzinne wiemy, czego wymaga prowadzenie dzia\u0142alno\u015bci. Potrzebne s\u0105 kr\u00f3tkie linie, mi\u0119dzynarodowa sie\u0107 dystrybucyjna i sta\u0142e wzajemne wsparcie.<\/p>\n","protected":false},"excerpt":{"rendered":"W bran\u017cy owoc\u00f3w i warzyw trzeba dzia\u0142a\u0107 szybko i zdecydowanie. Koncentruj\u0105c si\u0119 na konkretach. Za\u0142atwiaj\u0105c sprawy sprawnie i terminowo. Jako niezale\u017cne przedsi\u0119biorstwo rodzinne wiemy, czego wymaga prowadzenie dzia\u0142alno\u015bci. Potrzebne s\u0105 kr\u00f3tkie linie, mi\u0119dzynarodowa sie\u0107 dystrybucyjna i sta\u0142e wzajemne wsparcie.","protected":false},"author":10,"featured_media":3420,"parent":5261,"menu_order":0,"comment_status":"closed","ping_status":"closed","template":"","meta":{"_acf_changed":false,"inline_featured_image":false,"footnotes":""},"class_list":["post-5271","page","type-page","status-publish","has-post-thumbnail","hentry"],"acf":[],"yoast_head":"<!-- This site is optimized with the Yoast SEO plugin v27.1.1 - https:\/\/yoast.com\/product\/yoast-seo-wordpress\/ -->\n<title>Handel hurtowy - Staay Food Group<\/title>\n<meta name=\"description\" content=\"Handel hurtowy Staay Food Group\" \/>\n<meta name=\"robots\" content=\"index, follow, max-snippet:-1, max-image-preview:large, max-video-preview:-1\" \/>\n<link rel=\"canonical\" href=\"https:\/\/www.staayfoodgroup.com\/pl\/klienci\/handel-hurtowy\/\" \/>\n<meta property=\"og:locale\" content=\"pl_PL\" \/>\n<meta property=\"og:type\" content=\"article\" \/>\n<meta property=\"og:title\" content=\"Handel hurtowy - Staay Food Group\" \/>\n<meta property=\"og:description\" content=\"Handel hurtowy Staay Food Group\" \/>\n<meta property=\"og:url\" content=\"https:\/\/www.staayfoodgroup.com\/pl\/klienci\/handel-hurtowy\/\" \/>\n<meta property=\"og:site_name\" content=\"Staay Food Group\" \/>\n<meta property=\"article:modified_time\" content=\"2023-08-22T07:32:19+00:00\" \/>\n<meta property=\"og:image\" content=\"https:\/\/www.staayfoodgroup.com\/wp-content\/uploads\/2022\/09\/Koelcel-lr.jpg\" \/>\n\t<meta property=\"og:image:width\" content=\"1772\" \/>\n\t<meta property=\"og:image:height\" content=\"1183\" \/>\n\t<meta property=\"og:image:type\" content=\"image\/jpeg\" \/>\n<meta name=\"twitter:card\" content=\"summary_large_image\" \/>\n<meta name=\"twitter:label1\" content=\"Szacowany czas czytania\" \/>\n\t<meta name=\"twitter:data1\" content=\"1 minuta\" \/>\n<script type=\"application\/ld+json\" class=\"yoast-schema-graph\">{\"@context\":\"https:\/\/schema.org\",\"@graph\":[{\"@type\":\"WebPage\",\"@id\":\"https:\/\/www.staayfoodgroup.com\/pl\/klienci\/handel-hurtowy\/\",\"url\":\"https:\/\/www.staayfoodgroup.com\/pl\/klienci\/handel-hurtowy\/\",\"name\":\"Handel hurtowy - Staay Food Group\",\"isPartOf\":{\"@id\":\"https:\/\/www.staayfoodgroup.com\/pl\/#website\"},\"primaryImageOfPage\":{\"@id\":\"https:\/\/www.staayfoodgroup.com\/pl\/klienci\/handel-hurtowy\/#primaryimage\"},\"image\":{\"@id\":\"https:\/\/www.staayfoodgroup.com\/pl\/klienci\/handel-hurtowy\/#primaryimage\"},\"thumbnailUrl\":\"https:\/\/www.staayfoodgroup.com\/wp-content\/uploads\/2022\/09\/Koelcel-lr.jpg\",\"datePublished\":\"2022-07-06T12:10:11+00:00\",\"dateModified\":\"2023-08-22T07:32:19+00:00\",\"description\":\"Handel hurtowy Staay Food Group\",\"breadcrumb\":{\"@id\":\"https:\/\/www.staayfoodgroup.com\/pl\/klienci\/handel-hurtowy\/#breadcrumb\"},\"inLanguage\":\"pl-PL\",\"potentialAction\":[{\"@type\":\"ReadAction\",\"target\":[\"https:\/\/www.staayfoodgroup.com\/pl\/klienci\/handel-hurtowy\/\"]}]},{\"@type\":\"ImageObject\",\"inLanguage\":\"pl-PL\",\"@id\":\"https:\/\/www.staayfoodgroup.com\/pl\/klienci\/handel-hurtowy\/#primaryimage\",\"url\":\"https:\/\/www.staayfoodgroup.com\/wp-content\/uploads\/2022\/09\/Koelcel-lr.jpg\",\"contentUrl\":\"https:\/\/www.staayfoodgroup.com\/wp-content\/uploads\/2022\/09\/Koelcel-lr.jpg\",\"width\":1772,\"height\":1183},{\"@type\":\"BreadcrumbList\",\"@id\":\"https:\/\/www.staayfoodgroup.com\/pl\/klienci\/handel-hurtowy\/#breadcrumb\",\"itemListElement\":[{\"@type\":\"ListItem\",\"position\":1,\"name\":\"Home\",\"item\":\"https:\/\/www.staayfoodgroup.com\/pl\/\"},{\"@type\":\"ListItem\",\"position\":2,\"name\":\"Klienci\",\"item\":\"https:\/\/www.staayfoodgroup.com\/pl\/klienci\/\"},{\"@type\":\"ListItem\",\"position\":3,\"name\":\"Handel hurtowy\"}]},{\"@type\":\"WebSite\",\"@id\":\"https:\/\/www.staayfoodgroup.com\/pl\/#website\",\"url\":\"https:\/\/www.staayfoodgroup.com\/pl\/\",\"name\":\"Staay Food Group\",\"description\":\"\",\"potentialAction\":[{\"@type\":\"SearchAction\",\"target\":{\"@type\":\"EntryPoint\",\"urlTemplate\":\"https:\/\/www.staayfoodgroup.com\/pl\/?s={search_term_string}\"},\"query-input\":{\"@type\":\"PropertyValueSpecification\",\"valueRequired\":true,\"valueName\":\"search_term_string\"}}],\"inLanguage\":\"pl-PL\"}]}<\/script>\n<!-- \/ Yoast SEO plugin. -->","yoast_head_json":{"title":"Handel hurtowy - Staay Food Group","description":"Handel hurtowy Staay Food Group","robots":{"index":"index","follow":"follow","max-snippet":"max-snippet:-1","max-image-preview":"max-image-preview:large","max-video-preview":"max-video-preview:-1"},"canonical":"https:\/\/www.staayfoodgroup.com\/pl\/klienci\/handel-hurtowy\/","og_locale":"pl_PL","og_type":"article","og_title":"Handel hurtowy - Staay Food Group","og_description":"Handel hurtowy Staay Food Group","og_url":"https:\/\/www.staayfoodgroup.com\/pl\/klienci\/handel-hurtowy\/","og_site_name":"Staay Food Group","article_modified_time":"2023-08-22T07:32:19+00:00","og_image":[{"width":1772,"height":1183,"url":"https:\/\/www.staayfoodgroup.com\/wp-content\/uploads\/2022\/09\/Koelcel-lr.jpg","type":"image\/jpeg"}],"twitter_card":"summary_large_image","twitter_misc":{"Szacowany czas czytania":"1 minuta"},"schema":{"@context":"https:\/\/schema.org","@graph":[{"@type":"WebPage","@id":"https:\/\/www.staayfoodgroup.com\/pl\/klienci\/handel-hurtowy\/","url":"https:\/\/www.staayfoodgroup.com\/pl\/klienci\/handel-hurtowy\/","name":"Handel hurtowy - Staay Food Group","isPartOf":{"@id":"https:\/\/www.staayfoodgroup.com\/pl\/#website"},"primaryImageOfPage":{"@id":"https:\/\/www.staayfoodgroup.com\/pl\/klienci\/handel-hurtowy\/#primaryimage"},"image":{"@id":"https:\/\/www.staayfoodgroup.com\/pl\/klienci\/handel-hurtowy\/#primaryimage"},"thumbnailUrl":"https:\/\/www.staayfoodgroup.com\/wp-content\/uploads\/2022\/09\/Koelcel-lr.jpg","datePublished":"2022-07-06T12:10:11+00:00","dateModified":"2023-08-22T07:32:19+00:00","description":"Handel hurtowy Staay Food Group","breadcrumb":{"@id":"https:\/\/www.staayfoodgroup.com\/pl\/klienci\/handel-hurtowy\/#breadcrumb"},"inLanguage":"pl-PL","potentialAction":[{"@type":"ReadAction","target":["https:\/\/www.staayfoodgroup.com\/pl\/klienci\/handel-hurtowy\/"]}]},{"@type":"ImageObject","inLanguage":"pl-PL","@id":"https:\/\/www.staayfoodgroup.com\/pl\/klienci\/handel-hurtowy\/#primaryimage","url":"https:\/\/www.staayfoodgroup.com\/wp-content\/uploads\/2022\/09\/Koelcel-lr.jpg","contentUrl":"https:\/\/www.staayfoodgroup.com\/wp-content\/uploads\/2022\/09\/Koelcel-lr.jpg","width":1772,"height":1183},{"@type":"BreadcrumbList","@id":"https:\/\/www.staayfoodgroup.com\/pl\/klienci\/handel-hurtowy\/#breadcrumb","itemListElement":[{"@type":"ListItem","position":1,"name":"Home","item":"https:\/\/www.staayfoodgroup.com\/pl\/"},{"@type":"ListItem","position":2,"name":"Klienci","item":"https:\/\/www.staayfoodgroup.com\/pl\/klienci\/"},{"@type":"ListItem","position":3,"name":"Handel hurtowy"}]},{"@type":"WebSite","@id":"https:\/\/www.staayfoodgroup.com\/pl\/#website","url":"https:\/\/www.staayfoodgroup.com\/pl\/","name":"Staay Food Group","description":"","potentialAction":[{"@type":"SearchAction","target":{"@type":"EntryPoint","urlTemplate":"https:\/\/www.staayfoodgroup.com\/pl\/?s={search_term_string}"},"query-input":{"@type":"PropertyValueSpecification","valueRequired":true,"valueName":"search_term_string"}}],"inLanguage":"pl-PL"}]}},"_links":{"self":[{"href":"https:\/\/www.staayfoodgroup.com\/pl\/wp-json\/wp\/v2\/pages\/5271","targetHints":{"allow":["GET"]}}],"collection":[{"href":"https:\/\/www.staayfoodgroup.com\/pl\/wp-json\/wp\/v2\/pages"}],"about":[{"href":"https:\/\/www.staayfoodgroup.com\/pl\/wp-json\/wp\/v2\/types\/page"}],"author":[{"embeddable":true,"href":"https:\/\/www.staayfoodgroup.com\/pl\/wp-json\/wp\/v2\/users\/10"}],"replies":[{"embeddable":true,"href":"https:\/\/www.staayfoodgroup.com\/pl\/wp-json\/wp\/v2\/comments?post=5271"}],"version-history":[{"count":3,"href":"https:\/\/www.staayfoodgroup.com\/pl\/wp-json\/wp\/v2\/pages\/5271\/revisions"}],"predecessor-version":[{"id":7553,"href":"https:\/\/www.staayfoodgroup.com\/pl\/wp-json\/wp\/v2\/pages\/5271\/revisions\/7553"}],"up":[{"embeddable":true,"href":"https:\/\/www.staayfoodgroup.com\/pl\/wp-json\/wp\/v2\/pages\/5261"}],"wp:featuredmedia":[{"embeddable":true,"href":"https:\/\/www.staayfoodgroup.com\/pl\/wp-json\/wp\/v2\/media\/3420"}],"wp:attachment":[{"href":"https:\/\/www.staayfoodgroup.com\/pl\/wp-json\/wp\/v2\/media?parent=5271"}],"curies":[{"name":"wp","href":"https:\/\/api.w.org\/{rel}","templated":true}]}}