{"id":5274,"date":"2022-07-06T13:09:52","date_gmt":"2022-07-06T12:09:52","guid":{"rendered":"http:\/\/www.staayfoodgroup.com\/klienci\/przemysl-przetworczy\/"},"modified":"2023-08-15T07:58:38","modified_gmt":"2023-08-15T07:58:38","slug":"przemysl-przetworczy","status":"publish","type":"page","link":"https:\/\/www.staayfoodgroup.com\/pl\/klienci\/przemysl-przetworczy\/","title":{"rendered":"Przemys\u0142 przetw\u00f3rczy"},"content":{"rendered":"<p>Ci\u0105g\u0142e dostawy \u015bwie\u017cych produkt\u00f3w. Kr\u00f3tkie linie i sta\u0142y poziom jako\u015bci. Przedsi\u0119biorstwa zajmuj\u0105ce si\u0119 krojeniem owoc\u00f3w i warzyw musz\u0105 na tym polega\u0107. Nie mo\u017cna przerwa\u0107 prowadzonej produkcji. Jako firma do\u015bwiadczona w bran\u017cy produkt\u00f3w gotowych do spo\u017cycia wiemy dok\u0142adnie, jak hodowa\u0107, kupowa\u0107 i prowadzi\u0107 dzia\u0142alno\u015b\u0107 tak, aby uzyska\u0107 optymaln\u0105 jako\u015b\u0107 produktu oraz zapewni\u0107 sprawn\u0105 realizacj\u0119 dostaw. Niezmiennie.<\/p>\n","protected":false},"excerpt":{"rendered":"Ci\u0105g\u0142e dostawy \u015bwie\u017cych produkt\u00f3w. Kr\u00f3tkie linie i sta\u0142y poziom jako\u015bci. Przedsi\u0119biorstwa zajmuj\u0105ce si\u0119 krojeniem owoc\u00f3w i warzyw musz\u0105 na tym polega\u0107. Nie mo\u017cna przerwa\u0107 prowadzonej produkcji. Jako firma do\u015bwiadczona w bran\u017cy produkt\u00f3w gotowych do spo\u017cycia wiemy dok\u0142adnie, jak hodowa\u0107, kupowa\u0107 i prowadzi\u0107 dzia\u0142alno\u015b\u0107 tak, aby uzyska\u0107 optymaln\u0105 jako\u015b\u0107 produktu oraz zapewni\u0107 sprawn\u0105 realizacj\u0119 dostaw. Niezmiennie.","protected":false},"author":10,"featured_media":3410,"parent":5261,"menu_order":0,"comment_status":"closed","ping_status":"closed","template":"","meta":{"_acf_changed":false,"inline_featured_image":false,"footnotes":""},"class_list":["post-5274","page","type-page","status-publish","has-post-thumbnail","hentry"],"acf":[],"yoast_head":"<!-- This site is optimized with the Yoast SEO plugin v27.1.1 - https:\/\/yoast.com\/product\/yoast-seo-wordpress\/ -->\n<title>Przemys\u0142 przetw\u00f3rczy - Staay Food Group<\/title>\n<meta name=\"robots\" content=\"index, follow, max-snippet:-1, max-image-preview:large, max-video-preview:-1\" \/>\n<link rel=\"canonical\" href=\"https:\/\/www.staayfoodgroup.com\/pl\/klienci\/przemysl-przetworczy\/\" \/>\n<meta property=\"og:locale\" content=\"pl_PL\" \/>\n<meta property=\"og:type\" content=\"article\" \/>\n<meta property=\"og:title\" content=\"Przemys\u0142 przetw\u00f3rczy - Staay Food Group\" \/>\n<meta property=\"og:description\" content=\"Ci\u0105g\u0142e dostawy \u015bwie\u017cych produkt\u00f3w. Kr\u00f3tkie linie i sta\u0142y poziom jako\u015bci. Przedsi\u0119biorstwa zajmuj\u0105ce si\u0119 krojeniem owoc\u00f3w i warzyw musz\u0105 na tym polega\u0107. Nie mo\u017cna przerwa\u0107 prowadzonej produkcji. Jako firma do\u015bwiadczona w bran\u017cy produkt\u00f3w gotowych do spo\u017cycia wiemy dok\u0142adnie, jak hodowa\u0107, kupowa\u0107 i prowadzi\u0107 dzia\u0142alno\u015b\u0107 tak, aby uzyska\u0107 optymaln\u0105 jako\u015b\u0107 produktu oraz zapewni\u0107 sprawn\u0105 realizacj\u0119 dostaw. Niezmiennie.\" \/>\n<meta property=\"og:url\" content=\"https:\/\/www.staayfoodgroup.com\/pl\/klienci\/przemysl-przetworczy\/\" \/>\n<meta property=\"og:site_name\" content=\"Staay Food Group\" \/>\n<meta property=\"article:modified_time\" content=\"2023-08-15T07:58:38+00:00\" \/>\n<meta property=\"og:image\" content=\"https:\/\/www.staayfoodgroup.com\/wp-content\/uploads\/2022\/09\/Staay-2454-700x467.jpg\" \/>\n\t<meta property=\"og:image:width\" content=\"700\" \/>\n\t<meta property=\"og:image:height\" content=\"467\" \/>\n\t<meta property=\"og:image:type\" content=\"image\/jpeg\" \/>\n<meta name=\"twitter:card\" content=\"summary_large_image\" \/>\n<meta name=\"twitter:label1\" content=\"Szacowany czas czytania\" \/>\n\t<meta name=\"twitter:data1\" content=\"1 minuta\" \/>\n<script type=\"application\/ld+json\" class=\"yoast-schema-graph\">{\"@context\":\"https:\/\/schema.org\",\"@graph\":[{\"@type\":\"WebPage\",\"@id\":\"https:\/\/www.staayfoodgroup.com\/pl\/klienci\/przemysl-przetworczy\/\",\"url\":\"https:\/\/www.staayfoodgroup.com\/pl\/klienci\/przemysl-przetworczy\/\",\"name\":\"Przemys\u0142 przetw\u00f3rczy - Staay Food Group\",\"isPartOf\":{\"@id\":\"https:\/\/www.staayfoodgroup.com\/pl\/#website\"},\"primaryImageOfPage\":{\"@id\":\"https:\/\/www.staayfoodgroup.com\/pl\/klienci\/przemysl-przetworczy\/#primaryimage\"},\"image\":{\"@id\":\"https:\/\/www.staayfoodgroup.com\/pl\/klienci\/przemysl-przetworczy\/#primaryimage\"},\"thumbnailUrl\":\"https:\/\/www.staayfoodgroup.com\/wp-content\/uploads\/2022\/09\/Staay-2454-scaled.jpg\",\"datePublished\":\"2022-07-06T12:09:52+00:00\",\"dateModified\":\"2023-08-15T07:58:38+00:00\",\"breadcrumb\":{\"@id\":\"https:\/\/www.staayfoodgroup.com\/pl\/klienci\/przemysl-przetworczy\/#breadcrumb\"},\"inLanguage\":\"pl-PL\",\"potentialAction\":[{\"@type\":\"ReadAction\",\"target\":[\"https:\/\/www.staayfoodgroup.com\/pl\/klienci\/przemysl-przetworczy\/\"]}]},{\"@type\":\"ImageObject\",\"inLanguage\":\"pl-PL\",\"@id\":\"https:\/\/www.staayfoodgroup.com\/pl\/klienci\/przemysl-przetworczy\/#primaryimage\",\"url\":\"https:\/\/www.staayfoodgroup.com\/wp-content\/uploads\/2022\/09\/Staay-2454-scaled.jpg\",\"contentUrl\":\"https:\/\/www.staayfoodgroup.com\/wp-content\/uploads\/2022\/09\/Staay-2454-scaled.jpg\",\"width\":5472,\"height\":3648},{\"@type\":\"BreadcrumbList\",\"@id\":\"https:\/\/www.staayfoodgroup.com\/pl\/klienci\/przemysl-przetworczy\/#breadcrumb\",\"itemListElement\":[{\"@type\":\"ListItem\",\"position\":1,\"name\":\"Home\",\"item\":\"https:\/\/www.staayfoodgroup.com\/pl\/\"},{\"@type\":\"ListItem\",\"position\":2,\"name\":\"Klienci\",\"item\":\"https:\/\/www.staayfoodgroup.com\/pl\/klienci\/\"},{\"@type\":\"ListItem\",\"position\":3,\"name\":\"Przemys\u0142 przetw\u00f3rczy\"}]},{\"@type\":\"WebSite\",\"@id\":\"https:\/\/www.staayfoodgroup.com\/pl\/#website\",\"url\":\"https:\/\/www.staayfoodgroup.com\/pl\/\",\"name\":\"Staay Food Group\",\"description\":\"\",\"potentialAction\":[{\"@type\":\"SearchAction\",\"target\":{\"@type\":\"EntryPoint\",\"urlTemplate\":\"https:\/\/www.staayfoodgroup.com\/pl\/?s={search_term_string}\"},\"query-input\":{\"@type\":\"PropertyValueSpecification\",\"valueRequired\":true,\"valueName\":\"search_term_string\"}}],\"inLanguage\":\"pl-PL\"}]}<\/script>\n<!-- \/ Yoast SEO plugin. -->","yoast_head_json":{"title":"Przemys\u0142 przetw\u00f3rczy - Staay Food Group","robots":{"index":"index","follow":"follow","max-snippet":"max-snippet:-1","max-image-preview":"max-image-preview:large","max-video-preview":"max-video-preview:-1"},"canonical":"https:\/\/www.staayfoodgroup.com\/pl\/klienci\/przemysl-przetworczy\/","og_locale":"pl_PL","og_type":"article","og_title":"Przemys\u0142 przetw\u00f3rczy - Staay Food Group","og_description":"Ci\u0105g\u0142e dostawy \u015bwie\u017cych produkt\u00f3w. Kr\u00f3tkie linie i sta\u0142y poziom jako\u015bci. Przedsi\u0119biorstwa zajmuj\u0105ce si\u0119 krojeniem owoc\u00f3w i warzyw musz\u0105 na tym polega\u0107. Nie mo\u017cna przerwa\u0107 prowadzonej produkcji. Jako firma do\u015bwiadczona w bran\u017cy produkt\u00f3w gotowych do spo\u017cycia wiemy dok\u0142adnie, jak hodowa\u0107, kupowa\u0107 i prowadzi\u0107 dzia\u0142alno\u015b\u0107 tak, aby uzyska\u0107 optymaln\u0105 jako\u015b\u0107 produktu oraz zapewni\u0107 sprawn\u0105 realizacj\u0119 dostaw. Niezmiennie.","og_url":"https:\/\/www.staayfoodgroup.com\/pl\/klienci\/przemysl-przetworczy\/","og_site_name":"Staay Food Group","article_modified_time":"2023-08-15T07:58:38+00:00","og_image":[{"width":700,"height":467,"url":"https:\/\/www.staayfoodgroup.com\/wp-content\/uploads\/2022\/09\/Staay-2454-700x467.jpg","type":"image\/jpeg"}],"twitter_card":"summary_large_image","twitter_misc":{"Szacowany czas czytania":"1 minuta"},"schema":{"@context":"https:\/\/schema.org","@graph":[{"@type":"WebPage","@id":"https:\/\/www.staayfoodgroup.com\/pl\/klienci\/przemysl-przetworczy\/","url":"https:\/\/www.staayfoodgroup.com\/pl\/klienci\/przemysl-przetworczy\/","name":"Przemys\u0142 przetw\u00f3rczy - Staay Food Group","isPartOf":{"@id":"https:\/\/www.staayfoodgroup.com\/pl\/#website"},"primaryImageOfPage":{"@id":"https:\/\/www.staayfoodgroup.com\/pl\/klienci\/przemysl-przetworczy\/#primaryimage"},"image":{"@id":"https:\/\/www.staayfoodgroup.com\/pl\/klienci\/przemysl-przetworczy\/#primaryimage"},"thumbnailUrl":"https:\/\/www.staayfoodgroup.com\/wp-content\/uploads\/2022\/09\/Staay-2454-scaled.jpg","datePublished":"2022-07-06T12:09:52+00:00","dateModified":"2023-08-15T07:58:38+00:00","breadcrumb":{"@id":"https:\/\/www.staayfoodgroup.com\/pl\/klienci\/przemysl-przetworczy\/#breadcrumb"},"inLanguage":"pl-PL","potentialAction":[{"@type":"ReadAction","target":["https:\/\/www.staayfoodgroup.com\/pl\/klienci\/przemysl-przetworczy\/"]}]},{"@type":"ImageObject","inLanguage":"pl-PL","@id":"https:\/\/www.staayfoodgroup.com\/pl\/klienci\/przemysl-przetworczy\/#primaryimage","url":"https:\/\/www.staayfoodgroup.com\/wp-content\/uploads\/2022\/09\/Staay-2454-scaled.jpg","contentUrl":"https:\/\/www.staayfoodgroup.com\/wp-content\/uploads\/2022\/09\/Staay-2454-scaled.jpg","width":5472,"height":3648},{"@type":"BreadcrumbList","@id":"https:\/\/www.staayfoodgroup.com\/pl\/klienci\/przemysl-przetworczy\/#breadcrumb","itemListElement":[{"@type":"ListItem","position":1,"name":"Home","item":"https:\/\/www.staayfoodgroup.com\/pl\/"},{"@type":"ListItem","position":2,"name":"Klienci","item":"https:\/\/www.staayfoodgroup.com\/pl\/klienci\/"},{"@type":"ListItem","position":3,"name":"Przemys\u0142 przetw\u00f3rczy"}]},{"@type":"WebSite","@id":"https:\/\/www.staayfoodgroup.com\/pl\/#website","url":"https:\/\/www.staayfoodgroup.com\/pl\/","name":"Staay Food Group","description":"","potentialAction":[{"@type":"SearchAction","target":{"@type":"EntryPoint","urlTemplate":"https:\/\/www.staayfoodgroup.com\/pl\/?s={search_term_string}"},"query-input":{"@type":"PropertyValueSpecification","valueRequired":true,"valueName":"search_term_string"}}],"inLanguage":"pl-PL"}]}},"_links":{"self":[{"href":"https:\/\/www.staayfoodgroup.com\/pl\/wp-json\/wp\/v2\/pages\/5274","targetHints":{"allow":["GET"]}}],"collection":[{"href":"https:\/\/www.staayfoodgroup.com\/pl\/wp-json\/wp\/v2\/pages"}],"about":[{"href":"https:\/\/www.staayfoodgroup.com\/pl\/wp-json\/wp\/v2\/types\/page"}],"author":[{"embeddable":true,"href":"https:\/\/www.staayfoodgroup.com\/pl\/wp-json\/wp\/v2\/users\/10"}],"replies":[{"embeddable":true,"href":"https:\/\/www.staayfoodgroup.com\/pl\/wp-json\/wp\/v2\/comments?post=5274"}],"version-history":[{"count":2,"href":"https:\/\/www.staayfoodgroup.com\/pl\/wp-json\/wp\/v2\/pages\/5274\/revisions"}],"predecessor-version":[{"id":6589,"href":"https:\/\/www.staayfoodgroup.com\/pl\/wp-json\/wp\/v2\/pages\/5274\/revisions\/6589"}],"up":[{"embeddable":true,"href":"https:\/\/www.staayfoodgroup.com\/pl\/wp-json\/wp\/v2\/pages\/5261"}],"wp:featuredmedia":[{"embeddable":true,"href":"https:\/\/www.staayfoodgroup.com\/pl\/wp-json\/wp\/v2\/media\/3410"}],"wp:attachment":[{"href":"https:\/\/www.staayfoodgroup.com\/pl\/wp-json\/wp\/v2\/media?parent=5274"}],"curies":[{"name":"wp","href":"https:\/\/api.w.org\/{rel}","templated":true}]}}