{"id":7566,"date":"2022-06-08T13:29:25","date_gmt":"2022-06-08T13:29:25","guid":{"rendered":"http:\/\/www.staayfoodgroup.com\/informacja-prawna\/"},"modified":"2022-06-08T13:29:25","modified_gmt":"2022-06-08T13:29:25","slug":"informacja-prawna","status":"publish","type":"page","link":"https:\/\/www.staayfoodgroup.com\/pl\/informacja-prawna\/","title":{"rendered":"Informacja prawna"},"content":{"rendered":"<p>Staay Food Group opracowa\u0142a niniejsz\u0105 witryn\u0119 zgodnie ze swoj\u0105 najlepsz\u0105 wiedz\u0105 oraz na miar\u0119 swoich mo\u017cliwo\u015bci. Mog\u0105 w niej jednak wyst\u0119powa\u0107 nieprawid\u0142owo\u015bci i niedok\u0142adne informacje. Staay Food Group nie ponosi odpowiedzialno\u015bci w przypadku ich wyst\u0105pienia. Staay Food Group nie odpowiada r\u00f3wnie\u017c za tymczasowy brak mo\u017cliwo\u015bci korzystania z witryny. Staay Food Group zastrzega sobie prawo do zmiany tre\u015bci niniejszej witryny bez uprzedniego powiadomienia. Wszystkie prawa autorskie, prawa do znak\u00f3w towarowych oraz inne prawa w\u0142asno\u015bci intelektualnej odnosz\u0105ce si\u0119 do (tre\u015bci) niniejszej witryny oraz zawarte w niej informacje, teksty, zdj\u0119cia oraz inne materia\u0142y nale\u017c\u0105 do Staay Food Group i jej licencjodawc\u00f3w. Bez uprzedniej pisemnej zgody Stay Food Group upublicznianie lub powielanie tre\u015bci niniejszej witryny jest niedozwolone.<\/p>\n<p>Niniejsza witryna mo\u017ce zawiera\u0107 odniesienia do witryn innych podmiot\u00f3w, na przyk\u0142ad za po\u015brednictwem hiper\u0142\u0105czy. Witryny takie pozostaj\u0105 poza kontrol\u0105 Staay Food Group, kt\u00f3ra nie odpowiada za zamieszczane w nich tre\u015bci, a w zwi\u0105zku z tym nie ponosi odpowiedzialno\u015bci z tytu\u0142u udost\u0119pnianych odniesie\u0144 do tych witryn.<\/p>\n<p>&nbsp;<\/p>\n","protected":false},"excerpt":{"rendered":"Staay Food Group opracowa\u0142a niniejsz\u0105 witryn\u0119 zgodnie ze swoj\u0105 najlepsz\u0105 wiedz\u0105 oraz na miar\u0119 swoich mo\u017cliwo\u015bci. Mog\u0105 w niej jednak wyst\u0119powa\u0107 nieprawid\u0142owo\u015bci i niedok\u0142adne informacje. Staay Food Group nie ponosi odpowiedzialno\u015bci w przypadku ich wyst\u0105pienia. Staay Food Group nie odpowiada r\u00f3wnie\u017c za tymczasowy brak mo\u017cliwo\u015bci korzystania z witryny. Staay Food Group zastrzega sobie prawo do [&hellip;]","protected":false},"author":10,"featured_media":0,"parent":0,"menu_order":0,"comment_status":"closed","ping_status":"closed","template":"","meta":{"_acf_changed":false,"inline_featured_image":false,"footnotes":""},"class_list":["post-7566","page","type-page","status-publish","hentry"],"acf":[],"yoast_head":"<!-- This site is optimized with the Yoast SEO plugin v27.1.1 - https:\/\/yoast.com\/product\/yoast-seo-wordpress\/ -->\n<title>Informacja prawna - Staay Food Group<\/title>\n<meta name=\"description\" content=\"Informacja prawna Staay Food Group\" \/>\n<meta name=\"robots\" content=\"index, follow, max-snippet:-1, max-image-preview:large, max-video-preview:-1\" \/>\n<link rel=\"canonical\" href=\"https:\/\/www.staayfoodgroup.com\/pl\/informacja-prawna\/\" \/>\n<meta property=\"og:locale\" content=\"pl_PL\" \/>\n<meta property=\"og:type\" content=\"article\" \/>\n<meta property=\"og:title\" content=\"Informacja prawna - Staay Food Group\" \/>\n<meta property=\"og:description\" content=\"Informacja prawna Staay Food Group\" \/>\n<meta property=\"og:url\" content=\"https:\/\/www.staayfoodgroup.com\/pl\/informacja-prawna\/\" \/>\n<meta property=\"og:site_name\" content=\"Staay Food Group\" \/>\n<meta name=\"twitter:card\" content=\"summary_large_image\" \/>\n<meta name=\"twitter:label1\" content=\"Szacowany czas czytania\" \/>\n\t<meta name=\"twitter:data1\" content=\"1 minuta\" \/>\n<script type=\"application\/ld+json\" class=\"yoast-schema-graph\">{\"@context\":\"https:\/\/schema.org\",\"@graph\":[{\"@type\":\"WebPage\",\"@id\":\"https:\/\/www.staayfoodgroup.com\/pl\/informacja-prawna\/\",\"url\":\"https:\/\/www.staayfoodgroup.com\/pl\/informacja-prawna\/\",\"name\":\"Informacja prawna - Staay Food Group\",\"isPartOf\":{\"@id\":\"https:\/\/www.staayfoodgroup.com\/pl\/#website\"},\"datePublished\":\"2022-06-08T13:29:25+00:00\",\"description\":\"Informacja prawna Staay Food Group\",\"breadcrumb\":{\"@id\":\"https:\/\/www.staayfoodgroup.com\/pl\/informacja-prawna\/#breadcrumb\"},\"inLanguage\":\"pl-PL\",\"potentialAction\":[{\"@type\":\"ReadAction\",\"target\":[\"https:\/\/www.staayfoodgroup.com\/pl\/informacja-prawna\/\"]}]},{\"@type\":\"BreadcrumbList\",\"@id\":\"https:\/\/www.staayfoodgroup.com\/pl\/informacja-prawna\/#breadcrumb\",\"itemListElement\":[{\"@type\":\"ListItem\",\"position\":1,\"name\":\"Home\",\"item\":\"https:\/\/www.staayfoodgroup.com\/pl\/\"},{\"@type\":\"ListItem\",\"position\":2,\"name\":\"Informacja prawna\"}]},{\"@type\":\"WebSite\",\"@id\":\"https:\/\/www.staayfoodgroup.com\/pl\/#website\",\"url\":\"https:\/\/www.staayfoodgroup.com\/pl\/\",\"name\":\"Staay Food Group\",\"description\":\"\",\"potentialAction\":[{\"@type\":\"SearchAction\",\"target\":{\"@type\":\"EntryPoint\",\"urlTemplate\":\"https:\/\/www.staayfoodgroup.com\/pl\/?s={search_term_string}\"},\"query-input\":{\"@type\":\"PropertyValueSpecification\",\"valueRequired\":true,\"valueName\":\"search_term_string\"}}],\"inLanguage\":\"pl-PL\"}]}<\/script>\n<!-- \/ Yoast SEO plugin. -->","yoast_head_json":{"title":"Informacja prawna - Staay Food Group","description":"Informacja prawna Staay Food Group","robots":{"index":"index","follow":"follow","max-snippet":"max-snippet:-1","max-image-preview":"max-image-preview:large","max-video-preview":"max-video-preview:-1"},"canonical":"https:\/\/www.staayfoodgroup.com\/pl\/informacja-prawna\/","og_locale":"pl_PL","og_type":"article","og_title":"Informacja prawna - Staay Food Group","og_description":"Informacja prawna Staay Food Group","og_url":"https:\/\/www.staayfoodgroup.com\/pl\/informacja-prawna\/","og_site_name":"Staay Food Group","twitter_card":"summary_large_image","twitter_misc":{"Szacowany czas czytania":"1 minuta"},"schema":{"@context":"https:\/\/schema.org","@graph":[{"@type":"WebPage","@id":"https:\/\/www.staayfoodgroup.com\/pl\/informacja-prawna\/","url":"https:\/\/www.staayfoodgroup.com\/pl\/informacja-prawna\/","name":"Informacja prawna - Staay Food Group","isPartOf":{"@id":"https:\/\/www.staayfoodgroup.com\/pl\/#website"},"datePublished":"2022-06-08T13:29:25+00:00","description":"Informacja prawna Staay Food Group","breadcrumb":{"@id":"https:\/\/www.staayfoodgroup.com\/pl\/informacja-prawna\/#breadcrumb"},"inLanguage":"pl-PL","potentialAction":[{"@type":"ReadAction","target":["https:\/\/www.staayfoodgroup.com\/pl\/informacja-prawna\/"]}]},{"@type":"BreadcrumbList","@id":"https:\/\/www.staayfoodgroup.com\/pl\/informacja-prawna\/#breadcrumb","itemListElement":[{"@type":"ListItem","position":1,"name":"Home","item":"https:\/\/www.staayfoodgroup.com\/pl\/"},{"@type":"ListItem","position":2,"name":"Informacja prawna"}]},{"@type":"WebSite","@id":"https:\/\/www.staayfoodgroup.com\/pl\/#website","url":"https:\/\/www.staayfoodgroup.com\/pl\/","name":"Staay Food Group","description":"","potentialAction":[{"@type":"SearchAction","target":{"@type":"EntryPoint","urlTemplate":"https:\/\/www.staayfoodgroup.com\/pl\/?s={search_term_string}"},"query-input":{"@type":"PropertyValueSpecification","valueRequired":true,"valueName":"search_term_string"}}],"inLanguage":"pl-PL"}]}},"_links":{"self":[{"href":"https:\/\/www.staayfoodgroup.com\/pl\/wp-json\/wp\/v2\/pages\/7566","targetHints":{"allow":["GET"]}}],"collection":[{"href":"https:\/\/www.staayfoodgroup.com\/pl\/wp-json\/wp\/v2\/pages"}],"about":[{"href":"https:\/\/www.staayfoodgroup.com\/pl\/wp-json\/wp\/v2\/types\/page"}],"author":[{"embeddable":true,"href":"https:\/\/www.staayfoodgroup.com\/pl\/wp-json\/wp\/v2\/users\/10"}],"replies":[{"embeddable":true,"href":"https:\/\/www.staayfoodgroup.com\/pl\/wp-json\/wp\/v2\/comments?post=7566"}],"version-history":[{"count":0,"href":"https:\/\/www.staayfoodgroup.com\/pl\/wp-json\/wp\/v2\/pages\/7566\/revisions"}],"wp:attachment":[{"href":"https:\/\/www.staayfoodgroup.com\/pl\/wp-json\/wp\/v2\/media?parent=7566"}],"curies":[{"name":"wp","href":"https:\/\/api.w.org\/{rel}","templated":true}]}}